{"id":34996,"date":"2023-12-11T13:40:24","date_gmt":"2023-12-11T12:40:24","guid":{"rendered":"https:\/\/memorabilia-germany.de\/?post_type=product&#038;p=34996"},"modified":"2026-01-26T15:14:38","modified_gmt":"2026-01-26T14:14:38","slug":"2001-upper-deck-nfl-pros-prospects-single-pack","status":"publish","type":"product","link":"https:\/\/memorabilia-germany.de\/de\/produkt\/2001-upper-deck-nfl-pros-prospects-single-pack\/","title":{"rendered":"2001 Upper Deck NFL Pros &#038; Prospects, Single Pack"},"content":{"rendered":"","protected":false},"excerpt":{"rendered":"<p><strong>Unge\u00f6ffnetes P\u00e4ckchen NFL Trading Cards, original aus dem Jahr 2001. Die erste Saison des neuen Jahrtausends wurde im Spielplan nach den Terrorattacken auf das World Trade Center in New York City kr\u00e4ftig durchger\u00fcttelt. Zudem war die Saison von 2001 die erste Season mit 31 Teams, da die Houston Texans als neues Team in die Liga aufgenommen wurden. Unglaublicher Weise gewannen auch damals schon die New England Patriots mit Quarterback T\tom Brady den Super Bowl. Auf den Pl\u00e4tzen standen aber auch viele andere legend\u00e4re Spieler wie Kurt Warner, Peyton Manning, Marshall Faulk, Brett Favre, Ricky Williams, Jerome Bettis, Randy Moss, Vinny Testaverde oder Ray Lewis. Weitere Infos siehe unten.<\/strong><\/p>\n<ul style=\"list-style-type: square;\">\n<li>Inhalt des P\u00e4ckchens: 5 NFL Trading Cards<\/li>\n<li>Erscheinungsjahr: 2001<\/li>\n<li>Marke: Upper Deck<\/li>\n<li>Land: USA<\/li>\n<li>Das P\u00e4ckchen (\u201eSingle Pack\u201c) stammt aus einer durch Memorabilia Germany ge\u00f6ffneten \u201eHobby Box\u201c, die insgesamt 24 P\u00e4ckchen enth\u00e4lt. Alle P\u00e4ckchen sind trotz ihres Alters in einem makellosen Zustand.<\/li>\n<li>Finde originale Karten der NFL Legenden aus dem Jahr 2001 wie Tom Brady, Peyton Manning, Kurt Warner, Marshall Faulk, Brett Favre oder Ray Lewis .<\/li>\n<li>Upper Deck Pros &#038; Prospects Inserts:\n<ul style=\"list-style-type: circle;\">\n<li>Piece of History Autographed Jersey Cards<\/li>\n<li>Piece of History Autographed Jersey Card Parallels<\/li>\n<li>Parallel Jersey Cards sequentially numbered to 50<\/li>\n<li>Piece of History Combo Jersey Cards sequentially numbered to 25<\/li>\n<li>Centerpiece + Future Fame<\/li>\n<li>ProMotion &#038; ProActive<\/li>\n<\/ul>\n<\/li>\n<li>Finde Rookie Cards der NFL Draft Class von 2001 mit Namen wie Drew Brees, Michael Vick, Chris Chambers, Reggie Wayne, Deuce McAllister, Santana Moss, LaDainian Tomlinson oder Rudi Johnson!<\/li>\n<li>Background Infos 2001: Die Welt stand unter Schock! Nine-Eleven, die Terror Attacken auf das World Trade Center in New York City, schafften ein neues Zeitalter der weltweiten Terrorismusbek\u00e4mpfung. Die Menschen in den USA r\u00fcckten enger zusammen, was sich auch merklich auf die Stimmungslage in den Stadien des Landes auswirkte. Hinsichtlich angenehmerer Themen sorgt Harry Potter f\u00fcr ein selten dagewesenes Ph\u00e4nomen, als der allererste Kinofilm am Ende des Jahres ver\u00f6ffentlicht wurde. Im Fernsehen waren Klassiker wie Friends oder Emergency Room ganz oben in der Gunst der Zuschauer. Unsere \u201eVintage\u201c Trading Cards sind ein Traum f\u00fcr jeden Nostalgiker und f\u00fcr jeden Sammler, da es sich nicht um Nachproduktionen der fr\u00fcheren Karten handelt, sondern alle P\u00e4ckchen original aus der Zeit entstammen, in der sie damals ver\u00f6ffentlicht wurden.<\/li>\n<\/ul>\n<p>Mehr Trading Cards von fr\u00fcher findest du <strong><a href=\"https:\/\/memorabilia-germany.de\/de\/trading-cards\">hier<\/a><\/strong>.<\/p>\n","protected":false},"featured_media":34982,"template":"","meta":{"_acf_changed":false,"ocean_post_layout":"","ocean_both_sidebars_style":"","ocean_both_sidebars_content_width":0,"ocean_both_sidebars_sidebars_width":0,"ocean_sidebar":"0","ocean_second_sidebar":"0","ocean_disable_margins":"enable","ocean_add_body_class":"","ocean_shortcode_before_top_bar":"","ocean_shortcode_after_top_bar":"","ocean_shortcode_before_header":"","ocean_shortcode_after_header":"","ocean_has_shortcode":"","ocean_shortcode_after_title":"","ocean_shortcode_before_footer_widgets":"","ocean_shortcode_after_footer_widgets":"","ocean_shortcode_before_footer_bottom":"","ocean_shortcode_after_footer_bottom":"","ocean_display_top_bar":"default","ocean_display_header":"default","ocean_header_style":"","ocean_center_header_left_menu":"0","ocean_custom_header_template":"0","ocean_custom_logo":0,"ocean_custom_retina_logo":0,"ocean_custom_logo_max_width":0,"ocean_custom_logo_tablet_max_width":0,"ocean_custom_logo_mobile_max_width":0,"ocean_custom_logo_max_height":0,"ocean_custom_logo_tablet_max_height":0,"ocean_custom_logo_mobile_max_height":0,"ocean_header_custom_menu":"0","ocean_menu_typo_font_family":"0","ocean_menu_typo_font_subset":"","ocean_menu_typo_font_size":0,"ocean_menu_typo_font_size_tablet":0,"ocean_menu_typo_font_size_mobile":0,"ocean_menu_typo_font_size_unit":"px","ocean_menu_typo_font_weight":"","ocean_menu_typo_font_weight_tablet":"","ocean_menu_typo_font_weight_mobile":"","ocean_menu_typo_transform":"","ocean_menu_typo_transform_tablet":"","ocean_menu_typo_transform_mobile":"","ocean_menu_typo_line_height":0,"ocean_menu_typo_line_height_tablet":0,"ocean_menu_typo_line_height_mobile":0,"ocean_menu_typo_line_height_unit":"","ocean_menu_typo_spacing":0,"ocean_menu_typo_spacing_tablet":0,"ocean_menu_typo_spacing_mobile":0,"ocean_menu_typo_spacing_unit":"","ocean_menu_link_color":"","ocean_menu_link_color_hover":"","ocean_menu_link_color_active":"","ocean_menu_link_background":"","ocean_menu_link_hover_background":"","ocean_menu_link_active_background":"","ocean_menu_social_links_bg":"","ocean_menu_social_hover_links_bg":"","ocean_menu_social_links_color":"","ocean_menu_social_hover_links_color":"","ocean_disable_title":"default","ocean_disable_heading":"default","ocean_post_title":"","ocean_post_subheading":"","ocean_post_title_style":"","ocean_post_title_background_color":"","ocean_post_title_background":0,"ocean_post_title_bg_image_position":"","ocean_post_title_bg_image_attachment":"","ocean_post_title_bg_image_repeat":"","ocean_post_title_bg_image_size":"","ocean_post_title_height":0,"ocean_post_title_bg_overlay":0.5,"ocean_post_title_bg_overlay_color":"","ocean_disable_breadcrumbs":"default","ocean_breadcrumbs_color":"","ocean_breadcrumbs_separator_color":"","ocean_breadcrumbs_links_color":"","ocean_breadcrumbs_links_hover_color":"","ocean_display_footer_widgets":"default","ocean_display_footer_bottom":"default","ocean_custom_footer_template":"0","ofc_enable_fullscreen":"disable","ofc_fullscreen_speed":0,"ofc_fullscreen_nav":"enable","ofc_fullscreen_nav_pos":"right","ofc_fullscreen_nav_color":"","ofc_fullscreen_nav_tooltip_color":"","ofc_fullscreen_responsive":0},"product_brand":[],"product_cat":[1659],"product_tag":[],"class_list":{"0":"post-34996","1":"product","2":"type-product","3":"status-publish","4":"has-post-thumbnail","6":"product_cat-2001-upper-deck-nfl-pros-prospects-single-pack","7":"product_shipping_class-versandklasse_b","9":"entry","10":"has-media","12":"first","13":"outofstock","14":"taxable","15":"shipping-taxable","16":"purchasable","17":"product-type-simple","18":"col","19":"span_1_of_4","20":"owp-content-center","21":"owp-thumbs-layout-horizontal","22":"owp-btn-normal","23":"owp-tabs-layout-horizontal"},"acf":[],"_links":{"self":[{"href":"https:\/\/memorabilia-germany.de\/de\/wp-json\/wp\/v2\/product\/34996","targetHints":{"allow":["GET"]}}],"collection":[{"href":"https:\/\/memorabilia-germany.de\/de\/wp-json\/wp\/v2\/product"}],"about":[{"href":"https:\/\/memorabilia-germany.de\/de\/wp-json\/wp\/v2\/types\/product"}],"version-history":[{"count":0,"href":"https:\/\/memorabilia-germany.de\/de\/wp-json\/wp\/v2\/product\/34996\/revisions"}],"wp:featuredmedia":[{"embeddable":true,"href":"https:\/\/memorabilia-germany.de\/de\/wp-json\/wp\/v2\/media\/34982"}],"wp:attachment":[{"href":"https:\/\/memorabilia-germany.de\/de\/wp-json\/wp\/v2\/media?parent=34996"}],"wp:term":[{"taxonomy":"product_brand","embeddable":true,"href":"https:\/\/memorabilia-germany.de\/de\/wp-json\/wp\/v2\/product_brand?post=34996"},{"taxonomy":"product_cat","embeddable":true,"href":"https:\/\/memorabilia-germany.de\/de\/wp-json\/wp\/v2\/product_cat?post=34996"},{"taxonomy":"product_tag","embeddable":true,"href":"https:\/\/memorabilia-germany.de\/de\/wp-json\/wp\/v2\/product_tag?post=34996"}],"curies":[{"name":"wp","href":"https:\/\/api.w.org\/{rel}","templated":true}]}}