{"id":34951,"date":"2023-12-08T16:41:05","date_gmt":"2023-12-08T15:41:05","guid":{"rendered":"https:\/\/memorabilia-germany.de\/?post_type=product&#038;p=34951"},"modified":"2024-09-08T17:33:04","modified_gmt":"2024-09-08T15:33:04","slug":"2009-topps-nfl-football-trading-cards-single-pack","status":"publish","type":"product","link":"https:\/\/memorabilia-germany.de\/de\/produkt\/2009-topps-nfl-football-trading-cards-single-pack\/","title":{"rendered":"2009 topps NFL Football Trading Cards, Single Pack"},"content":{"rendered":"","protected":false},"excerpt":{"rendered":"<p><strong>Unge\u00f6ffnetes P\u00e4ckchen NFL Trading Cards, original aus dem Jahr 2009. Legenden wie Peyton Manning, Tom Brady, Drew Brees oder Ben Roethlisberger spielten in der NFL und auf dem Free Agent Markt wurde eine Sensation realisiert, an die die Fans der Green Bay Packers nicht gerne erinnert werden: die Minnesota Vikings holten Packers Quarterback Brett Favre aus der Rente. Favre f\u00fchrte die Vikings auch souver\u00e4n ins NFC Championship Game, musste dort aber gegen die New Orleans Saints die Segel streichen, die sp\u00e4ter auch den Super Bowl gegen die Colts gewannen. Weitere Infos siehe unten.<\/strong><\/p>\n<ul style=\"list-style-type: square;\">\n<li>Inhalt des P\u00e4ckchens: 10 NFL Trading Cards (P\u00e4ckchen mit einer Relic Card nur 8)<\/li>\n<li>Erscheinungsjahr: 2009<\/li>\n<li>Firma: topps<\/li>\n<li>Land: USA<\/li>\n<li>Das P\u00e4ckchen (\u201eSingle Pack\u201c) stammt aus einer durch Memorabilia Germany ge\u00f6ffneten \u201eHobby Box\u201c, die insgesamt 36 P\u00e4ckchen enth\u00e4lt. Alle P\u00e4ckchen sind trotz ihres Alters in einem makellosen Zustand.<\/li>\n<li>Finde originale Karten der NFL Legenden aus dem Jahr 2009 wie Peyton Manning, Tom Brady, Drew Brees, Ray Lewis, Adrian Peterson oder Ben Roethlisberger.<\/li>\n<li>Autographs, Inserts &#038; Relic Cards in dieser Serie (viele verschieden nummeriert):\n<ul style=\"list-style-type: circle;\">\n<li>Rookie Patch Cards<\/li>\n<li>Career Best Autographed Cards<\/li>\n<li>Career Best Hobby Exclusive Autographed Relic Cards<\/li>\n<li>Career Best Dual Autographed Cards<\/li>\n<li>Chicle Back Parallels<\/li>\n<li>Hobby Exclusive Printing Plates &#038; Black + Gold Parallels<\/li>\n<li>Career Best Jumbo Relic Cards<\/li>\n<li>Career Best Dual Relic Cards<\/li>\n<li>Career Best Relic Cards<\/li>\n<li>Platinum Parallels<\/li>\n<li>Veteran and Retired Patch Cards<\/li>\n<li>AFL 50 Year Flashback<\/li>\n<li>Cheerleaders Cards<\/li>\n<li>Ring of Honor <\/li>\n<\/ul>\n<\/li>\n<li>Diese Serie enth\u00e4lt Rookie Karten sp\u00e4terer NFL Stars wie Matthew Stafford, Michael Crabtree, LeSean McCoy oder Mark Sanchez!<\/li>\n<li>Background Infos 2009: Auch im Jahr 2009 hat sich einiges in der Welt bewegt. Der Bitcoin wurde kreirt \u2013 wer investiert hat, sollte sp\u00e4ter ausreichend belohnt werden. Zudem begeisterte Avatar die Kinog\u00e4nger. James Cameron gelang der erste 3D Kinofilm, was die Kinowelt f\u00fcr immer ver\u00e4nderte. Aber auch andere Filme, wie ein neuer Harry Potter Teil starteten erfolgreich. In den USA wurde Barrack Obama zum ersten schwarzen Pr\u00e4sidenten des Landes gew\u00e4hlt, Joe Biden wurde Vize-Pr\u00e4sident. In New York City landete Chesley \u201eSully\u201c Sullenberger eine riesige US Airways Maschine auf dem Hudson River. Das gewagte Mann\u00f6ver rettete unz\u00e4hlige Leben der Passagiere. Die Story wurde sp\u00e4ter verfilmt, kein geringerer als Tom Hanks spielte dabei Sully Sullenberger. Unsere \u201eVintage\u201c Trading Cards sind ein Traum f\u00fcr jeden Nostalgiker und f\u00fcr jeden Sammler, da es sich nicht um Nachproduktionen der fr\u00fcheren Karten handelt, sondern alle P\u00e4ckchen original aus der Zeit entstammen, in der sie damals ver\u00f6ffentlicht wurden.<\/li>\n<\/ul>\n<p>Mehr Trading Cards von fr\u00fcher findest du <strong><a href=\"https:\/\/memorabilia-germany.de\/de\/trading-cards\">hier<\/a><\/strong>.<\/p>\n","protected":false},"featured_media":34937,"template":"","meta":{"_acf_changed":false,"ocean_post_layout":"","ocean_both_sidebars_style":"","ocean_both_sidebars_content_width":0,"ocean_both_sidebars_sidebars_width":0,"ocean_sidebar":"0","ocean_second_sidebar":"0","ocean_disable_margins":"enable","ocean_add_body_class":"","ocean_shortcode_before_top_bar":"","ocean_shortcode_after_top_bar":"","ocean_shortcode_before_header":"","ocean_shortcode_after_header":"","ocean_has_shortcode":"","ocean_shortcode_after_title":"","ocean_shortcode_before_footer_widgets":"","ocean_shortcode_after_footer_widgets":"","ocean_shortcode_before_footer_bottom":"","ocean_shortcode_after_footer_bottom":"","ocean_display_top_bar":"default","ocean_display_header":"default","ocean_header_style":"","ocean_center_header_left_menu":"0","ocean_custom_header_template":"0","ocean_custom_logo":0,"ocean_custom_retina_logo":0,"ocean_custom_logo_max_width":0,"ocean_custom_logo_tablet_max_width":0,"ocean_custom_logo_mobile_max_width":0,"ocean_custom_logo_max_height":0,"ocean_custom_logo_tablet_max_height":0,"ocean_custom_logo_mobile_max_height":0,"ocean_header_custom_menu":"0","ocean_menu_typo_font_family":"0","ocean_menu_typo_font_subset":"","ocean_menu_typo_font_size":0,"ocean_menu_typo_font_size_tablet":0,"ocean_menu_typo_font_size_mobile":0,"ocean_menu_typo_font_size_unit":"px","ocean_menu_typo_font_weight":"","ocean_menu_typo_font_weight_tablet":"","ocean_menu_typo_font_weight_mobile":"","ocean_menu_typo_transform":"","ocean_menu_typo_transform_tablet":"","ocean_menu_typo_transform_mobile":"","ocean_menu_typo_line_height":0,"ocean_menu_typo_line_height_tablet":0,"ocean_menu_typo_line_height_mobile":0,"ocean_menu_typo_line_height_unit":"","ocean_menu_typo_spacing":0,"ocean_menu_typo_spacing_tablet":0,"ocean_menu_typo_spacing_mobile":0,"ocean_menu_typo_spacing_unit":"","ocean_menu_link_color":"","ocean_menu_link_color_hover":"","ocean_menu_link_color_active":"","ocean_menu_link_background":"","ocean_menu_link_hover_background":"","ocean_menu_link_active_background":"","ocean_menu_social_links_bg":"","ocean_menu_social_hover_links_bg":"","ocean_menu_social_links_color":"","ocean_menu_social_hover_links_color":"","ocean_disable_title":"default","ocean_disable_heading":"default","ocean_post_title":"","ocean_post_subheading":"","ocean_post_title_style":"","ocean_post_title_background_color":"","ocean_post_title_background":0,"ocean_post_title_bg_image_position":"","ocean_post_title_bg_image_attachment":"","ocean_post_title_bg_image_repeat":"","ocean_post_title_bg_image_size":"","ocean_post_title_height":0,"ocean_post_title_bg_overlay":0.5,"ocean_post_title_bg_overlay_color":"","ocean_disable_breadcrumbs":"default","ocean_breadcrumbs_color":"","ocean_breadcrumbs_separator_color":"","ocean_breadcrumbs_links_color":"","ocean_breadcrumbs_links_hover_color":"","ocean_display_footer_widgets":"default","ocean_display_footer_bottom":"default","ocean_custom_footer_template":"0","ofc_enable_fullscreen":"disable","ofc_fullscreen_speed":0,"ofc_fullscreen_nav":"enable","ofc_fullscreen_nav_pos":"right","ofc_fullscreen_nav_color":"","ofc_fullscreen_nav_tooltip_color":"","ofc_fullscreen_responsive":0},"product_brand":[],"product_cat":[1654],"product_tag":[],"class_list":{"0":"post-34951","1":"product","2":"type-product","3":"status-publish","4":"has-post-thumbnail","6":"product_cat-2009-topps-nfl-football-trading-cards-single-pack","7":"product_shipping_class-versandklasse_b","9":"entry","10":"has-media","12":"first","13":"outofstock","14":"taxable","15":"shipping-taxable","16":"purchasable","17":"product-type-simple","18":"col","19":"span_1_of_4","20":"owp-content-center","21":"owp-thumbs-layout-horizontal","22":"owp-btn-normal","23":"owp-tabs-layout-horizontal"},"acf":[],"_links":{"self":[{"href":"https:\/\/memorabilia-germany.de\/de\/wp-json\/wp\/v2\/product\/34951","targetHints":{"allow":["GET"]}}],"collection":[{"href":"https:\/\/memorabilia-germany.de\/de\/wp-json\/wp\/v2\/product"}],"about":[{"href":"https:\/\/memorabilia-germany.de\/de\/wp-json\/wp\/v2\/types\/product"}],"version-history":[{"count":0,"href":"https:\/\/memorabilia-germany.de\/de\/wp-json\/wp\/v2\/product\/34951\/revisions"}],"wp:featuredmedia":[{"embeddable":true,"href":"https:\/\/memorabilia-germany.de\/de\/wp-json\/wp\/v2\/media\/34937"}],"wp:attachment":[{"href":"https:\/\/memorabilia-germany.de\/de\/wp-json\/wp\/v2\/media?parent=34951"}],"wp:term":[{"taxonomy":"product_brand","embeddable":true,"href":"https:\/\/memorabilia-germany.de\/de\/wp-json\/wp\/v2\/product_brand?post=34951"},{"taxonomy":"product_cat","embeddable":true,"href":"https:\/\/memorabilia-germany.de\/de\/wp-json\/wp\/v2\/product_cat?post=34951"},{"taxonomy":"product_tag","embeddable":true,"href":"https:\/\/memorabilia-germany.de\/de\/wp-json\/wp\/v2\/product_tag?post=34951"}],"curies":[{"name":"wp","href":"https:\/\/api.w.org\/{rel}","templated":true}]}}