{"id":34889,"date":"2023-12-08T14:40:04","date_gmt":"2023-12-08T13:40:04","guid":{"rendered":"https:\/\/memorabilia-germany.de\/?post_type=product&#038;p=34889"},"modified":"2026-02-09T00:52:06","modified_gmt":"2026-02-08T23:52:06","slug":"1988-topps-nfl-football-picture-cards-bubble-gum-wax-pack","status":"publish","type":"product","link":"https:\/\/memorabilia-germany.de\/de\/produkt\/1988-topps-nfl-football-picture-cards-bubble-gum-wax-pack\/","title":{"rendered":"1988 topps NFL Football Picture Cards &#038; Bubble Gum, Wax Pack"},"content":{"rendered":"","protected":false},"excerpt":{"rendered":"<p><strong>Unge\u00f6ffnetes P\u00e4ckchen NFL Trading Cards, original aus dem Jahr 1988. Legenden wie Joe Montana, Mike Singletary oder Jerry Rice spielten in der NFL und die San Francisco 49ers besiegten die Cincinnati Bengals am Ende der Saison im Super Bowl XXIII. Die Saison lag Mitten in der goldenen Zeit der San Francisco 49ers um ihren Star Quarterback Joe Montana und war gleichzeitig die letzte Saison des legend\u00e4ren Niners Head Coachs Bill Walsh. Weitere Infos siehe unten.<\/strong><\/p>\n<ul style=\"list-style-type: square;\">\n<li>Inhalt des P\u00e4ckchens: 15 Karten pro P\u00e4ckchen + 1 Bazooka Kaugummi<\/li>\n<li>Erscheinungsjahr: 1988<\/li>\n<li>Firma: topps<\/li>\n<li>Land: USA<\/li>\n<li>Das P\u00e4ckchen (\u201eWax Pack\u201c) stammt aus einer durch Memorabilia Germany ge\u00f6ffneten \u201eWax Box\u201c, die insgesamt 36 P\u00e4ckchen enth\u00e4lt. Alle P\u00e4ckchen sind trotz ihres Alters in einem makellosen Zustand.<\/li>\n<li>Finde originale Karten der NFL Legenden aus dem Jahr 1988 wie Joe Montana, Mike Singletary, Steve Largent oder Jerry Rice.<\/li>\n<li>Die Serie enth\u00e4lt seltene Rookie Cards von NFL Legenden wie Bo Jackson oder Vinny Testaverde! Bo Jackson Rookie Cards waren bereits Ende der 80er Jahre ungew\u00f6hnlich wertvoll, da Bo nicht nur in der NFL f\u00fcr die Raiders, sondern parallel auch in der MLB f\u00fcr die Kansas City Royals gro\u00dfe Erfolge vermeldete.<\/li>\n<li>Seltene 1,000 Yard Club Cards von 1988 in dieser Serie zu finden!<\/li>\n<li>1988 topps Inserts:\n<ul style=\"list-style-type: circle;\">\n<li>All Pro<\/li>\n<li>Team Leaders<\/li>\n<li>Record Number Signatures<\/li>\n<li>Super Rookies<\/li>\n<li>1,000 Yard Club<\/li>\n<\/ul>\n<\/li>\n<li>Die Rookie Karten umfassen Namen wie Neal Anderson, Cornelius Bennett, Jerome Brown, Shane Conlan, Chris Doleman, Mel Gray, Kevin Greene, Bo Jackson, Mark Jackson, Seth Joyner, Tom Rathman, Clyde Simmons, Webster Slaughter, Pat Swilling oder Vinny Testaverde.<\/li>\n<li>Background Infos 1988: Politiker wie Ronald Reagan, Michail Gorbatschow oder Margaret Thatcher bestimmen die Weltpolitik und der Zerfall der UDSSR beginnt. Die beliebteste Fernsehshow ist die \u201eCosby Show\u201c und im Kino laufen sp\u00e4tere Klassiker wie \u201eStirb langsam\u201c oder \u201eRain Man\u201c. Unsere \u201eVintage\u201c Trading Cards sind ein Traum f\u00fcr jeden Nostalgiker und f\u00fcr jeden Sammler, da es sich nicht um Nachproduktionen der fr\u00fcheren Karten handelt, sondern alle P\u00e4ckchen original aus der Zeit entstammen, in der sie damals ver\u00f6ffentlicht wurden.<\/li>\n<\/ul>\n<p>Mehr Trading Cards von fr\u00fcher findest du <strong><a href=\"https:\/\/memorabilia-germany.de\/de\/trading-cards\">hier<\/a><\/strong>.<\/p>\n","protected":false},"featured_media":34875,"template":"","meta":{"_acf_changed":false,"ocean_post_layout":"","ocean_both_sidebars_style":"","ocean_both_sidebars_content_width":0,"ocean_both_sidebars_sidebars_width":0,"ocean_sidebar":"0","ocean_second_sidebar":"0","ocean_disable_margins":"enable","ocean_add_body_class":"","ocean_shortcode_before_top_bar":"","ocean_shortcode_after_top_bar":"","ocean_shortcode_before_header":"","ocean_shortcode_after_header":"","ocean_has_shortcode":"","ocean_shortcode_after_title":"","ocean_shortcode_before_footer_widgets":"","ocean_shortcode_after_footer_widgets":"","ocean_shortcode_before_footer_bottom":"","ocean_shortcode_after_footer_bottom":"","ocean_display_top_bar":"default","ocean_display_header":"default","ocean_header_style":"","ocean_center_header_left_menu":"0","ocean_custom_header_template":"0","ocean_custom_logo":0,"ocean_custom_retina_logo":0,"ocean_custom_logo_max_width":0,"ocean_custom_logo_tablet_max_width":0,"ocean_custom_logo_mobile_max_width":0,"ocean_custom_logo_max_height":0,"ocean_custom_logo_tablet_max_height":0,"ocean_custom_logo_mobile_max_height":0,"ocean_header_custom_menu":"0","ocean_menu_typo_font_family":"0","ocean_menu_typo_font_subset":"","ocean_menu_typo_font_size":0,"ocean_menu_typo_font_size_tablet":0,"ocean_menu_typo_font_size_mobile":0,"ocean_menu_typo_font_size_unit":"px","ocean_menu_typo_font_weight":"","ocean_menu_typo_font_weight_tablet":"","ocean_menu_typo_font_weight_mobile":"","ocean_menu_typo_transform":"","ocean_menu_typo_transform_tablet":"","ocean_menu_typo_transform_mobile":"","ocean_menu_typo_line_height":0,"ocean_menu_typo_line_height_tablet":0,"ocean_menu_typo_line_height_mobile":0,"ocean_menu_typo_line_height_unit":"","ocean_menu_typo_spacing":0,"ocean_menu_typo_spacing_tablet":0,"ocean_menu_typo_spacing_mobile":0,"ocean_menu_typo_spacing_unit":"","ocean_menu_link_color":"","ocean_menu_link_color_hover":"","ocean_menu_link_color_active":"","ocean_menu_link_background":"","ocean_menu_link_hover_background":"","ocean_menu_link_active_background":"","ocean_menu_social_links_bg":"","ocean_menu_social_hover_links_bg":"","ocean_menu_social_links_color":"","ocean_menu_social_hover_links_color":"","ocean_disable_title":"default","ocean_disable_heading":"default","ocean_post_title":"","ocean_post_subheading":"","ocean_post_title_style":"","ocean_post_title_background_color":"","ocean_post_title_background":0,"ocean_post_title_bg_image_position":"","ocean_post_title_bg_image_attachment":"","ocean_post_title_bg_image_repeat":"","ocean_post_title_bg_image_size":"","ocean_post_title_height":0,"ocean_post_title_bg_overlay":0.5,"ocean_post_title_bg_overlay_color":"","ocean_disable_breadcrumbs":"default","ocean_breadcrumbs_color":"","ocean_breadcrumbs_separator_color":"","ocean_breadcrumbs_links_color":"","ocean_breadcrumbs_links_hover_color":"","ocean_display_footer_widgets":"default","ocean_display_footer_bottom":"default","ocean_custom_footer_template":"0","ofc_enable_fullscreen":"disable","ofc_fullscreen_speed":0,"ofc_fullscreen_nav":"enable","ofc_fullscreen_nav_pos":"right","ofc_fullscreen_nav_color":"","ofc_fullscreen_nav_tooltip_color":"","ofc_fullscreen_responsive":0},"product_brand":[],"product_cat":[1646],"product_tag":[],"class_list":{"0":"post-34889","1":"product","2":"type-product","3":"status-publish","4":"has-post-thumbnail","6":"product_cat-1988-topps-nfl-football-picture-cards-bubble-gum-wax-pack","7":"product_shipping_class-versandklasse_b","9":"entry","10":"has-media","12":"first","13":"instock","14":"taxable","15":"shipping-taxable","16":"purchasable","17":"product-type-simple","18":"col","19":"span_1_of_4","20":"owp-content-center","21":"owp-thumbs-layout-horizontal","22":"owp-btn-normal","23":"owp-tabs-layout-horizontal"},"acf":[],"_links":{"self":[{"href":"https:\/\/memorabilia-germany.de\/de\/wp-json\/wp\/v2\/product\/34889","targetHints":{"allow":["GET"]}}],"collection":[{"href":"https:\/\/memorabilia-germany.de\/de\/wp-json\/wp\/v2\/product"}],"about":[{"href":"https:\/\/memorabilia-germany.de\/de\/wp-json\/wp\/v2\/types\/product"}],"version-history":[{"count":0,"href":"https:\/\/memorabilia-germany.de\/de\/wp-json\/wp\/v2\/product\/34889\/revisions"}],"wp:featuredmedia":[{"embeddable":true,"href":"https:\/\/memorabilia-germany.de\/de\/wp-json\/wp\/v2\/media\/34875"}],"wp:attachment":[{"href":"https:\/\/memorabilia-germany.de\/de\/wp-json\/wp\/v2\/media?parent=34889"}],"wp:term":[{"taxonomy":"product_brand","embeddable":true,"href":"https:\/\/memorabilia-germany.de\/de\/wp-json\/wp\/v2\/product_brand?post=34889"},{"taxonomy":"product_cat","embeddable":true,"href":"https:\/\/memorabilia-germany.de\/de\/wp-json\/wp\/v2\/product_cat?post=34889"},{"taxonomy":"product_tag","embeddable":true,"href":"https:\/\/memorabilia-germany.de\/de\/wp-json\/wp\/v2\/product_tag?post=34889"}],"curies":[{"name":"wp","href":"https:\/\/api.w.org\/{rel}","templated":true}]}}