{"id":34579,"date":"2023-11-30T19:54:38","date_gmt":"2023-11-30T18:54:38","guid":{"rendered":"https:\/\/memorabilia-germany.de\/?post_type=product&#038;p=34579"},"modified":"2024-12-28T12:19:50","modified_gmt":"2024-12-28T11:19:50","slug":"nfl-trading-cards-pocket-pack-gold-edition-5-unopened-packs","status":"publish","type":"product","link":"https:\/\/memorabilia-germany.de\/de\/produkt\/nfl-trading-cards-pocket-pack-gold-edition-5-unopened-packs\/","title":{"rendered":"NFL Trading Cards Pocket Pack<\/br>\u201cGold Edition\u201d<\/br>(5 unopened packs)"},"content":{"rendered":"<p style=\"text-align: center;\"><strong>Alle P\u00e4ckchen dieser Serie stammen ausschlie\u00dflich aus folgenden Trading Card Boxes:<\/strong><br \/>\n2023 Panini Prestige Football (H2 Box)<br \/>\n2023 Panini Certified Football (Hobby Box)<br \/>\n2004 Upper Deck Foundations Football (Hobby Box)<br \/>\n2014 Topps Chrome Football (Hobby Box)<br \/>\n2023 Panini Mosaic Football (Mega Box)<br \/>\n2013 Panini Rookies &#038; Stars Football (Multi Box)<br \/>\n2016 Panini Donruss Optic Football (Mega Box)<br \/>\n1999 Topps Football Cards (Hobby Box)<br \/>\n1996 Skybox Impact Rookies Football (Hobby Box)<br \/>\n2023 Panini Score Football (Retail Box)<br \/>\n1989 Pro Set Football Cards (Wax Box)<br \/>\n1992 Topps Football Picture Cards (Wax Box)<br \/>\n2023 Panini Donruss Elite Football (Blaster Box)<br \/>\n2023 Panini Chronicles Draft Football (Blaster Box)<br \/>\n1992 Topps Football Picture Cards (Wax Box)<br \/>\n1995 Collector\u2019s Edge Black Label NFL Trading Cards (Hobby Box)<br \/>\n1992 NFL Pacific Pro Football Plus Player Cards (Wax Box)<br \/>\n1994 Skybox Premium Football (Hobby Box)<br \/>\n1996 Leaf Football Cards (Hobby Box)<br \/>\n1992 Topps Stadium Club Football (Hobby Box)\n<\/p>\n<p><strong>Hinweis:<\/strong> Alle Trading Card P\u00e4ckchen wurden von Memorabilia Germany auf ihren Zustand kontrolliert und die Mystery Boxen enthalten ausnahmslos P\u00e4ckchen in neuwertigem Zustand, die nie ge\u00f6ffnet wurden. Bitte beachtet trotzdem, dass die Karten bis zu 35 Jahre alt sind und wir daher keine Garantie \u00fcber den Zustand innerhalb der P\u00e4ckchen \u00fcbernehmen k\u00f6nnen.<\/p>\n<p>Wie funktioniert eine Mystery Box?<br \/>\nInfos dazu findet ihr in unseren <strong><a href=\"https:\/\/memorabilia-germany.de\/de\/sport-memorabilia-faq\/#memorabilia-mystery-box\"><u>FAQ<\/u><\/a><\/strong>!<\/p>\n","protected":false},"excerpt":{"rendered":"<p><strong>Diese Serie ist auf insgesamt 50 NFL Trading Cards Pocket Packs limitiert. Jedes Pack ist versiegelt und hat eine Seriennummer. Die Packs enthalten unge\u00f6ffnete P\u00e4ckchen der exklusivsten Trading Card Editions von heute sowie von weltweit ausverkauften Editionen aus l\u00e4ngst vergangenen Jahrzehnten. Du kannst hier genauso seltene Karten aus den 80er, 90er und 2000er Jahren, zum Beispiel von Joe Montana, Tom Brady, Peyton Manning oder Dan Marino finden, wie top aktuelle Autograph Cards, Parallels oder andere Inserts der Superstars von heute!<\/strong><br \/>\n<strong>Von Prestige bis Certified und von Foundations bis Chrome &#8211; f\u00fcr diese Edition haben wir ganz besonders exklusive Trading Card P\u00e4ckchen von topps, Panini und Upper Deck zusammengestellt. Dar\u00fcber hinaus k\u00f6nnt ihr in dieser Serie einen <a href=\"https:\/\/memorabilia-germany.de\/de\/sport-memorabilia-faq\/#redemption\"><u>Redemption Voucher<\/u><\/a> f\u00fcr eine Topps Turkey Red Football Hobby Box aus dem Jahr 2014 finden.<\/strong><\/p>\n<p><strong>Produktinfos:<\/strong><\/p>\n<ul style=\"list-style-type: square;\">\n<li>Inhalt jedes Packs: 5 unge\u00f6ffnete P\u00e4ckchen aus dem Zeitraum der sp\u00e4ten 1980er bis zur aktuellen NFL Season (detaillierte Liste siehe unten).<\/li>\n<li>Ausschlie\u00dflich alle P\u00e4ckchen stammen aus \u201efactory sealed\u201c Boxen.<\/li>\n<li>Ein Pack enth\u00e4lt zus\u00e4tzlich einen <a href=\"https:\/\/memorabilia-germany.de\/de\/sport-memorabilia-faq\/#redemption\"><u>Redemption Voucher<\/u><\/a> f\u00fcr eine 2014 Topps Turkey Red Football Hobby Box mit Garantie auf eine Rookie Autograph Card &#038; eine Mini Parallel aus der Rookie Class von Odell Beckham Jr.<\/li>\n<li>Finde originale Trading Cards der NFL Stars der letzten fast 40 Jahre wie Joe Montana, Tom Brady, Dan Marino, Patrick Mahomes, Peyton Manning, Emmitt Smith, Tyreek Hill, John Elway, Christian McCaffrey, DK Metcalf, Aaron Rodgers, Drew Brees, Rob Gronkowski, CJ Stroud, Travis Kelce, Joe Burrow oder Jalen Hurts.<\/li>\n<\/ul>\n<p>&nbsp;<\/p>\n<p><strong>Highlight Chances:<\/strong><\/p>\n<li><a href=\"https:\/\/memorabilia-germany.de\/de\/sport-memorabilia-faq\/#redemption\"><u>Redemption Voucher<\/u><\/a>: 2014 Topps Turkey Red Football Hobby Box<\/li>\n<ul style=\"list-style-type: square;\">\n<li>2023 Panini Prestige Football Autograph Cards &#038; Parallels:\n<ul style=\"list-style-type: circle;\">\n<li>Draft Day Signatures<\/li>\n<li>Xtra Points Autographs<\/li>\n<li>Xtra Points Galaxy Parallel Exclusives<\/li>\n<li>For the Record<\/li>\n<li>Any Given Sunday<\/li>\n<li>Alma Maters<\/li>\n<li>Rookie Portraits, Time Stamped &#038; Living Legends<\/li>\n<li>Rookie Class umfasst Namen wie CJ Stroud, Bryce Young, Jaxon Smith-Njigba, Bijan Robinson, Zach Charbonnet und Rashee Rice!<\/li>\n<\/ul>\n<\/li>\n<li>2023 Panini Certified Football Freshman Fabric Signatures &#038; Canton Certified Signatures:\n<ul style=\"list-style-type: circle;\">\n<li>Freshman Fabrics Mirror Signatures Purple numbered to 10<\/li>\n<li>Freshman Fabric Mirror Signatures Green numbered to 5<\/li>\n<li>Freshman Fabric Mirror Signatures Black numbered to 1<\/li>\n<li>Canton Certified Signatures Mirror Purple numbered to 10<\/li>\n<li>Canton Certified Signatures Mirror Green numbered to 5<\/li>\n<li>Canton Certified Signatures Mirror Black numbered to 1<\/li>\n<\/ul>\n<\/li>\n<li>Panini Certified Stitches in Time Quad Mirror Inserts &#038; Memorabilia Cards:\n<ul style=\"list-style-type: circle;\">\n<li>Stitches in Time Quad Mirror Green Etch numbered to 3<\/li>\n<li>Stitches in Time Quad Mirror Black Etch numbered to 1<\/li>\n<\/ul>\n<\/li>\n<li>Certified Radical Rookies, Huck it Chuck it, Night Move &#038; 2023 SSP Inserts + Mirror Signature Cards in dieser Serie!<\/li>\n<li>2004 Upper Deck Foundations Autographs, Limited Edition Jersey Inserts &#038; Patch Cards:\n<ul style=\"list-style-type: circle;\">\n<li>Rookie Foundations Rainbow Silver numbered to 10<\/li>\n<li>Rookie Foundations Autographed Patches numbered to 25<\/li>\n<li>Dual Endorsements Autographs: Rookie + Rookie &#038; Rookie + Veteran<\/li>\n<li>Signature Foundations<\/li>\n<li>Rookie Cards with a piece of a 2004 Rookie Photo Shoot worn jersey<\/li>\n<\/ul>\n<\/li>\n<li>2014 Topps Chrome Football Autograph, Limited Inserts &#038; Patch Cards Highlights:\n<ul style=\"list-style-type: circle;\">\n<li>Memorabilia Exclusive<\/li>\n<li>1963 Topps Throwback Football SuperFractor numbered to 1<\/li>\n<li>1965 Topps Throwback Football SuperFractor numbered to 1<\/li>\n<li>1985 Topps Throwback Football Refractor Autographs<\/li>\n<li>Fantasy Focus Superfractor numbered to 1<\/li>\n<li>Chrome Rookie Die-Cut Refractor Autographs numbered to 15<\/li>\n<li>1,000 Yard Club &#038; 4,000 Yard Club Red Refractor Numbered Autographs<\/li>\n<li>Rookie Autograph Patch Cards + Dual &#038; Triple Rookie Autographs<\/li>\n<\/ul>\n<\/li>\n<li>2023 Panini Mosaic Football Autograph Cards &#038; Parallels:\n<ul style=\"list-style-type: circle;\">\n<li>Script Autographs<\/li>\n<li>Rookie Script Autographs<\/li>\n<li>Reactive Yellow Parallels (selten!)<\/li>\n<li>Bang!, Touchdown Masters, Elevate &#038; Epic Performers Exclusives<\/li>\n<\/ul>\n<\/li>\n<li>2013 Panini Rookies &#038; Stars Football Autograph &#038; Memorabilia Cards:\n<ul style=\"list-style-type: circle;\">\n<li>Rookies &#038; Stars Longevity Signatures<\/li>\n<li>Game-Worn Memorabilia<\/li>\n<li>Rookie Material Signatures<\/li>\n<\/ul>\n<\/li>\n<\/ul>\n","protected":false},"featured_media":34644,"template":"","meta":{"_acf_changed":false,"ocean_post_layout":"","ocean_both_sidebars_style":"","ocean_both_sidebars_content_width":0,"ocean_both_sidebars_sidebars_width":0,"ocean_sidebar":"0","ocean_second_sidebar":"0","ocean_disable_margins":"enable","ocean_add_body_class":"","ocean_shortcode_before_top_bar":"","ocean_shortcode_after_top_bar":"","ocean_shortcode_before_header":"","ocean_shortcode_after_header":"","ocean_has_shortcode":"","ocean_shortcode_after_title":"","ocean_shortcode_before_footer_widgets":"","ocean_shortcode_after_footer_widgets":"","ocean_shortcode_before_footer_bottom":"","ocean_shortcode_after_footer_bottom":"","ocean_display_top_bar":"default","ocean_display_header":"default","ocean_header_style":"","ocean_center_header_left_menu":"0","ocean_custom_header_template":"0","ocean_custom_logo":0,"ocean_custom_retina_logo":0,"ocean_custom_logo_max_width":0,"ocean_custom_logo_tablet_max_width":0,"ocean_custom_logo_mobile_max_width":0,"ocean_custom_logo_max_height":0,"ocean_custom_logo_tablet_max_height":0,"ocean_custom_logo_mobile_max_height":0,"ocean_header_custom_menu":"0","ocean_menu_typo_font_family":"0","ocean_menu_typo_font_subset":"","ocean_menu_typo_font_size":0,"ocean_menu_typo_font_size_tablet":0,"ocean_menu_typo_font_size_mobile":0,"ocean_menu_typo_font_size_unit":"px","ocean_menu_typo_font_weight":"","ocean_menu_typo_font_weight_tablet":"","ocean_menu_typo_font_weight_mobile":"","ocean_menu_typo_transform":"","ocean_menu_typo_transform_tablet":"","ocean_menu_typo_transform_mobile":"","ocean_menu_typo_line_height":0,"ocean_menu_typo_line_height_tablet":0,"ocean_menu_typo_line_height_mobile":0,"ocean_menu_typo_line_height_unit":"","ocean_menu_typo_spacing":0,"ocean_menu_typo_spacing_tablet":0,"ocean_menu_typo_spacing_mobile":0,"ocean_menu_typo_spacing_unit":"","ocean_menu_link_color":"","ocean_menu_link_color_hover":"","ocean_menu_link_color_active":"","ocean_menu_link_background":"","ocean_menu_link_hover_background":"","ocean_menu_link_active_background":"","ocean_menu_social_links_bg":"","ocean_menu_social_hover_links_bg":"","ocean_menu_social_links_color":"","ocean_menu_social_hover_links_color":"","ocean_disable_title":"default","ocean_disable_heading":"default","ocean_post_title":"","ocean_post_subheading":"","ocean_post_title_style":"","ocean_post_title_background_color":"","ocean_post_title_background":0,"ocean_post_title_bg_image_position":"","ocean_post_title_bg_image_attachment":"","ocean_post_title_bg_image_repeat":"","ocean_post_title_bg_image_size":"","ocean_post_title_height":0,"ocean_post_title_bg_overlay":0.5,"ocean_post_title_bg_overlay_color":"","ocean_disable_breadcrumbs":"default","ocean_breadcrumbs_color":"","ocean_breadcrumbs_separator_color":"","ocean_breadcrumbs_links_color":"","ocean_breadcrumbs_links_hover_color":"","ocean_display_footer_widgets":"default","ocean_display_footer_bottom":"default","ocean_custom_footer_template":"0","ofc_enable_fullscreen":"disable","ofc_fullscreen_speed":0,"ofc_fullscreen_nav":"enable","ofc_fullscreen_nav_pos":"right","ofc_fullscreen_nav_color":"","ofc_fullscreen_nav_tooltip_color":"","ofc_fullscreen_responsive":0},"product_brand":[],"product_cat":[1641],"product_tag":[],"class_list":{"0":"post-34579","1":"product","2":"type-product","3":"status-publish","4":"has-post-thumbnail","6":"product_cat-nfl-trading-cards-pocket-pack-gold-edition-5-unopened-packs","7":"product_shipping_class-versandklasse_a","9":"entry","10":"has-media","12":"first","13":"outofstock","14":"taxable","15":"shipping-taxable","16":"product-type-simple","17":"col","18":"span_1_of_4","19":"owp-content-center","20":"owp-thumbs-layout-horizontal","21":"owp-btn-normal","22":"owp-tabs-layout-horizontal"},"acf":[],"_links":{"self":[{"href":"https:\/\/memorabilia-germany.de\/de\/wp-json\/wp\/v2\/product\/34579","targetHints":{"allow":["GET"]}}],"collection":[{"href":"https:\/\/memorabilia-germany.de\/de\/wp-json\/wp\/v2\/product"}],"about":[{"href":"https:\/\/memorabilia-germany.de\/de\/wp-json\/wp\/v2\/types\/product"}],"version-history":[{"count":0,"href":"https:\/\/memorabilia-germany.de\/de\/wp-json\/wp\/v2\/product\/34579\/revisions"}],"wp:featuredmedia":[{"embeddable":true,"href":"https:\/\/memorabilia-germany.de\/de\/wp-json\/wp\/v2\/media\/34644"}],"wp:attachment":[{"href":"https:\/\/memorabilia-germany.de\/de\/wp-json\/wp\/v2\/media?parent=34579"}],"wp:term":[{"taxonomy":"product_brand","embeddable":true,"href":"https:\/\/memorabilia-germany.de\/de\/wp-json\/wp\/v2\/product_brand?post=34579"},{"taxonomy":"product_cat","embeddable":true,"href":"https:\/\/memorabilia-germany.de\/de\/wp-json\/wp\/v2\/product_cat?post=34579"},{"taxonomy":"product_tag","embeddable":true,"href":"https:\/\/memorabilia-germany.de\/de\/wp-json\/wp\/v2\/product_tag?post=34579"}],"curies":[{"name":"wp","href":"https:\/\/api.w.org\/{rel}","templated":true}]}}