{"id":34576,"date":"2023-11-30T19:10:14","date_gmt":"2023-11-30T18:10:14","guid":{"rendered":"https:\/\/memorabilia-germany.de\/?post_type=product&#038;p=34576"},"modified":"2024-12-28T12:18:43","modified_gmt":"2024-12-28T11:18:43","slug":"nfl-trading-cards-pocket-pack-black-edition-5-unopened-packs","status":"publish","type":"product","link":"https:\/\/memorabilia-germany.de\/de\/produkt\/nfl-trading-cards-pocket-pack-black-edition-5-unopened-packs\/","title":{"rendered":"NFL Trading Cards Pocket Pack<\/br>\u201cBlack Edition\u201d<\/br>(5 unopened packs)"},"content":{"rendered":"<p style=\"text-align: center;\"><strong>Alle P\u00e4ckchen dieser Serie stammen ausschlie\u00dflich aus folgenden Trading Card Boxes:<\/strong><br \/>\n2023 Panini Donruss Elite Football (Hobby Box)<br \/>\n2014 Topps Chrome Football (Hobby Box)<br \/>\n2016 Panini Donruss Optic Football (Mega Box)<br \/>\n2023 Panini Score Football (Retail Box)<br \/>\n1996 Skybox Impact Rookies (Hobby Box)<br \/>\n1992 Topps Football Picture Cards (Wax Box)<br \/>\n1989 NFL Pro Set \u2013 The Official NFL Card (Wax Box)<br \/>\n1991 Pinnacle NFL Football Player Cards (Hobby Box)<br \/>\n2023 Panini Donruss Elite Football (Blaster Box)<br \/>\n1995 Collector\u2019s Edge Black Label NFL Trading Cards (Hobby Box)<br \/>\n1990 SCORE NFL Football Player Cards (Wax Box)<br \/>\n1994 Classic\u2019s NFL Experience Collection (Hobby Box)<br \/>\n2023 Panini Chronicles Draft Football (Blaster Box)<br \/>\n1991 Upper Deck NFL Football Premiere Edition (Hobby Box)<br \/>\n1991 NFL Pacific Pro Football Plus Player Cards (Wax Box)<br \/>\n1994 Skybox Premium Football (Hobby Box)<br \/>\n1996 Leaf Football Cards (Hobby Box)<br \/>\n1990 NFL Pro Set \u2013 The Official NFL Card (Wax Box)<br \/>\n1992 Topps Stadium Club Football (Hobby Box)\n<\/p>\n<p><strong>Hinweis:<\/strong> Alle Trading Card P\u00e4ckchen wurden von Memorabilia Germany auf ihren Zustand kontrolliert und die Mystery Boxen enthalten ausnahmslos P\u00e4ckchen in neuwertigem Zustand, die nie ge\u00f6ffnet wurden. Bitte beachtet trotzdem, dass die Karten bis zu 35 Jahre alt sind und wir daher keine Garantie \u00fcber den Zustand innerhalb der P\u00e4ckchen \u00fcbernehmen k\u00f6nnen.<\/p>\n<p>Wie funktioniert eine Mystery Box?<br \/>\nInfos dazu findet ihr in unseren <strong><a href=\"https:\/\/memorabilia-germany.de\/de\/sport-memorabilia-faq\/#memorabilia-mystery-box\"><u>FAQ<\/u><\/a><\/strong>!<\/p>\n","protected":false},"excerpt":{"rendered":"<p><strong>Diese Serie ist auf insgesamt 50 NFL Trading Cards Pocket Packs limitiert. Jedes Pack ist versiegelt und hat eine Seriennummer. Die Packs enthalten unge\u00f6ffnete P\u00e4ckchen der exklusivsten Trading Card Editions von heute sowie von weltweit ausverkauften Editionen aus l\u00e4ngst vergangenen Jahrzehnten. Du kannst hier genauso seltene Karten aus den 80er, 90er und 2000er Jahren, zum Beispiel von Joe Montana, Tom Brady, Peyton Manning oder Dan Marino finden, wie top aktuelle Autograph Cards, Parallels oder andere Inserts der Superstars von heute!  <\/strong><\/p>\n<p><strong>Produktinfos:<\/strong><\/p>\n<ul style=\"list-style-type: square;\">\n<li>Inhalt jedes Packs: 5 unge\u00f6ffnete P\u00e4ckchen aus dem Zeitraum der sp\u00e4ten 1980er bis zur aktuellen NFL Season (detaillierte Liste siehe unten).<\/li>\n<li>Ausschlie\u00dflich alle P\u00e4ckchen stammen aus \u201efactory sealed\u201c Boxen.<\/li>\n<li>Finde originale Trading Cards der NFL Stars der letzten fast 40 Jahre wie Joe Montana, Tom Brady, Dan Marino, Patrick Mahomes, Peyton Manning, Emmitt Smith, Tyreek Hill, John Elway, Christian McCaffrey, DK Metcalf, Aaron Rodgers, Drew Brees, Rob Gronkowski, CJ Stroud, Travis Kelce, Joe Burrow oder Jalen Hurts.<\/li>\n<\/ul>\n<p>&nbsp;<\/p>\n<p><strong>Highlight Chances:<\/strong><\/p>\n<ul style=\"list-style-type: square;\">\n<li>2023 Panini Donruss Elite Football Turn of the Century Autographs:\n<ul style=\"list-style-type: circle;\">\n<li>Turn of the Century Autographs Purple numbered to 10<\/li>\n<li>Turn of the Century Autographs Gold numbered to 5<\/li>\n<li>Turn of the Century Autographs Black numbered to 1<\/li>\n<\/ul>\n<\/li>\n<li>2023 Panini Donruss Elite Football Insert Cards:\n<ul style=\"list-style-type: circle;\">\n<li>Razzle Dazzle &#038; Elite One of One Rookies<\/li>\n<li>Colored Pen Pals<\/li>\n<li>2003 Elite Throwback Rookies<\/li>\n<li>Moxie Prime Max + MVPBound<\/li>\n<li>One-of-One Team Lineage Signatures Black <\/li>\n<\/ul>\n<\/li>\n<li>Finde Panini Donruss 2003 Elite Throwback Inserts von alten und neuen Stars mit dem Design vom Anfang des Jahrtausends! Die Throwback Inserts sind zudem nummeriert:\n<ul style=\"list-style-type: circle;\">\n<li>2003 Elite Rookies Aspirations Die-Cut Max numbered to 99<\/li>\n<li>2003 Elite Rookies Status Die-Cut Max numbered to 99<\/li>\n<li>2003 Elite Rookies Gold numbered to 10<\/li>\n<li>2003 Elite Black One-of-One<\/li>\n<\/ul>\n<\/li>\n<li>2014 Topps Chrome Football Autograph, Limited Inserts &#038; Patch Cards Highlights:\n<ul style=\"list-style-type: circle;\">\n<li>1963 Topps Throwback Football SuperFractor numbered to 1<\/li>\n<li>1965 Topps Throwback Football SuperFractor numbered to 1<\/li>\n<li>1985 Topps Throwback Football Refractor Autographs<\/li>\n<li>Fantasy Focus Superfractor numbered to 1<\/li>\n<li>Chrome Rookie Die-Cut Refractor Autographs numbered to 15<\/li>\n<li>1,000 Yard Club &#038; 4,000 Yard Club Red Refractor Numbered Autographs<\/li>\n<li>Rookie Autograph Patch Cards + Dual &#038; Triple Rookie Autographs<\/li>\n<\/ul>\n<\/li>\n<li>2016 Panini Donruss Optic Football Memorabilia Cards and Colored Parallels:\n<ul style=\"list-style-type: circle;\">\n<li>Memorabilia Exclusive<\/li>\n<li>Red + Yellow Rookie Parallels<\/li>\n<li>Red + Yellow Rated Rookie Parallels<\/li>\n<li>Blue + Green Donruss Threads Parallels<\/li>\n<li>Blue + Green Rookie Threads Parallels<\/li>\n<li>Rookie Class umfasst Namen wie Ezekiel Elliott, Dak Prescott, Tyreek Hill, Joey Bosa, Jared Goff oder Michael Thomas!<\/li>\n<\/ul>\n<\/li>\n<li>2023 Panini Score Football Parallels &#038; Insert Cards:\n<ul style=\"list-style-type: circle;\">\n<li>All-Hands Team Lenticulars + Top 100 Exclusives<\/li>\n<li>First Ballot + Sack Attack<\/li>\n<li>Celebration, Protential &#038; Huddle Up<\/li>\n<li>Throwback Rookies<\/li>\n<li>It&#8217;s Good<\/li>\n<\/ul>\n<\/li>\n<\/ul>\n","protected":false},"featured_media":34627,"template":"","meta":{"_acf_changed":false,"ocean_post_layout":"","ocean_both_sidebars_style":"","ocean_both_sidebars_content_width":0,"ocean_both_sidebars_sidebars_width":0,"ocean_sidebar":"0","ocean_second_sidebar":"0","ocean_disable_margins":"enable","ocean_add_body_class":"","ocean_shortcode_before_top_bar":"","ocean_shortcode_after_top_bar":"","ocean_shortcode_before_header":"","ocean_shortcode_after_header":"","ocean_has_shortcode":"","ocean_shortcode_after_title":"","ocean_shortcode_before_footer_widgets":"","ocean_shortcode_after_footer_widgets":"","ocean_shortcode_before_footer_bottom":"","ocean_shortcode_after_footer_bottom":"","ocean_display_top_bar":"default","ocean_display_header":"default","ocean_header_style":"","ocean_center_header_left_menu":"0","ocean_custom_header_template":"0","ocean_custom_logo":0,"ocean_custom_retina_logo":0,"ocean_custom_logo_max_width":0,"ocean_custom_logo_tablet_max_width":0,"ocean_custom_logo_mobile_max_width":0,"ocean_custom_logo_max_height":0,"ocean_custom_logo_tablet_max_height":0,"ocean_custom_logo_mobile_max_height":0,"ocean_header_custom_menu":"0","ocean_menu_typo_font_family":"0","ocean_menu_typo_font_subset":"","ocean_menu_typo_font_size":0,"ocean_menu_typo_font_size_tablet":0,"ocean_menu_typo_font_size_mobile":0,"ocean_menu_typo_font_size_unit":"px","ocean_menu_typo_font_weight":"","ocean_menu_typo_font_weight_tablet":"","ocean_menu_typo_font_weight_mobile":"","ocean_menu_typo_transform":"","ocean_menu_typo_transform_tablet":"","ocean_menu_typo_transform_mobile":"","ocean_menu_typo_line_height":0,"ocean_menu_typo_line_height_tablet":0,"ocean_menu_typo_line_height_mobile":0,"ocean_menu_typo_line_height_unit":"","ocean_menu_typo_spacing":0,"ocean_menu_typo_spacing_tablet":0,"ocean_menu_typo_spacing_mobile":0,"ocean_menu_typo_spacing_unit":"","ocean_menu_link_color":"","ocean_menu_link_color_hover":"","ocean_menu_link_color_active":"","ocean_menu_link_background":"","ocean_menu_link_hover_background":"","ocean_menu_link_active_background":"","ocean_menu_social_links_bg":"","ocean_menu_social_hover_links_bg":"","ocean_menu_social_links_color":"","ocean_menu_social_hover_links_color":"","ocean_disable_title":"default","ocean_disable_heading":"default","ocean_post_title":"","ocean_post_subheading":"","ocean_post_title_style":"","ocean_post_title_background_color":"","ocean_post_title_background":0,"ocean_post_title_bg_image_position":"","ocean_post_title_bg_image_attachment":"","ocean_post_title_bg_image_repeat":"","ocean_post_title_bg_image_size":"","ocean_post_title_height":0,"ocean_post_title_bg_overlay":0.5,"ocean_post_title_bg_overlay_color":"","ocean_disable_breadcrumbs":"default","ocean_breadcrumbs_color":"","ocean_breadcrumbs_separator_color":"","ocean_breadcrumbs_links_color":"","ocean_breadcrumbs_links_hover_color":"","ocean_display_footer_widgets":"default","ocean_display_footer_bottom":"default","ocean_custom_footer_template":"0","ofc_enable_fullscreen":"disable","ofc_fullscreen_speed":0,"ofc_fullscreen_nav":"enable","ofc_fullscreen_nav_pos":"right","ofc_fullscreen_nav_color":"","ofc_fullscreen_nav_tooltip_color":"","ofc_fullscreen_responsive":0},"product_brand":[],"product_cat":[1639],"product_tag":[],"class_list":{"0":"post-34576","1":"product","2":"type-product","3":"status-publish","4":"has-post-thumbnail","6":"product_cat-nfl-trading-cards-pocket-pack-black-edition-5-unopened-packs","7":"product_shipping_class-versandklasse_a","9":"entry","10":"has-media","12":"first","13":"outofstock","14":"taxable","15":"shipping-taxable","16":"product-type-simple","17":"col","18":"span_1_of_4","19":"owp-content-center","20":"owp-thumbs-layout-horizontal","21":"owp-btn-normal","22":"owp-tabs-layout-horizontal"},"acf":[],"_links":{"self":[{"href":"https:\/\/memorabilia-germany.de\/de\/wp-json\/wp\/v2\/product\/34576","targetHints":{"allow":["GET"]}}],"collection":[{"href":"https:\/\/memorabilia-germany.de\/de\/wp-json\/wp\/v2\/product"}],"about":[{"href":"https:\/\/memorabilia-germany.de\/de\/wp-json\/wp\/v2\/types\/product"}],"version-history":[{"count":0,"href":"https:\/\/memorabilia-germany.de\/de\/wp-json\/wp\/v2\/product\/34576\/revisions"}],"wp:featuredmedia":[{"embeddable":true,"href":"https:\/\/memorabilia-germany.de\/de\/wp-json\/wp\/v2\/media\/34627"}],"wp:attachment":[{"href":"https:\/\/memorabilia-germany.de\/de\/wp-json\/wp\/v2\/media?parent=34576"}],"wp:term":[{"taxonomy":"product_brand","embeddable":true,"href":"https:\/\/memorabilia-germany.de\/de\/wp-json\/wp\/v2\/product_brand?post=34576"},{"taxonomy":"product_cat","embeddable":true,"href":"https:\/\/memorabilia-germany.de\/de\/wp-json\/wp\/v2\/product_cat?post=34576"},{"taxonomy":"product_tag","embeddable":true,"href":"https:\/\/memorabilia-germany.de\/de\/wp-json\/wp\/v2\/product_tag?post=34576"}],"curies":[{"name":"wp","href":"https:\/\/api.w.org\/{rel}","templated":true}]}}