{"id":33901,"date":"2023-11-01T14:46:37","date_gmt":"2023-11-01T13:46:37","guid":{"rendered":"https:\/\/memorabilia-germany.de\/?post_type=product&#038;p=33901"},"modified":"2024-05-31T15:34:56","modified_gmt":"2024-05-31T13:34:56","slug":"deadpool-35-gerry-duggan-mark-brooks","status":"publish","type":"product","link":"https:\/\/memorabilia-germany.de\/de\/produkt\/deadpool-35-gerry-duggan-mark-brooks\/","title":{"rendered":"DEADPOOL # 35 (Gerry Duggan + Mark Brooks)"},"content":{"rendered":"","protected":false},"excerpt":{"rendered":"<p><strong>Signiertes und gegradetes Comic Buch aus der \u201eCGC Signature Series\u201c. Autogramme der Comic Artists Gerry Duggan und Mark Brooks auf dem Cover. Alle Signaturen auf den CGC Comics dieser Serie wurden in Anwesenheit eines CGC Experten abgegeben und bezeugt. Weitere Infos siehe unten.<\/strong><\/p>\n<ul style=\"list-style-type: square;\">\n<li>Marke der Grading Company: Certified Guaranty Company (CGC)<\/li>\n<li>Titel: Deadpool #35<\/li>\n<li>Publisher: MARVEL Comics<\/li>\n<li>Erscheinungsjahr: 2014<\/li>\n<li>Grading Note: 9.8<\/li>\n<li>Signatur: Gerry Duggan + Mark Brooks, blauer und silberner Farbstift<\/li>\n<li>Datum der Signatur: 17.07.2021 (Duggan) und 24.07.2021 (Brooks)<\/li>\n<li>Artist Info: Gerry Dugan ist ein bekannter Comic Writer und Director, der seine Karriere bei Image Comics begonnen hat und dort erfolgreich an Titeln wie The Infinite Horizon gearbeitet hat. Vor circa 10 Jahren wurde Dugan von MARVEL f\u00fcr den Relaunch der Deadpool Serie als Writer ins Boot geholt, an der er bis zum Abschluss der Serie arbeitete. Seit 2021 ist Dugan Main Writer f\u00fcr MARVEL\u2019s Flaggschiff, die X-Men.<\/li>\n<li>Artist Info: Mark Brooks ist ein ber\u00fchmter Comiczeichner, der 2014 f\u00fcr seine Cover Art mit dem Inkpot Award auf der San Diego Comic Con ausgezeichnet wurde. Bereits Anfang des Jahrtausends war Brooks f\u00fcr gro\u00dfe Publisher wie Image Comics oder Dark Horse im Einsatz und gestaltete Cover f\u00fcr Titel wie G.I. Joe oder Transformers. Nachdem er einen Vertrag mit MARVEL abschloss, arbeitete er an Covern f\u00fcr keine geringeren Namen als Spiderman, X-Men, Avengers oder Fantastic Four. In den letzten Jahren war Brooks MARVEL\u2019s Main Cover Artist f\u00fcr Secret Empire, das Crossover von Captain America: Steve Rogers und Avengers: Standoff. Seit 2022 ist der Main Cover Artist f\u00fcr A.X.E.: Judgment Day, einem Crossover der Avengers, X-Men und Eternals. Selbstverst\u00e4ndlich ebenfalls bei MARVEL.<\/li>\n<\/ul>\n<p>Mehr CGC Comics findest du <strong><a href=\"https:\/\/memorabilia-germany.de\/de\/cgc-comics\/\">hier<\/a><\/strong>.<\/p>\n","protected":false},"featured_media":33879,"template":"","meta":{"_acf_changed":false,"ocean_post_layout":"","ocean_both_sidebars_style":"","ocean_both_sidebars_content_width":0,"ocean_both_sidebars_sidebars_width":0,"ocean_sidebar":"0","ocean_second_sidebar":"0","ocean_disable_margins":"enable","ocean_add_body_class":"","ocean_shortcode_before_top_bar":"","ocean_shortcode_after_top_bar":"","ocean_shortcode_before_header":"","ocean_shortcode_after_header":"","ocean_has_shortcode":"","ocean_shortcode_after_title":"","ocean_shortcode_before_footer_widgets":"","ocean_shortcode_after_footer_widgets":"","ocean_shortcode_before_footer_bottom":"","ocean_shortcode_after_footer_bottom":"","ocean_display_top_bar":"default","ocean_display_header":"default","ocean_header_style":"","ocean_center_header_left_menu":"0","ocean_custom_header_template":"0","ocean_custom_logo":0,"ocean_custom_retina_logo":0,"ocean_custom_logo_max_width":0,"ocean_custom_logo_tablet_max_width":0,"ocean_custom_logo_mobile_max_width":0,"ocean_custom_logo_max_height":0,"ocean_custom_logo_tablet_max_height":0,"ocean_custom_logo_mobile_max_height":0,"ocean_header_custom_menu":"0","ocean_menu_typo_font_family":"0","ocean_menu_typo_font_subset":"","ocean_menu_typo_font_size":0,"ocean_menu_typo_font_size_tablet":0,"ocean_menu_typo_font_size_mobile":0,"ocean_menu_typo_font_size_unit":"px","ocean_menu_typo_font_weight":"","ocean_menu_typo_font_weight_tablet":"","ocean_menu_typo_font_weight_mobile":"","ocean_menu_typo_transform":"","ocean_menu_typo_transform_tablet":"","ocean_menu_typo_transform_mobile":"","ocean_menu_typo_line_height":0,"ocean_menu_typo_line_height_tablet":0,"ocean_menu_typo_line_height_mobile":0,"ocean_menu_typo_line_height_unit":"","ocean_menu_typo_spacing":0,"ocean_menu_typo_spacing_tablet":0,"ocean_menu_typo_spacing_mobile":0,"ocean_menu_typo_spacing_unit":"","ocean_menu_link_color":"","ocean_menu_link_color_hover":"","ocean_menu_link_color_active":"","ocean_menu_link_background":"","ocean_menu_link_hover_background":"","ocean_menu_link_active_background":"","ocean_menu_social_links_bg":"","ocean_menu_social_hover_links_bg":"","ocean_menu_social_links_color":"","ocean_menu_social_hover_links_color":"","ocean_disable_title":"default","ocean_disable_heading":"default","ocean_post_title":"","ocean_post_subheading":"","ocean_post_title_style":"","ocean_post_title_background_color":"","ocean_post_title_background":0,"ocean_post_title_bg_image_position":"","ocean_post_title_bg_image_attachment":"","ocean_post_title_bg_image_repeat":"","ocean_post_title_bg_image_size":"","ocean_post_title_height":0,"ocean_post_title_bg_overlay":0.5,"ocean_post_title_bg_overlay_color":"","ocean_disable_breadcrumbs":"default","ocean_breadcrumbs_color":"","ocean_breadcrumbs_separator_color":"","ocean_breadcrumbs_links_color":"","ocean_breadcrumbs_links_hover_color":"","ocean_display_footer_widgets":"default","ocean_display_footer_bottom":"default","ocean_custom_footer_template":"0","ofc_enable_fullscreen":"disable","ofc_fullscreen_speed":0,"ofc_fullscreen_nav":"enable","ofc_fullscreen_nav_pos":"right","ofc_fullscreen_nav_color":"","ofc_fullscreen_nav_tooltip_color":"","ofc_fullscreen_responsive":0},"product_brand":[],"product_cat":[1591],"product_tag":[],"class_list":{"0":"post-33901","1":"product","2":"type-product","3":"status-publish","4":"has-post-thumbnail","6":"product_cat-deadpool-35-gerry-duggan-mark-brooks","7":"product_shipping_class-versandklasse_a","9":"entry","10":"has-media","12":"first","13":"outofstock","14":"taxable","15":"shipping-taxable","16":"purchasable","17":"product-type-simple","18":"col","19":"span_1_of_4","20":"owp-content-center","21":"owp-thumbs-layout-horizontal","22":"owp-btn-normal","23":"owp-tabs-layout-horizontal"},"acf":[],"_links":{"self":[{"href":"https:\/\/memorabilia-germany.de\/de\/wp-json\/wp\/v2\/product\/33901","targetHints":{"allow":["GET"]}}],"collection":[{"href":"https:\/\/memorabilia-germany.de\/de\/wp-json\/wp\/v2\/product"}],"about":[{"href":"https:\/\/memorabilia-germany.de\/de\/wp-json\/wp\/v2\/types\/product"}],"version-history":[{"count":0,"href":"https:\/\/memorabilia-germany.de\/de\/wp-json\/wp\/v2\/product\/33901\/revisions"}],"wp:featuredmedia":[{"embeddable":true,"href":"https:\/\/memorabilia-germany.de\/de\/wp-json\/wp\/v2\/media\/33879"}],"wp:attachment":[{"href":"https:\/\/memorabilia-germany.de\/de\/wp-json\/wp\/v2\/media?parent=33901"}],"wp:term":[{"taxonomy":"product_brand","embeddable":true,"href":"https:\/\/memorabilia-germany.de\/de\/wp-json\/wp\/v2\/product_brand?post=33901"},{"taxonomy":"product_cat","embeddable":true,"href":"https:\/\/memorabilia-germany.de\/de\/wp-json\/wp\/v2\/product_cat?post=33901"},{"taxonomy":"product_tag","embeddable":true,"href":"https:\/\/memorabilia-germany.de\/de\/wp-json\/wp\/v2\/product_tag?post=33901"}],"curies":[{"name":"wp","href":"https:\/\/api.w.org\/{rel}","templated":true}]}}