{"id":33852,"date":"2023-11-01T12:44:51","date_gmt":"2023-11-01T11:44:51","guid":{"rendered":"https:\/\/memorabilia-germany.de\/?post_type=product&#038;p=33852"},"modified":"2025-02-07T12:16:14","modified_gmt":"2025-02-07T11:16:14","slug":"amazing-spider-man-700-stan-lee-todd-mcfarlane-4-weitere-artists","status":"publish","type":"product","link":"https:\/\/memorabilia-germany.de\/de\/produkt\/amazing-spider-man-700-stan-lee-todd-mcfarlane-4-weitere-artists\/","title":{"rendered":"AMAZING SPIDER-MAN #700<\/br>(Stan Lee + Todd McFarlane + 4 weitere Artists)"},"content":{"rendered":"","protected":false},"excerpt":{"rendered":"<p><strong>Mehrfach signiertes und gegradetes Comic Buch aus der \u201eCGC Signature Series\u201c. Autogramme von MARVEL Gr\u00fcnder Stan Lee sowie Image Comics Pr\u00e4sident und Spider-Man Legende Todd McFarlane und weiteren ber\u00fchmten Comic Artists auf dem Cover. Alle Signaturen auf den CGC Comics dieser Serie wurden in Anwesenheit eines CGC Experten abgegeben und bezeugt. Weitere Infos siehe unten.<\/strong><\/p>\n<ul style=\"list-style-type: square;\">\n<li>Marke der Grading Company: Certified Guaranty Company (CGC)<\/li>\n<li>Titel: The Amazing Spider-Man #700<\/li>\n<li>Publisher: MARVEL Comics<\/li>\n<li>Erscheinungsjahr: 2013<\/li>\n<li>Grading Note: 9.4<\/li>\n<li>Signaturen: Stan Lee + Todd McFarlane + Giuseppe Camuncoli + Edgar Delgado + Victor Olazaba + Dan Slott, roter Farbstift (alle)<\/li>\n<li>Datum der Signaturen: 30.03.2013 (Stan Lee + Delgado + Olazaba + Slott), 08.02.2013 (Todd McFarlane) und 16.03.2013 (Camuncoli)<\/li>\n<li>Artist Info: Stan Lee war nicht nur Gr\u00fcnder von MARVEL Comics, er pr\u00e4gte die gesamte Szene und gilt als wichtigste Person der Comicwelt aller Zeiten. Zusammen mit anderen legend\u00e4ren Comicartists wie Jack Kirby oder Steve Ditko erfand Stan Lee Comic-Charaktere wie Spider-Man, Iron Man, Thor, Black Panther, Daredevil, die X-Men, den Hulk oder die Fantastic Four. Auch f\u00fcr seine Cameo Auftritte in den MARVEL Filmen wurde Lee regelm\u00e4\u00dfig gefeiert. Neben seinen zahlreichen Auszeichnungen erhielt er 2011 sogar einen Stern auf dem Hollywood Walk of Fame. Im November 2018 verstarb der MARVEL Vater in Los Angeles, aber die Legende lebt weiter!<\/li>\n<li>Artist Info: Todd McFarlane gilt als einer der erfolgreichsten und einflussreichsten Comic Artists \u00fcberhaupt. In den 80er und 90er Jahren brachte McFarlane das Spider-Man Franchise durch seine Arbeit auf ein neues Level. Sp\u00e4testens nachdem er den ersten \u201eFull Appearance\u201c Auftritt von Venom zeichnete, avancierte er zum Comic Superstar.<br \/>\nZusammen mit anderen Gr\u00f6\u00dfen der Comicwelt gr\u00fcndete Todd McFarlane 1992 das Independet Comic Label Image Comics, das heute f\u00fcr diverse gro\u00dfe Franchises wie Spawn, Witchblade oder The Walking Dead bekannt ist. Er ist Pr\u00e4sident des Verlags. McFarlane hat bereits viele Awards f\u00fcr seine Arbeiten gewonnen. Besonders au\u00dfergew\u00f6hnlich sind dabei Auszeichnungen der NFL als Artist of the Year f\u00fcr sein Baltimore Ravens Program Cover Work oder ein Grammy Award f\u00fcr das beste \u201eShort Form Music Video\u201c. Er gestaltete das Video f\u00fcr \u201eFreak on a Leash\u201c der Band Korn.<\/li>\n<li>Artist Info: Die weiteren Signaturen auf diesem Comicbuch stammen von ebenfalls erfolgreichen Comic Artists. Dan Slott gilt als einer der erfolgreichsten Comic Writer des letzten Jahrzehnts. Seine Werke umfassen \u201eThe Amazing Spider-Man #1\u201c (2014), \u201eFantastic Four #1\u201c (2018) sowie \u201eThe Amazing Spider-Man #700\u201c (2013). Alle Ausgaben belegen Spitzenpositionen in Diamond Comic\u2018s ber\u00fchmter \u201eTop 100 Best-Selling Comics of the Decade\u201c Liste.<br \/>\nAuch Giuseppe Camuncoli arbeitet erfolgreich an Comic B\u00fcchern des Spider-Man Universums. Seine weiteren Werke umfassen Titel aller gro\u00dfen Verlage. So arbeitet er neben MARVEL auch f\u00fcr DC Comics und Todd McFarlane\u2019s Image Comics.<br \/>\nDie Reihe an Signaturen wird durch Edgar Delgado und Victor Olazaba erg\u00e4nzt. Beide Artists sind bei MARVEL etabliert und ebenfalls vor allem f\u00fcr ihre Arbeit and Spider-Man und Venom Comic B\u00fcchern bekannt. Ihre Arbeit umfasst allerdings auch Werke f\u00fcr Star Wars, Guardians of the Galaxy oder The Fantastic Four.<\/li>\n<\/ul>\n<p>Mehr CGC Comics findest du <strong><a href=\"https:\/\/memorabilia-germany.de\/de\/cgc-comics\/\">hier<\/a><\/strong>.<\/p>\n","protected":false},"featured_media":33828,"template":"","meta":{"_acf_changed":false,"ocean_post_layout":"","ocean_both_sidebars_style":"","ocean_both_sidebars_content_width":0,"ocean_both_sidebars_sidebars_width":0,"ocean_sidebar":"0","ocean_second_sidebar":"0","ocean_disable_margins":"enable","ocean_add_body_class":"","ocean_shortcode_before_top_bar":"","ocean_shortcode_after_top_bar":"","ocean_shortcode_before_header":"","ocean_shortcode_after_header":"","ocean_has_shortcode":"","ocean_shortcode_after_title":"","ocean_shortcode_before_footer_widgets":"","ocean_shortcode_after_footer_widgets":"","ocean_shortcode_before_footer_bottom":"","ocean_shortcode_after_footer_bottom":"","ocean_display_top_bar":"default","ocean_display_header":"default","ocean_header_style":"","ocean_center_header_left_menu":"0","ocean_custom_header_template":"0","ocean_custom_logo":0,"ocean_custom_retina_logo":0,"ocean_custom_logo_max_width":0,"ocean_custom_logo_tablet_max_width":0,"ocean_custom_logo_mobile_max_width":0,"ocean_custom_logo_max_height":0,"ocean_custom_logo_tablet_max_height":0,"ocean_custom_logo_mobile_max_height":0,"ocean_header_custom_menu":"0","ocean_menu_typo_font_family":"0","ocean_menu_typo_font_subset":"","ocean_menu_typo_font_size":0,"ocean_menu_typo_font_size_tablet":0,"ocean_menu_typo_font_size_mobile":0,"ocean_menu_typo_font_size_unit":"px","ocean_menu_typo_font_weight":"","ocean_menu_typo_font_weight_tablet":"","ocean_menu_typo_font_weight_mobile":"","ocean_menu_typo_transform":"","ocean_menu_typo_transform_tablet":"","ocean_menu_typo_transform_mobile":"","ocean_menu_typo_line_height":0,"ocean_menu_typo_line_height_tablet":0,"ocean_menu_typo_line_height_mobile":0,"ocean_menu_typo_line_height_unit":"","ocean_menu_typo_spacing":0,"ocean_menu_typo_spacing_tablet":0,"ocean_menu_typo_spacing_mobile":0,"ocean_menu_typo_spacing_unit":"","ocean_menu_link_color":"","ocean_menu_link_color_hover":"","ocean_menu_link_color_active":"","ocean_menu_link_background":"","ocean_menu_link_hover_background":"","ocean_menu_link_active_background":"","ocean_menu_social_links_bg":"","ocean_menu_social_hover_links_bg":"","ocean_menu_social_links_color":"","ocean_menu_social_hover_links_color":"","ocean_disable_title":"default","ocean_disable_heading":"default","ocean_post_title":"","ocean_post_subheading":"","ocean_post_title_style":"","ocean_post_title_background_color":"","ocean_post_title_background":0,"ocean_post_title_bg_image_position":"","ocean_post_title_bg_image_attachment":"","ocean_post_title_bg_image_repeat":"","ocean_post_title_bg_image_size":"","ocean_post_title_height":0,"ocean_post_title_bg_overlay":0.5,"ocean_post_title_bg_overlay_color":"","ocean_disable_breadcrumbs":"default","ocean_breadcrumbs_color":"","ocean_breadcrumbs_separator_color":"","ocean_breadcrumbs_links_color":"","ocean_breadcrumbs_links_hover_color":"","ocean_display_footer_widgets":"default","ocean_display_footer_bottom":"default","ocean_custom_footer_template":"0","ofc_enable_fullscreen":"disable","ofc_fullscreen_speed":0,"ofc_fullscreen_nav":"enable","ofc_fullscreen_nav_pos":"right","ofc_fullscreen_nav_color":"","ofc_fullscreen_nav_tooltip_color":"","ofc_fullscreen_responsive":0},"product_brand":[],"product_cat":[1589],"product_tag":[],"class_list":{"0":"post-33852","1":"product","2":"type-product","3":"status-publish","4":"has-post-thumbnail","6":"product_cat-amazing-spider-man-700-stan-lee-todd-mcfarlane-4-weitere-artists","7":"product_shipping_class-versandklasse_a","9":"entry","10":"has-media","12":"first","13":"instock","14":"taxable","15":"shipping-taxable","16":"purchasable","17":"product-type-simple","18":"col","19":"span_1_of_4","20":"owp-content-center","21":"owp-thumbs-layout-horizontal","22":"owp-btn-normal","23":"owp-tabs-layout-horizontal"},"acf":[],"_links":{"self":[{"href":"https:\/\/memorabilia-germany.de\/de\/wp-json\/wp\/v2\/product\/33852","targetHints":{"allow":["GET"]}}],"collection":[{"href":"https:\/\/memorabilia-germany.de\/de\/wp-json\/wp\/v2\/product"}],"about":[{"href":"https:\/\/memorabilia-germany.de\/de\/wp-json\/wp\/v2\/types\/product"}],"version-history":[{"count":0,"href":"https:\/\/memorabilia-germany.de\/de\/wp-json\/wp\/v2\/product\/33852\/revisions"}],"wp:featuredmedia":[{"embeddable":true,"href":"https:\/\/memorabilia-germany.de\/de\/wp-json\/wp\/v2\/media\/33828"}],"wp:attachment":[{"href":"https:\/\/memorabilia-germany.de\/de\/wp-json\/wp\/v2\/media?parent=33852"}],"wp:term":[{"taxonomy":"product_brand","embeddable":true,"href":"https:\/\/memorabilia-germany.de\/de\/wp-json\/wp\/v2\/product_brand?post=33852"},{"taxonomy":"product_cat","embeddable":true,"href":"https:\/\/memorabilia-germany.de\/de\/wp-json\/wp\/v2\/product_cat?post=33852"},{"taxonomy":"product_tag","embeddable":true,"href":"https:\/\/memorabilia-germany.de\/de\/wp-json\/wp\/v2\/product_tag?post=33852"}],"curies":[{"name":"wp","href":"https:\/\/api.w.org\/{rel}","templated":true}]}}