{"id":33759,"date":"2023-10-31T16:50:05","date_gmt":"2023-10-31T15:50:05","guid":{"rendered":"https:\/\/memorabilia-germany.de\/?post_type=product&#038;p=33759"},"modified":"2025-01-24T14:52:37","modified_gmt":"2025-01-24T13:52:37","slug":"king-in-black-3-kirkham-variant-cover-ryan-stegman-tyler-kirkham-donny-cates","status":"publish","type":"product","link":"https:\/\/memorabilia-germany.de\/de\/produkt\/king-in-black-3-kirkham-variant-cover-ryan-stegman-tyler-kirkham-donny-cates\/","title":{"rendered":"KING IN BLACK # 3 &#8211; Kirkham Variant Cover (Ryan Stegman + Tyler Kirkham + Donny Cates)"},"content":{"rendered":"","protected":false},"excerpt":{"rendered":"<p><strong>Signiertes und gegradetes Comic Buch aus der \u201eCGC Signature Series\u201c. Autogramme der Comic Artists Ryan Stegman, Tyler Kirkham und Donny Cates auf dem Cover. Alle Signaturen auf den CGC Comics dieser Serie wurden in Anwesenheit eines CGC Experten abgegeben und bezeugt. Weitere Infos siehe unten.<\/strong><\/p>\n<ul style=\"list-style-type: square;\">\n<li>Marke der Grading Company: Certified Guaranty Company (CGC)<\/li>\n<li>Titel: King in Black #3 (Tyler Kirkham Variant Cover)<\/li>\n<li>Publisher: MARVEL Comics<\/li>\n<li>Erscheinungsjahr: 2021<\/li>\n<li>Grading Note: 9.8<\/li>\n<li>Signatur: Ryan Stegman + Tyler Kirkham + Donny Cates, roter und silberner Farbstift<\/li>\n<li>Datum der Signatur: 12.02.2022 (Stegman), 19.02.2022 (Kirkham) und 22.02.2022 (Cates)<\/li>\n<li>Artist Info: Ryan Stegman ist Comiczeichner und Writer. Ber\u00fchmt wurde er f\u00fcr seine Arbeiten f\u00fcr MARVEL Comics. Seine Werke umfassen die ber\u00fchmtesten MARVEL Titel wie Spiderman, Hulk, Fantastic Four, Wolverine, X-Men oder Absolute Carnage. Mit einem Spiderman-Titel gewann Stegman 2013 den Diamond Gem Award f\u00fcr das Comic Buch des Jahres.<\/li>\n<li>Artist Info: Tyler Kirkham gilt als Senkrechtstarter in der Comic-Szene. In j\u00fcngeren Jahren bewarb er sich hartn\u00e4ckig bei verschiedenen gro\u00dfen Publishern. Aufgrund von gefeierten Indie-Projekten gelang es ihm dann bei Top Cow engagiert zu werden, wo er schnell f\u00fcr bekannte Titel wie Tomb Raider oder Witchblade eingesetzt wurde. Danach kamen schnell die ganz gro\u00dfen Adressen. F\u00fcr MARVEL arbeitete er an Titeln wie Spiderman, Fantastic Four oder X-Men und f\u00fcr DC Comics stehen Batman, Superman oder Justice League auf der Liste der bekannten Werke. <\/li>\n<li>Artist Info: Donny Cates ist Comiczeichner, Writer und Podcaster. Vor allem f\u00fcr seine Werke f\u00fcr MARVEL Comics und Dark Horse wird Cates in der Comic-Szene gefeiert. Seine Arbeiten umfassen Titel wie Captain America, Doctor Strange, Hulk, Venom, Guardians of the Galaxy oder Absolute Carnage. Zudem war Cates f\u00fcr IDW an einigen Star Trek Ver\u00f6ffentlichungen beteiligt. Zusammen mit Ryan Stegman betreibt Cates das erfolgreiche Internet Portal \u201eKLC Press\u201c, das sich mit der Comicwelt besch\u00e4ftigt und Podcasts anbietet.<\/li>\n<\/ul>\n<p>Mehr CGC Comics findest du <strong><a href=\"https:\/\/memorabilia-germany.de\/de\/cgc-comics\/\">hier<\/a><\/strong>.<\/p>\n","protected":false},"featured_media":33741,"template":"","meta":{"_acf_changed":false,"ocean_post_layout":"","ocean_both_sidebars_style":"","ocean_both_sidebars_content_width":0,"ocean_both_sidebars_sidebars_width":0,"ocean_sidebar":"0","ocean_second_sidebar":"0","ocean_disable_margins":"enable","ocean_add_body_class":"","ocean_shortcode_before_top_bar":"","ocean_shortcode_after_top_bar":"","ocean_shortcode_before_header":"","ocean_shortcode_after_header":"","ocean_has_shortcode":"","ocean_shortcode_after_title":"","ocean_shortcode_before_footer_widgets":"","ocean_shortcode_after_footer_widgets":"","ocean_shortcode_before_footer_bottom":"","ocean_shortcode_after_footer_bottom":"","ocean_display_top_bar":"default","ocean_display_header":"default","ocean_header_style":"","ocean_center_header_left_menu":"0","ocean_custom_header_template":"0","ocean_custom_logo":0,"ocean_custom_retina_logo":0,"ocean_custom_logo_max_width":0,"ocean_custom_logo_tablet_max_width":0,"ocean_custom_logo_mobile_max_width":0,"ocean_custom_logo_max_height":0,"ocean_custom_logo_tablet_max_height":0,"ocean_custom_logo_mobile_max_height":0,"ocean_header_custom_menu":"0","ocean_menu_typo_font_family":"0","ocean_menu_typo_font_subset":"","ocean_menu_typo_font_size":0,"ocean_menu_typo_font_size_tablet":0,"ocean_menu_typo_font_size_mobile":0,"ocean_menu_typo_font_size_unit":"px","ocean_menu_typo_font_weight":"","ocean_menu_typo_font_weight_tablet":"","ocean_menu_typo_font_weight_mobile":"","ocean_menu_typo_transform":"","ocean_menu_typo_transform_tablet":"","ocean_menu_typo_transform_mobile":"","ocean_menu_typo_line_height":0,"ocean_menu_typo_line_height_tablet":0,"ocean_menu_typo_line_height_mobile":0,"ocean_menu_typo_line_height_unit":"","ocean_menu_typo_spacing":0,"ocean_menu_typo_spacing_tablet":0,"ocean_menu_typo_spacing_mobile":0,"ocean_menu_typo_spacing_unit":"","ocean_menu_link_color":"","ocean_menu_link_color_hover":"","ocean_menu_link_color_active":"","ocean_menu_link_background":"","ocean_menu_link_hover_background":"","ocean_menu_link_active_background":"","ocean_menu_social_links_bg":"","ocean_menu_social_hover_links_bg":"","ocean_menu_social_links_color":"","ocean_menu_social_hover_links_color":"","ocean_disable_title":"default","ocean_disable_heading":"default","ocean_post_title":"","ocean_post_subheading":"","ocean_post_title_style":"","ocean_post_title_background_color":"","ocean_post_title_background":0,"ocean_post_title_bg_image_position":"","ocean_post_title_bg_image_attachment":"","ocean_post_title_bg_image_repeat":"","ocean_post_title_bg_image_size":"","ocean_post_title_height":0,"ocean_post_title_bg_overlay":0.5,"ocean_post_title_bg_overlay_color":"","ocean_disable_breadcrumbs":"default","ocean_breadcrumbs_color":"","ocean_breadcrumbs_separator_color":"","ocean_breadcrumbs_links_color":"","ocean_breadcrumbs_links_hover_color":"","ocean_display_footer_widgets":"default","ocean_display_footer_bottom":"default","ocean_custom_footer_template":"0","ofc_enable_fullscreen":"disable","ofc_fullscreen_speed":0,"ofc_fullscreen_nav":"enable","ofc_fullscreen_nav_pos":"right","ofc_fullscreen_nav_color":"","ofc_fullscreen_nav_tooltip_color":"","ofc_fullscreen_responsive":0},"product_brand":[],"product_cat":[1583],"product_tag":[],"class_list":{"0":"post-33759","1":"product","2":"type-product","3":"status-publish","4":"has-post-thumbnail","6":"product_cat-king-in-black-3-kirkham-variant-cover-ryan-stegman-tyler-kirkham-donny-cates","7":"product_shipping_class-versandklasse_a","9":"entry","10":"has-media","12":"first","13":"instock","14":"taxable","15":"shipping-taxable","16":"purchasable","17":"product-type-simple","18":"col","19":"span_1_of_4","20":"owp-content-center","21":"owp-thumbs-layout-horizontal","22":"owp-btn-normal","23":"owp-tabs-layout-horizontal"},"acf":[],"_links":{"self":[{"href":"https:\/\/memorabilia-germany.de\/de\/wp-json\/wp\/v2\/product\/33759","targetHints":{"allow":["GET"]}}],"collection":[{"href":"https:\/\/memorabilia-germany.de\/de\/wp-json\/wp\/v2\/product"}],"about":[{"href":"https:\/\/memorabilia-germany.de\/de\/wp-json\/wp\/v2\/types\/product"}],"version-history":[{"count":0,"href":"https:\/\/memorabilia-germany.de\/de\/wp-json\/wp\/v2\/product\/33759\/revisions"}],"wp:featuredmedia":[{"embeddable":true,"href":"https:\/\/memorabilia-germany.de\/de\/wp-json\/wp\/v2\/media\/33741"}],"wp:attachment":[{"href":"https:\/\/memorabilia-germany.de\/de\/wp-json\/wp\/v2\/media?parent=33759"}],"wp:term":[{"taxonomy":"product_brand","embeddable":true,"href":"https:\/\/memorabilia-germany.de\/de\/wp-json\/wp\/v2\/product_brand?post=33759"},{"taxonomy":"product_cat","embeddable":true,"href":"https:\/\/memorabilia-germany.de\/de\/wp-json\/wp\/v2\/product_cat?post=33759"},{"taxonomy":"product_tag","embeddable":true,"href":"https:\/\/memorabilia-germany.de\/de\/wp-json\/wp\/v2\/product_tag?post=33759"}],"curies":[{"name":"wp","href":"https:\/\/api.w.org\/{rel}","templated":true}]}}