{"id":32510,"date":"2023-09-14T18:40:16","date_gmt":"2023-09-14T16:40:16","guid":{"rendered":"https:\/\/memorabilia-germany.de\/?post_type=product&#038;p=32510"},"modified":"2025-12-04T16:44:50","modified_gmt":"2025-12-04T15:44:50","slug":"1996-upper-deck-nba-basketball-cards-single-pack","status":"publish","type":"product","link":"https:\/\/memorabilia-germany.de\/de\/produkt\/1996-upper-deck-nba-basketball-cards-single-pack\/","title":{"rendered":"1996 Upper Deck NBA Basketball Cards,<\/br>Single Pack"},"content":{"rendered":"","protected":false},"excerpt":{"rendered":"<p><strong>Unge\u00f6ffnetes P\u00e4ckchen NBA Trading Cards, original aus dem Jahr 1996 mit einer Chance auf nummerierte Autograph Inserts und Kobe Bryant Rookie Cards. Die Saison 1996\/97 ist f\u00fcr ihren besonders starken Rookie-Jahrgang um Kobe Bryant und Allen Iverson bekannt und wurde gleichzeitig auch genutzt, um das 50. Jubil\u00e4ums der NBA zu feiern, auch wenn es sich bereits um die 51. Saison handelte. Legenden wie Michael Jordan, Karl Malone oder Grant Hill spielten in der Liga und die Chicago Bulls gewannen, wie zu dieser Zeit so oft, am Ende der Saison die NBA Finals gegen die Utah Jazz. Die Lakers signten Free Agent Shaquille O\u2019Neal, der zusammen mit Kobe in den n\u00e4chsten Jahren eines der genialsten NBA Duos aller Zeiten bildete. Kleine Randnotiz: Dennis Rodman wurde f\u00fcr 11 Spiele gesperrt, weil er einen Kameramann beim einem Spiel gegen die Timberwolves in Minnesota gerteten hatte. Weitere Infos siehe unten.<\/strong><\/p>\n<ul style=\"list-style-type: square;\">\n<li>Inhalt des P\u00e4ckchens: 12 Karten<\/li>\n<li>Erscheinungsjahr: 1996<\/li>\n<li>Marke: Upper Deck<\/li>\n<li>Land: USA<\/li>\n<li>Serie: Serie 2<\/li>\n<li>Das P\u00e4ckchen (\u201eSingle Pack\u201c) stammt aus einer durch Memorabilia Germany ge\u00f6ffneten \u201eHobby Box\u201c, die insgesamt 24 P\u00e4ckchen enth\u00e4lt. Alle P\u00e4ckchen sind trotz ihres Alters in einem makellosen Zustand.<\/li>\n<li>Kobe Bryant und Allen Iverson Rookie Cards!<\/li>\n<li>Autograph Inserts in dieser Serie!<\/li>\n<li>Finde Michael Jordan\u2019s Viewpoint Cards in dieser Serie!<\/li>\n<li>1996 Upper Deck Insert Cards:\n<ul style=\"list-style-type: circle;\">\n<li>Numbered Autograph Insert Cards<\/li>\n<li>Michael&#8217;s ViewPoint<\/li>\n<li>Rookie of the Year<\/li>\n<li>Smooth Grooves<\/li>\n<li>Rookie Exclusives<\/li>\n<li>Predictor<\/li>\n<\/ul>\n<\/li>\n<li>Finde originale Karten der NBA Legenden aus dem Jahr 1996 wie Michael Jordan, Kobe Bryant, Grant Hill, Shaq oder Karl Malone.<\/li>\n<li>Die Saison 1996\/97 ist f\u00fcr ihren besonders starken Rookie Jahrgang bekannt. Legenden wie Kobe Bryant oder Allen Iverson wurden gedraftet und pr\u00e4gten die NBA Geschichte in den kommenden Jahren.<\/li>\n<li>Die Serie enth\u00e4lt \u201eMeet the Stars\u201d Trivia Game Cards, wir denken allerdings nicht, dass Upper Deck noch 90er Jahre Termine f\u00fcr ein Meet and Greet rausr\u00fcckt, selbst wenn ihr alle Fragen richtig beantworten k\u00f6nnt.<\/li>\n<li>Background Infos 1996: Wissenschaftlern gelingt es, das ber\u00fchmte Schaf \u201eDolly\u201c zu klonen, Nintendo bringt die Spielekonsole \u201eNintendo 64\u201c auf den Markt und in den Kinos laufen Klassiker wie \u201eIndependence Day\u201c, \u201eScream\u201c oder \u201eMission:Impossible\u201c an. In den Charts laufen Lieder von Celine Dion, Coolio und Aaliyah. Unsere \u201eVintage\u201c Trading Cards sind ein Traum f\u00fcr jeden Nostalgiker und f\u00fcr jeden Sammler, da es sich nicht um Nachproduktionen der fr\u00fcheren Karten handelt, sondern alle P\u00e4ckchen original aus der Zeit entstammen, in der sie damals ver\u00f6ffentlicht wurden.<\/li>\n<\/ul>\n<p>Mehr Trading Cards von fr\u00fcher findest du <strong><a href=\"https:\/\/memorabilia-germany.de\/de\/trading-cards\">hier<\/a><\/strong>.<\/p>\n","protected":false},"featured_media":32496,"template":"","meta":{"_acf_changed":false,"ocean_post_layout":"","ocean_both_sidebars_style":"","ocean_both_sidebars_content_width":0,"ocean_both_sidebars_sidebars_width":0,"ocean_sidebar":"0","ocean_second_sidebar":"0","ocean_disable_margins":"enable","ocean_add_body_class":"","ocean_shortcode_before_top_bar":"","ocean_shortcode_after_top_bar":"","ocean_shortcode_before_header":"","ocean_shortcode_after_header":"","ocean_has_shortcode":"","ocean_shortcode_after_title":"","ocean_shortcode_before_footer_widgets":"","ocean_shortcode_after_footer_widgets":"","ocean_shortcode_before_footer_bottom":"","ocean_shortcode_after_footer_bottom":"","ocean_display_top_bar":"default","ocean_display_header":"default","ocean_header_style":"","ocean_center_header_left_menu":"0","ocean_custom_header_template":"0","ocean_custom_logo":0,"ocean_custom_retina_logo":0,"ocean_custom_logo_max_width":0,"ocean_custom_logo_tablet_max_width":0,"ocean_custom_logo_mobile_max_width":0,"ocean_custom_logo_max_height":0,"ocean_custom_logo_tablet_max_height":0,"ocean_custom_logo_mobile_max_height":0,"ocean_header_custom_menu":"0","ocean_menu_typo_font_family":"0","ocean_menu_typo_font_subset":"","ocean_menu_typo_font_size":0,"ocean_menu_typo_font_size_tablet":0,"ocean_menu_typo_font_size_mobile":0,"ocean_menu_typo_font_size_unit":"px","ocean_menu_typo_font_weight":"","ocean_menu_typo_font_weight_tablet":"","ocean_menu_typo_font_weight_mobile":"","ocean_menu_typo_transform":"","ocean_menu_typo_transform_tablet":"","ocean_menu_typo_transform_mobile":"","ocean_menu_typo_line_height":0,"ocean_menu_typo_line_height_tablet":0,"ocean_menu_typo_line_height_mobile":0,"ocean_menu_typo_line_height_unit":"","ocean_menu_typo_spacing":0,"ocean_menu_typo_spacing_tablet":0,"ocean_menu_typo_spacing_mobile":0,"ocean_menu_typo_spacing_unit":"","ocean_menu_link_color":"","ocean_menu_link_color_hover":"","ocean_menu_link_color_active":"","ocean_menu_link_background":"","ocean_menu_link_hover_background":"","ocean_menu_link_active_background":"","ocean_menu_social_links_bg":"","ocean_menu_social_hover_links_bg":"","ocean_menu_social_links_color":"","ocean_menu_social_hover_links_color":"","ocean_disable_title":"default","ocean_disable_heading":"default","ocean_post_title":"","ocean_post_subheading":"","ocean_post_title_style":"","ocean_post_title_background_color":"","ocean_post_title_background":0,"ocean_post_title_bg_image_position":"","ocean_post_title_bg_image_attachment":"","ocean_post_title_bg_image_repeat":"","ocean_post_title_bg_image_size":"","ocean_post_title_height":0,"ocean_post_title_bg_overlay":0.5,"ocean_post_title_bg_overlay_color":"","ocean_disable_breadcrumbs":"default","ocean_breadcrumbs_color":"","ocean_breadcrumbs_separator_color":"","ocean_breadcrumbs_links_color":"","ocean_breadcrumbs_links_hover_color":"","ocean_display_footer_widgets":"default","ocean_display_footer_bottom":"default","ocean_custom_footer_template":"0","ofc_enable_fullscreen":"disable","ofc_fullscreen_speed":0,"ofc_fullscreen_nav":"enable","ofc_fullscreen_nav_pos":"right","ofc_fullscreen_nav_color":"","ofc_fullscreen_nav_tooltip_color":"","ofc_fullscreen_responsive":0},"product_brand":[],"product_cat":[1510],"product_tag":[],"class_list":{"0":"post-32510","1":"product","2":"type-product","3":"status-publish","4":"has-post-thumbnail","6":"product_cat-1996-upper-deck-nba-basketball-cards-single-pack","7":"product_shipping_class-versandklasse_b","9":"entry","10":"has-media","12":"first","13":"outofstock","14":"taxable","15":"shipping-taxable","16":"purchasable","17":"product-type-simple","18":"col","19":"span_1_of_4","20":"owp-content-center","21":"owp-thumbs-layout-horizontal","22":"owp-btn-normal","23":"owp-tabs-layout-horizontal"},"acf":[],"_links":{"self":[{"href":"https:\/\/memorabilia-germany.de\/de\/wp-json\/wp\/v2\/product\/32510","targetHints":{"allow":["GET"]}}],"collection":[{"href":"https:\/\/memorabilia-germany.de\/de\/wp-json\/wp\/v2\/product"}],"about":[{"href":"https:\/\/memorabilia-germany.de\/de\/wp-json\/wp\/v2\/types\/product"}],"version-history":[{"count":0,"href":"https:\/\/memorabilia-germany.de\/de\/wp-json\/wp\/v2\/product\/32510\/revisions"}],"wp:featuredmedia":[{"embeddable":true,"href":"https:\/\/memorabilia-germany.de\/de\/wp-json\/wp\/v2\/media\/32496"}],"wp:attachment":[{"href":"https:\/\/memorabilia-germany.de\/de\/wp-json\/wp\/v2\/media?parent=32510"}],"wp:term":[{"taxonomy":"product_brand","embeddable":true,"href":"https:\/\/memorabilia-germany.de\/de\/wp-json\/wp\/v2\/product_brand?post=32510"},{"taxonomy":"product_cat","embeddable":true,"href":"https:\/\/memorabilia-germany.de\/de\/wp-json\/wp\/v2\/product_cat?post=32510"},{"taxonomy":"product_tag","embeddable":true,"href":"https:\/\/memorabilia-germany.de\/de\/wp-json\/wp\/v2\/product_tag?post=32510"}],"curies":[{"name":"wp","href":"https:\/\/api.w.org\/{rel}","templated":true}]}}