{"id":32491,"date":"2023-09-14T16:51:19","date_gmt":"2023-09-14T14:51:19","guid":{"rendered":"https:\/\/memorabilia-germany.de\/?post_type=product&#038;p=32491"},"modified":"2025-02-17T16:37:34","modified_gmt":"2025-02-17T15:37:34","slug":"1998-topps-stadium-club-nba-basketball-cards-xl-single-pack","status":"publish","type":"product","link":"https:\/\/memorabilia-germany.de\/de\/produkt\/1998-topps-stadium-club-nba-basketball-cards-xl-single-pack\/","title":{"rendered":"1998 topps Stadium Club NBA Basketball Cards,<\/br>XL Single Pack"},"content":{"rendered":"","protected":false},"excerpt":{"rendered":"<p><strong>Unge\u00f6ffnetes P\u00e4ckchen NBA Trading Cards, original aus dem Jahr 1998 mit einer Chance auf Kobe Bryant Autograph Cards. Legenden wie Kobe Bryant, Tim Duncan oder Karl Malone spielten in der NBA. W\u00e4hrend eins stattfindenden Lockouts verk\u00fcndete Michael Jordan zum zweiten Mal das Ende seiner aktiven Karriere, er sollte aber noch einmal f\u00fcr zwei weitere Seasons zu den Washington Wizards zur\u00fcckkehren. In den NBA Finals gewannen die San Antonio Spurs mit ihren \u201eTwin Towers\u201c Tim Duncan und David Robinson gegen die New York Knicks, die als erster und bis zum Jahr 2023 einziger Number 8 Seed gerade noch so die Playoffs erreichten und bis in die Finals durchdrangen. Weitere Infos siehe unten.<\/strong><\/p>\n<ul style=\"list-style-type: square;\">\n<li>Inhalt des P\u00e4ckchens: 15 Karten<\/li>\n<li>Erscheinungsjahr: 1998<\/li>\n<li>Marke: topps<\/li>\n<li>Land: USA<\/li>\n<li>Serie: 1<\/li>\n<li>Das P\u00e4ckchen (\u201eXL Single Pack\u201c) stammt aus einer durch Memorabilia Germany ge\u00f6ffneten \u201eHTA\/Jumbo Box\u201c, die insgesamt 12 P\u00e4ckchen enth\u00e4lt. Alle P\u00e4ckchen sind trotz ihres Alters in einem makellosen Zustand.<\/li>\n<li>Finde Kobe Bryant Co-Signer Autograph Cards in dieser Serie!<\/li>\n<li>Finde Dirk Nowitzki Rookie Cards in dieser Serie!<\/li>\n<li>Die Serie enth\u00e4lt Autograph und Memorabilia Cards sowie super seltene Printing Plates von 1998!<\/li>\n<li>Topps 1998 Stadium Club Inserts:\n<ul style=\"list-style-type: circle;\">\n<li>1998 topps Printing Plates<\/li>\n<li>Co-Signers: doppelt signiert<\/li>\n<li>One of a Kind: nummeriert und limitiert<\/li>\n<li>Stadium Club Chrome &#038; Refractors<\/li>\n<li>Luminous, Luminescent &#038; Illuminator Triumvirates<\/li>\n<li>Statliners<\/li>\n<li>Never Compromise<\/li>\n<li>1998 NBA Draft Picks<\/li>\n<\/ul>\n<\/li>\n<li>Finde originale Karten der NBA Legenden aus dem Jahr 1998 wie Kobe Bryant, Allen Iverson, Alonzo Mourning oder Karl Malone. Die Serie enth\u00e4lt zudem Rookie Cards sp\u00e4terer NBA Superstars aus dem NBA Draft von 1998, der Draft Class von Dirk Nowitzki.<\/li>\n<li>Background Infos 1998: In Japan kamen die ersten MP3-Player auf den Markt und im erst frisch verbreiteten Internet entstanden die ersten Blogs. Im US Fernsehen wurde die erste Episode von \u201eSex and the City\u201c ausgestrahlt, eine Ausstrahlung in Europa lies allerdings noch einige Zeit auf sich warten. Titanic gewann zahlreiche Oscars, in Deutschland fand Modern Talking wieder zusammen und Cher ver\u00f6ffentlichte ihr bekanntes Album \u201eBelieve\u201c. In Frankreich fand im Sommer die Fu\u00dfball WM statt, das eigentliche Fu\u00dfball Highlight des Jahres fand allerdings bereits im April statt. In Madrid kam es zum ber\u00fchmten Umfallen des Tores kurz vor Anpfiff des Champions League Halbfinal Spiels von Real gegen den BVB, was zu einer 70 min\u00fctigen Verz\u00f6gerung des Anpfiffs f\u00fchrte und Fernseh-Moderatoren s\u00e4mmtlicher L\u00e4nder ins Schwitzen brachte. Unsere \u201eVintage\u201c Trading Cards sind ein Traum f\u00fcr jeden Nostalgiker und f\u00fcr jeden Sammler, da es sich nicht um Nachproduktionen der fr\u00fcheren Karten handelt, sondern alle P\u00e4ckchen original aus der Zeit entstammen, in der sie damals ver\u00f6ffentlicht wurden.<\/li>\n<\/ul>\n<p>Mehr Trading Cards von fr\u00fcher findest du <strong><a href=\"https:\/\/memorabilia-germany.de\/de\/trading-cards\">hier<\/a><\/strong>.<\/p>\n","protected":false},"featured_media":32479,"template":"","meta":{"_acf_changed":false,"ocean_post_layout":"","ocean_both_sidebars_style":"","ocean_both_sidebars_content_width":0,"ocean_both_sidebars_sidebars_width":0,"ocean_sidebar":"0","ocean_second_sidebar":"0","ocean_disable_margins":"enable","ocean_add_body_class":"","ocean_shortcode_before_top_bar":"","ocean_shortcode_after_top_bar":"","ocean_shortcode_before_header":"","ocean_shortcode_after_header":"","ocean_has_shortcode":"","ocean_shortcode_after_title":"","ocean_shortcode_before_footer_widgets":"","ocean_shortcode_after_footer_widgets":"","ocean_shortcode_before_footer_bottom":"","ocean_shortcode_after_footer_bottom":"","ocean_display_top_bar":"default","ocean_display_header":"default","ocean_header_style":"","ocean_center_header_left_menu":"0","ocean_custom_header_template":"0","ocean_custom_logo":0,"ocean_custom_retina_logo":0,"ocean_custom_logo_max_width":0,"ocean_custom_logo_tablet_max_width":0,"ocean_custom_logo_mobile_max_width":0,"ocean_custom_logo_max_height":0,"ocean_custom_logo_tablet_max_height":0,"ocean_custom_logo_mobile_max_height":0,"ocean_header_custom_menu":"0","ocean_menu_typo_font_family":"0","ocean_menu_typo_font_subset":"","ocean_menu_typo_font_size":0,"ocean_menu_typo_font_size_tablet":0,"ocean_menu_typo_font_size_mobile":0,"ocean_menu_typo_font_size_unit":"px","ocean_menu_typo_font_weight":"","ocean_menu_typo_font_weight_tablet":"","ocean_menu_typo_font_weight_mobile":"","ocean_menu_typo_transform":"","ocean_menu_typo_transform_tablet":"","ocean_menu_typo_transform_mobile":"","ocean_menu_typo_line_height":0,"ocean_menu_typo_line_height_tablet":0,"ocean_menu_typo_line_height_mobile":0,"ocean_menu_typo_line_height_unit":"","ocean_menu_typo_spacing":0,"ocean_menu_typo_spacing_tablet":0,"ocean_menu_typo_spacing_mobile":0,"ocean_menu_typo_spacing_unit":"","ocean_menu_link_color":"","ocean_menu_link_color_hover":"","ocean_menu_link_color_active":"","ocean_menu_link_background":"","ocean_menu_link_hover_background":"","ocean_menu_link_active_background":"","ocean_menu_social_links_bg":"","ocean_menu_social_hover_links_bg":"","ocean_menu_social_links_color":"","ocean_menu_social_hover_links_color":"","ocean_disable_title":"default","ocean_disable_heading":"default","ocean_post_title":"","ocean_post_subheading":"","ocean_post_title_style":"","ocean_post_title_background_color":"","ocean_post_title_background":0,"ocean_post_title_bg_image_position":"","ocean_post_title_bg_image_attachment":"","ocean_post_title_bg_image_repeat":"","ocean_post_title_bg_image_size":"","ocean_post_title_height":0,"ocean_post_title_bg_overlay":0.5,"ocean_post_title_bg_overlay_color":"","ocean_disable_breadcrumbs":"default","ocean_breadcrumbs_color":"","ocean_breadcrumbs_separator_color":"","ocean_breadcrumbs_links_color":"","ocean_breadcrumbs_links_hover_color":"","ocean_display_footer_widgets":"default","ocean_display_footer_bottom":"default","ocean_custom_footer_template":"0","ofc_enable_fullscreen":"disable","ofc_fullscreen_speed":0,"ofc_fullscreen_nav":"enable","ofc_fullscreen_nav_pos":"right","ofc_fullscreen_nav_color":"","ofc_fullscreen_nav_tooltip_color":"","ofc_fullscreen_responsive":0},"product_brand":[],"product_cat":[1508],"product_tag":[],"class_list":{"0":"post-32491","1":"product","2":"type-product","3":"status-publish","4":"has-post-thumbnail","6":"product_cat-1998-topps-stadium-club-nba-basketball-cards-xl-single-pack","7":"product_shipping_class-versandklasse_b","9":"entry","10":"has-media","12":"first","13":"outofstock","14":"taxable","15":"shipping-taxable","16":"purchasable","17":"product-type-simple","18":"col","19":"span_1_of_4","20":"owp-content-center","21":"owp-thumbs-layout-horizontal","22":"owp-btn-normal","23":"owp-tabs-layout-horizontal"},"acf":[],"_links":{"self":[{"href":"https:\/\/memorabilia-germany.de\/de\/wp-json\/wp\/v2\/product\/32491","targetHints":{"allow":["GET"]}}],"collection":[{"href":"https:\/\/memorabilia-germany.de\/de\/wp-json\/wp\/v2\/product"}],"about":[{"href":"https:\/\/memorabilia-germany.de\/de\/wp-json\/wp\/v2\/types\/product"}],"version-history":[{"count":0,"href":"https:\/\/memorabilia-germany.de\/de\/wp-json\/wp\/v2\/product\/32491\/revisions"}],"wp:featuredmedia":[{"embeddable":true,"href":"https:\/\/memorabilia-germany.de\/de\/wp-json\/wp\/v2\/media\/32479"}],"wp:attachment":[{"href":"https:\/\/memorabilia-germany.de\/de\/wp-json\/wp\/v2\/media?parent=32491"}],"wp:term":[{"taxonomy":"product_brand","embeddable":true,"href":"https:\/\/memorabilia-germany.de\/de\/wp-json\/wp\/v2\/product_brand?post=32491"},{"taxonomy":"product_cat","embeddable":true,"href":"https:\/\/memorabilia-germany.de\/de\/wp-json\/wp\/v2\/product_cat?post=32491"},{"taxonomy":"product_tag","embeddable":true,"href":"https:\/\/memorabilia-germany.de\/de\/wp-json\/wp\/v2\/product_tag?post=32491"}],"curies":[{"name":"wp","href":"https:\/\/api.w.org\/{rel}","templated":true}]}}