{"id":31096,"date":"2023-06-21T19:30:46","date_gmt":"2023-06-21T17:30:46","guid":{"rendered":"https:\/\/memorabilia-germany.de\/?post_type=product&#038;p=31096"},"modified":"2024-09-09T13:50:27","modified_gmt":"2024-09-09T11:50:27","slug":"1995-nba-hoops-basketball-cards-wax-pack","status":"publish","type":"product","link":"https:\/\/memorabilia-germany.de\/de\/produkt\/1995-nba-hoops-basketball-cards-wax-pack\/","title":{"rendered":"1995 NBA HOOPS Basketball Cards,<\/br>Wax Pack"},"content":{"rendered":"","protected":false},"excerpt":{"rendered":"<p><strong>Unge\u00f6ffnetes P\u00e4ckchen NBA Trading Cards, original aus dem Jahr 1995 mit einer Chance auf seltene Grant Hill Tribute Cards. Die Saison 1995\/96 war die 50. Jubil\u00e4umsaison der NBA. Gefeiert wurde aufgrund des ersten NBA Lockouts der Geschichte allerdings erst ein Jahr sp\u00e4ter. Die Toronto Raptors und die Vancouver Grizzlies wurden als 28. und 29. Franchise neu in die Liga aufgenommen und bildeten die ersten kanadischen Teams der NBA seit der Aufl\u00f6sung der 1946\u201347 Toronto Huskies, die nur ein einziges Jahr am Spielbetrieb teilnahmen. Die Chicago Bulls beendeten die Regular Season und die Playoffs insgesamt mit 87\u201313 und stellten damit einen ewigen Combined Record auf, der erst von den 2015\/16 Golden State Warriors geschlagen werden sollte. \u00dcberfl\u00fcssig zu erw\u00e4hnen, dass die Bulls nat\u00fcrlich auch die NBA Finals gewannen. Ihr j\u00fcngstes Opfer waren die Seattle SuperSonics mit Gary Payton und Detlef Schrempf. Weitere Infos siehe unten.<\/strong><\/p>\n<ul style=\"list-style-type: square;\">\n<li>Inhalt des P\u00e4ckchens: 12 Karten<\/li>\n<li>Erscheinungsjahr: 1995<\/li>\n<li>Marke: NBA HOOPS<\/li>\n<li>Land: USA<\/li>\n<li>Serie: Serie 1<\/li>\n<li>Das P\u00e4ckchen (\u201eWax Pack\u201c) stammt aus einer durch Memorabilia Germany ge\u00f6ffneten \u201eHobby Box\u201c, die insgesamt 36 P\u00e4ckchen enth\u00e4lt. Alle P\u00e4ckchen sind trotz ihres Alters in einem makellosen Zustand.<\/li>\n<li>Seltene und wertvolle Grant Hill Tribute Cards in dieser Serie!<\/li>\n<li>Finde originale Karten der NBA Legenden aus dem Jahr 1995 wie Michael Jordan, Grant Hill, Charles Barkley oder David Robinson. Die Saison war die 50. Jubil\u00e4umssaison der NBA.<\/li>\n<li>Finde au\u00dferdem legend\u00e4re HOOPS Insert Cards aus Subsets wie \u201eNumber Crunchers\u201c, \u201eGrant Hill Slam Cards\u201c oder \u201eBlock Party\u201c!<\/li>\n<li>Finde NBA Hoops All-Time Rookie Team Insert Cards in dieser Serie! Die Rookie Class von 1995 umfasst Namen wie Kevin Garnett, Rasheed Wallace oder Damon Stoudamire.<\/li>\n<li>Background Infos 1995: In den Schulen auf der ganzen Welt liegen sich die Fans der Boy-Band Take That weinend in den Armen, weil Robbie Williams bekannt gibt, dass er die Gruppe verlassen wird. Die beliebteste Suchmaschine im f\u00fcr die meisten noch recht neuen Internet hei\u00dft \u201eAltavista\u201c und ebay.com wird gegr\u00fcndet. In den Kinos laufen Filme wie \u201eToy Story\u201c oder \u201eJumanji\u201c an und im Fernsehen boomt \u201eEmergency Room\u201c und \u201eFriends\u201c. Unsere \u201eVintage\u201c Trading Cards sind ein Traum f\u00fcr jeden Nostalgiker und f\u00fcr jeden Sammler, da es sich nicht um Nachproduktionen der fr\u00fcheren Karten handelt, sondern alle P\u00e4ckchen original aus der Zeit entstammen, in der sie damals ver\u00f6ffentlicht wurden.<\/li>\n<\/ul>\n<p>Mehr Trading Cards von fr\u00fcher findest du <strong><a href=\"https:\/\/memorabilia-germany.de\/de\/trading-cards\">hier<\/a><\/strong>.<\/p>\n","protected":false},"featured_media":31082,"template":"","meta":{"_acf_changed":false,"ocean_post_layout":"","ocean_both_sidebars_style":"","ocean_both_sidebars_content_width":0,"ocean_both_sidebars_sidebars_width":0,"ocean_sidebar":"0","ocean_second_sidebar":"0","ocean_disable_margins":"enable","ocean_add_body_class":"","ocean_shortcode_before_top_bar":"","ocean_shortcode_after_top_bar":"","ocean_shortcode_before_header":"","ocean_shortcode_after_header":"","ocean_has_shortcode":"","ocean_shortcode_after_title":"","ocean_shortcode_before_footer_widgets":"","ocean_shortcode_after_footer_widgets":"","ocean_shortcode_before_footer_bottom":"","ocean_shortcode_after_footer_bottom":"","ocean_display_top_bar":"default","ocean_display_header":"default","ocean_header_style":"","ocean_center_header_left_menu":"0","ocean_custom_header_template":"0","ocean_custom_logo":0,"ocean_custom_retina_logo":0,"ocean_custom_logo_max_width":0,"ocean_custom_logo_tablet_max_width":0,"ocean_custom_logo_mobile_max_width":0,"ocean_custom_logo_max_height":0,"ocean_custom_logo_tablet_max_height":0,"ocean_custom_logo_mobile_max_height":0,"ocean_header_custom_menu":"0","ocean_menu_typo_font_family":"0","ocean_menu_typo_font_subset":"","ocean_menu_typo_font_size":0,"ocean_menu_typo_font_size_tablet":0,"ocean_menu_typo_font_size_mobile":0,"ocean_menu_typo_font_size_unit":"px","ocean_menu_typo_font_weight":"","ocean_menu_typo_font_weight_tablet":"","ocean_menu_typo_font_weight_mobile":"","ocean_menu_typo_transform":"","ocean_menu_typo_transform_tablet":"","ocean_menu_typo_transform_mobile":"","ocean_menu_typo_line_height":0,"ocean_menu_typo_line_height_tablet":0,"ocean_menu_typo_line_height_mobile":0,"ocean_menu_typo_line_height_unit":"","ocean_menu_typo_spacing":0,"ocean_menu_typo_spacing_tablet":0,"ocean_menu_typo_spacing_mobile":0,"ocean_menu_typo_spacing_unit":"","ocean_menu_link_color":"","ocean_menu_link_color_hover":"","ocean_menu_link_color_active":"","ocean_menu_link_background":"","ocean_menu_link_hover_background":"","ocean_menu_link_active_background":"","ocean_menu_social_links_bg":"","ocean_menu_social_hover_links_bg":"","ocean_menu_social_links_color":"","ocean_menu_social_hover_links_color":"","ocean_disable_title":"default","ocean_disable_heading":"default","ocean_post_title":"","ocean_post_subheading":"","ocean_post_title_style":"","ocean_post_title_background_color":"","ocean_post_title_background":0,"ocean_post_title_bg_image_position":"","ocean_post_title_bg_image_attachment":"","ocean_post_title_bg_image_repeat":"","ocean_post_title_bg_image_size":"","ocean_post_title_height":0,"ocean_post_title_bg_overlay":0.5,"ocean_post_title_bg_overlay_color":"","ocean_disable_breadcrumbs":"default","ocean_breadcrumbs_color":"","ocean_breadcrumbs_separator_color":"","ocean_breadcrumbs_links_color":"","ocean_breadcrumbs_links_hover_color":"","ocean_display_footer_widgets":"default","ocean_display_footer_bottom":"default","ocean_custom_footer_template":"0","ofc_enable_fullscreen":"disable","ofc_fullscreen_speed":0,"ofc_fullscreen_nav":"enable","ofc_fullscreen_nav_pos":"right","ofc_fullscreen_nav_color":"","ofc_fullscreen_nav_tooltip_color":"","ofc_fullscreen_responsive":0},"product_brand":[],"product_cat":[1417,1418],"product_tag":[],"class_list":{"0":"post-31096","1":"product","2":"type-product","3":"status-publish","4":"has-post-thumbnail","6":"product_cat-1995-nba-hoops-basketball-cards","7":"product_cat-wax-pack","8":"product_shipping_class-versandklasse_b","10":"entry","11":"has-media","13":"first","14":"outofstock","15":"taxable","16":"shipping-taxable","17":"purchasable","18":"product-type-simple","19":"col","20":"span_1_of_4","21":"owp-content-center","22":"owp-thumbs-layout-horizontal","23":"owp-btn-normal","24":"owp-tabs-layout-horizontal"},"acf":[],"_links":{"self":[{"href":"https:\/\/memorabilia-germany.de\/de\/wp-json\/wp\/v2\/product\/31096","targetHints":{"allow":["GET"]}}],"collection":[{"href":"https:\/\/memorabilia-germany.de\/de\/wp-json\/wp\/v2\/product"}],"about":[{"href":"https:\/\/memorabilia-germany.de\/de\/wp-json\/wp\/v2\/types\/product"}],"version-history":[{"count":0,"href":"https:\/\/memorabilia-germany.de\/de\/wp-json\/wp\/v2\/product\/31096\/revisions"}],"wp:featuredmedia":[{"embeddable":true,"href":"https:\/\/memorabilia-germany.de\/de\/wp-json\/wp\/v2\/media\/31082"}],"wp:attachment":[{"href":"https:\/\/memorabilia-germany.de\/de\/wp-json\/wp\/v2\/media?parent=31096"}],"wp:term":[{"taxonomy":"product_brand","embeddable":true,"href":"https:\/\/memorabilia-germany.de\/de\/wp-json\/wp\/v2\/product_brand?post=31096"},{"taxonomy":"product_cat","embeddable":true,"href":"https:\/\/memorabilia-germany.de\/de\/wp-json\/wp\/v2\/product_cat?post=31096"},{"taxonomy":"product_tag","embeddable":true,"href":"https:\/\/memorabilia-germany.de\/de\/wp-json\/wp\/v2\/product_tag?post=31096"}],"curies":[{"name":"wp","href":"https:\/\/api.w.org\/{rel}","templated":true}]}}