{"id":30991,"date":"2023-06-21T14:35:29","date_gmt":"2023-06-21T12:35:29","guid":{"rendered":"https:\/\/memorabilia-germany.de\/?post_type=product&#038;p=30991"},"modified":"2024-08-16T12:02:23","modified_gmt":"2024-08-16T10:02:23","slug":"1997-nba-hoops-basketball-cardswax-pack","status":"publish","type":"product","link":"https:\/\/memorabilia-germany.de\/de\/produkt\/1997-nba-hoops-basketball-cardswax-pack\/","title":{"rendered":"1997 NBA HOOPS Basketball Cards,<br\/>Wax Pack"},"content":{"rendered":"","protected":false},"excerpt":{"rendered":"<p><strong>Unge\u00f6ffnetes P\u00e4ckchen NBA Trading Cards, original aus dem Jahr 1997 mit einer Chance auf original signierte Karten der Autographics Signature Series. Legenden wie Dennis Rodman, Shaquille O\u2018Neal oder Tim Duncan spielten in der NBA und die Chicago Bulls um Michael Jordan gewannen die dritten NBA Finals in Folge. Der Finals Sieg war zudem der sechste innerhalb von 8 Jahren. Am Ende der Saison verlie\u00df Michael Jordan die Bulls, was gleichzeitig das Ende der wohl legend\u00e4rsten NBA Dynasty aller Zeiten bedeutete. Weitere Infos siehe unten.<\/strong><\/p>\n<ul style=\"list-style-type: square;\">\n<li>Inhalt des P\u00e4ckchens: 10 Karten<\/li>\n<li>Erscheinungsjahr: 1997<\/li>\n<li>Marke: NBA HOOPS<\/li>\n<li>Land: USA<\/li>\n<li>Serie: Serie 1<\/li>\n<li>Das P\u00e4ckchen (\u201eWax Pack\u201c) stammt aus einer durch Memorabilia Germany ge\u00f6ffneten \u201eRetail Box\u201c, die insgesamt 22 P\u00e4ckchen enth\u00e4lt. Alle P\u00e4ckchen sind trotz ihres Alters in einem makellosen Zustand.<\/li>\n<li>Autographics Signature Series Cards von 1997 in dieser Serie!<\/li>\n<li>Finde originale Karten der NBA Legenden aus dem Jahr 1997 wie Michael Jordan, Dennis Rodman oder Shaquille O\u2019Neal.<\/li>\n<li>Retail Exclusive \u201eDish \u2018N\u2019 Swish\u201c Insert Cards in dieser Serie!<\/li>\n<li>Finde au\u00dferdem Insert Cards aus Subsets wie \u201eChill with Hill\u201c, \u201eHigh Voltage\u201c oder \u201eHOOPerstars\u201c!<\/li>\n<li>Die Serie enth\u00e4lt seltene Rookie Karten von sp\u00e4teren Superstars wie Tim Duncan, Keith Van Horn, Ron Mercer, Tracy McGrady oder Chauncey Billups.<\/li>\n<li>Background Infos 1997: Lady Di verliert bei einer Verfolgungsjagd mit Paparazzi in Paris ihr Leben, die Teletubbies steigen erstmals aus ihrer H\u00f6hle, die Briten geben ihre Verwaltung von Hong Kong auf und Filme wie \u201eTitanic\u201c oder \u201eMen in Black\u201c begeisterten das Kino-Publikum. Unsere \u201eVintage\u201c Trading Cards sind ein Traum f\u00fcr jeden Nostalgiker und f\u00fcr jeden Sammler, da es sich nicht um Nachproduktionen der fr\u00fcheren Karten handelt, sondern alle P\u00e4ckchen original aus der Zeit entstammen, in der sie damals ver\u00f6ffentlicht wurden.<\/li>\n<\/ul>\n<p>Mehr Trading Cards von fr\u00fcher findest du <strong><a href=\"https:\/\/memorabilia-germany.de\/de\/trading-cards\">hier<\/a><\/strong>.<\/p>\n","protected":false},"featured_media":30977,"template":"","meta":{"_acf_changed":false,"ocean_post_layout":"","ocean_both_sidebars_style":"","ocean_both_sidebars_content_width":0,"ocean_both_sidebars_sidebars_width":0,"ocean_sidebar":"0","ocean_second_sidebar":"0","ocean_disable_margins":"enable","ocean_add_body_class":"","ocean_shortcode_before_top_bar":"","ocean_shortcode_after_top_bar":"","ocean_shortcode_before_header":"","ocean_shortcode_after_header":"","ocean_has_shortcode":"","ocean_shortcode_after_title":"","ocean_shortcode_before_footer_widgets":"","ocean_shortcode_after_footer_widgets":"","ocean_shortcode_before_footer_bottom":"","ocean_shortcode_after_footer_bottom":"","ocean_display_top_bar":"default","ocean_display_header":"default","ocean_header_style":"","ocean_center_header_left_menu":"0","ocean_custom_header_template":"0","ocean_custom_logo":0,"ocean_custom_retina_logo":0,"ocean_custom_logo_max_width":0,"ocean_custom_logo_tablet_max_width":0,"ocean_custom_logo_mobile_max_width":0,"ocean_custom_logo_max_height":0,"ocean_custom_logo_tablet_max_height":0,"ocean_custom_logo_mobile_max_height":0,"ocean_header_custom_menu":"0","ocean_menu_typo_font_family":"0","ocean_menu_typo_font_subset":"","ocean_menu_typo_font_size":0,"ocean_menu_typo_font_size_tablet":0,"ocean_menu_typo_font_size_mobile":0,"ocean_menu_typo_font_size_unit":"px","ocean_menu_typo_font_weight":"","ocean_menu_typo_font_weight_tablet":"","ocean_menu_typo_font_weight_mobile":"","ocean_menu_typo_transform":"","ocean_menu_typo_transform_tablet":"","ocean_menu_typo_transform_mobile":"","ocean_menu_typo_line_height":0,"ocean_menu_typo_line_height_tablet":0,"ocean_menu_typo_line_height_mobile":0,"ocean_menu_typo_line_height_unit":"","ocean_menu_typo_spacing":0,"ocean_menu_typo_spacing_tablet":0,"ocean_menu_typo_spacing_mobile":0,"ocean_menu_typo_spacing_unit":"","ocean_menu_link_color":"","ocean_menu_link_color_hover":"","ocean_menu_link_color_active":"","ocean_menu_link_background":"","ocean_menu_link_hover_background":"","ocean_menu_link_active_background":"","ocean_menu_social_links_bg":"","ocean_menu_social_hover_links_bg":"","ocean_menu_social_links_color":"","ocean_menu_social_hover_links_color":"","ocean_disable_title":"default","ocean_disable_heading":"default","ocean_post_title":"","ocean_post_subheading":"","ocean_post_title_style":"","ocean_post_title_background_color":"","ocean_post_title_background":0,"ocean_post_title_bg_image_position":"","ocean_post_title_bg_image_attachment":"","ocean_post_title_bg_image_repeat":"","ocean_post_title_bg_image_size":"","ocean_post_title_height":0,"ocean_post_title_bg_overlay":0.5,"ocean_post_title_bg_overlay_color":"","ocean_disable_breadcrumbs":"default","ocean_breadcrumbs_color":"","ocean_breadcrumbs_separator_color":"","ocean_breadcrumbs_links_color":"","ocean_breadcrumbs_links_hover_color":"","ocean_display_footer_widgets":"default","ocean_display_footer_bottom":"default","ocean_custom_footer_template":"0","ofc_enable_fullscreen":"disable","ofc_fullscreen_speed":0,"ofc_fullscreen_nav":"enable","ofc_fullscreen_nav_pos":"right","ofc_fullscreen_nav_color":"","ofc_fullscreen_nav_tooltip_color":"","ofc_fullscreen_responsive":0},"product_brand":[],"product_cat":[1407],"product_tag":[],"class_list":{"0":"post-30991","1":"product","2":"type-product","3":"status-publish","4":"has-post-thumbnail","6":"product_cat-1997-nba-hoops-basketball-cards-wax-pack","7":"product_shipping_class-versandklasse_b","9":"entry","10":"has-media","12":"first","13":"outofstock","14":"taxable","15":"shipping-taxable","16":"purchasable","17":"product-type-simple","18":"col","19":"span_1_of_4","20":"owp-content-center","21":"owp-thumbs-layout-horizontal","22":"owp-btn-normal","23":"owp-tabs-layout-horizontal"},"acf":[],"_links":{"self":[{"href":"https:\/\/memorabilia-germany.de\/de\/wp-json\/wp\/v2\/product\/30991","targetHints":{"allow":["GET"]}}],"collection":[{"href":"https:\/\/memorabilia-germany.de\/de\/wp-json\/wp\/v2\/product"}],"about":[{"href":"https:\/\/memorabilia-germany.de\/de\/wp-json\/wp\/v2\/types\/product"}],"version-history":[{"count":0,"href":"https:\/\/memorabilia-germany.de\/de\/wp-json\/wp\/v2\/product\/30991\/revisions"}],"wp:featuredmedia":[{"embeddable":true,"href":"https:\/\/memorabilia-germany.de\/de\/wp-json\/wp\/v2\/media\/30977"}],"wp:attachment":[{"href":"https:\/\/memorabilia-germany.de\/de\/wp-json\/wp\/v2\/media?parent=30991"}],"wp:term":[{"taxonomy":"product_brand","embeddable":true,"href":"https:\/\/memorabilia-germany.de\/de\/wp-json\/wp\/v2\/product_brand?post=30991"},{"taxonomy":"product_cat","embeddable":true,"href":"https:\/\/memorabilia-germany.de\/de\/wp-json\/wp\/v2\/product_cat?post=30991"},{"taxonomy":"product_tag","embeddable":true,"href":"https:\/\/memorabilia-germany.de\/de\/wp-json\/wp\/v2\/product_tag?post=30991"}],"curies":[{"name":"wp","href":"https:\/\/api.w.org\/{rel}","templated":true}]}}