{"id":29428,"date":"2023-05-23T17:13:30","date_gmt":"2023-05-23T15:13:30","guid":{"rendered":"https:\/\/memorabilia-germany.de\/?post_type=product&#038;p=29428"},"modified":"2025-07-10T09:58:36","modified_gmt":"2025-07-10T07:58:36","slug":"superman-unchained-2-alex-sinclair","status":"publish","type":"product","link":"https:\/\/memorabilia-germany.de\/de\/produkt\/superman-unchained-2-alex-sinclair\/","title":{"rendered":"SUPERMAN UNCHAINED # 2 (Alex Sinclair)"},"content":{"rendered":"","protected":false},"excerpt":{"rendered":"<p><strong>Signiertes und gegradetes Comic Buch aus der \u201eCGC Signature Series\u201c. Autogramm von Comic Artist Alex Sinclair auf dem Cover. Alle Signaturen auf den CGC Comics dieser Serie wurden in Anwesenheit eines CGC Experten abgegeben und bezeugt. Weitere Infos siehe unten.<\/strong><\/p>\n<ul style=\"list-style-type: square;\">\n<li>Marke der Grading Company: Certified Guaranty Company (CGC)<\/li>\n<li>Titel: Superman Unchained #2<\/li>\n<li>Publisher: DC Comics<\/li>\n<li>Erscheinungsjahr: 2013<\/li>\n<li>Grading Note: 9.8<\/li>\n<li>Signatur: Alex Sinclair, goldener Farbstift<\/li>\n<li>Datum der Signatur: 24.07.2021<\/li>\n<li>Artist Info: Seit vielen Jahren arbeitet Alex Sinclair als Comic Colorist in der Comic Branche und wurde bereits mit mehreren Awards ausgezeichnet. Die meiste Zeit arbeitete er dabei, wie auch heute noch, f\u00fcr DC Comics und gestaltete bereits die bekanntesten Superhelden des DC Universe, wie Batman, Superman, Green Lantern oder Wonder Woman. Vor allem auch f\u00fcr seine gemeinsamen Werke mit DC Comics Pr\u00e4sident Jim Lee und Comic Inker Ikone Scott Williams, wie etwa f\u00fcr die Justice League erntete Sinclair internationale Anerkennung.<\/li>\n<\/ul>\n<p>Mehr CGC Comics findest du <strong><a href=\"https:\/\/memorabilia-germany.de\/de\/cgc-comics\/\">hier<\/a><\/strong>.<\/p>\n","protected":false},"featured_media":29416,"template":"","meta":{"_acf_changed":false,"ocean_post_layout":"","ocean_both_sidebars_style":"","ocean_both_sidebars_content_width":0,"ocean_both_sidebars_sidebars_width":0,"ocean_sidebar":"0","ocean_second_sidebar":"0","ocean_disable_margins":"enable","ocean_add_body_class":"","ocean_shortcode_before_top_bar":"","ocean_shortcode_after_top_bar":"","ocean_shortcode_before_header":"","ocean_shortcode_after_header":"","ocean_has_shortcode":"","ocean_shortcode_after_title":"","ocean_shortcode_before_footer_widgets":"","ocean_shortcode_after_footer_widgets":"","ocean_shortcode_before_footer_bottom":"","ocean_shortcode_after_footer_bottom":"","ocean_display_top_bar":"default","ocean_display_header":"default","ocean_header_style":"","ocean_center_header_left_menu":"0","ocean_custom_header_template":"0","ocean_custom_logo":0,"ocean_custom_retina_logo":0,"ocean_custom_logo_max_width":0,"ocean_custom_logo_tablet_max_width":0,"ocean_custom_logo_mobile_max_width":0,"ocean_custom_logo_max_height":0,"ocean_custom_logo_tablet_max_height":0,"ocean_custom_logo_mobile_max_height":0,"ocean_header_custom_menu":"0","ocean_menu_typo_font_family":"0","ocean_menu_typo_font_subset":"","ocean_menu_typo_font_size":0,"ocean_menu_typo_font_size_tablet":0,"ocean_menu_typo_font_size_mobile":0,"ocean_menu_typo_font_size_unit":"px","ocean_menu_typo_font_weight":"","ocean_menu_typo_font_weight_tablet":"","ocean_menu_typo_font_weight_mobile":"","ocean_menu_typo_transform":"","ocean_menu_typo_transform_tablet":"","ocean_menu_typo_transform_mobile":"","ocean_menu_typo_line_height":0,"ocean_menu_typo_line_height_tablet":0,"ocean_menu_typo_line_height_mobile":0,"ocean_menu_typo_line_height_unit":"","ocean_menu_typo_spacing":0,"ocean_menu_typo_spacing_tablet":0,"ocean_menu_typo_spacing_mobile":0,"ocean_menu_typo_spacing_unit":"","ocean_menu_link_color":"","ocean_menu_link_color_hover":"","ocean_menu_link_color_active":"","ocean_menu_link_background":"","ocean_menu_link_hover_background":"","ocean_menu_link_active_background":"","ocean_menu_social_links_bg":"","ocean_menu_social_hover_links_bg":"","ocean_menu_social_links_color":"","ocean_menu_social_hover_links_color":"","ocean_disable_title":"default","ocean_disable_heading":"default","ocean_post_title":"","ocean_post_subheading":"","ocean_post_title_style":"","ocean_post_title_background_color":"","ocean_post_title_background":0,"ocean_post_title_bg_image_position":"","ocean_post_title_bg_image_attachment":"","ocean_post_title_bg_image_repeat":"","ocean_post_title_bg_image_size":"","ocean_post_title_height":0,"ocean_post_title_bg_overlay":0.5,"ocean_post_title_bg_overlay_color":"","ocean_disable_breadcrumbs":"default","ocean_breadcrumbs_color":"","ocean_breadcrumbs_separator_color":"","ocean_breadcrumbs_links_color":"","ocean_breadcrumbs_links_hover_color":"","ocean_display_footer_widgets":"default","ocean_display_footer_bottom":"default","ocean_custom_footer_template":"0","ofc_enable_fullscreen":"disable","ofc_fullscreen_speed":0,"ofc_fullscreen_nav":"enable","ofc_fullscreen_nav_pos":"right","ofc_fullscreen_nav_color":"","ofc_fullscreen_nav_tooltip_color":"","ofc_fullscreen_responsive":0},"product_brand":[],"product_cat":[1294],"product_tag":[],"class_list":{"0":"post-29428","1":"product","2":"type-product","3":"status-publish","4":"has-post-thumbnail","6":"product_cat-superman-unchained-2-alex-sinclair","7":"product_shipping_class-versandklasse_a","9":"entry","10":"has-media","12":"first","13":"outofstock","14":"taxable","15":"shipping-taxable","16":"purchasable","17":"product-type-simple","18":"col","19":"span_1_of_4","20":"owp-content-center","21":"owp-thumbs-layout-horizontal","22":"owp-btn-normal","23":"owp-tabs-layout-horizontal"},"acf":[],"_links":{"self":[{"href":"https:\/\/memorabilia-germany.de\/de\/wp-json\/wp\/v2\/product\/29428","targetHints":{"allow":["GET"]}}],"collection":[{"href":"https:\/\/memorabilia-germany.de\/de\/wp-json\/wp\/v2\/product"}],"about":[{"href":"https:\/\/memorabilia-germany.de\/de\/wp-json\/wp\/v2\/types\/product"}],"version-history":[{"count":0,"href":"https:\/\/memorabilia-germany.de\/de\/wp-json\/wp\/v2\/product\/29428\/revisions"}],"wp:featuredmedia":[{"embeddable":true,"href":"https:\/\/memorabilia-germany.de\/de\/wp-json\/wp\/v2\/media\/29416"}],"wp:attachment":[{"href":"https:\/\/memorabilia-germany.de\/de\/wp-json\/wp\/v2\/media?parent=29428"}],"wp:term":[{"taxonomy":"product_brand","embeddable":true,"href":"https:\/\/memorabilia-germany.de\/de\/wp-json\/wp\/v2\/product_brand?post=29428"},{"taxonomy":"product_cat","embeddable":true,"href":"https:\/\/memorabilia-germany.de\/de\/wp-json\/wp\/v2\/product_cat?post=29428"},{"taxonomy":"product_tag","embeddable":true,"href":"https:\/\/memorabilia-germany.de\/de\/wp-json\/wp\/v2\/product_tag?post=29428"}],"curies":[{"name":"wp","href":"https:\/\/api.w.org\/{rel}","templated":true}]}}