{"id":25828,"date":"2023-01-17T15:45:13","date_gmt":"2023-01-17T14:45:13","guid":{"rendered":"https:\/\/memorabilia-germany.de\/?post_type=product&#038;p=25828"},"modified":"2025-08-08T15:24:37","modified_gmt":"2025-08-08T13:24:37","slug":"1982-topps-e-t-movie-photo-bubble-gum-cards","status":"publish","type":"product","link":"https:\/\/memorabilia-germany.de\/de\/produkt\/1982-topps-e-t-movie-photo-bubble-gum-cards\/","title":{"rendered":"1982 topps \u2013 E.T. Movie Photo Bubble Gum Cards"},"content":{"rendered":"","protected":false},"excerpt":{"rendered":"<p><strong>Versiegelte Trading Card Box, original aus dem Jahr 1982. \u201eE.T. zuhaus telefonieren\u201c! Thema dieser Trading Cards ist Steven Spielberg\u2019s Science Fiction Meisterwerk \u201eE.T. &#8211; Der Au\u00dferirdische\u201c mit Drew Barrymore und Henry Thomas in den Hauptrollen. Der kleine Elliott freundet sich mit einem Au\u00dferirdischen an, der auf der Erde gestrandet ist und hilft ihm, einen Weg nach Hause zu finden. Der Film erw\u00e4rmte die Herzen aller Kinog\u00e4nger und brach Anfang der 80er Jahre s\u00e4mtliche Zuschauerrekorde. Das Magazin Variety bezeichnete den Film als \u201ebesten Disney-Film, den Walt Disney nie gedreht hat\u201c. Sogar Star Wars wurde in der Besucherstatistik \u00fcberholt. Der Rekord bestand 11 Jahre lang, bis er 1993 von Jurassic Park gebrochen wurde. Diese Trading Card Box wurde von topps auf den Markt gebracht und ist offiziell von den Universal City Studios lizensiert. Weitere Infos siehe unten.<\/strong><\/p>\n<ul style=\"list-style-type: square;\">\n<li>Kategorie: Wax Box<\/li>\n<li>Inhalt der Box: 36 P\u00e4ckchen, 10 Karten + 1 Sticker + 1 Kaugummi pro P\u00e4ckchen<\/li>\n<li>Zustand: unge\u00f6ffnet und in Folie verschwei\u00dft<\/li>\n<li>Folie: Die Wax Box stammt aus einem \u201efactory sealed\u201c Case mit mehreren Wax Boxen und wurde von Memorabilia Germany unge\u00f6ffnet neu in Folie verschwei\u00dft, um die Karten zu sch\u00fctzen. Alle P\u00e4ckchen in der Wax Box sind ebenfalls unge\u00f6ffnet und original verschwei\u00dft.<\/li>\n<li>Erscheinungsjahr: 1982<\/li>\n<li>Marke: topps<\/li>\n<li>Land: USA<\/li>\n<li>Finde seltene Karten zum oscarpr\u00e4mierten Klassiker in dieser Serie. Die Karten zeigen die sch\u00f6nsten Momente des Abenteuers von E.T. auf der Erde und erinnern an die spannensten Momente, die 1982 in aller Munde waren.<\/li>\n<li>\u201eMysterious Glow!\u201c Karte, \u201eSpaceman at the Door!\u201d Karte und \u201eBicycle Chase!\u201d Karte in dieser Serie zu finden!<\/li>\n<li>Background Infos 1982: Der erste Commodore 64 wird verkauft, die Kultband ABBA gibt ihre Trennung bekannt, Grace Kelly stirbt bei einem Autounfall in Frankreich, Italien wird zum ersten Mal seit 1938 Fu\u00dfball-Weltmeister und Michael Jackson bringt das legend\u00e4re Album \u201eThriller\u201c auf den Markt. In den Kinos bricht \u201eE.T.\u201c alle Rekorde und das Lied \u201eEye of the Tiger\u201c von Survivor l\u00e4uft an jeder Ecke. Unsere \u201eVintage\u201c Trading Cards sind ein Traum f\u00fcr jeden Nostalgiker und f\u00fcr jeden Sammler, da es sich nicht um Nachproduktionen der fr\u00fcheren Karten handelt, sondern alle P\u00e4ckchen original aus der Zeit entstammen, in der sie damals ver\u00f6ffentlicht wurden.<\/li>\n<\/ul>\n<p>Mehr Trading Cards von fr\u00fcher findest du <strong><a href=\"https:\/\/memorabilia-germany.de\/de\/trading-cards\">hier<\/a><\/strong>.<\/p>\n","protected":false},"featured_media":25812,"template":"","meta":{"_acf_changed":false,"ocean_post_layout":"","ocean_both_sidebars_style":"","ocean_both_sidebars_content_width":0,"ocean_both_sidebars_sidebars_width":0,"ocean_sidebar":"0","ocean_second_sidebar":"0","ocean_disable_margins":"enable","ocean_add_body_class":"","ocean_shortcode_before_top_bar":"","ocean_shortcode_after_top_bar":"","ocean_shortcode_before_header":"","ocean_shortcode_after_header":"","ocean_has_shortcode":"","ocean_shortcode_after_title":"","ocean_shortcode_before_footer_widgets":"","ocean_shortcode_after_footer_widgets":"","ocean_shortcode_before_footer_bottom":"","ocean_shortcode_after_footer_bottom":"","ocean_display_top_bar":"default","ocean_display_header":"default","ocean_header_style":"","ocean_center_header_left_menu":"0","ocean_custom_header_template":"0","ocean_custom_logo":0,"ocean_custom_retina_logo":0,"ocean_custom_logo_max_width":0,"ocean_custom_logo_tablet_max_width":0,"ocean_custom_logo_mobile_max_width":0,"ocean_custom_logo_max_height":0,"ocean_custom_logo_tablet_max_height":0,"ocean_custom_logo_mobile_max_height":0,"ocean_header_custom_menu":"0","ocean_menu_typo_font_family":"0","ocean_menu_typo_font_subset":"","ocean_menu_typo_font_size":0,"ocean_menu_typo_font_size_tablet":0,"ocean_menu_typo_font_size_mobile":0,"ocean_menu_typo_font_size_unit":"px","ocean_menu_typo_font_weight":"","ocean_menu_typo_font_weight_tablet":"","ocean_menu_typo_font_weight_mobile":"","ocean_menu_typo_transform":"","ocean_menu_typo_transform_tablet":"","ocean_menu_typo_transform_mobile":"","ocean_menu_typo_line_height":0,"ocean_menu_typo_line_height_tablet":0,"ocean_menu_typo_line_height_mobile":0,"ocean_menu_typo_line_height_unit":"","ocean_menu_typo_spacing":0,"ocean_menu_typo_spacing_tablet":0,"ocean_menu_typo_spacing_mobile":0,"ocean_menu_typo_spacing_unit":"","ocean_menu_link_color":"","ocean_menu_link_color_hover":"","ocean_menu_link_color_active":"","ocean_menu_link_background":"","ocean_menu_link_hover_background":"","ocean_menu_link_active_background":"","ocean_menu_social_links_bg":"","ocean_menu_social_hover_links_bg":"","ocean_menu_social_links_color":"","ocean_menu_social_hover_links_color":"","ocean_disable_title":"default","ocean_disable_heading":"default","ocean_post_title":"","ocean_post_subheading":"","ocean_post_title_style":"","ocean_post_title_background_color":"","ocean_post_title_background":0,"ocean_post_title_bg_image_position":"","ocean_post_title_bg_image_attachment":"","ocean_post_title_bg_image_repeat":"","ocean_post_title_bg_image_size":"","ocean_post_title_height":0,"ocean_post_title_bg_overlay":0.5,"ocean_post_title_bg_overlay_color":"","ocean_disable_breadcrumbs":"default","ocean_breadcrumbs_color":"","ocean_breadcrumbs_separator_color":"","ocean_breadcrumbs_links_color":"","ocean_breadcrumbs_links_hover_color":"","ocean_display_footer_widgets":"default","ocean_display_footer_bottom":"default","ocean_custom_footer_template":"0","ofc_enable_fullscreen":"disable","ofc_fullscreen_speed":0,"ofc_fullscreen_nav":"enable","ofc_fullscreen_nav_pos":"right","ofc_fullscreen_nav_color":"","ofc_fullscreen_nav_tooltip_color":"","ofc_fullscreen_responsive":0},"product_brand":[],"product_cat":[1051],"product_tag":[],"class_list":{"0":"post-25828","1":"product","2":"type-product","3":"status-publish","4":"has-post-thumbnail","6":"product_cat-1982-topps-e-t-movie-photo-bubble-gum-cards","7":"product_shipping_class-versandklasse_a","9":"entry","10":"has-media","12":"first","13":"instock","14":"taxable","15":"shipping-taxable","16":"purchasable","17":"product-type-simple","18":"col","19":"span_1_of_4","20":"owp-content-center","21":"owp-thumbs-layout-horizontal","22":"owp-btn-normal","23":"owp-tabs-layout-horizontal"},"acf":[],"_links":{"self":[{"href":"https:\/\/memorabilia-germany.de\/de\/wp-json\/wp\/v2\/product\/25828","targetHints":{"allow":["GET"]}}],"collection":[{"href":"https:\/\/memorabilia-germany.de\/de\/wp-json\/wp\/v2\/product"}],"about":[{"href":"https:\/\/memorabilia-germany.de\/de\/wp-json\/wp\/v2\/types\/product"}],"version-history":[{"count":0,"href":"https:\/\/memorabilia-germany.de\/de\/wp-json\/wp\/v2\/product\/25828\/revisions"}],"wp:featuredmedia":[{"embeddable":true,"href":"https:\/\/memorabilia-germany.de\/de\/wp-json\/wp\/v2\/media\/25812"}],"wp:attachment":[{"href":"https:\/\/memorabilia-germany.de\/de\/wp-json\/wp\/v2\/media?parent=25828"}],"wp:term":[{"taxonomy":"product_brand","embeddable":true,"href":"https:\/\/memorabilia-germany.de\/de\/wp-json\/wp\/v2\/product_brand?post=25828"},{"taxonomy":"product_cat","embeddable":true,"href":"https:\/\/memorabilia-germany.de\/de\/wp-json\/wp\/v2\/product_cat?post=25828"},{"taxonomy":"product_tag","embeddable":true,"href":"https:\/\/memorabilia-germany.de\/de\/wp-json\/wp\/v2\/product_tag?post=25828"}],"curies":[{"name":"wp","href":"https:\/\/api.w.org\/{rel}","templated":true}]}}