{"id":25687,"date":"2023-01-16T15:39:54","date_gmt":"2023-01-16T14:39:54","guid":{"rendered":"https:\/\/memorabilia-germany.de\/?post_type=product&#038;p=25687"},"modified":"2024-06-25T17:43:24","modified_gmt":"2024-06-25T15:43:24","slug":"1986-donruss-mlb-all-stars-pop-up-puzzle-cards","status":"publish","type":"product","link":"https:\/\/memorabilia-germany.de\/de\/produkt\/1986-donruss-mlb-all-stars-pop-up-puzzle-cards\/","title":{"rendered":"1986 Donruss \u2013 MLB<\/br>All-Stars Pop-Up Puzzle &#038; Cards"},"content":{"rendered":"","protected":false},"excerpt":{"rendered":"<p><strong>Versiegelte MLB Trading Card Box, original aus dem Jahr 1986. Legenden wie Mike Schmidt, Reggie Jackson oder Will Clark spielten in der MLB und die New York Mets gewannen am Ende der Saison die World Series gegen die Boston Red Sox. In der Verl\u00e4ngerung des sechsten Spiels waren die Red Sox gleich zwei Mal nur einen Strike von der Meisterschaft entfernt, verloren die World Series aber doch noch \u00fcber 7 Spiele. Der Kult um den legend\u00e4ren Babe Ruth Fluch \u201eCurse of the Bambino\u201c schlug daraufhin erneut hohe Wellen. Seit dem Verkauf von Babe Ruth an die New York Yankees im Jahr 1920 konnten die Red Sox fast 90 Jahre lang keine Meisterschaft f\u00fcr sich entscheiden, obwohl sie vor dem Verkauf als erfolgreichstes Team der Majors galten. Der Fluch wurde erst 2004 durch den World Series Sieg gegen die Cardinals beendet. Diese Trading Card Box wurde von Donruss auf den Markt gebracht und ist offiziell von der MLB lizensiert. Weitere Infos siehe unten.<\/strong><\/p>\n<ul style=\"list-style-type: square;\">\n<li>Kategorie: Wax Box<\/li>\n<li>Inhalt der Box: 36 P\u00e4ckchen, 15 Karten + 1 Hank Aaron Puzzle-St\u00fcck pro P\u00e4ckchen<\/li>\n<li>Zustand: unge\u00f6ffnet und in Folie verschwei\u00dft<\/li>\n<li>Folie: Die Wax Box stammt aus einem \u201efactory sealed\u201c Case mit mehreren Wax Boxen und wurde von Memorabilia Germany unge\u00f6ffnet neu in Folie verschwei\u00dft, um die Karten zu sch\u00fctzen. Alle P\u00e4ckchen in der Wax Box sind ebenfalls unge\u00f6ffnet und original verschwei\u00dft.<\/li>\n<li>Erscheinungsjahr: 1986<\/li>\n<li>Marke: Donruss<\/li>\n<li>Land: USA<\/li>\n<li>Die Serie enth\u00e4lt seltene Diamond Kings Cards, die mit einem Artwork der Perez-Steele Gallery gestaltet sind!<\/li>\n<li>Finde Puzzle-St\u00fccke des Puzzles von MLB Legende \u201eHammerin\u2018\u201c Hank Aaron in jedem P\u00e4ckchen! Aaron war 25 Mal MLB All Star und galt als einer der gr\u00f6\u00dften Baseballspieler der 1950er und 60er Jahre.<\/li>\n<li>Finde originale Karten der MLB Legenden aus dem Jahr 1986. Die Serie enth\u00e4lt Karten legend\u00e4rer Spieler wie Mike Schmidt, Reggie Jackson oder Will Clark.<\/li>\n<li>Finde Rated Rookie Cards von Namen sp\u00e4terer MLB Stars wie Jose Canseco, Darren Daulton, Len Dykstra, Cecil Fielder, Andres Galarraga, Fred McGriff oder Paul O&#8217;Neill in dieser Serie!<\/li>\n<li>Background Infos 1986: Nintendo ver\u00f6ffentlicht das Kult-Videospiel \u201eLegend of Zelda\u201c und die Oprah Winfrey Show wird ins Leben gerufen. Im Kino erscheinen Filme wie \u201eTop Gun\u201c, \u201eAliens\u201c und \u201ePlatoon\u201c, w\u00e4hrend Cyndi Lauper, Bon Jovi und Genesis die Charts beherrschen. Unsere \u201eVintage\u201c Trading Cards sind ein Traum f\u00fcr jeden Nostalgiker und f\u00fcr jeden Sammler, da es sich nicht um Nachproduktionen der fr\u00fcheren Karten handelt, sondern alle P\u00e4ckchen original aus der Zeit entstammen, in der sie damals ver\u00f6ffentlicht wurden.<\/li>\n<\/ul>\n<p>Mehr Trading Cards von fr\u00fcher findest du <strong><a href=\"https:\/\/memorabilia-germany.de\/de\/trading-cards\">hier<\/a><\/strong>.<\/p>\n","protected":false},"featured_media":25671,"template":"","meta":{"_acf_changed":false,"ocean_post_layout":"","ocean_both_sidebars_style":"","ocean_both_sidebars_content_width":0,"ocean_both_sidebars_sidebars_width":0,"ocean_sidebar":"0","ocean_second_sidebar":"0","ocean_disable_margins":"enable","ocean_add_body_class":"","ocean_shortcode_before_top_bar":"","ocean_shortcode_after_top_bar":"","ocean_shortcode_before_header":"","ocean_shortcode_after_header":"","ocean_has_shortcode":"","ocean_shortcode_after_title":"","ocean_shortcode_before_footer_widgets":"","ocean_shortcode_after_footer_widgets":"","ocean_shortcode_before_footer_bottom":"","ocean_shortcode_after_footer_bottom":"","ocean_display_top_bar":"default","ocean_display_header":"default","ocean_header_style":"","ocean_center_header_left_menu":"0","ocean_custom_header_template":"0","ocean_custom_logo":0,"ocean_custom_retina_logo":0,"ocean_custom_logo_max_width":0,"ocean_custom_logo_tablet_max_width":0,"ocean_custom_logo_mobile_max_width":0,"ocean_custom_logo_max_height":0,"ocean_custom_logo_tablet_max_height":0,"ocean_custom_logo_mobile_max_height":0,"ocean_header_custom_menu":"0","ocean_menu_typo_font_family":"0","ocean_menu_typo_font_subset":"","ocean_menu_typo_font_size":0,"ocean_menu_typo_font_size_tablet":0,"ocean_menu_typo_font_size_mobile":0,"ocean_menu_typo_font_size_unit":"px","ocean_menu_typo_font_weight":"","ocean_menu_typo_font_weight_tablet":"","ocean_menu_typo_font_weight_mobile":"","ocean_menu_typo_transform":"","ocean_menu_typo_transform_tablet":"","ocean_menu_typo_transform_mobile":"","ocean_menu_typo_line_height":0,"ocean_menu_typo_line_height_tablet":0,"ocean_menu_typo_line_height_mobile":0,"ocean_menu_typo_line_height_unit":"","ocean_menu_typo_spacing":0,"ocean_menu_typo_spacing_tablet":0,"ocean_menu_typo_spacing_mobile":0,"ocean_menu_typo_spacing_unit":"","ocean_menu_link_color":"","ocean_menu_link_color_hover":"","ocean_menu_link_color_active":"","ocean_menu_link_background":"","ocean_menu_link_hover_background":"","ocean_menu_link_active_background":"","ocean_menu_social_links_bg":"","ocean_menu_social_hover_links_bg":"","ocean_menu_social_links_color":"","ocean_menu_social_hover_links_color":"","ocean_disable_title":"default","ocean_disable_heading":"default","ocean_post_title":"","ocean_post_subheading":"","ocean_post_title_style":"","ocean_post_title_background_color":"","ocean_post_title_background":0,"ocean_post_title_bg_image_position":"","ocean_post_title_bg_image_attachment":"","ocean_post_title_bg_image_repeat":"","ocean_post_title_bg_image_size":"","ocean_post_title_height":0,"ocean_post_title_bg_overlay":0.5,"ocean_post_title_bg_overlay_color":"","ocean_disable_breadcrumbs":"default","ocean_breadcrumbs_color":"","ocean_breadcrumbs_separator_color":"","ocean_breadcrumbs_links_color":"","ocean_breadcrumbs_links_hover_color":"","ocean_display_footer_widgets":"default","ocean_display_footer_bottom":"default","ocean_custom_footer_template":"0","ofc_enable_fullscreen":"disable","ofc_fullscreen_speed":0,"ofc_fullscreen_nav":"enable","ofc_fullscreen_nav_pos":"right","ofc_fullscreen_nav_color":"","ofc_fullscreen_nav_tooltip_color":"","ofc_fullscreen_responsive":0},"product_brand":[],"product_cat":[1041],"product_tag":[],"class_list":{"0":"post-25687","1":"product","2":"type-product","3":"status-publish","4":"has-post-thumbnail","6":"product_cat-1986-donruss-mlb-all-stars-pop-up-puzzle-cards","7":"product_shipping_class-versandklasse_a","9":"entry","10":"has-media","12":"first","13":"outofstock","14":"taxable","15":"shipping-taxable","16":"purchasable","17":"product-type-simple","18":"col","19":"span_1_of_4","20":"owp-content-center","21":"owp-thumbs-layout-horizontal","22":"owp-btn-normal","23":"owp-tabs-layout-horizontal"},"acf":[],"_links":{"self":[{"href":"https:\/\/memorabilia-germany.de\/de\/wp-json\/wp\/v2\/product\/25687","targetHints":{"allow":["GET"]}}],"collection":[{"href":"https:\/\/memorabilia-germany.de\/de\/wp-json\/wp\/v2\/product"}],"about":[{"href":"https:\/\/memorabilia-germany.de\/de\/wp-json\/wp\/v2\/types\/product"}],"version-history":[{"count":0,"href":"https:\/\/memorabilia-germany.de\/de\/wp-json\/wp\/v2\/product\/25687\/revisions"}],"wp:featuredmedia":[{"embeddable":true,"href":"https:\/\/memorabilia-germany.de\/de\/wp-json\/wp\/v2\/media\/25671"}],"wp:attachment":[{"href":"https:\/\/memorabilia-germany.de\/de\/wp-json\/wp\/v2\/media?parent=25687"}],"wp:term":[{"taxonomy":"product_brand","embeddable":true,"href":"https:\/\/memorabilia-germany.de\/de\/wp-json\/wp\/v2\/product_brand?post=25687"},{"taxonomy":"product_cat","embeddable":true,"href":"https:\/\/memorabilia-germany.de\/de\/wp-json\/wp\/v2\/product_cat?post=25687"},{"taxonomy":"product_tag","embeddable":true,"href":"https:\/\/memorabilia-germany.de\/de\/wp-json\/wp\/v2\/product_tag?post=25687"}],"curies":[{"name":"wp","href":"https:\/\/api.w.org\/{rel}","templated":true}]}}