{"id":25666,"date":"2023-01-16T15:19:00","date_gmt":"2023-01-16T14:19:00","guid":{"rendered":"https:\/\/memorabilia-germany.de\/?post_type=product&#038;p=25666"},"modified":"2026-04-03T14:33:50","modified_gmt":"2026-04-03T12:33:50","slug":"1981-topps-baseball-album-stickers","status":"publish","type":"product","link":"https:\/\/memorabilia-germany.de\/de\/produkt\/1981-topps-baseball-album-stickers\/","title":{"rendered":"1981 topps \u2013<\/br>Baseball Album Stickers"},"content":{"rendered":"","protected":false},"excerpt":{"rendered":"<p><strong>Versiegelte MLB Trading Sticker Box, original aus dem Jahr 1981. Legenden wie Reggie Jackson, Dusty Baker oder Mike Schmidt spielten in der MLB und die Los Angeles Dodgers gewannen am Ende der Saison ihre erste World Series seit 1965 gegen die New York Yankees. In der Liga starteten noch Teams mit heute nur noch bei Experten bekannten Namen wie \u201eCalifornia Angels\u201c oder \u201eMontreal Expos\u201c. Diese Trading Sticker Box wurde von Panini f\u00fcr topps auf den Markt gebracht und ist offiziell von der MLB lizensiert. Weitere Infos siehe unten.<\/strong><\/p>\n<ul style=\"list-style-type: square;\">\n<li>Kategorie: Dealer Box<\/li>\n<li>Inhalt der Box: 100 P\u00e4ckchen, 4 Sticker pro P\u00e4ckchen<\/li>\n<li>Zustand: unge\u00f6ffnet und mit \u201etopps Factory Seal\u201c versiegelt<\/li>\n<li>Folie: Die Dealer Box ist per Siegel-Sticker \u201efactory sealed\u201c und stammt aus einem \u201efactory sealed\u201c Case mit mehreren Dealer Boxen. Sie wurde von Memorabilia Germany in Folie verschwei\u00dft, um die Sticker zu sch\u00fctzen. Alle P\u00e4ckchen in der Dealer Box sind ebenfalls unge\u00f6ffnet und original verschwei\u00dft.<\/li>\n<li>Erscheinungsjahr: 1981<\/li>\n<li>Marke: topps (by Panini)<\/li>\n<li>Land: USA<\/li>\n<li>Finde 1981 Gold &amp; Silver Foil All Star Sticker!<\/li>\n<li>Finde originale Sticker der MLB Legenden aus dem Jahr 1981 wie Reggie Jackson, Dusty Baker oder Mike Schmidt.<\/li>\n<li>Die Edition zeigt die ersten Sticker des Genres, die f\u00fcr topps Anfang der 80er Jahre produziert wurden. Einige Sticker ehren die Pitching und Batting Leader der 1980er Saison!<\/li>\n<li>Background Infos 1981: Kanzler-Legende Helmut Schmidt ist Bundeskanzler von Westdeutschland, w\u00e4hrend der Amerikanische Pr\u00e4sident Jimmy Carter sein Amt an den Hollywood Schauspieler Ronald Reagan abgeben muss. Der Musik TV Sender MTV geht in den USA erstmals auf Sendung und in den Charts belegen Lieder von Barbra Streisand, Chaka Khan, Diana Ross oder Lionel Richie die Spitzenpositionen. Im Kino erscheinen Filme wie der erste \u201eIndiana Jones\u201c oder \u201eTanz der Teufel\u201c. Unsere \u201eVintage\u201c Trading Sticker sind ein Traum f\u00fcr jeden Nostalgiker und f\u00fcr jeden Sammler, da es sich nicht um Nachproduktionen der fr\u00fcheren Sticker handelt, sondern alle P\u00e4ckchen original aus der Zeit entstammen, in der sie damals ver\u00f6ffentlicht wurden.<\/li>\n<\/ul>\n<p>Mehr Trading Cards von fr\u00fcher findest du <strong><a href=\"https:\/\/memorabilia-germany.de\/de\/trading-cards\">hier<\/a><\/strong>.<\/p>\n","protected":false},"featured_media":25650,"template":"","meta":{"_acf_changed":false,"ocean_post_layout":"","ocean_both_sidebars_style":"","ocean_both_sidebars_content_width":0,"ocean_both_sidebars_sidebars_width":0,"ocean_sidebar":"0","ocean_second_sidebar":"0","ocean_disable_margins":"enable","ocean_add_body_class":"","ocean_shortcode_before_top_bar":"","ocean_shortcode_after_top_bar":"","ocean_shortcode_before_header":"","ocean_shortcode_after_header":"","ocean_has_shortcode":"","ocean_shortcode_after_title":"","ocean_shortcode_before_footer_widgets":"","ocean_shortcode_after_footer_widgets":"","ocean_shortcode_before_footer_bottom":"","ocean_shortcode_after_footer_bottom":"","ocean_display_top_bar":"default","ocean_display_header":"default","ocean_header_style":"","ocean_center_header_left_menu":"0","ocean_custom_header_template":"0","ocean_custom_logo":0,"ocean_custom_retina_logo":0,"ocean_custom_logo_max_width":0,"ocean_custom_logo_tablet_max_width":0,"ocean_custom_logo_mobile_max_width":0,"ocean_custom_logo_max_height":0,"ocean_custom_logo_tablet_max_height":0,"ocean_custom_logo_mobile_max_height":0,"ocean_header_custom_menu":"0","ocean_menu_typo_font_family":"0","ocean_menu_typo_font_subset":"","ocean_menu_typo_font_size":0,"ocean_menu_typo_font_size_tablet":0,"ocean_menu_typo_font_size_mobile":0,"ocean_menu_typo_font_size_unit":"px","ocean_menu_typo_font_weight":"","ocean_menu_typo_font_weight_tablet":"","ocean_menu_typo_font_weight_mobile":"","ocean_menu_typo_transform":"","ocean_menu_typo_transform_tablet":"","ocean_menu_typo_transform_mobile":"","ocean_menu_typo_line_height":0,"ocean_menu_typo_line_height_tablet":0,"ocean_menu_typo_line_height_mobile":0,"ocean_menu_typo_line_height_unit":"","ocean_menu_typo_spacing":0,"ocean_menu_typo_spacing_tablet":0,"ocean_menu_typo_spacing_mobile":0,"ocean_menu_typo_spacing_unit":"","ocean_menu_link_color":"","ocean_menu_link_color_hover":"","ocean_menu_link_color_active":"","ocean_menu_link_background":"","ocean_menu_link_hover_background":"","ocean_menu_link_active_background":"","ocean_menu_social_links_bg":"","ocean_menu_social_hover_links_bg":"","ocean_menu_social_links_color":"","ocean_menu_social_hover_links_color":"","ocean_disable_title":"default","ocean_disable_heading":"default","ocean_post_title":"","ocean_post_subheading":"","ocean_post_title_style":"","ocean_post_title_background_color":"","ocean_post_title_background":0,"ocean_post_title_bg_image_position":"","ocean_post_title_bg_image_attachment":"","ocean_post_title_bg_image_repeat":"","ocean_post_title_bg_image_size":"","ocean_post_title_height":0,"ocean_post_title_bg_overlay":0.5,"ocean_post_title_bg_overlay_color":"","ocean_disable_breadcrumbs":"default","ocean_breadcrumbs_color":"","ocean_breadcrumbs_separator_color":"","ocean_breadcrumbs_links_color":"","ocean_breadcrumbs_links_hover_color":"","ocean_display_footer_widgets":"default","ocean_display_footer_bottom":"default","ocean_custom_footer_template":"0","ofc_enable_fullscreen":"disable","ofc_fullscreen_speed":0,"ofc_fullscreen_nav":"enable","ofc_fullscreen_nav_pos":"right","ofc_fullscreen_nav_color":"","ofc_fullscreen_nav_tooltip_color":"","ofc_fullscreen_responsive":0},"product_brand":[],"product_cat":[1039],"product_tag":[],"class_list":{"0":"post-25666","1":"product","2":"type-product","3":"status-publish","4":"has-post-thumbnail","6":"product_cat-1981-topps-baseball-album-stickers","7":"product_shipping_class-versandklasse_a","9":"entry","10":"has-media","12":"first","13":"instock","14":"taxable","15":"shipping-taxable","16":"purchasable","17":"product-type-simple","18":"col","19":"span_1_of_4","20":"owp-content-center","21":"owp-thumbs-layout-horizontal","22":"owp-btn-normal","23":"owp-tabs-layout-horizontal"},"acf":[],"_links":{"self":[{"href":"https:\/\/memorabilia-germany.de\/de\/wp-json\/wp\/v2\/product\/25666","targetHints":{"allow":["GET"]}}],"collection":[{"href":"https:\/\/memorabilia-germany.de\/de\/wp-json\/wp\/v2\/product"}],"about":[{"href":"https:\/\/memorabilia-germany.de\/de\/wp-json\/wp\/v2\/types\/product"}],"version-history":[{"count":0,"href":"https:\/\/memorabilia-germany.de\/de\/wp-json\/wp\/v2\/product\/25666\/revisions"}],"wp:featuredmedia":[{"embeddable":true,"href":"https:\/\/memorabilia-germany.de\/de\/wp-json\/wp\/v2\/media\/25650"}],"wp:attachment":[{"href":"https:\/\/memorabilia-germany.de\/de\/wp-json\/wp\/v2\/media?parent=25666"}],"wp:term":[{"taxonomy":"product_brand","embeddable":true,"href":"https:\/\/memorabilia-germany.de\/de\/wp-json\/wp\/v2\/product_brand?post=25666"},{"taxonomy":"product_cat","embeddable":true,"href":"https:\/\/memorabilia-germany.de\/de\/wp-json\/wp\/v2\/product_cat?post=25666"},{"taxonomy":"product_tag","embeddable":true,"href":"https:\/\/memorabilia-germany.de\/de\/wp-json\/wp\/v2\/product_tag?post=25666"}],"curies":[{"name":"wp","href":"https:\/\/api.w.org\/{rel}","templated":true}]}}