{"id":25184,"date":"2023-01-12T18:16:09","date_gmt":"2023-01-12T17:16:09","guid":{"rendered":"https:\/\/memorabilia-germany.de\/?post_type=product&#038;p=25184"},"modified":"2024-10-07T18:25:51","modified_gmt":"2024-10-07T16:25:51","slug":"1994-upper-deck-baseball-cards","status":"publish","type":"product","link":"https:\/\/memorabilia-germany.de\/de\/produkt\/1994-upper-deck-baseball-cards\/","title":{"rendered":"1994 Upper Deck \u2013 Baseball Cards"},"content":{"rendered":"","protected":false},"excerpt":{"rendered":"<p><strong>Versiegelte MLB Trading Card Box, original aus dem Jahr 1994. Die Trading Cards stammen aus der kuriosen Saison, die aufgrund eines Spieler-Streiks niemals beendet wurde. Einen World Series Champion gab es zum ersten Mal seit 1904 nicht, als die damaligen New York Giants eine World Series gegen die Boston Americans verweigerten. Diese Trading Card Box wurde von Upper Deck auf den Markt gebracht und ist offiziell von der MLB lizensiert. Weitere Infos siehe unten.<\/strong><\/p>\n<ul style=\"list-style-type: square;\">\n<li>Kategorie: Hobby Box<\/li>\n<li>Inhalt der Box: 36 P\u00e4ckchen, 12 Karten pro P\u00e4ckchen<\/li>\n<li>Zustand: unge\u00f6ffnet und original in Folie verschwei\u00dft<\/li>\n<li>Folie: Factory sealed. Die Box ist in der original Folie des Herstellers verschwei\u00dft.<\/li>\n<li>Erscheinungsjahr: 1994<\/li>\n<li>Marke: Upper Deck<\/li>\n<li>Land: USA<\/li>\n<li>Serie: Serie 2<\/li>\n<li>Finde Michael Jordan Baseball Insert Cards in dieser Serie aus der Zeit, als die NBA Legende sich im Baseball versuchte!<\/li>\n<li>Edition: \u201eCentral Edition\u201c. Upper Deck bot 1994 verschiedene Boxen-Labels f\u00fcr die verschiedenen Landesteile des USA an. Diese Box wurde f\u00fcr die Central Region im Landesinneren der USA angeboten. Die beiden anderen Regionen waren West und East. Die Folge war der Unmut der Fans, weil der Unterschied in den verschiedenen Editionen auch die \u201eDiamond Collection\u201c sowie die \u201eSP Insert Cards\u201c betraf. Die hei\u00df begehrten Michael Jordan Insert Cards waren demnach nur in der Central Edition zu finden, w\u00e4hrend die Ost- und Westk\u00fcste leer ausging.<\/li>\n<li>Wertvolle 1994 Upper Deck Trade Insert Cards in dieser Serie zu finden!<\/li>\n<li>Finde au\u00dferdem \u201eSP Preview\u201c, \u201eElectric Diamond\u201d und \u201cBaseball Heroes\u201c Insert Cards in dieser Serie!<\/li>\n<li>Finde originale Karten der MLB Legenden aus dem Jahr 1994 wie Barry Bonds, Ken Griffey Jr. oder Mike Piazza. Zudem enth\u00e4lt die Serie Rookie Cards verschiedener sp\u00e4terer MLB Stars wie Billy Wagner und viele mehr!<\/li>\n<li>Die Serie enth\u00e4lt au\u00dferdem beliebte Upper Deck Subsets wie \u201eHome Field Advantage\u201c, \u201eClassic Alumni\u201c, \u201eDiamond Debut\u201c und \u201eTop Prospects\u201c.<\/li>\n<li>Background Infos 1994: Nelson Mandela wird Pr\u00e4sident S\u00fcdafrikas, Sony bringt in Japan die allererste PlayStation auf den Markt, Michael Schumacher wird erster deutscher Formel 1 Weltmeister und im Fernsehen l\u00e4uft die erste Folge von \u201eFriends\u201c. Unsere \u201eVintage\u201c Trading Cards sind ein Traum f\u00fcr jeden Nostalgiker und f\u00fcr jeden Sammler, da es sich nicht um Nachproduktionen der fr\u00fcheren Karten handelt, sondern alle P\u00e4ckchen original aus der Zeit entstammen, in der sie damals ver\u00f6ffentlicht wurden.<\/li>\n<\/ul>\n<p>Mehr Trading Cards von fr\u00fcher findest du <strong><a href=\"https:\/\/memorabilia-germany.de\/de\/trading-cards\">hier<\/a><\/strong>.<\/p>\n","protected":false},"featured_media":25168,"template":"","meta":{"_acf_changed":false,"ocean_post_layout":"","ocean_both_sidebars_style":"","ocean_both_sidebars_content_width":0,"ocean_both_sidebars_sidebars_width":0,"ocean_sidebar":"0","ocean_second_sidebar":"0","ocean_disable_margins":"enable","ocean_add_body_class":"","ocean_shortcode_before_top_bar":"","ocean_shortcode_after_top_bar":"","ocean_shortcode_before_header":"","ocean_shortcode_after_header":"","ocean_has_shortcode":"","ocean_shortcode_after_title":"","ocean_shortcode_before_footer_widgets":"","ocean_shortcode_after_footer_widgets":"","ocean_shortcode_before_footer_bottom":"","ocean_shortcode_after_footer_bottom":"","ocean_display_top_bar":"default","ocean_display_header":"default","ocean_header_style":"","ocean_center_header_left_menu":"0","ocean_custom_header_template":"0","ocean_custom_logo":0,"ocean_custom_retina_logo":0,"ocean_custom_logo_max_width":0,"ocean_custom_logo_tablet_max_width":0,"ocean_custom_logo_mobile_max_width":0,"ocean_custom_logo_max_height":0,"ocean_custom_logo_tablet_max_height":0,"ocean_custom_logo_mobile_max_height":0,"ocean_header_custom_menu":"0","ocean_menu_typo_font_family":"0","ocean_menu_typo_font_subset":"","ocean_menu_typo_font_size":0,"ocean_menu_typo_font_size_tablet":0,"ocean_menu_typo_font_size_mobile":0,"ocean_menu_typo_font_size_unit":"px","ocean_menu_typo_font_weight":"","ocean_menu_typo_font_weight_tablet":"","ocean_menu_typo_font_weight_mobile":"","ocean_menu_typo_transform":"","ocean_menu_typo_transform_tablet":"","ocean_menu_typo_transform_mobile":"","ocean_menu_typo_line_height":0,"ocean_menu_typo_line_height_tablet":0,"ocean_menu_typo_line_height_mobile":0,"ocean_menu_typo_line_height_unit":"","ocean_menu_typo_spacing":0,"ocean_menu_typo_spacing_tablet":0,"ocean_menu_typo_spacing_mobile":0,"ocean_menu_typo_spacing_unit":"","ocean_menu_link_color":"","ocean_menu_link_color_hover":"","ocean_menu_link_color_active":"","ocean_menu_link_background":"","ocean_menu_link_hover_background":"","ocean_menu_link_active_background":"","ocean_menu_social_links_bg":"","ocean_menu_social_hover_links_bg":"","ocean_menu_social_links_color":"","ocean_menu_social_hover_links_color":"","ocean_disable_title":"default","ocean_disable_heading":"default","ocean_post_title":"","ocean_post_subheading":"","ocean_post_title_style":"","ocean_post_title_background_color":"","ocean_post_title_background":0,"ocean_post_title_bg_image_position":"","ocean_post_title_bg_image_attachment":"","ocean_post_title_bg_image_repeat":"","ocean_post_title_bg_image_size":"","ocean_post_title_height":0,"ocean_post_title_bg_overlay":0.5,"ocean_post_title_bg_overlay_color":"","ocean_disable_breadcrumbs":"default","ocean_breadcrumbs_color":"","ocean_breadcrumbs_separator_color":"","ocean_breadcrumbs_links_color":"","ocean_breadcrumbs_links_hover_color":"","ocean_display_footer_widgets":"default","ocean_display_footer_bottom":"default","ocean_custom_footer_template":"0","ofc_enable_fullscreen":"disable","ofc_fullscreen_speed":0,"ofc_fullscreen_nav":"enable","ofc_fullscreen_nav_pos":"right","ofc_fullscreen_nav_color":"","ofc_fullscreen_nav_tooltip_color":"","ofc_fullscreen_responsive":0},"product_brand":[],"product_cat":[1002],"product_tag":[],"class_list":{"0":"post-25184","1":"product","2":"type-product","3":"status-publish","4":"has-post-thumbnail","6":"product_cat-1994-upper-deck-baseball-cards","7":"product_shipping_class-versandklasse_a","9":"entry","10":"has-media","12":"first","13":"outofstock","14":"taxable","15":"shipping-taxable","16":"purchasable","17":"product-type-simple","18":"col","19":"span_1_of_4","20":"owp-content-center","21":"owp-thumbs-layout-horizontal","22":"owp-btn-normal","23":"owp-tabs-layout-horizontal"},"acf":[],"_links":{"self":[{"href":"https:\/\/memorabilia-germany.de\/de\/wp-json\/wp\/v2\/product\/25184","targetHints":{"allow":["GET"]}}],"collection":[{"href":"https:\/\/memorabilia-germany.de\/de\/wp-json\/wp\/v2\/product"}],"about":[{"href":"https:\/\/memorabilia-germany.de\/de\/wp-json\/wp\/v2\/types\/product"}],"version-history":[{"count":0,"href":"https:\/\/memorabilia-germany.de\/de\/wp-json\/wp\/v2\/product\/25184\/revisions"}],"wp:featuredmedia":[{"embeddable":true,"href":"https:\/\/memorabilia-germany.de\/de\/wp-json\/wp\/v2\/media\/25168"}],"wp:attachment":[{"href":"https:\/\/memorabilia-germany.de\/de\/wp-json\/wp\/v2\/media?parent=25184"}],"wp:term":[{"taxonomy":"product_brand","embeddable":true,"href":"https:\/\/memorabilia-germany.de\/de\/wp-json\/wp\/v2\/product_brand?post=25184"},{"taxonomy":"product_cat","embeddable":true,"href":"https:\/\/memorabilia-germany.de\/de\/wp-json\/wp\/v2\/product_cat?post=25184"},{"taxonomy":"product_tag","embeddable":true,"href":"https:\/\/memorabilia-germany.de\/de\/wp-json\/wp\/v2\/product_tag?post=25184"}],"curies":[{"name":"wp","href":"https:\/\/api.w.org\/{rel}","templated":true}]}}