{"id":25119,"date":"2023-01-12T16:58:43","date_gmt":"2023-01-12T15:58:43","guid":{"rendered":"https:\/\/memorabilia-germany.de\/?post_type=product&#038;p=25119"},"modified":"2024-07-07T17:23:45","modified_gmt":"2024-07-07T15:23:45","slug":"1994-skybox-premium-basketball-cards","status":"publish","type":"product","link":"https:\/\/memorabilia-germany.de\/de\/produkt\/1994-skybox-premium-basketball-cards\/","title":{"rendered":"1994 Skybox &#8211; Premium Basketball Cards"},"content":{"rendered":"","protected":false},"excerpt":{"rendered":"<p><strong>Versiegelte NBA Trading Card Box, original aus dem Jahr 1994. Legenden wie David Robinson, Hakeem Olajuwon oder Michael Jordan spielten in der NBA und die Houston Rockets gewannen am Ende der Saison in den NBA Finals gegen die Orlando Magic. Die Rockets waren mit \u201eRanking Number 6\u201c das am niedrigsten gesetzte Team, dem es jemals gelang die Finals zu gewinnen. Zudem hatte die Saison von 1994 viele weitere erninnerungsw\u00fcrdige Momente. Die Celtics spielten ihr letztes Spiel im legend\u00e4ren \u201eBoston Garden\u201c, w\u00e4hrend die Bulls in das heute gut bekannte \u201eUnited Center\u201c umzogen. Sp\u00e4t in der Saison kehrte Michael Jordan zu den Bulls zur\u00fcck, nachdem er einen Ausflug in die Baseball-Welt gewagt hatte. Sein Statement: \u201eI\u2019m back\u201c \u2013 mehr Worte mussten nicht verloren werden. Da die Bulls die Nummer 23 bereits \u201eretired\u201c hatten, ging Jordan zun\u00e4chst mit der Nummer 45 auf dem Trikot auf den Platz, kehrte w\u00e4hrend der Playoffs dann aber doch zur\u00fcck zur Nummer 23. Diese Trading Card Box wurde von Skybox auf den Markt gebracht und ist offiziell von der NBA lizensiert. Weitere Infos siehe unten.<\/strong><\/p>\n<ul style=\"list-style-type: square;\">\n<li>Kategorie: Hobby Box<\/li>\n<li>Inhalt der Box: 36 P\u00e4ckchen, 12 Karten pro P\u00e4ckchen<\/li>\n<li>Zustand: unge\u00f6ffnet und original in Folie verschwei\u00dft<\/li>\n<li>Folie: Factory sealed. Die Box ist in der original Folie des Herstellers verschwei\u00dft.<\/li>\n<li>Erscheinungsjahr: 1994<\/li>\n<li>Marke: Skybox<\/li>\n<li>Land: USA<\/li>\n<li>Serie: Serie 2<\/li>\n<li>Finde eine seltene Grant Hill Gold &#8222;Stealth&#8220; Insert Card in dieser Serie!<\/li>\n<li>Manche Hobby Boxen enthalten eine seltene Hakeem Olajuwon Gold Foil Autograph Card!<\/li>\n<li>Die Serie enh\u00e4lt seltene \u201eSlammin&#8216; Universe\u201c, \u201eSkyTech Force\u201c, \u201eDraft Picks\u201c und \u201eRevolution\u201c Insert Cards.<\/li>\n<li>Finde originale Karten der NBA Legenden aus dem Jahr 1994 wie Michael Jordan, David Robinson, Shaquille O\u2019Neal oder Hakeem Olajuwon. Rookie Cards sp\u00e4terer NBA Superstars in dieser Serie umfassen Namen wie Grant Hill, Jason Kidd oder Glenn Robinson.<\/li>\n<li>Diese Serie enth\u00e4lt zudem legend\u00e4re Skybox Subsets wie \u201eNBA on NBC\u201c, \u201eDynamic Duals\u201c, \u201eUSA Basketball\u201c, \u201eChecklists\u201c, \u201eSkySlams\u201c, \u201eSkyShots\u201c, \u201eSkySwats\u201c oder \u201eSkyPilots\u201c.<\/li>\n<li>Background Infos 1994: Nelson Mandela wird Pr\u00e4sident S\u00fcdafrikas, Sony bringt in Japan die allererste PlayStation auf den Markt, Michael Schumacher wird erster deutscher Formel 1 Weltmeister und im Fernsehen l\u00e4uft die erste Folge von \u201eFriends\u201c. Unsere \u201eVintage\u201c Trading Cards sind ein Traum f\u00fcr jeden Nostalgiker und f\u00fcr jeden Sammler, da es sich nicht um Nachproduktionen der fr\u00fcheren Karten handelt, sondern alle P\u00e4ckchen original aus der Zeit entstammen, in der sie damals ver\u00f6ffentlicht wurden.<\/li>\n<\/ul>\n<p>Mehr Trading Cards von fr\u00fcher findest du <strong><a href=\"https:\/\/memorabilia-germany.de\/de\/trading-cards\">hier<\/a><\/strong>.<\/p>\n","protected":false},"featured_media":25103,"template":"","meta":{"_acf_changed":false,"ocean_post_layout":"","ocean_both_sidebars_style":"","ocean_both_sidebars_content_width":0,"ocean_both_sidebars_sidebars_width":0,"ocean_sidebar":"0","ocean_second_sidebar":"0","ocean_disable_margins":"enable","ocean_add_body_class":"","ocean_shortcode_before_top_bar":"","ocean_shortcode_after_top_bar":"","ocean_shortcode_before_header":"","ocean_shortcode_after_header":"","ocean_has_shortcode":"","ocean_shortcode_after_title":"","ocean_shortcode_before_footer_widgets":"","ocean_shortcode_after_footer_widgets":"","ocean_shortcode_before_footer_bottom":"","ocean_shortcode_after_footer_bottom":"","ocean_display_top_bar":"default","ocean_display_header":"default","ocean_header_style":"","ocean_center_header_left_menu":"0","ocean_custom_header_template":"0","ocean_custom_logo":0,"ocean_custom_retina_logo":0,"ocean_custom_logo_max_width":0,"ocean_custom_logo_tablet_max_width":0,"ocean_custom_logo_mobile_max_width":0,"ocean_custom_logo_max_height":0,"ocean_custom_logo_tablet_max_height":0,"ocean_custom_logo_mobile_max_height":0,"ocean_header_custom_menu":"0","ocean_menu_typo_font_family":"0","ocean_menu_typo_font_subset":"","ocean_menu_typo_font_size":0,"ocean_menu_typo_font_size_tablet":0,"ocean_menu_typo_font_size_mobile":0,"ocean_menu_typo_font_size_unit":"px","ocean_menu_typo_font_weight":"","ocean_menu_typo_font_weight_tablet":"","ocean_menu_typo_font_weight_mobile":"","ocean_menu_typo_transform":"","ocean_menu_typo_transform_tablet":"","ocean_menu_typo_transform_mobile":"","ocean_menu_typo_line_height":0,"ocean_menu_typo_line_height_tablet":0,"ocean_menu_typo_line_height_mobile":0,"ocean_menu_typo_line_height_unit":"","ocean_menu_typo_spacing":0,"ocean_menu_typo_spacing_tablet":0,"ocean_menu_typo_spacing_mobile":0,"ocean_menu_typo_spacing_unit":"","ocean_menu_link_color":"","ocean_menu_link_color_hover":"","ocean_menu_link_color_active":"","ocean_menu_link_background":"","ocean_menu_link_hover_background":"","ocean_menu_link_active_background":"","ocean_menu_social_links_bg":"","ocean_menu_social_hover_links_bg":"","ocean_menu_social_links_color":"","ocean_menu_social_hover_links_color":"","ocean_disable_title":"default","ocean_disable_heading":"default","ocean_post_title":"","ocean_post_subheading":"","ocean_post_title_style":"","ocean_post_title_background_color":"","ocean_post_title_background":0,"ocean_post_title_bg_image_position":"","ocean_post_title_bg_image_attachment":"","ocean_post_title_bg_image_repeat":"","ocean_post_title_bg_image_size":"","ocean_post_title_height":0,"ocean_post_title_bg_overlay":0.5,"ocean_post_title_bg_overlay_color":"","ocean_disable_breadcrumbs":"default","ocean_breadcrumbs_color":"","ocean_breadcrumbs_separator_color":"","ocean_breadcrumbs_links_color":"","ocean_breadcrumbs_links_hover_color":"","ocean_display_footer_widgets":"default","ocean_display_footer_bottom":"default","ocean_custom_footer_template":"0","ofc_enable_fullscreen":"disable","ofc_fullscreen_speed":0,"ofc_fullscreen_nav":"enable","ofc_fullscreen_nav_pos":"right","ofc_fullscreen_nav_color":"","ofc_fullscreen_nav_tooltip_color":"","ofc_fullscreen_responsive":0},"product_brand":[],"product_cat":[996],"product_tag":[],"class_list":{"0":"post-25119","1":"product","2":"type-product","3":"status-publish","4":"has-post-thumbnail","6":"product_cat-1994-skybox-premium-basketball-cards","7":"product_shipping_class-versandklasse_a","9":"entry","10":"has-media","12":"first","13":"outofstock","14":"taxable","15":"shipping-taxable","16":"purchasable","17":"product-type-simple","18":"col","19":"span_1_of_4","20":"owp-content-center","21":"owp-thumbs-layout-horizontal","22":"owp-btn-normal","23":"owp-tabs-layout-horizontal"},"acf":[],"_links":{"self":[{"href":"https:\/\/memorabilia-germany.de\/de\/wp-json\/wp\/v2\/product\/25119","targetHints":{"allow":["GET"]}}],"collection":[{"href":"https:\/\/memorabilia-germany.de\/de\/wp-json\/wp\/v2\/product"}],"about":[{"href":"https:\/\/memorabilia-germany.de\/de\/wp-json\/wp\/v2\/types\/product"}],"version-history":[{"count":0,"href":"https:\/\/memorabilia-germany.de\/de\/wp-json\/wp\/v2\/product\/25119\/revisions"}],"wp:featuredmedia":[{"embeddable":true,"href":"https:\/\/memorabilia-germany.de\/de\/wp-json\/wp\/v2\/media\/25103"}],"wp:attachment":[{"href":"https:\/\/memorabilia-germany.de\/de\/wp-json\/wp\/v2\/media?parent=25119"}],"wp:term":[{"taxonomy":"product_brand","embeddable":true,"href":"https:\/\/memorabilia-germany.de\/de\/wp-json\/wp\/v2\/product_brand?post=25119"},{"taxonomy":"product_cat","embeddable":true,"href":"https:\/\/memorabilia-germany.de\/de\/wp-json\/wp\/v2\/product_cat?post=25119"},{"taxonomy":"product_tag","embeddable":true,"href":"https:\/\/memorabilia-germany.de\/de\/wp-json\/wp\/v2\/product_tag?post=25119"}],"curies":[{"name":"wp","href":"https:\/\/api.w.org\/{rel}","templated":true}]}}