{"id":25090,"date":"2023-01-12T14:16:28","date_gmt":"2023-01-12T13:16:28","guid":{"rendered":"https:\/\/memorabilia-germany.de\/?post_type=product&#038;p=25090"},"modified":"2024-07-07T17:32:52","modified_gmt":"2024-07-07T15:32:52","slug":"1999-topps-nfl-football-cards","status":"publish","type":"product","link":"https:\/\/memorabilia-germany.de\/de\/produkt\/1999-topps-nfl-football-cards\/","title":{"rendered":"1999 topps &#8211; NFL Football Cards"},"content":{"rendered":"","protected":false},"excerpt":{"rendered":"<p><strong>Versiegelte NFL Trading Card Box, original aus dem Jahr 1999. Legenden wie Kurt Warner, Rod Woodson oder ein junger Peyton Manning spielten in der NFL und die St. Louis Rams besiegten die Tennessee Titans am Ende der Saison im Super Bowl XXXIV. Es war die erste offizielle Saison der Titans, nachdem sich das Franchise zu Beginn der Saison vom Namen \u201eOilers\u201c verabschiedet hatte. Diese Trading Card Box wurde von topps auf den Markt gebracht und ist offiziell von der NFL lizensiert. Weitere Infos siehe unten.<\/strong><\/p>\n<ul style=\"list-style-type: square;\">\n<li>Kategorie: Hobby Box<\/li>\n<li>Inhalt der Box: 36 P\u00e4ckchen, 11 Karten pro P\u00e4ckchen<\/li>\n<li>Zustand: unge\u00f6ffnet und original in Folie verschwei\u00dft<\/li>\n<li>Folie: Factory sealed. Die Box ist in der original Folie des Herstellers verschwei\u00dft.<\/li>\n<li>Erscheinungsjahr: 1999<\/li>\n<li>Marke: topps<\/li>\n<li>Land: USA<\/li>\n<li>Die Serie enth\u00e4lt Autograph Cards mit originalen Autogrammen verschiedener NFL Legenden, wie Randy Moss oder Ricky Williams!<\/li>\n<li>Finde seltene Mystery Chrome Insert Cards sowie Insert Cards aus Sets wie \u201e1999 NFL Draft Picks, \u201eRecord Numbers\u201c oder \u201eMystery Chrome Refractors\u201c.<\/li>\n<li>Finde originale Karten der NFL Legenden aus dem Jahr 1999 wie Kurt Warner, Rod Woodson oder Peyton Manning.<\/li>\n<li>Die Serie enth\u00e4lt Rookie Karten aus einer der besten Rookie Classes aller Zeiten! Die Karten umfassen erste Karten sp\u00e4terer Superstars wie Donovan McNabb, Ricky Williams, Daunte Culpepper, Jevon Kearse, Akili Smith, Edgerrin James, Kevin Johnson, Torry Holt, Tim Couch, David Boston oder Peerless Price!<\/li>\n<li>Background Infos 1999: Im letzten Jahr des 20. Jahrhunderts bereitet sich die Menschheit auf das Millenium vor. Ger\u00fcchte \u00fcber den Zusammenbruch von IT-Systemen und andere Szenarien machen die Runde, werden sich aber zum Jahreswechsel als falsch erweisen. Eishockey-Legende Wayne Gretzky beendet seine Karriere und gilt bis heute als bester NHL Spieler aller Zeiten. In den Kinos werden auch weiterhin Klassiker wie \u201eBlair Witch Project\u201c oder \u201eMatrix\u201c produziert und in den Charts sind Lieder von Britney Spears, den Backstreet Boys oder Destiny\u2019s Child zu finden. Unsere \u201eVintage\u201c Trading Cards sind ein Traum f\u00fcr jeden Nostalgiker und f\u00fcr jeden Sammler, da es sich nicht um Nachproduktionen der fr\u00fcheren Karten handelt, sondern alle P\u00e4ckchen original aus der Zeit entstammen, in der sie damals ver\u00f6ffentlicht wurden.<\/li>\n<\/ul>\n<p>Mehr Trading Cards von fr\u00fcher findest du <strong><a href=\"https:\/\/memorabilia-germany.de\/de\/trading-cards\">hier<\/a><\/strong>.<\/p>\n","protected":false},"featured_media":25069,"template":"","meta":{"_acf_changed":false,"ocean_post_layout":"","ocean_both_sidebars_style":"","ocean_both_sidebars_content_width":0,"ocean_both_sidebars_sidebars_width":0,"ocean_sidebar":"0","ocean_second_sidebar":"0","ocean_disable_margins":"enable","ocean_add_body_class":"","ocean_shortcode_before_top_bar":"","ocean_shortcode_after_top_bar":"","ocean_shortcode_before_header":"","ocean_shortcode_after_header":"","ocean_has_shortcode":"","ocean_shortcode_after_title":"","ocean_shortcode_before_footer_widgets":"","ocean_shortcode_after_footer_widgets":"","ocean_shortcode_before_footer_bottom":"","ocean_shortcode_after_footer_bottom":"","ocean_display_top_bar":"default","ocean_display_header":"default","ocean_header_style":"","ocean_center_header_left_menu":"0","ocean_custom_header_template":"0","ocean_custom_logo":0,"ocean_custom_retina_logo":0,"ocean_custom_logo_max_width":0,"ocean_custom_logo_tablet_max_width":0,"ocean_custom_logo_mobile_max_width":0,"ocean_custom_logo_max_height":0,"ocean_custom_logo_tablet_max_height":0,"ocean_custom_logo_mobile_max_height":0,"ocean_header_custom_menu":"0","ocean_menu_typo_font_family":"0","ocean_menu_typo_font_subset":"","ocean_menu_typo_font_size":0,"ocean_menu_typo_font_size_tablet":0,"ocean_menu_typo_font_size_mobile":0,"ocean_menu_typo_font_size_unit":"px","ocean_menu_typo_font_weight":"","ocean_menu_typo_font_weight_tablet":"","ocean_menu_typo_font_weight_mobile":"","ocean_menu_typo_transform":"","ocean_menu_typo_transform_tablet":"","ocean_menu_typo_transform_mobile":"","ocean_menu_typo_line_height":0,"ocean_menu_typo_line_height_tablet":0,"ocean_menu_typo_line_height_mobile":0,"ocean_menu_typo_line_height_unit":"","ocean_menu_typo_spacing":0,"ocean_menu_typo_spacing_tablet":0,"ocean_menu_typo_spacing_mobile":0,"ocean_menu_typo_spacing_unit":"","ocean_menu_link_color":"","ocean_menu_link_color_hover":"","ocean_menu_link_color_active":"","ocean_menu_link_background":"","ocean_menu_link_hover_background":"","ocean_menu_link_active_background":"","ocean_menu_social_links_bg":"","ocean_menu_social_hover_links_bg":"","ocean_menu_social_links_color":"","ocean_menu_social_hover_links_color":"","ocean_disable_title":"default","ocean_disable_heading":"default","ocean_post_title":"","ocean_post_subheading":"","ocean_post_title_style":"","ocean_post_title_background_color":"","ocean_post_title_background":0,"ocean_post_title_bg_image_position":"","ocean_post_title_bg_image_attachment":"","ocean_post_title_bg_image_repeat":"","ocean_post_title_bg_image_size":"","ocean_post_title_height":0,"ocean_post_title_bg_overlay":0.5,"ocean_post_title_bg_overlay_color":"","ocean_disable_breadcrumbs":"default","ocean_breadcrumbs_color":"","ocean_breadcrumbs_separator_color":"","ocean_breadcrumbs_links_color":"","ocean_breadcrumbs_links_hover_color":"","ocean_display_footer_widgets":"default","ocean_display_footer_bottom":"default","ocean_custom_footer_template":"0","ofc_enable_fullscreen":"disable","ofc_fullscreen_speed":0,"ofc_fullscreen_nav":"enable","ofc_fullscreen_nav_pos":"right","ofc_fullscreen_nav_color":"","ofc_fullscreen_nav_tooltip_color":"","ofc_fullscreen_responsive":0},"product_brand":[],"product_cat":[994],"product_tag":[],"class_list":{"0":"post-25090","1":"product","2":"type-product","3":"status-publish","4":"has-post-thumbnail","6":"product_cat-1999-topps-nfl-football-cards","7":"product_shipping_class-versandklasse_a","9":"entry","10":"has-media","12":"first","13":"outofstock","14":"taxable","15":"shipping-taxable","16":"purchasable","17":"product-type-simple","18":"col","19":"span_1_of_4","20":"owp-content-center","21":"owp-thumbs-layout-horizontal","22":"owp-btn-normal","23":"owp-tabs-layout-horizontal"},"acf":[],"_links":{"self":[{"href":"https:\/\/memorabilia-germany.de\/de\/wp-json\/wp\/v2\/product\/25090","targetHints":{"allow":["GET"]}}],"collection":[{"href":"https:\/\/memorabilia-germany.de\/de\/wp-json\/wp\/v2\/product"}],"about":[{"href":"https:\/\/memorabilia-germany.de\/de\/wp-json\/wp\/v2\/types\/product"}],"version-history":[{"count":0,"href":"https:\/\/memorabilia-germany.de\/de\/wp-json\/wp\/v2\/product\/25090\/revisions"}],"wp:featuredmedia":[{"embeddable":true,"href":"https:\/\/memorabilia-germany.de\/de\/wp-json\/wp\/v2\/media\/25069"}],"wp:attachment":[{"href":"https:\/\/memorabilia-germany.de\/de\/wp-json\/wp\/v2\/media?parent=25090"}],"wp:term":[{"taxonomy":"product_brand","embeddable":true,"href":"https:\/\/memorabilia-germany.de\/de\/wp-json\/wp\/v2\/product_brand?post=25090"},{"taxonomy":"product_cat","embeddable":true,"href":"https:\/\/memorabilia-germany.de\/de\/wp-json\/wp\/v2\/product_cat?post=25090"},{"taxonomy":"product_tag","embeddable":true,"href":"https:\/\/memorabilia-germany.de\/de\/wp-json\/wp\/v2\/product_tag?post=25090"}],"curies":[{"name":"wp","href":"https:\/\/api.w.org\/{rel}","templated":true}]}}