{"id":25043,"date":"2023-01-12T13:13:34","date_gmt":"2023-01-12T12:13:34","guid":{"rendered":"https:\/\/memorabilia-germany.de\/?post_type=product&#038;p=25043"},"modified":"2023-09-21T11:43:13","modified_gmt":"2023-09-21T09:43:13","slug":"1997-fleer-nfl-football-trading-cards","status":"publish","type":"product","link":"https:\/\/memorabilia-germany.de\/de\/produkt\/1997-fleer-nfl-football-trading-cards\/","title":{"rendered":"1997 Fleer &#8211; NFL Football Trading Cards"},"content":{"rendered":"","protected":false},"excerpt":{"rendered":"<p><strong>Versiegelte NFL Trading Card Box, original aus dem Jahr 1997. Legenden wie Brett Favre, John Elway oder Barry Sanders spielten in der NFL und die Denver Broncos besiegten die Green Bay Packers am Ende der Saison im Super Bowl XXXII. Zum Beginn der Saison wurden die Houston Oilers von Texas nach Nashville umgesiedelt und gingen zum ersten Mal als \u201eTennessee Oilers\u201c, dem Vorg\u00e4nger der heutigen Titans an den Start. Diese Trading Card Box wurde von Fleer auf den Markt gebracht und ist offiziell von der NFL lizensiert. Weitere Infos siehe unten.<\/strong><\/p>\n<ul style=\"list-style-type: square;\">\n<li>Kategorie: Hobby Box<\/li>\n<li>Inhalt der Box: 36 P\u00e4ckchen, 10 Karten pro P\u00e4ckchen<\/li>\n<li>Zustand: unge\u00f6ffnet und original in Folie verschwei\u00dft<\/li>\n<li>Folie: Factory sealed. Die Box ist in der original Folie des Herstellers verschwei\u00dft.<\/li>\n<li>Erscheinungsjahr: 1997<\/li>\n<li>Marke: Fleer<\/li>\n<li>Land: USA<\/li>\n<li>Finde seltene Hobby Box Exclusive Insert Cards wie \u201cTiffany Parallels\u201d, \u201cCrystal Parallels\u201d oder \u201cDecade of Excellence Cards\u201d inklusive der exklusiven \u201cRare Traditions Special Foil\u201d Variante!<\/li>\n<li>Special Print Card in jedem P\u00e4ckchen enthalten.<\/li>\n<li>Die Serie enth\u00e4lt Football Exchange Cards mit original Autogrammen von Reggie White!<\/li>\n<li>Finde originale Karten der NFL Legenden aus dem Jahr 1997 wie Brett Favre, Troy Aikman oder John Elway und Rookie Karten sp\u00e4terer NFL Stars wie Jake Plummer, Corey Dillon, Tony Gonzalez, Tiki Barber, Warrick Dunn oder Jon Kitna.<\/li>\n<li>Beliebte Subsets in dieser Serie umfassen \u201eProSpects\u201c, \u201eRookie Sensations\u201c, \u201eGame Breakers Supreme\u201c und \u201eThrill Seekers\u201c.<\/li>\n<li>Background Infos 1997: Lady Di verliert bei einer Verfolgungsjagd mit Paparazzi in Paris ihr Leben, die Teletubbies steigen erstmals aus ihrer H\u00f6hle, die Briten geben ihre Verwaltung von Hong Kong auf und Filme wie \u201eTitanic\u201c oder \u201eMen in Black\u201c begeisterten das Kino-Publikum. Unsere \u201eVintage\u201c Trading Cards sind ein Traum f\u00fcr jeden Nostalgiker und f\u00fcr jeden Sammler, da es sich nicht um Nachproduktionen der fr\u00fcheren Karten handelt, sondern alle P\u00e4ckchen original aus der Zeit entstammen, in der sie damals ver\u00f6ffentlicht wurden.<\/li>\n<\/ul>\n<p>Mehr Trading Cards von fr\u00fcher findest du <strong><a href=\"https:\/\/memorabilia-germany.de\/de\/trading-cards\">hier<\/a><\/strong>.<\/p>\n","protected":false},"featured_media":25027,"template":"","meta":{"_acf_changed":false,"ocean_post_layout":"","ocean_both_sidebars_style":"","ocean_both_sidebars_content_width":0,"ocean_both_sidebars_sidebars_width":0,"ocean_sidebar":"0","ocean_second_sidebar":"0","ocean_disable_margins":"enable","ocean_add_body_class":"","ocean_shortcode_before_top_bar":"","ocean_shortcode_after_top_bar":"","ocean_shortcode_before_header":"","ocean_shortcode_after_header":"","ocean_has_shortcode":"","ocean_shortcode_after_title":"","ocean_shortcode_before_footer_widgets":"","ocean_shortcode_after_footer_widgets":"","ocean_shortcode_before_footer_bottom":"","ocean_shortcode_after_footer_bottom":"","ocean_display_top_bar":"default","ocean_display_header":"default","ocean_header_style":"","ocean_center_header_left_menu":"0","ocean_custom_header_template":"0","ocean_custom_logo":0,"ocean_custom_retina_logo":0,"ocean_custom_logo_max_width":0,"ocean_custom_logo_tablet_max_width":0,"ocean_custom_logo_mobile_max_width":0,"ocean_custom_logo_max_height":0,"ocean_custom_logo_tablet_max_height":0,"ocean_custom_logo_mobile_max_height":0,"ocean_header_custom_menu":"0","ocean_menu_typo_font_family":"0","ocean_menu_typo_font_subset":"","ocean_menu_typo_font_size":0,"ocean_menu_typo_font_size_tablet":0,"ocean_menu_typo_font_size_mobile":0,"ocean_menu_typo_font_size_unit":"px","ocean_menu_typo_font_weight":"","ocean_menu_typo_font_weight_tablet":"","ocean_menu_typo_font_weight_mobile":"","ocean_menu_typo_transform":"","ocean_menu_typo_transform_tablet":"","ocean_menu_typo_transform_mobile":"","ocean_menu_typo_line_height":0,"ocean_menu_typo_line_height_tablet":0,"ocean_menu_typo_line_height_mobile":0,"ocean_menu_typo_line_height_unit":"","ocean_menu_typo_spacing":0,"ocean_menu_typo_spacing_tablet":0,"ocean_menu_typo_spacing_mobile":0,"ocean_menu_typo_spacing_unit":"","ocean_menu_link_color":"","ocean_menu_link_color_hover":"","ocean_menu_link_color_active":"","ocean_menu_link_background":"","ocean_menu_link_hover_background":"","ocean_menu_link_active_background":"","ocean_menu_social_links_bg":"","ocean_menu_social_hover_links_bg":"","ocean_menu_social_links_color":"","ocean_menu_social_hover_links_color":"","ocean_disable_title":"default","ocean_disable_heading":"default","ocean_post_title":"","ocean_post_subheading":"","ocean_post_title_style":"","ocean_post_title_background_color":"","ocean_post_title_background":0,"ocean_post_title_bg_image_position":"","ocean_post_title_bg_image_attachment":"","ocean_post_title_bg_image_repeat":"","ocean_post_title_bg_image_size":"","ocean_post_title_height":0,"ocean_post_title_bg_overlay":0.5,"ocean_post_title_bg_overlay_color":"","ocean_disable_breadcrumbs":"default","ocean_breadcrumbs_color":"","ocean_breadcrumbs_separator_color":"","ocean_breadcrumbs_links_color":"","ocean_breadcrumbs_links_hover_color":"","ocean_display_footer_widgets":"default","ocean_display_footer_bottom":"default","ocean_custom_footer_template":"0","ofc_enable_fullscreen":"disable","ofc_fullscreen_speed":0,"ofc_fullscreen_nav":"enable","ofc_fullscreen_nav_pos":"right","ofc_fullscreen_nav_color":"","ofc_fullscreen_nav_tooltip_color":"","ofc_fullscreen_responsive":0},"product_brand":[],"product_cat":[989],"product_tag":[],"class_list":{"0":"post-25043","1":"product","2":"type-product","3":"status-publish","4":"has-post-thumbnail","6":"product_cat-1997-fleer-nfl-football-trading-cards","7":"product_shipping_class-versandklasse_a","9":"entry","10":"has-media","12":"first","13":"outofstock","14":"taxable","15":"shipping-taxable","16":"purchasable","17":"product-type-simple","18":"col","19":"span_1_of_4","20":"owp-content-center","21":"owp-thumbs-layout-horizontal","22":"owp-btn-normal","23":"owp-tabs-layout-horizontal"},"acf":[],"_links":{"self":[{"href":"https:\/\/memorabilia-germany.de\/de\/wp-json\/wp\/v2\/product\/25043","targetHints":{"allow":["GET"]}}],"collection":[{"href":"https:\/\/memorabilia-germany.de\/de\/wp-json\/wp\/v2\/product"}],"about":[{"href":"https:\/\/memorabilia-germany.de\/de\/wp-json\/wp\/v2\/types\/product"}],"version-history":[{"count":0,"href":"https:\/\/memorabilia-germany.de\/de\/wp-json\/wp\/v2\/product\/25043\/revisions"}],"wp:featuredmedia":[{"embeddable":true,"href":"https:\/\/memorabilia-germany.de\/de\/wp-json\/wp\/v2\/media\/25027"}],"wp:attachment":[{"href":"https:\/\/memorabilia-germany.de\/de\/wp-json\/wp\/v2\/media?parent=25043"}],"wp:term":[{"taxonomy":"product_brand","embeddable":true,"href":"https:\/\/memorabilia-germany.de\/de\/wp-json\/wp\/v2\/product_brand?post=25043"},{"taxonomy":"product_cat","embeddable":true,"href":"https:\/\/memorabilia-germany.de\/de\/wp-json\/wp\/v2\/product_cat?post=25043"},{"taxonomy":"product_tag","embeddable":true,"href":"https:\/\/memorabilia-germany.de\/de\/wp-json\/wp\/v2\/product_tag?post=25043"}],"curies":[{"name":"wp","href":"https:\/\/api.w.org\/{rel}","templated":true}]}}