{"id":24967,"date":"2023-01-09T16:01:35","date_gmt":"2023-01-09T15:01:35","guid":{"rendered":"https:\/\/memorabilia-germany.de\/?post_type=product&#038;p=24967"},"modified":"2025-04-29T17:09:58","modified_gmt":"2025-04-29T15:09:58","slug":"1990-pro-set-the-official-nfl-card","status":"publish","type":"product","link":"https:\/\/memorabilia-germany.de\/de\/produkt\/1990-pro-set-the-official-nfl-card\/","title":{"rendered":"1990 Pro Set &#8211; The Official NFL Card"},"content":{"rendered":"","protected":false},"excerpt":{"rendered":"<p><strong>Versiegelte NFL Trading Card Box, original aus dem Jahr 1990. Legenden wie Joe Montana, Dan Marino oder Emmitt Smith spielten in der NFL und die New York Giants besiegten die Buffalo Bills am Ende der Saison im Super Bowl XXV. Diese Trading Card Box wurde von der mittlerweile nicht mehr existenten Firma Pro Set auf den Markt gebracht und ist offiziell von der NFL lizensiert. Weitere Infos siehe unten.<\/strong><\/p>\n<ul style=\"list-style-type: square;\">\n<li>Kategorie: Wax Box<\/li>\n<li>Inhalt der Box: 36 P\u00e4ckchen, 14 Karten pro P\u00e4ckchen<\/li>\n<li>Zustand: unge\u00f6ffnet und original in Folie verschwei\u00dft<\/li>\n<li>Folie: Factory sealed. Die Box ist in der original Folie des Herstellers verschwei\u00dft.<\/li>\n<li>Erscheinungsjahr: 1990<\/li>\n<li>Marke: Pro Set<\/li>\n<li>Land: USA<\/li>\n<li>Serie: Serie 1<\/li>\n<li>Pro Set produzierte f\u00fcr diese Serie insgesamt 10.000 \u201eLombardi Trophy-Hologrammkarten\u201c, was f\u00fcr gro\u00dfe Begeisterung unter den Sammlern sorgte. Diese Karten sind mit einer Seriennummer versehen und haben eine Aufschrift mit den Worten \u201eCollector Edition\u201c auf der R\u00fcckseite.<\/li>\n<li>Finde originale Karten der NFL Legenden aus dem Jahr 1990 wie Joe Montana, Warren Moon oder Barry Sanders!<\/li>\n<li>\u201ePhoto &#038; Stat Cards\u201c<\/li>\n<li>Die Reise zum Super Bowl k\u00f6nnt ihr ohne den DeLorean aus Zur\u00fcck in die Zukunft leider nicht mehr gewinnen, da das Spiel bereits vor mehr als 30 Jahren ausgetragen wurde. Schade!<\/li>\n<li>Background Infos 1990: Die Wiedervereinigung von Ost- und Westdeutschland dominiert die Schlagzeilen, Deutschland wird zum dritten mal nach 1954 und 1974 Fu\u00dfball-Weltmeister, \u201eKevin allein zuhaus\u201c kommt in die Kinos und \u201eDie Simpsons\u201c feiern beim amerikanischen Fernsehsender FOX ihre TV-Premiere. Unsere \u201eVintage\u201c Trading Cards sind ein Traum f\u00fcr jeden Nostalgiker und f\u00fcr jeden Sammler, da es sich nicht um Nachproduktionen der fr\u00fcheren Karten handelt, sondern alle P\u00e4ckchen original aus der Zeit entstammen, in der sie damals ver\u00f6ffentlicht wurden.<\/li>\n<\/ul>\n<p>Mehr Trading Cards von fr\u00fcher findest du <strong><a href=\"https:\/\/memorabilia-germany.de\/de\/trading-cards\">hier<\/a><\/strong>.<\/p>\n","protected":false},"featured_media":24517,"template":"","meta":{"_acf_changed":false,"ocean_post_layout":"","ocean_both_sidebars_style":"","ocean_both_sidebars_content_width":0,"ocean_both_sidebars_sidebars_width":0,"ocean_sidebar":"0","ocean_second_sidebar":"0","ocean_disable_margins":"enable","ocean_add_body_class":"","ocean_shortcode_before_top_bar":"","ocean_shortcode_after_top_bar":"","ocean_shortcode_before_header":"","ocean_shortcode_after_header":"","ocean_has_shortcode":"","ocean_shortcode_after_title":"","ocean_shortcode_before_footer_widgets":"","ocean_shortcode_after_footer_widgets":"","ocean_shortcode_before_footer_bottom":"","ocean_shortcode_after_footer_bottom":"","ocean_display_top_bar":"default","ocean_display_header":"default","ocean_header_style":"","ocean_center_header_left_menu":"0","ocean_custom_header_template":"0","ocean_custom_logo":0,"ocean_custom_retina_logo":0,"ocean_custom_logo_max_width":0,"ocean_custom_logo_tablet_max_width":0,"ocean_custom_logo_mobile_max_width":0,"ocean_custom_logo_max_height":0,"ocean_custom_logo_tablet_max_height":0,"ocean_custom_logo_mobile_max_height":0,"ocean_header_custom_menu":"0","ocean_menu_typo_font_family":"0","ocean_menu_typo_font_subset":"","ocean_menu_typo_font_size":0,"ocean_menu_typo_font_size_tablet":0,"ocean_menu_typo_font_size_mobile":0,"ocean_menu_typo_font_size_unit":"px","ocean_menu_typo_font_weight":"","ocean_menu_typo_font_weight_tablet":"","ocean_menu_typo_font_weight_mobile":"","ocean_menu_typo_transform":"","ocean_menu_typo_transform_tablet":"","ocean_menu_typo_transform_mobile":"","ocean_menu_typo_line_height":0,"ocean_menu_typo_line_height_tablet":0,"ocean_menu_typo_line_height_mobile":0,"ocean_menu_typo_line_height_unit":"","ocean_menu_typo_spacing":0,"ocean_menu_typo_spacing_tablet":0,"ocean_menu_typo_spacing_mobile":0,"ocean_menu_typo_spacing_unit":"","ocean_menu_link_color":"","ocean_menu_link_color_hover":"","ocean_menu_link_color_active":"","ocean_menu_link_background":"","ocean_menu_link_hover_background":"","ocean_menu_link_active_background":"","ocean_menu_social_links_bg":"","ocean_menu_social_hover_links_bg":"","ocean_menu_social_links_color":"","ocean_menu_social_hover_links_color":"","ocean_disable_title":"default","ocean_disable_heading":"default","ocean_post_title":"","ocean_post_subheading":"","ocean_post_title_style":"","ocean_post_title_background_color":"","ocean_post_title_background":0,"ocean_post_title_bg_image_position":"","ocean_post_title_bg_image_attachment":"","ocean_post_title_bg_image_repeat":"","ocean_post_title_bg_image_size":"","ocean_post_title_height":0,"ocean_post_title_bg_overlay":0.5,"ocean_post_title_bg_overlay_color":"","ocean_disable_breadcrumbs":"default","ocean_breadcrumbs_color":"","ocean_breadcrumbs_separator_color":"","ocean_breadcrumbs_links_color":"","ocean_breadcrumbs_links_hover_color":"","ocean_display_footer_widgets":"default","ocean_display_footer_bottom":"default","ocean_custom_footer_template":"0","ofc_enable_fullscreen":"disable","ofc_fullscreen_speed":0,"ofc_fullscreen_nav":"enable","ofc_fullscreen_nav_pos":"right","ofc_fullscreen_nav_color":"","ofc_fullscreen_nav_tooltip_color":"","ofc_fullscreen_responsive":0},"product_brand":[],"product_cat":[979],"product_tag":[],"class_list":{"0":"post-24967","1":"product","2":"type-product","3":"status-publish","4":"has-post-thumbnail","6":"product_cat-1990-pro-set-the-official-nfl-card","7":"product_shipping_class-versandklasse_a","9":"entry","10":"has-media","12":"first","13":"outofstock","14":"taxable","15":"shipping-taxable","16":"purchasable","17":"product-type-simple","18":"col","19":"span_1_of_4","20":"owp-content-center","21":"owp-thumbs-layout-horizontal","22":"owp-btn-normal","23":"owp-tabs-layout-horizontal"},"acf":[],"_links":{"self":[{"href":"https:\/\/memorabilia-germany.de\/de\/wp-json\/wp\/v2\/product\/24967","targetHints":{"allow":["GET"]}}],"collection":[{"href":"https:\/\/memorabilia-germany.de\/de\/wp-json\/wp\/v2\/product"}],"about":[{"href":"https:\/\/memorabilia-germany.de\/de\/wp-json\/wp\/v2\/types\/product"}],"version-history":[{"count":0,"href":"https:\/\/memorabilia-germany.de\/de\/wp-json\/wp\/v2\/product\/24967\/revisions"}],"wp:featuredmedia":[{"embeddable":true,"href":"https:\/\/memorabilia-germany.de\/de\/wp-json\/wp\/v2\/media\/24517"}],"wp:attachment":[{"href":"https:\/\/memorabilia-germany.de\/de\/wp-json\/wp\/v2\/media?parent=24967"}],"wp:term":[{"taxonomy":"product_brand","embeddable":true,"href":"https:\/\/memorabilia-germany.de\/de\/wp-json\/wp\/v2\/product_brand?post=24967"},{"taxonomy":"product_cat","embeddable":true,"href":"https:\/\/memorabilia-germany.de\/de\/wp-json\/wp\/v2\/product_cat?post=24967"},{"taxonomy":"product_tag","embeddable":true,"href":"https:\/\/memorabilia-germany.de\/de\/wp-json\/wp\/v2\/product_tag?post=24967"}],"curies":[{"name":"wp","href":"https:\/\/api.w.org\/{rel}","templated":true}]}}