{"id":24131,"date":"2022-12-29T15:02:14","date_gmt":"2022-12-29T14:02:14","guid":{"rendered":"https:\/\/memorabilia-germany.de\/?post_type=product&#038;p=24131"},"modified":"2025-08-08T18:28:13","modified_gmt":"2025-08-08T16:28:13","slug":"1984-indiana-jones-and-the-temple-of-doom-movie-trading-cards-wax-pack","status":"publish","type":"product","link":"https:\/\/memorabilia-germany.de\/de\/produkt\/1984-indiana-jones-and-the-temple-of-doom-movie-trading-cards-wax-pack\/","title":{"rendered":"1984 Indiana Jones and the Temple of Doom<\/br>Movie Trading Cards, Wax Pack"},"content":{"rendered":"","protected":false},"excerpt":{"rendered":"<p><strong>Unge\u00f6ffnetes P\u00e4ckchen Movie Trading Cards zum Film \u201eIndiana Jones und der Tempel des Todes\u201c, original aus dem Jahr 1984. George Lucas schrieb die Storyline, Steven Spielberg f\u00fchrte Regie und Harrison Ford spielte die Hauptrolle in diesem zeitlosen Klassiker. Aufgrund einiger umstrittener Darstellung der indischen Kultur wurde der Film zeitweise in Indien verboten. Unter anderem wurde die Bankett-Szene kritisiert, bei der am Tisch Gerichte wie Affenhirn oder Schaben als einheimische K\u00fcche gereicht werden. Diese Trading Cards wurden von topps auf den Markt gebracht und sind offiziell von Lucasfilm Ltd. lizensiert. Weitere Infos siehe unten.<\/strong><\/p>\n<ul style=\"list-style-type: square;\">\n<li>Inhalt des P\u00e4ckchens: 10 Cards + 1 Sticker + 1 \u201eBazooka\u201c Kaugummi<\/li>\n<li>Erscheinungsjahr: 1984<\/li>\n<li>Firma: Topps<\/li>\n<li>Land: USA<\/li>\n<li>\u201eMovie Photo Cards + Bubble Gum\u201c<\/li>\n<li>Das P\u00e4ckchen (\u201eWax Pack\u201c) stammt aus einer durch Memorabilia Germany ge\u00f6ffneten \u201eWax Box\u201c, die insgesamt 36 P\u00e4ckchen enth\u00e4lt. Alle P\u00e4ckchen sind trotz ihres Alters in einem makellosen Zustand.<\/li>\n<li>Finde originale Karten zum Film-Klassiker aus dem Jahr 1984 mit Motiven von Harrison Ford und anderen Stars in den sch\u00f6nsten Filmszenen dieses Oscar-pr\u00e4mierten Klassikers.<\/li>\n<li>Die Bazooka Kaugummis sollten unserer Meinung nach nicht mehr verzehrt werden, da sie in den unge\u00f6ffneten P\u00e4ckchen zu finden sind und demnach nat\u00fcrlich auch aus dem Jahr 1984 stammen.<\/li>\n<li>Background Infos 1984: Der Hollywood-Star Ronald Reagan wird zum US Pr\u00e4sidenten gew\u00e4hlt und die Sowjetunion boykottiert die Olympischen Spiele in Los Angeles. Im Fernsehen sind \u201eDallas\u201c und \u201eDynasty &#8211; Denver-Clan\u201c die beliebtesten Serien, werden bei den Einschaltquoten aber von neuen Produktionen wie \u201eMiami Vice\u201c gejagt. In den Kinos laufen \u201eIndiana Jones\u201c, \u201eGhostbusters\u201c, \u201eGremlins\u201c und \u201eBeverly Hills Cop\u201c, w\u00e4hrend die Leute der Musik von Michael Jackson, Tina Turner und Duran Duran lauschen. Unsere \u201eVintage\u201c Trading Cards sind ein Traum f\u00fcr jeden Nostalgiker und f\u00fcr jeden Sammler, da es sich nicht um Nachproduktionen der fr\u00fcheren Karten handelt, sondern alle P\u00e4ckchen original aus der Zeit entstammen, in der sie damals ver\u00f6ffentlicht wurden.<\/li>\n<\/ul>\n<p>Mehr Trading Cards von fr\u00fcher findest du <strong><a href=\"https:\/\/memorabilia-germany.de\/de\/trading-cards\">hier<\/a><\/strong>.<\/p>\n","protected":false},"featured_media":24115,"template":"","meta":{"_acf_changed":false,"ocean_post_layout":"","ocean_both_sidebars_style":"","ocean_both_sidebars_content_width":0,"ocean_both_sidebars_sidebars_width":0,"ocean_sidebar":"0","ocean_second_sidebar":"0","ocean_disable_margins":"enable","ocean_add_body_class":"","ocean_shortcode_before_top_bar":"","ocean_shortcode_after_top_bar":"","ocean_shortcode_before_header":"","ocean_shortcode_after_header":"","ocean_has_shortcode":"","ocean_shortcode_after_title":"","ocean_shortcode_before_footer_widgets":"","ocean_shortcode_after_footer_widgets":"","ocean_shortcode_before_footer_bottom":"","ocean_shortcode_after_footer_bottom":"","ocean_display_top_bar":"default","ocean_display_header":"default","ocean_header_style":"","ocean_center_header_left_menu":"0","ocean_custom_header_template":"0","ocean_custom_logo":0,"ocean_custom_retina_logo":0,"ocean_custom_logo_max_width":0,"ocean_custom_logo_tablet_max_width":0,"ocean_custom_logo_mobile_max_width":0,"ocean_custom_logo_max_height":0,"ocean_custom_logo_tablet_max_height":0,"ocean_custom_logo_mobile_max_height":0,"ocean_header_custom_menu":"0","ocean_menu_typo_font_family":"0","ocean_menu_typo_font_subset":"","ocean_menu_typo_font_size":0,"ocean_menu_typo_font_size_tablet":0,"ocean_menu_typo_font_size_mobile":0,"ocean_menu_typo_font_size_unit":"px","ocean_menu_typo_font_weight":"","ocean_menu_typo_font_weight_tablet":"","ocean_menu_typo_font_weight_mobile":"","ocean_menu_typo_transform":"","ocean_menu_typo_transform_tablet":"","ocean_menu_typo_transform_mobile":"","ocean_menu_typo_line_height":0,"ocean_menu_typo_line_height_tablet":0,"ocean_menu_typo_line_height_mobile":0,"ocean_menu_typo_line_height_unit":"","ocean_menu_typo_spacing":0,"ocean_menu_typo_spacing_tablet":0,"ocean_menu_typo_spacing_mobile":0,"ocean_menu_typo_spacing_unit":"","ocean_menu_link_color":"","ocean_menu_link_color_hover":"","ocean_menu_link_color_active":"","ocean_menu_link_background":"","ocean_menu_link_hover_background":"","ocean_menu_link_active_background":"","ocean_menu_social_links_bg":"","ocean_menu_social_hover_links_bg":"","ocean_menu_social_links_color":"","ocean_menu_social_hover_links_color":"","ocean_disable_title":"default","ocean_disable_heading":"default","ocean_post_title":"","ocean_post_subheading":"","ocean_post_title_style":"","ocean_post_title_background_color":"","ocean_post_title_background":0,"ocean_post_title_bg_image_position":"","ocean_post_title_bg_image_attachment":"","ocean_post_title_bg_image_repeat":"","ocean_post_title_bg_image_size":"","ocean_post_title_height":0,"ocean_post_title_bg_overlay":0.5,"ocean_post_title_bg_overlay_color":"","ocean_disable_breadcrumbs":"default","ocean_breadcrumbs_color":"","ocean_breadcrumbs_separator_color":"","ocean_breadcrumbs_links_color":"","ocean_breadcrumbs_links_hover_color":"","ocean_display_footer_widgets":"default","ocean_display_footer_bottom":"default","ocean_custom_footer_template":"0","ofc_enable_fullscreen":"disable","ofc_fullscreen_speed":0,"ofc_fullscreen_nav":"enable","ofc_fullscreen_nav_pos":"right","ofc_fullscreen_nav_color":"","ofc_fullscreen_nav_tooltip_color":"","ofc_fullscreen_responsive":0},"product_brand":[],"product_cat":[910],"product_tag":[],"class_list":{"0":"post-24131","1":"product","2":"type-product","3":"status-publish","4":"has-post-thumbnail","6":"product_cat-1984-indiana-jones-and-the-temple-of-doom-movie-trading-cards-wax-pack","7":"product_shipping_class-versandklasse_b","9":"entry","10":"has-media","12":"first","13":"instock","14":"taxable","15":"shipping-taxable","16":"purchasable","17":"product-type-simple","18":"col","19":"span_1_of_4","20":"owp-content-center","21":"owp-thumbs-layout-horizontal","22":"owp-btn-normal","23":"owp-tabs-layout-horizontal"},"acf":[],"_links":{"self":[{"href":"https:\/\/memorabilia-germany.de\/de\/wp-json\/wp\/v2\/product\/24131","targetHints":{"allow":["GET"]}}],"collection":[{"href":"https:\/\/memorabilia-germany.de\/de\/wp-json\/wp\/v2\/product"}],"about":[{"href":"https:\/\/memorabilia-germany.de\/de\/wp-json\/wp\/v2\/types\/product"}],"version-history":[{"count":0,"href":"https:\/\/memorabilia-germany.de\/de\/wp-json\/wp\/v2\/product\/24131\/revisions"}],"wp:featuredmedia":[{"embeddable":true,"href":"https:\/\/memorabilia-germany.de\/de\/wp-json\/wp\/v2\/media\/24115"}],"wp:attachment":[{"href":"https:\/\/memorabilia-germany.de\/de\/wp-json\/wp\/v2\/media?parent=24131"}],"wp:term":[{"taxonomy":"product_brand","embeddable":true,"href":"https:\/\/memorabilia-germany.de\/de\/wp-json\/wp\/v2\/product_brand?post=24131"},{"taxonomy":"product_cat","embeddable":true,"href":"https:\/\/memorabilia-germany.de\/de\/wp-json\/wp\/v2\/product_cat?post=24131"},{"taxonomy":"product_tag","embeddable":true,"href":"https:\/\/memorabilia-germany.de\/de\/wp-json\/wp\/v2\/product_tag?post=24131"}],"curies":[{"name":"wp","href":"https:\/\/api.w.org\/{rel}","templated":true}]}}