{"id":23643,"date":"2022-09-29T16:43:42","date_gmt":"2022-09-29T14:43:42","guid":{"rendered":"https:\/\/memorabilia-germany.de\/?post_type=product&#038;p=23643"},"modified":"2025-02-27T15:14:19","modified_gmt":"2025-02-27T14:14:19","slug":"signierte-xl-fotografie-mystery-box-red-carpet-series","status":"publish","type":"product","link":"https:\/\/memorabilia-germany.de\/de\/produkt\/signierte-xl-fotografie-mystery-box-red-carpet-series\/","title":{"rendered":"Signierte XL Fotografie Mystery Box: RED CARPET SERIES"},"content":{"rendered":"<p><strong>Weitere Informationen zu dieser XL Fotografie Mystery Box Serie:<\/strong><\/p>\n<ul style=\"list-style-type: square;\">\n<li>Alle Fotografien sind auf wertigem Fotopapier gedruckt und entstammen offiziellen Signings der Film- und Serienstars. Die Gr\u00f6\u00dfen der Artikel sind unterschiedlich und bewegen sich zwischen 20x26cm und 31x46cm.<\/li>\n<li>Fotos mit Autogrammen von mehreren Stars (2 oder mehr) in dieser Serie enthalten!<\/li>\n<li>Die Fotografien wurden per Zufallsprinzip auf die Boxen verteilt.<\/li>\n<li>Alle Memorabilia in einer XL Fotografie Mystery Box wurden von einem der marktf\u00fchrenden US Authenticator verifiziert und kommen mit seriennummerierten Sicherheitsmerkmalen (Certificate of Authenticity und\/oder Sicherheitshologramm). Authenticator sind ausschlie\u00dflich: Beckett, James Spence Authentication, PSA\/DNA oder Fanatics. Mehr Infos zum wichtigen Thema Authentifizierung findet ihr <strong><a href=\"https:\/\/memorabilia-germany.de\/de\/signatur-authentifizierung\/\">hier<\/a><\/strong>.<\/li>\n<li>Bei uns bekommt ihr eine VOLLST\u00c4NDIGE \u00dcbersicht \u00fcber die Liste der Stars, die in dieser Serie enthalten sind:<\/li>\n<\/ul>\n<p style=\"text-align: center;\">Quentin Tarantino<br \/>\nDaniel Radcliffe<br \/>\nGeorge Clooney<br \/>\nBradley Cooper<br \/>\nAngelina Jolie<br \/>\nNorman Reedus<br \/>\nBen Affleck<br \/>\nSophia Loren<br \/>\nMatt Damon<br \/>\nTom Hardy<br \/>\nChristian Bale<br \/>\nSienna Miller<br \/>\nMegan Fox<br \/>\nKristen Bell<br \/>\nEzra Miller<br \/>\nColin Farrell<br \/>\nNicolas Cage<br \/>\nViggo Mortensen<br \/>\nShia LaBeouf<br \/>\nAndrew Garfield<br \/>\nElijah Wood<br \/>\nJohn Travolta<br \/>\nVera Miles<br \/>\nAbigail Breslin<br \/>\nSusan Sarandon<br \/>\nChuck Norris<br \/>\nJames Belushi<br \/>\nJon Bernthal<br \/>\nTim Allen<br \/>\nEva Longoria<br \/>\nMaria Bello<br \/>\nWhoopie Goldberg<br \/>\nKerry Washington<br \/>\nKiefer Sutherland<br \/>\nWalton Goggins<br \/>\nAmy Adams<br \/>\nJosh Brolin<br \/>\nJude Law<br \/>\nKirsten Dunst<br \/>\nJulianne Moore<br \/>\nElizabeth Banks<br \/>\nChristoph Waltz<br \/>\nKatey Sagal<br \/>\nChanning Tatum<br \/>\nNikolaj Coster Waldau<br \/>\nMichelle Williams<br \/>\nKrysten Ritter<br \/>\nRobert Patrick<br \/>\nKaren Gillan<br \/>\nNicholas Hoult<br \/>\nMichelle Rodriguez<br \/>\nTessa Thompson<br \/>\nLaura Dern<br \/>\nJohn Boyega<br \/>\nTilda Swinton<br \/>\nElle Fanning<br \/>\nBella Thorne<br \/>\nJanuary Jones<br \/>\nRene Russo<br \/>\nLizzy Caplan<br \/>\nMichael Sheen<br \/>\nShawn Ashmore<br \/>\nVivica A. Fox<br \/>\nDolph Lundgren<br \/>\nMike Myers<br \/>\nMinnie Driver<br \/>\nCharlie Hunman\n<\/p>\n<p>Sollte eine Serie mehr als ein Item vom gleichen Star beinhalten, bekommt ihr eine \u201eNo Double Option\u201c. Das hei\u00dft, dass ihr mit Sicherheit keinen Star doppelt erhaltet, wenn ihr mehr als eine Box kauft.<\/p>\n<p>Wie funktioniert eine XL Fotografie Mystery Box?<br \/>\nInfos dazu findet ihr in unseren <strong><a href=\"https:\/\/memorabilia-germany.de\/de\/sport-memorabilia-faq\/#memorabilia-mystery-box\"><u>FAQ<\/u><\/a><\/strong>!<\/p>\n<p>Mehr Autogramme von Stars aus Hollywood findest du <strong><a href=\"https:\/\/memorabilia-germany.de\/de\/entertainment-memorabilia\/\"><u>hier<\/u><\/a><\/strong>!<\/p>\n","protected":false},"excerpt":{"rendered":"<p><strong>Diese Serie ist auf insgesamt 75 XL Foto <a href=\"https:\/\/memorabilia-germany.de\/de\/sport-memorabilia-faq\/#memorabilia-mystery-box\"><u>Mystery Boxen<\/u><\/a> limitiert.<br \/>\nJede Box hat eine Seriennummer. Finde Fotografien mit Autogrammen von Stars wie Quentin Tarantino, Daniel Radcliffe oder Angelina Jolie in dieser Serie!<\/strong><\/p>\n<p><strong>Schnell\u00fcbersicht:<\/strong><\/p>\n<ul style=\"list-style-type: square;\">\n<li>Inhalt jeder Box: XL Fotografie mit Autogramm eines Stars aus einem bekannten Hollywood Film oder einer bekannten US Serie. Die Bilder gestatten euch einen kleinen Einblick in das Geheimnis der Serie!<\/li>\n<li>Alle Fotografien sind von mindestens einem bekannten Film- oder Serien-Star signiert. Dar\u00fcber hinaus sind viele Fotos zus\u00e4tzlich mit Inscriptions der Stars signiert!<\/li>\n<li>Authentifizierung der Autogramme (ausschlie\u00dflich): <strong><a href=\"https:\/\/memorabilia-germany.de\/de\/signatur-authentifizierung\/#signatur-authentifizierung-beckett\">Beckett<\/a><\/strong>, <strong><a href=\"https:\/\/memorabilia-germany.de\/de\/signatur-authentifizierung\/#signatur-authentifizierung-james-spence\">James Spence Authentication<\/a><\/strong>, <strong><a href=\"https:\/\/memorabilia-germany.de\/de\/signatur-authentifizierung\/#signatur-authentifizierung-psa-dna\">PSA\/DNA<\/a><\/strong> oder <strong><a href=\"https:\/\/memorabilia-germany.de\/de\/signatur-authentifizierung\/#signatur-authentifizierung-fanatics\">Fanatics<\/a><\/strong>.<\/li>\n<\/ul>\n","protected":false},"featured_media":23641,"template":"","meta":{"_acf_changed":false,"ocean_post_layout":"","ocean_both_sidebars_style":"","ocean_both_sidebars_content_width":0,"ocean_both_sidebars_sidebars_width":0,"ocean_sidebar":"0","ocean_second_sidebar":"0","ocean_disable_margins":"enable","ocean_add_body_class":"","ocean_shortcode_before_top_bar":"","ocean_shortcode_after_top_bar":"","ocean_shortcode_before_header":"","ocean_shortcode_after_header":"","ocean_has_shortcode":"","ocean_shortcode_after_title":"","ocean_shortcode_before_footer_widgets":"","ocean_shortcode_after_footer_widgets":"","ocean_shortcode_before_footer_bottom":"","ocean_shortcode_after_footer_bottom":"","ocean_display_top_bar":"default","ocean_display_header":"default","ocean_header_style":"","ocean_center_header_left_menu":"0","ocean_custom_header_template":"0","ocean_custom_logo":0,"ocean_custom_retina_logo":0,"ocean_custom_logo_max_width":0,"ocean_custom_logo_tablet_max_width":0,"ocean_custom_logo_mobile_max_width":0,"ocean_custom_logo_max_height":0,"ocean_custom_logo_tablet_max_height":0,"ocean_custom_logo_mobile_max_height":0,"ocean_header_custom_menu":"0","ocean_menu_typo_font_family":"0","ocean_menu_typo_font_subset":"","ocean_menu_typo_font_size":0,"ocean_menu_typo_font_size_tablet":0,"ocean_menu_typo_font_size_mobile":0,"ocean_menu_typo_font_size_unit":"px","ocean_menu_typo_font_weight":"","ocean_menu_typo_font_weight_tablet":"","ocean_menu_typo_font_weight_mobile":"","ocean_menu_typo_transform":"","ocean_menu_typo_transform_tablet":"","ocean_menu_typo_transform_mobile":"","ocean_menu_typo_line_height":0,"ocean_menu_typo_line_height_tablet":0,"ocean_menu_typo_line_height_mobile":0,"ocean_menu_typo_line_height_unit":"","ocean_menu_typo_spacing":0,"ocean_menu_typo_spacing_tablet":0,"ocean_menu_typo_spacing_mobile":0,"ocean_menu_typo_spacing_unit":"","ocean_menu_link_color":"","ocean_menu_link_color_hover":"","ocean_menu_link_color_active":"","ocean_menu_link_background":"","ocean_menu_link_hover_background":"","ocean_menu_link_active_background":"","ocean_menu_social_links_bg":"","ocean_menu_social_hover_links_bg":"","ocean_menu_social_links_color":"","ocean_menu_social_hover_links_color":"","ocean_disable_title":"default","ocean_disable_heading":"default","ocean_post_title":"","ocean_post_subheading":"","ocean_post_title_style":"","ocean_post_title_background_color":"","ocean_post_title_background":0,"ocean_post_title_bg_image_position":"","ocean_post_title_bg_image_attachment":"","ocean_post_title_bg_image_repeat":"","ocean_post_title_bg_image_size":"","ocean_post_title_height":0,"ocean_post_title_bg_overlay":0.5,"ocean_post_title_bg_overlay_color":"","ocean_disable_breadcrumbs":"default","ocean_breadcrumbs_color":"","ocean_breadcrumbs_separator_color":"","ocean_breadcrumbs_links_color":"","ocean_breadcrumbs_links_hover_color":"","ocean_display_footer_widgets":"default","ocean_display_footer_bottom":"default","ocean_custom_footer_template":"0","ofc_enable_fullscreen":"disable","ofc_fullscreen_speed":0,"ofc_fullscreen_nav":"enable","ofc_fullscreen_nav_pos":"right","ofc_fullscreen_nav_color":"","ofc_fullscreen_nav_tooltip_color":"","ofc_fullscreen_responsive":0},"product_brand":[],"product_cat":[898],"product_tag":[],"class_list":{"0":"post-23643","1":"product","2":"type-product","3":"status-publish","4":"has-post-thumbnail","6":"product_cat-signierte-xl-fotografie-mystery-box-red-carpet-series","7":"product_shipping_class-versandklasse_b","9":"entry","10":"has-media","12":"first","13":"instock","14":"taxable","15":"shipping-taxable","16":"purchasable","17":"product-type-simple","18":"col","19":"span_1_of_4","20":"owp-content-center","21":"owp-thumbs-layout-horizontal","22":"owp-btn-normal","23":"owp-tabs-layout-horizontal"},"acf":[],"_links":{"self":[{"href":"https:\/\/memorabilia-germany.de\/de\/wp-json\/wp\/v2\/product\/23643","targetHints":{"allow":["GET"]}}],"collection":[{"href":"https:\/\/memorabilia-germany.de\/de\/wp-json\/wp\/v2\/product"}],"about":[{"href":"https:\/\/memorabilia-germany.de\/de\/wp-json\/wp\/v2\/types\/product"}],"version-history":[{"count":0,"href":"https:\/\/memorabilia-germany.de\/de\/wp-json\/wp\/v2\/product\/23643\/revisions"}],"wp:featuredmedia":[{"embeddable":true,"href":"https:\/\/memorabilia-germany.de\/de\/wp-json\/wp\/v2\/media\/23641"}],"wp:attachment":[{"href":"https:\/\/memorabilia-germany.de\/de\/wp-json\/wp\/v2\/media?parent=23643"}],"wp:term":[{"taxonomy":"product_brand","embeddable":true,"href":"https:\/\/memorabilia-germany.de\/de\/wp-json\/wp\/v2\/product_brand?post=23643"},{"taxonomy":"product_cat","embeddable":true,"href":"https:\/\/memorabilia-germany.de\/de\/wp-json\/wp\/v2\/product_cat?post=23643"},{"taxonomy":"product_tag","embeddable":true,"href":"https:\/\/memorabilia-germany.de\/de\/wp-json\/wp\/v2\/product_tag?post=23643"}],"curies":[{"name":"wp","href":"https:\/\/api.w.org\/{rel}","templated":true}]}}