{"id":23502,"date":"2022-09-19T14:45:56","date_gmt":"2022-09-19T12:45:56","guid":{"rendered":"https:\/\/memorabilia-germany.de\/?post_type=product&#038;p=23502"},"modified":"2025-11-10T21:23:29","modified_gmt":"2025-11-10T20:23:29","slug":"1986-fleer-sluggers-vs-pitchers-factory-set","status":"publish","type":"product","link":"https:\/\/memorabilia-germany.de\/de\/produkt\/1986-fleer-sluggers-vs-pitchers-factory-set\/","title":{"rendered":"1986 Fleer Sluggers vs. Pitchers,<br\/>Factory Set"},"content":{"rendered":"","protected":false},"excerpt":{"rendered":"<p><strong>Unge\u00f6ffnete Set Box mit MLB Trading Cards und Logo Stickern der besten Pitcher und Hitter aus dem Jahr 1986. Legenden wie Mike Schmidt, Reggie Jackson oder Will Clark spielten in der MLB und die New York Mets gewannen am Ende der Saison die World Series gegen die Boston Red Sox. In der Verl\u00e4ngerung des sechsten Spiels waren die Red Sox gleich zwei Mal nur einen Strike von der Meisterschaft entfernt, verloren die World Series aber doch noch \u00fcber 7 Spiele. Der Kult um den legend\u00e4ren Babe Ruth Fluch \u201eCurse of the Bambino\u201c schlug daraufhin erneut hohe Wellen. Seit dem Verkauf von Babe Ruth an die New York Yankees im Jahr 1920 konnten die Red Sox fast 90 Jahre lang keine Meisterschaft f\u00fcr sich entscheiden, obwohl sie vor dem Verkauf als erfolgreichstes Team der Majors galten. Der Fluch wurde erst 2004 durch den World Series Sieg gegen die Cardinals beendet.<br \/>\nDiese Trading Cards wurden von der Firma Fleer auf den Markt gebracht und sind offiziell von der MLB lizensiert. Weitere Infos siehe unten.<br \/>\n<\/strong><\/p>\n<ul style=\"list-style-type: square;\">\n<li>Inhalt der Box: 44 Cards + 6 Logo Sticker<\/li>\n<li>Erscheinungsjahr: 1986<\/li>\n<li>Firma: Fleer<\/li>\n<li>Land: USA<\/li>\n<li>Serie: komplettes Factory Set<\/li>\n<li>Das Set (\u201eFactory Set\u201c) stammt aus einer durch Memorabilia Germany ge\u00f6ffneten \u201eSet Box\u201c, die insgesamt 36 Factory Sets enth\u00e4lt. Die 44 Trading Cards stellen das gesamte Set der Serie, die Logo Sticker variieren von Box zu Box. Alle Boxen sind trotz ihres Alters in einem makellosen Zustand.<\/li>\n<li>Die Boxen wurden 1986 exklusiv in Filialen der heute nicht mehr existenten \u201eFive and Dime\u201c L\u00e4den in den USA verkauft.<\/li>\n<li>Das Set enth\u00e4lt Karten der gr\u00f6\u00dften MLB Legenden aus dem Jahr 1986. Unter anderem enth\u00e4lt es die allererste Trading Card von Will Clark, die von der MLB lizenziert war. Auch eine Rookie Card des legend\u00e4ren Oakland A\u2019s Outfielders Jose Canseco ist im Set enthalten. Canseco wurde 1986 \u201eRookie of the Year\u201c.<\/li>\n<li>Background Infos 1986: Nintendo ver\u00f6ffentlicht das Kult-Videospiel \u201eLegend of Zelda\u201c und die Oprah Winfrey Show wird ins Leben gerufen. Im Kino erscheinen Filme wie \u201eTop Gun\u201c, \u201eAliens\u201c und \u201ePlatoon\u201c, w\u00e4hrend Cyndi Lauper, Bon Jovi und Genesis die Charts beherrschen. Unsere \u201eVintage\u201c Trading Cards sind ein Traum f\u00fcr jeden Nostalgiker und f\u00fcr jeden Sammler, da es sich nicht um Nachproduktionen der fr\u00fcheren Karten handelt, sondern alle P\u00e4ckchen original aus der Zeit entstammen, in der sie damals ver\u00f6ffentlicht wurden.<\/li>\n<\/ul>\n<p>Mehr Trading Cards von fr\u00fcher findest du <strong><a href=\"https:\/\/memorabilia-germany.de\/de\/trading-cards\">hier<\/a><\/strong>.<\/p>\n","protected":false},"featured_media":23478,"template":"","meta":{"_acf_changed":false,"ocean_post_layout":"","ocean_both_sidebars_style":"","ocean_both_sidebars_content_width":0,"ocean_both_sidebars_sidebars_width":0,"ocean_sidebar":"0","ocean_second_sidebar":"0","ocean_disable_margins":"enable","ocean_add_body_class":"","ocean_shortcode_before_top_bar":"","ocean_shortcode_after_top_bar":"","ocean_shortcode_before_header":"","ocean_shortcode_after_header":"","ocean_has_shortcode":"","ocean_shortcode_after_title":"","ocean_shortcode_before_footer_widgets":"","ocean_shortcode_after_footer_widgets":"","ocean_shortcode_before_footer_bottom":"","ocean_shortcode_after_footer_bottom":"","ocean_display_top_bar":"default","ocean_display_header":"default","ocean_header_style":"","ocean_center_header_left_menu":"0","ocean_custom_header_template":"0","ocean_custom_logo":0,"ocean_custom_retina_logo":0,"ocean_custom_logo_max_width":0,"ocean_custom_logo_tablet_max_width":0,"ocean_custom_logo_mobile_max_width":0,"ocean_custom_logo_max_height":0,"ocean_custom_logo_tablet_max_height":0,"ocean_custom_logo_mobile_max_height":0,"ocean_header_custom_menu":"0","ocean_menu_typo_font_family":"0","ocean_menu_typo_font_subset":"","ocean_menu_typo_font_size":0,"ocean_menu_typo_font_size_tablet":0,"ocean_menu_typo_font_size_mobile":0,"ocean_menu_typo_font_size_unit":"px","ocean_menu_typo_font_weight":"","ocean_menu_typo_font_weight_tablet":"","ocean_menu_typo_font_weight_mobile":"","ocean_menu_typo_transform":"","ocean_menu_typo_transform_tablet":"","ocean_menu_typo_transform_mobile":"","ocean_menu_typo_line_height":0,"ocean_menu_typo_line_height_tablet":0,"ocean_menu_typo_line_height_mobile":0,"ocean_menu_typo_line_height_unit":"","ocean_menu_typo_spacing":0,"ocean_menu_typo_spacing_tablet":0,"ocean_menu_typo_spacing_mobile":0,"ocean_menu_typo_spacing_unit":"","ocean_menu_link_color":"","ocean_menu_link_color_hover":"","ocean_menu_link_color_active":"","ocean_menu_link_background":"","ocean_menu_link_hover_background":"","ocean_menu_link_active_background":"","ocean_menu_social_links_bg":"","ocean_menu_social_hover_links_bg":"","ocean_menu_social_links_color":"","ocean_menu_social_hover_links_color":"","ocean_disable_title":"default","ocean_disable_heading":"default","ocean_post_title":"","ocean_post_subheading":"","ocean_post_title_style":"","ocean_post_title_background_color":"","ocean_post_title_background":0,"ocean_post_title_bg_image_position":"","ocean_post_title_bg_image_attachment":"","ocean_post_title_bg_image_repeat":"","ocean_post_title_bg_image_size":"","ocean_post_title_height":0,"ocean_post_title_bg_overlay":0.5,"ocean_post_title_bg_overlay_color":"","ocean_disable_breadcrumbs":"default","ocean_breadcrumbs_color":"","ocean_breadcrumbs_separator_color":"","ocean_breadcrumbs_links_color":"","ocean_breadcrumbs_links_hover_color":"","ocean_display_footer_widgets":"default","ocean_display_footer_bottom":"default","ocean_custom_footer_template":"0","ofc_enable_fullscreen":"disable","ofc_fullscreen_speed":0,"ofc_fullscreen_nav":"enable","ofc_fullscreen_nav_pos":"right","ofc_fullscreen_nav_color":"","ofc_fullscreen_nav_tooltip_color":"","ofc_fullscreen_responsive":0},"product_brand":[],"product_cat":[892],"product_tag":[],"class_list":{"0":"post-23502","1":"product","2":"type-product","3":"status-publish","4":"has-post-thumbnail","6":"product_cat-1986-fleer-sluggers-vs-pitchers-factory-set","7":"product_shipping_class-versandklasse_b","9":"entry","10":"has-media","12":"first","13":"instock","14":"taxable","15":"shipping-taxable","16":"purchasable","17":"product-type-simple","18":"col","19":"span_1_of_4","20":"owp-content-center","21":"owp-thumbs-layout-horizontal","22":"owp-btn-normal","23":"owp-tabs-layout-horizontal"},"acf":[],"_links":{"self":[{"href":"https:\/\/memorabilia-germany.de\/de\/wp-json\/wp\/v2\/product\/23502","targetHints":{"allow":["GET"]}}],"collection":[{"href":"https:\/\/memorabilia-germany.de\/de\/wp-json\/wp\/v2\/product"}],"about":[{"href":"https:\/\/memorabilia-germany.de\/de\/wp-json\/wp\/v2\/types\/product"}],"version-history":[{"count":0,"href":"https:\/\/memorabilia-germany.de\/de\/wp-json\/wp\/v2\/product\/23502\/revisions"}],"wp:featuredmedia":[{"embeddable":true,"href":"https:\/\/memorabilia-germany.de\/de\/wp-json\/wp\/v2\/media\/23478"}],"wp:attachment":[{"href":"https:\/\/memorabilia-germany.de\/de\/wp-json\/wp\/v2\/media?parent=23502"}],"wp:term":[{"taxonomy":"product_brand","embeddable":true,"href":"https:\/\/memorabilia-germany.de\/de\/wp-json\/wp\/v2\/product_brand?post=23502"},{"taxonomy":"product_cat","embeddable":true,"href":"https:\/\/memorabilia-germany.de\/de\/wp-json\/wp\/v2\/product_cat?post=23502"},{"taxonomy":"product_tag","embeddable":true,"href":"https:\/\/memorabilia-germany.de\/de\/wp-json\/wp\/v2\/product_tag?post=23502"}],"curies":[{"name":"wp","href":"https:\/\/api.w.org\/{rel}","templated":true}]}}