{"id":22446,"date":"2022-08-26T15:47:58","date_gmt":"2022-08-26T13:47:58","guid":{"rendered":"https:\/\/memorabilia-germany.de\/?post_type=product&#038;p=22446"},"modified":"2025-05-12T12:45:30","modified_gmt":"2025-05-12T10:45:30","slug":"star-trek-mystery-box-starfleet-series","status":"publish","type":"product","link":"https:\/\/memorabilia-germany.de\/de\/produkt\/star-trek-mystery-box-starfleet-series\/","title":{"rendered":"Star Trek Mystery Box: STARFLEET SERIES"},"content":{"rendered":"<p><strong>Weitere Informationen zu dieser Star Trek Mystery Box Serie:<\/strong><\/p>\n<ul style=\"list-style-type: square;\">\n<li>Memorabilia mit Autogrammen von mehreren Stars (2 oder mehr) in dieser Serie enthalten!<\/li>\n<li>Die Artikel wurden per Zufallsprinzip auf die Boxen verteilt.<\/li>\n<li>Alle Memorabilia in einer Star Trek Mystery Box wurden von einem der marktf\u00fchrenden US Authenticator verifiziert und kommen mit seriennummerierten Sicherheitsmerkmalen (Certificate of Authenticity und\/oder Sicherheitshologramm). Authenticator sind ausschlie\u00dflich: Beckett, James Spence Authentication, PSA\/DNA oder Fanatics. Mehr Infos zum wichtigen Thema Authentifizierung findet ihr <strong><a href=\"https:\/\/memorabilia-germany.de\/de\/signatur-authentifizierung\/\">hier<\/a><\/strong>.<\/li>\n<li>Bei uns bekommt ihr eine VOLLST\u00c4NDIGE \u00dcbersicht \u00fcber die Liste der Star Trek Stars, die in dieser Serie enthalten sind:<\/li>\n<\/ul>\n<p style=\"text-align: center;\">Leonard Nimoy (Mr. Spock)<br \/>\nWilliam Shatner (Captain James T. Kirk)<br \/>\nPatrick Stewart (Captain Jean-Luc Picard)<br \/>\nDeForest Kelley (Leonard &#8222;Pille&#8220; McCoy)<br \/>\nJonathan Frakes (William Thomas Riker)<br \/>\nGeorge Takei (Hikaru Sulu)<br \/>\nLeVar Burton (Geordi La Forge)<br \/>\nJeri Ryan (Seven of Nine)<br \/>\nWalter Koenig (Pavel Chekov)<br \/>\nNichelle Nichols + Walter Koenig<br \/>\nSonequa Martin-Green (Michael Burnham)<br \/>\nJames Doohan (Montgomery &#8222;Scotty&#8220; Scott)<br \/>\nBrent Spiner (Data)<br \/>\nRicardo Montalb\u00e1n (Khan)<br \/>\nScott Bakula (Captain Jonathan Archer)<br \/>\nAvery Brooks (Captain Benjamin Sisko)<br \/>\nKate Mulgrew (Captain Kathryn Janeway)<br \/>\nNana Visitor (Kira Nerys)<br \/>\nWhoopi Goldberg (Guinan)<br \/>\nMichael Dorn (Worf)<br \/>\nMarina Sirtis (Deanna Troi)<br \/>\nTim Russ (Tuvok)<br \/>\nTerry Farrell (Jadzia Dax)<br \/>\nAlexander Siddig (Julian Subatoi Bashir)<br \/>\nRobert Duncan McNeill (Thomas Eugene Paris)<br \/>\nConnor Trinneer (Charles \u201eTrip\u201c Tucker III)<br \/>\nDenise Crosby (Natasha Yar)<br \/>\nRen\u00e9 Auberjonois (Odo)<br \/>\nRoxann Dawson (B&#8217;Elanna Torres)<br \/>\nJohn de Lancie (Q)<br \/>\nDominic Keating (Malcolm Reed)<br \/>\nGates McFadden (Beverly Crusher)<br \/>\nRobert Beltran (Chakotay)<br \/>\nRobert Picardo (Der Doktor)<br \/>\nNichelle Nichols (Nyota Uhura)<br \/>\nGarrett Wang (Harry Kim)<br \/>\nJohn Billingsley (Phlox)<br \/>\nEthan Phillips (Neelix)<br \/>\nBarbara Baldavin (Angela Martine)<br \/>\nWil Wheaton (Wesley Crusher)<br \/>\nMarc Alaimo (Gul Dukat)<br \/>\nMajel Barrett-Roddenberry (Christine Chapel)<br \/>\nArmin Shimerman (Quark)<br \/>\nStephen Collins (Commander Willard Decker)\n<\/p>\n<p>Sollte eine Serie mehr als ein Item vom gleichen Star beinhalten, bekommt ihr eine \u201eNo Double Option\u201c. Das hei\u00dft, dass ihr mit Sicherheit keinen Star doppelt erhaltet, wenn ihr mehr als eine Box kauft.<\/p>\n<p>Wie funktioniert eine Star Trek Mystery Box?<br \/>\nInfos dazu findet ihr in unseren <strong><a href=\"https:\/\/memorabilia-germany.de\/de\/sport-memorabilia-faq\/#memorabilia-mystery-box\"><u>FAQ<\/u><\/a><\/strong>!<\/p>\n<p>Mehr Autogramme von Stars aus Hollywood findest du <strong><a href=\"https:\/\/memorabilia-germany.de\/de\/entertainment-memorabilia\/\"><u>hier<\/u><\/a><\/strong>!<\/p>\n","protected":false},"excerpt":{"rendered":"<p><strong>Alle <a href=\"https:\/\/memorabilia-germany.de\/de\/sport-memorabilia-faq\/#memorabilia-mystery-box\"><u>Mystery Boxen<\/u><\/a> enthalten signierte Fanartikel wie Uniformen, Phaser oder XL Fotografien mit authentifizierten Autogrammen der Stars aus dem Star Trek Universum. Vom originalen <strong>\u201eRaumschiff Enterprise\u201c<\/strong> \u00fcber die <strong>\u201eNext Generation\u201c<\/strong> bis hin zu \u201eDeep Space Nine\u201c oder \u201eRaumschiff Voyager\u201c haben wir alles dabei!<\/strong><\/p>\n<p><strong>Als Tribute an die deutsche Erstausstrahlung der \u201eOriginal Series\u201c im Jahr 1972 ist diese Serie auf insgesamt 72 Star Trek Mystery Boxen limitiert. Jede Box hat eine Seriennummer. Finde Boxen mit seltenen Autogrammen von Leonard Nimoy (\u201eMr. Spock\u201c), William Shatner (\u201eCaptain Kirk\u201c), Patrick Stewart (\u201eCaptain Picard\u201c) oder Jeri Ryan (\u201eSeven of Nine\u201c) in dieser Serie!<\/strong><\/p>\n<p><strong>Schnell\u00fcbersicht:<\/strong><\/p>\n<ul style=\"list-style-type: square;\">\n<li>Inhalt jeder Box: mind. 1 signierter Star Trek Fanartikel oder XL Fotografie mit Star Trek Motiv (Gr\u00f6\u00dfe 20,3&#215;25,4cm oder gr\u00f6\u00dfer).<\/li>\n<li>Fanartikel in dieser Serie sind Items wie signierte Star Trek Fotografien, Uniformen, Comics, Skripte oder Action Figuren. Die Bilder gestatten euch einen kleinen Einblick in das Geheimnis der Serie!<\/li>\n<li>Finde einen von William Shatner signierten Phaser in dieser Serie!<\/li>\n<li>Alle Items sind von mindestens einem Schauspieler aus dem Star Trek Universum signiert (Liste siehe unten). Viele Items sind zudem mit Inscriptions der Stars versehen!<\/li>\n<li>Authentifizierung der Autogramme (ausschlie\u00dflich): <strong><a href=\"https:\/\/memorabilia-germany.de\/de\/signatur-authentifizierung\/#signatur-authentifizierung-beckett\">Beckett<\/a><\/strong>, <strong><a href=\"https:\/\/memorabilia-germany.de\/de\/signatur-authentifizierung\/#signatur-authentifizierung-james-spence\">James Spence Authentication<\/a><\/strong>, <strong><a href=\"https:\/\/memorabilia-germany.de\/de\/signatur-authentifizierung\/#signatur-authentifizierung-psa-dna\">PSA\/DNA<\/a><\/strong> oder <strong><a href=\"https:\/\/memorabilia-germany.de\/de\/signatur-authentifizierung\/#signatur-authentifizierung-fanatics\">Fanatics<\/a><\/strong>.<\/li>\n<\/ul>\n","protected":false},"featured_media":22432,"template":"","meta":{"_acf_changed":false,"ocean_post_layout":"","ocean_both_sidebars_style":"","ocean_both_sidebars_content_width":0,"ocean_both_sidebars_sidebars_width":0,"ocean_sidebar":"0","ocean_second_sidebar":"0","ocean_disable_margins":"enable","ocean_add_body_class":"","ocean_shortcode_before_top_bar":"","ocean_shortcode_after_top_bar":"","ocean_shortcode_before_header":"","ocean_shortcode_after_header":"","ocean_has_shortcode":"","ocean_shortcode_after_title":"","ocean_shortcode_before_footer_widgets":"","ocean_shortcode_after_footer_widgets":"","ocean_shortcode_before_footer_bottom":"","ocean_shortcode_after_footer_bottom":"","ocean_display_top_bar":"default","ocean_display_header":"default","ocean_header_style":"","ocean_center_header_left_menu":"0","ocean_custom_header_template":"0","ocean_custom_logo":0,"ocean_custom_retina_logo":0,"ocean_custom_logo_max_width":0,"ocean_custom_logo_tablet_max_width":0,"ocean_custom_logo_mobile_max_width":0,"ocean_custom_logo_max_height":0,"ocean_custom_logo_tablet_max_height":0,"ocean_custom_logo_mobile_max_height":0,"ocean_header_custom_menu":"0","ocean_menu_typo_font_family":"0","ocean_menu_typo_font_subset":"","ocean_menu_typo_font_size":0,"ocean_menu_typo_font_size_tablet":0,"ocean_menu_typo_font_size_mobile":0,"ocean_menu_typo_font_size_unit":"px","ocean_menu_typo_font_weight":"","ocean_menu_typo_font_weight_tablet":"","ocean_menu_typo_font_weight_mobile":"","ocean_menu_typo_transform":"","ocean_menu_typo_transform_tablet":"","ocean_menu_typo_transform_mobile":"","ocean_menu_typo_line_height":0,"ocean_menu_typo_line_height_tablet":0,"ocean_menu_typo_line_height_mobile":0,"ocean_menu_typo_line_height_unit":"","ocean_menu_typo_spacing":0,"ocean_menu_typo_spacing_tablet":0,"ocean_menu_typo_spacing_mobile":0,"ocean_menu_typo_spacing_unit":"","ocean_menu_link_color":"","ocean_menu_link_color_hover":"","ocean_menu_link_color_active":"","ocean_menu_link_background":"","ocean_menu_link_hover_background":"","ocean_menu_link_active_background":"","ocean_menu_social_links_bg":"","ocean_menu_social_hover_links_bg":"","ocean_menu_social_links_color":"","ocean_menu_social_hover_links_color":"","ocean_disable_title":"default","ocean_disable_heading":"default","ocean_post_title":"","ocean_post_subheading":"","ocean_post_title_style":"","ocean_post_title_background_color":"","ocean_post_title_background":0,"ocean_post_title_bg_image_position":"","ocean_post_title_bg_image_attachment":"","ocean_post_title_bg_image_repeat":"","ocean_post_title_bg_image_size":"","ocean_post_title_height":0,"ocean_post_title_bg_overlay":0.5,"ocean_post_title_bg_overlay_color":"","ocean_disable_breadcrumbs":"default","ocean_breadcrumbs_color":"","ocean_breadcrumbs_separator_color":"","ocean_breadcrumbs_links_color":"","ocean_breadcrumbs_links_hover_color":"","ocean_display_footer_widgets":"default","ocean_display_footer_bottom":"default","ocean_custom_footer_template":"0","ofc_enable_fullscreen":"disable","ofc_fullscreen_speed":0,"ofc_fullscreen_nav":"enable","ofc_fullscreen_nav_pos":"right","ofc_fullscreen_nav_color":"","ofc_fullscreen_nav_tooltip_color":"","ofc_fullscreen_responsive":0},"product_brand":[],"product_cat":[842],"product_tag":[],"class_list":{"0":"post-22446","1":"product","2":"type-product","3":"status-publish","4":"has-post-thumbnail","6":"product_cat-star-trek-mystery-box-starfleet-series","7":"product_shipping_class-versandklasse_a","9":"entry","10":"has-media","12":"first","13":"outofstock","14":"taxable","15":"shipping-taxable","16":"purchasable","17":"product-type-simple","18":"col","19":"span_1_of_4","20":"owp-content-center","21":"owp-thumbs-layout-horizontal","22":"owp-btn-normal","23":"owp-tabs-layout-horizontal"},"acf":[],"_links":{"self":[{"href":"https:\/\/memorabilia-germany.de\/de\/wp-json\/wp\/v2\/product\/22446","targetHints":{"allow":["GET"]}}],"collection":[{"href":"https:\/\/memorabilia-germany.de\/de\/wp-json\/wp\/v2\/product"}],"about":[{"href":"https:\/\/memorabilia-germany.de\/de\/wp-json\/wp\/v2\/types\/product"}],"version-history":[{"count":0,"href":"https:\/\/memorabilia-germany.de\/de\/wp-json\/wp\/v2\/product\/22446\/revisions"}],"wp:featuredmedia":[{"embeddable":true,"href":"https:\/\/memorabilia-germany.de\/de\/wp-json\/wp\/v2\/media\/22432"}],"wp:attachment":[{"href":"https:\/\/memorabilia-germany.de\/de\/wp-json\/wp\/v2\/media?parent=22446"}],"wp:term":[{"taxonomy":"product_brand","embeddable":true,"href":"https:\/\/memorabilia-germany.de\/de\/wp-json\/wp\/v2\/product_brand?post=22446"},{"taxonomy":"product_cat","embeddable":true,"href":"https:\/\/memorabilia-germany.de\/de\/wp-json\/wp\/v2\/product_cat?post=22446"},{"taxonomy":"product_tag","embeddable":true,"href":"https:\/\/memorabilia-germany.de\/de\/wp-json\/wp\/v2\/product_tag?post=22446"}],"curies":[{"name":"wp","href":"https:\/\/api.w.org\/{rel}","templated":true}]}}