{"id":22113,"date":"2022-08-23T16:12:46","date_gmt":"2022-08-23T14:12:46","guid":{"rendered":"https:\/\/memorabilia-germany.de\/?post_type=product&#038;p=22113"},"modified":"2024-10-15T16:09:33","modified_gmt":"2024-10-15T14:09:33","slug":"xxl-football-mystery-box-go-big-or-go-home-box-5-items-in-jeder-box","status":"publish","type":"product","link":"https:\/\/memorabilia-germany.de\/de\/produkt\/xxl-football-mystery-box-go-big-or-go-home-box-5-items-in-jeder-box\/","title":{"rendered":"XXL Football Mystery Box: GO BIG OR GO HOME BOX (5 Items in jeder Box)"},"content":{"rendered":"\t\t<div data-elementor-type=\"product-post\" data-elementor-id=\"22113\" class=\"elementor elementor-22113\" data-elementor-post-type=\"product\">\n\t\t\t\t\t\t<section class=\"elementor-section elementor-top-section elementor-element elementor-element-5de8f56c elementor-section-boxed elementor-section-height-default elementor-section-height-default\" data-id=\"5de8f56c\" data-element_type=\"section\" data-e-type=\"section\">\n\t\t\t\t\t\t<div class=\"elementor-container elementor-column-gap-default\">\n\t\t\t\t\t<div class=\"elementor-column elementor-col-100 elementor-top-column elementor-element elementor-element-5befde5d\" data-id=\"5befde5d\" data-element_type=\"column\" data-e-type=\"column\">\n\t\t\t<div class=\"elementor-widget-wrap elementor-element-populated\">\n\t\t\t\t\t\t<div class=\"elementor-element elementor-element-20992181 elementor-widget elementor-widget-text-editor\" data-id=\"20992181\" data-element_type=\"widget\" data-e-type=\"widget\" data-widget_type=\"text-editor.default\">\n\t\t\t\t<div class=\"elementor-widget-container\">\n\t\t\t\t\t\t\t\t\t<strong>Weitere Informationen zu dieser XXL Football Mystery Box Serie :<\/strong>\n<ul style=\"list-style-type: square;\">\n \t<li>ALLE Boxen dieser Serie enthalten Riddell Limited Edition Mini Helme aus Editionen wie: \u201eEclipse Series\u201c, \u201eLunar Eclipse Series\u201c, \u201eCamo\u201c, \u201eFlash\u201c \u201eAMP\u201c, \u201eMatte White\u201c, \u201eMatte Black\u201c. Alle Mini Helme sind Helme von NFL Teams.<\/li>\n \t<li>Die Items wurden per Zufallsprinzip auf die Boxen verteilt.<\/li>\n \t<li>Alle Memorabilia in einer XXL Football Mystery Box wurden von einem der marktf\u00fchrenden US Authenticator verifiziert und kommen mit seriennummerierten Sicherheitsmerkmalen (Certificate of Authenticity und\/oder Sicherheitshologramm). Authenticator sind ausschlie\u00dflich: Beckett, James Spence Authentication, PSA\/DNA oder Fanatics. Mehr Infos zum wichtigen Thema Authentifizierung findet ihr <strong><a href=\"https:\/\/memorabilia-germany.de\/de\/signatur-authentifizierung\/\">hier<\/a><\/strong>.<\/li>\n \t<li>Bei uns bekommt ihr eine VOLLST\u00c4NDIGE \u00dcbersicht \u00fcber die Liste der Spieler, deren Items in dieser Mystery Box Serie enthalten sind:<\/li>\n<\/ul>\n<ul style=\"text-align: center;\">\n \t<li style=\"list-style-type: none;\">\n<ul style=\"text-align: center;\">\n \t<li>Joe Burrow<\/li>\n \t<li>Dan Marino<\/li>\n \t<li>Emmitt Smith<\/li>\n \t<li>Joe Montana<\/li>\n \t<li>Dak Prescott<\/li>\n \t<li>Cooper Kupp<\/li>\n \t<li>Kyler Murray<\/li>\n \t<li>George Kittle<\/li>\n \t<li>Travis Kelce<\/li>\n \t<li>Christian McCaffrey<\/li>\n \t<li>D.K. Metcalf<\/li>\n \t<li>Trey Lance<\/li>\n \t<li>Aidan Hutchinson<\/li>\n \t<li>Davante Adams<\/li>\n \t<li>Deshaun Watson<\/li>\n \t<li>Tyler Lockett<\/li>\n \t<li>Ray Lewis<\/li>\n \t<li>Joey Bosa<\/li>\n \t<li>Nick Bosa<\/li>\n \t<li>Aaron Donald<\/li>\n \t<li>Daniel Jones<\/li>\n \t<li>Alvin Kamara<\/li>\n \t<li>Mike Singletary<\/li>\n \t<li>Amari Cooper<\/li>\n \t<li>Jalen Hurts<\/li>\n \t<li>Tyreek Hill<\/li>\n \t<li>Justin Jefferson<\/li>\n \t<li>D.J. Moore<\/li>\n \t<li>Antonio Brown<\/li>\n \t<li>Aaron Jones<\/li>\n \t<li>Tua Tagovailoa<\/li>\n \t<li>Greg Olsen<\/li>\n \t<li>Kirk Cousins<\/li>\n \t<li>Minkah Fitzpatrick<\/li>\n \t<li>Deebo Samuel<\/li>\n \t<li>Ricky Williams<\/li>\n \t<li>Sterling Shepard<\/li>\n \t<li>Bob Griese<\/li>\n \t<li>Daunte Culpepper<\/li>\n \t<li>Thurman Thomas<\/li>\n \t<li>Joe Theismann<\/li>\n \t<li>Noah Fant<\/li>\n \t<li>Jerry Jeudy<\/li>\n \t<li>Bruce Matthews<\/li>\n \t<li>Odell Beckham Jr.<\/li>\n \t<li>Kyle \u201cJuice\u201d Juszczyk<\/li>\n \t<li>Clyde Edwards-Helaire<\/li>\n \t<li>Trevon Diggs<\/li>\n \t<li>Cameron Heyward<\/li>\n \t<li>Keenan Allen<\/li>\n \t<li>Cam Akers<\/li>\n \t<li>Marquez Valdes-Scantling<\/li>\n \t<li>Miles Sanders<\/li>\n \t<li>Hunter Renfrow<\/li>\n \t<li>Darius Leonard<\/li>\n \t<li>Michael Vick<\/li>\n \t<li>Tony Boselli<\/li>\n \t<li>Daunte Culpepper<\/li>\n \t<li>Cole Kmet<\/li>\n \t<li>TJ Watt<\/li>\n<\/ul>\n<\/li>\n<\/ul>\n<p><br>\nSollte eine Serie mehr als ein Football Memorabilia vom gleichen Spieler beinhalten, bekommt ihr eine \u201eNo Double Option\u201c. <br>Das hei\u00dft, dass ihr mit Sicherheit keinen Spieler doppelt erhaltet, wenn ihr mehr als eine Box kauft.<br><\/p><p> Innerhalb der XXL Boxen sind die Items ohnehin immer von 5 verschiedenen NFL Stars signiert.<\/p>\n<p>\nWie funktioniert eine XXL Football Mystery Box?<\/p>\n<p>Infos dazu findet ihr in unseren <strong><a href=\"https:\/\/memorabilia-germany.de\/de\/sport-memorabilia-faq\/#memorabilia-mystery-box\"><u>FAQ<\/u><\/a><\/strong>!<\/p>\n\n<p>Was ist der Unterschied zwischen Custom Trikots und Authentic Trikots?<\/p>\n<p>Infos dazu findet ihr in unseren <strong><a href=\"https:\/\/memorabilia-germany.de\/de\/sport-memorabilia-faq\/#faq-trikot-arten\"><u>FAQ<\/u><\/a><\/strong>!<\/p>\n\nMehr Football Memorabilia findest du <strong><a href=\"https:\/\/memorabilia-germany.de\/de\/football-memorabilia\"><u>hier<\/u><\/a><\/strong>!\t\t\t\t\t\t\t\t<\/div>\n\t\t\t\t<\/div>\n\t\t\t\t\t<\/div>\n\t\t<\/div>\n\t\t\t\t\t<\/div>\n\t\t<\/section>\n\t\t\t\t<\/div>\n\t\t","protected":false},"excerpt":{"rendered":"<p><strong>Die Kr\u00f6nung der Mystery Boxen. Diese Serie ist auf insgesamt lediglich 30 XXL Football <a href=\"https:\/\/memorabilia-germany.de\/de\/sport-memorabilia-faq\/#memorabilia-mystery-box\"><u>Mystery Boxen<\/u><\/a> limitiert. Jede Box enth\u00e4lt gleich <u>F\u00dcNF<\/u> Football Memorabilia aus der Welt der NFL! Finde Limited Edition Mini Helme, signierte B\u00e4lle und Jerseys von NFL Legenden wie Dan Marino oder Emmitt Smith und aktuellen NFL Superstars wie Joe Burrow, Cooper Kupp oder Travis Kelce in dieser Serie!<\/strong><\/p>\n<p><strong>Schnell\u00fcbersicht:<\/strong><\/p>\n<ul style=\"list-style-type: square;\">\n<li>Inhalt jeder Box:\n<ul style=\"list-style-type: square;\">\n<li>2 signierte und lizenzierte NFL Mini Helme aus einer Riddell Limited Edition<\/li>\n<li>2 signierte Full Size Footballs von Wilson oder Rawlings<\/li>\n<li>1 signiertes Custom Football Jersey<\/li>\n<\/ul>\n<\/li>\n<li>Alle Items sind von einem aktuellen NFL Star oder einer NFL Legende signiert. Dar\u00fcber hinaus sind viele Helme zus\u00e4tzlich mit Inscriptions der Spieler signiert!<\/li>\n<li><strong>ALLE<\/strong> Helme dieser Serie sind Limited Edition NFL Helme (weitere Infos siehe unten)<\/li>\n<li>Authentifizierung der Autogramme (ausschlie\u00dflich): <strong><a href=\"https:\/\/memorabilia-germany.de\/de\/signatur-authentifizierung\/#signatur-authentifizierung-beckett\">Beckett<\/a><\/strong>, <strong><a href=\"https:\/\/memorabilia-germany.de\/de\/signatur-authentifizierung\/#signatur-authentifizierung-james-spence\">James Spence Authentication<\/a><\/strong>, <strong><a href=\"https:\/\/memorabilia-germany.de\/de\/signatur-authentifizierung\/#signatur-authentifizierung-psa-dna\">PSA\/DNA<\/a><\/strong> oder <strong><a href=\"https:\/\/memorabilia-germany.de\/de\/signatur-authentifizierung\/#signatur-authentifizierung-fanatics\">Fanatics<\/a><\/strong>.<\/li>\n<\/ul>\n","protected":false},"featured_media":22099,"template":"","meta":{"_acf_changed":false,"ocean_post_layout":"","ocean_both_sidebars_style":"","ocean_both_sidebars_content_width":0,"ocean_both_sidebars_sidebars_width":0,"ocean_sidebar":"0","ocean_second_sidebar":"0","ocean_disable_margins":"enable","ocean_add_body_class":"","ocean_shortcode_before_top_bar":"","ocean_shortcode_after_top_bar":"","ocean_shortcode_before_header":"","ocean_shortcode_after_header":"","ocean_has_shortcode":"","ocean_shortcode_after_title":"","ocean_shortcode_before_footer_widgets":"","ocean_shortcode_after_footer_widgets":"","ocean_shortcode_before_footer_bottom":"","ocean_shortcode_after_footer_bottom":"","ocean_display_top_bar":"default","ocean_display_header":"default","ocean_header_style":"","ocean_center_header_left_menu":"0","ocean_custom_header_template":"0","ocean_custom_logo":0,"ocean_custom_retina_logo":0,"ocean_custom_logo_max_width":0,"ocean_custom_logo_tablet_max_width":0,"ocean_custom_logo_mobile_max_width":0,"ocean_custom_logo_max_height":0,"ocean_custom_logo_tablet_max_height":0,"ocean_custom_logo_mobile_max_height":0,"ocean_header_custom_menu":"0","ocean_menu_typo_font_family":"0","ocean_menu_typo_font_subset":"","ocean_menu_typo_font_size":0,"ocean_menu_typo_font_size_tablet":0,"ocean_menu_typo_font_size_mobile":0,"ocean_menu_typo_font_size_unit":"px","ocean_menu_typo_font_weight":"","ocean_menu_typo_font_weight_tablet":"","ocean_menu_typo_font_weight_mobile":"","ocean_menu_typo_transform":"","ocean_menu_typo_transform_tablet":"","ocean_menu_typo_transform_mobile":"","ocean_menu_typo_line_height":0,"ocean_menu_typo_line_height_tablet":0,"ocean_menu_typo_line_height_mobile":0,"ocean_menu_typo_line_height_unit":"","ocean_menu_typo_spacing":0,"ocean_menu_typo_spacing_tablet":0,"ocean_menu_typo_spacing_mobile":0,"ocean_menu_typo_spacing_unit":"","ocean_menu_link_color":"","ocean_menu_link_color_hover":"","ocean_menu_link_color_active":"","ocean_menu_link_background":"","ocean_menu_link_hover_background":"","ocean_menu_link_active_background":"","ocean_menu_social_links_bg":"","ocean_menu_social_hover_links_bg":"","ocean_menu_social_links_color":"","ocean_menu_social_hover_links_color":"","ocean_disable_title":"default","ocean_disable_heading":"default","ocean_post_title":"","ocean_post_subheading":"","ocean_post_title_style":"","ocean_post_title_background_color":"","ocean_post_title_background":0,"ocean_post_title_bg_image_position":"","ocean_post_title_bg_image_attachment":"","ocean_post_title_bg_image_repeat":"","ocean_post_title_bg_image_size":"","ocean_post_title_height":0,"ocean_post_title_bg_overlay":0.5,"ocean_post_title_bg_overlay_color":"","ocean_disable_breadcrumbs":"default","ocean_breadcrumbs_color":"","ocean_breadcrumbs_separator_color":"","ocean_breadcrumbs_links_color":"","ocean_breadcrumbs_links_hover_color":"","ocean_display_footer_widgets":"default","ocean_display_footer_bottom":"default","ocean_custom_footer_template":"0","ofc_enable_fullscreen":"disable","ofc_fullscreen_speed":0,"ofc_fullscreen_nav":"enable","ofc_fullscreen_nav_pos":"right","ofc_fullscreen_nav_color":"","ofc_fullscreen_nav_tooltip_color":"","ofc_fullscreen_responsive":0},"product_brand":[],"product_cat":[840],"product_tag":[],"class_list":{"0":"post-22113","1":"product","2":"type-product","3":"status-publish","4":"has-post-thumbnail","6":"product_cat-xxl-football-mystery-box-go-big-or-go-home-box-5-items-in-jeder-box","7":"product_shipping_class-versandklasse_a","9":"entry","10":"has-media","12":"first","13":"instock","14":"taxable","15":"shipping-taxable","16":"purchasable","17":"product-type-simple","18":"col","19":"span_1_of_4","20":"owp-content-center","21":"owp-thumbs-layout-horizontal","22":"owp-btn-normal","23":"owp-tabs-layout-horizontal"},"acf":[],"_links":{"self":[{"href":"https:\/\/memorabilia-germany.de\/de\/wp-json\/wp\/v2\/product\/22113","targetHints":{"allow":["GET"]}}],"collection":[{"href":"https:\/\/memorabilia-germany.de\/de\/wp-json\/wp\/v2\/product"}],"about":[{"href":"https:\/\/memorabilia-germany.de\/de\/wp-json\/wp\/v2\/types\/product"}],"version-history":[{"count":0,"href":"https:\/\/memorabilia-germany.de\/de\/wp-json\/wp\/v2\/product\/22113\/revisions"}],"wp:featuredmedia":[{"embeddable":true,"href":"https:\/\/memorabilia-germany.de\/de\/wp-json\/wp\/v2\/media\/22099"}],"wp:attachment":[{"href":"https:\/\/memorabilia-germany.de\/de\/wp-json\/wp\/v2\/media?parent=22113"}],"wp:term":[{"taxonomy":"product_brand","embeddable":true,"href":"https:\/\/memorabilia-germany.de\/de\/wp-json\/wp\/v2\/product_brand?post=22113"},{"taxonomy":"product_cat","embeddable":true,"href":"https:\/\/memorabilia-germany.de\/de\/wp-json\/wp\/v2\/product_cat?post=22113"},{"taxonomy":"product_tag","embeddable":true,"href":"https:\/\/memorabilia-germany.de\/de\/wp-json\/wp\/v2\/product_tag?post=22113"}],"curies":[{"name":"wp","href":"https:\/\/api.w.org\/{rel}","templated":true}]}}