{"id":20910,"date":"2022-07-30T14:36:42","date_gmt":"2022-07-30T12:36:42","guid":{"rendered":"https:\/\/memorabilia-germany.de\/?post_type=product&#038;p=20910"},"modified":"2026-03-28T23:12:51","modified_gmt":"2026-03-28T22:12:51","slug":"david-thompson-basketball-showcase-denver-nuggets-signierter-basketball-game-ball-series","status":"publish","type":"product","link":"https:\/\/memorabilia-germany.de\/de\/produkt\/david-thompson-basketball-showcase-denver-nuggets-signierter-basketball-game-ball-series\/","title":{"rendered":"DAVID THOMPSON<\/br>Basketball Showcase (Denver Nuggets)<\/br>signierter Basketball, Game Ball Series"},"content":{"rendered":"","protected":false},"excerpt":{"rendered":"<p><span><strong>Basketball Showcase aus Sicherheitsglas. Signierter Basketball mit NBA Logo von Spalding im Case. Autogramm von Hall of Famer und Michael Jordan\u2019s \u201eAll-Time Lieblingsspieler\u201c David Thompson auf dem Basketball. Alle NBA Autogramme sind authentifiziert und verf\u00fcgen \u00fcber eine Seriennummer. Weitere Infos siehe unten.<\/strong><\/span><\/p>\n<ul style=\"list-style-type: square;\">\n<li>Marke des Basketballs: Spalding<\/li>\n<li>Team: Denver Nuggets<\/li>\n<li>Modell: NBA Game Ball Series Basketball, Full Size<\/li>\n<li>Autogramm: David Thompson, schwarzer Farbstift (Hall of Fame Class 1996)<\/li>\n<li>Inscription: \u201eSkywalker\u201c (Spitzname)<\/li>\n<li>Authentifizierung: James Spence Authentication (mit Seriennummer)<\/li>\n<li>Datum\/Ort der Signatur: 28.01.2021 in Charlotte, North Carolina, USA<\/li>\n<li>Background Info: Michael Jordan ehrte David Thompson \u00f6ffentlich in einer Rede und \u00e4u\u00dferte, dass Thompson seine Inspiration als junger Spieler gewesen sei (&#8222;The whole meaning of vertical leap began with David Thompson.&#8220;). Zudem w\u00e4hlte er Thompson als seinen Pr\u00e4sentatoren bei der Aufnahme Jordan\u2019s in die Basketball Hall of Fame.<\/li>\n<li>Dokumente: Sicherheitshologramm auf dem Basketball + Certificate of Authenticity<\/li>\n<li>Zertifikatsstatus: Witnessed Protection Program (signiert in der Anwesenheit eines James Spence Experten)<\/li>\n<li>Gr\u00f6\u00dfe Showcase: circa 28 x 27,5 x 31 cm<\/li>\n<li>Trading Card &amp; Ball-Halterung enthalten<\/li>\n<li>Der Basketball kommt mit einem Basketball Showcase zu Ausstellungszwecken; das Showcase ist von massiver und robuster Qualit\u00e4t. Das Glas ist aus Acryl, der Boden und die R\u00fcckwand sind schwarz gehalten, um den Basketball ideal zur Geltung zu bringen. Das Showcase ist wertig verschraubt und schlie\u00dft komplett. Der Ballhalter ist ebenfalls von massiver Qualit\u00e4t. Das Name Plate an der Vorderseite ist aus Aluminium.<\/li>\n<li>Jeder signierte Basketball wird von einem der marktf\u00fchrenden US Authenticator verifiziert und kommt mit seriennummerierten Sicherheitsmerkmalen, die die Echtheit des Autogramms best\u00e4tigen (Certificate of Authenticity und\/oder Sicherheitshologramm). Authenticator von NBA Autogrammen sind bei <strong><a href=\"https:\/\/memorabilia-germany.de\/de\/wir-memorabilia-germany\/\">Memorabilia Germany<\/a><\/strong> ausschlie\u00dflich: <strong><a href=\"https:\/\/memorabilia-germany.de\/de\/signatur-authentifizierung\/#signatur-authentifizierung-beckett\">Beckett<\/a><\/strong>, <strong><a href=\"https:\/\/memorabilia-germany.de\/de\/signatur-authentifizierung\/#signatur-authentifizierung-james-spence\">James Spence Authentication<\/a><\/strong>, <strong><a href=\"https:\/\/memorabilia-germany.de\/de\/signatur-authentifizierung\/#signatur-authentifizierung-psa-dna\">PSA\/DNA<\/a><\/strong> oder <strong><a href=\"https:\/\/memorabilia-germany.de\/de\/signatur-authentifizierung\/#signatur-authentifizierung-fanatics\">Fanatics<\/a><\/strong>. Mehr Infos zum wichtigen Thema Authentifizierung findet ihr <strong><a href=\"https:\/\/memorabilia-germany.de\/de\/signatur-authentifizierung\/\">hier<\/a><\/strong>.<\/li>\n<\/ul>\n<p>Mehr Basketball Showcases findest du <strong><a href=\"https:\/\/memorabilia-germany.de\/de\/produkt-kategorie\/basketball-memorabilia\/basketball-showcase\/\">hier<\/a><\/strong>.<\/p>\n","protected":false},"featured_media":20891,"template":"","meta":{"_acf_changed":false,"ocean_post_layout":"","ocean_both_sidebars_style":"","ocean_both_sidebars_content_width":0,"ocean_both_sidebars_sidebars_width":0,"ocean_sidebar":"0","ocean_second_sidebar":"0","ocean_disable_margins":"enable","ocean_add_body_class":"","ocean_shortcode_before_top_bar":"","ocean_shortcode_after_top_bar":"","ocean_shortcode_before_header":"","ocean_shortcode_after_header":"","ocean_has_shortcode":"","ocean_shortcode_after_title":"","ocean_shortcode_before_footer_widgets":"","ocean_shortcode_after_footer_widgets":"","ocean_shortcode_before_footer_bottom":"","ocean_shortcode_after_footer_bottom":"","ocean_display_top_bar":"default","ocean_display_header":"default","ocean_header_style":"","ocean_center_header_left_menu":"0","ocean_custom_header_template":"0","ocean_custom_logo":0,"ocean_custom_retina_logo":0,"ocean_custom_logo_max_width":0,"ocean_custom_logo_tablet_max_width":0,"ocean_custom_logo_mobile_max_width":0,"ocean_custom_logo_max_height":0,"ocean_custom_logo_tablet_max_height":0,"ocean_custom_logo_mobile_max_height":0,"ocean_header_custom_menu":"0","ocean_menu_typo_font_family":"0","ocean_menu_typo_font_subset":"","ocean_menu_typo_font_size":0,"ocean_menu_typo_font_size_tablet":0,"ocean_menu_typo_font_size_mobile":0,"ocean_menu_typo_font_size_unit":"px","ocean_menu_typo_font_weight":"","ocean_menu_typo_font_weight_tablet":"","ocean_menu_typo_font_weight_mobile":"","ocean_menu_typo_transform":"","ocean_menu_typo_transform_tablet":"","ocean_menu_typo_transform_mobile":"","ocean_menu_typo_line_height":0,"ocean_menu_typo_line_height_tablet":0,"ocean_menu_typo_line_height_mobile":0,"ocean_menu_typo_line_height_unit":"","ocean_menu_typo_spacing":0,"ocean_menu_typo_spacing_tablet":0,"ocean_menu_typo_spacing_mobile":0,"ocean_menu_typo_spacing_unit":"","ocean_menu_link_color":"","ocean_menu_link_color_hover":"","ocean_menu_link_color_active":"","ocean_menu_link_background":"","ocean_menu_link_hover_background":"","ocean_menu_link_active_background":"","ocean_menu_social_links_bg":"","ocean_menu_social_hover_links_bg":"","ocean_menu_social_links_color":"","ocean_menu_social_hover_links_color":"","ocean_disable_title":"default","ocean_disable_heading":"default","ocean_post_title":"","ocean_post_subheading":"","ocean_post_title_style":"","ocean_post_title_background_color":"","ocean_post_title_background":0,"ocean_post_title_bg_image_position":"","ocean_post_title_bg_image_attachment":"","ocean_post_title_bg_image_repeat":"","ocean_post_title_bg_image_size":"","ocean_post_title_height":0,"ocean_post_title_bg_overlay":0.5,"ocean_post_title_bg_overlay_color":"","ocean_disable_breadcrumbs":"default","ocean_breadcrumbs_color":"","ocean_breadcrumbs_separator_color":"","ocean_breadcrumbs_links_color":"","ocean_breadcrumbs_links_hover_color":"","ocean_display_footer_widgets":"default","ocean_display_footer_bottom":"default","ocean_custom_footer_template":"0","ofc_enable_fullscreen":"disable","ofc_fullscreen_speed":0,"ofc_fullscreen_nav":"enable","ofc_fullscreen_nav_pos":"right","ofc_fullscreen_nav_color":"","ofc_fullscreen_nav_tooltip_color":"","ofc_fullscreen_responsive":0},"product_brand":[],"product_cat":[767],"product_tag":[],"class_list":{"0":"post-20910","1":"product","2":"type-product","3":"status-publish","4":"has-post-thumbnail","6":"product_cat-david-thompson-basketball-showcase-denver-nuggets-signierter-basketball-game-ball-series","7":"product_shipping_class-versandklasse_a","9":"entry","10":"has-media","12":"first","13":"outofstock","14":"taxable","15":"shipping-taxable","16":"purchasable","17":"product-type-simple","18":"col","19":"span_1_of_4","20":"owp-content-center","21":"owp-thumbs-layout-horizontal","22":"owp-btn-normal","23":"owp-tabs-layout-horizontal"},"acf":[],"_links":{"self":[{"href":"https:\/\/memorabilia-germany.de\/de\/wp-json\/wp\/v2\/product\/20910","targetHints":{"allow":["GET"]}}],"collection":[{"href":"https:\/\/memorabilia-germany.de\/de\/wp-json\/wp\/v2\/product"}],"about":[{"href":"https:\/\/memorabilia-germany.de\/de\/wp-json\/wp\/v2\/types\/product"}],"version-history":[{"count":0,"href":"https:\/\/memorabilia-germany.de\/de\/wp-json\/wp\/v2\/product\/20910\/revisions"}],"wp:featuredmedia":[{"embeddable":true,"href":"https:\/\/memorabilia-germany.de\/de\/wp-json\/wp\/v2\/media\/20891"}],"wp:attachment":[{"href":"https:\/\/memorabilia-germany.de\/de\/wp-json\/wp\/v2\/media?parent=20910"}],"wp:term":[{"taxonomy":"product_brand","embeddable":true,"href":"https:\/\/memorabilia-germany.de\/de\/wp-json\/wp\/v2\/product_brand?post=20910"},{"taxonomy":"product_cat","embeddable":true,"href":"https:\/\/memorabilia-germany.de\/de\/wp-json\/wp\/v2\/product_cat?post=20910"},{"taxonomy":"product_tag","embeddable":true,"href":"https:\/\/memorabilia-germany.de\/de\/wp-json\/wp\/v2\/product_tag?post=20910"}],"curies":[{"name":"wp","href":"https:\/\/api.w.org\/{rel}","templated":true}]}}