{"id":13143,"date":"2022-02-05T15:20:20","date_gmt":"2022-02-05T14:20:20","guid":{"rendered":"https:\/\/memorabilia-germany.de\/?post_type=product&#038;p=13143"},"modified":"2025-03-07T18:45:21","modified_gmt":"2025-03-07T17:45:21","slug":"nick-bosa-showcase-san-francisco-49ers-signierter-nfl-mini-helm-eclipse","status":"publish","type":"product","link":"https:\/\/memorabilia-germany.de\/de\/produkt\/nick-bosa-showcase-san-francisco-49ers-signierter-nfl-mini-helm-eclipse\/","title":{"rendered":"NICK BOSA Showcase (San Francisco 49ers) signierter NFL Mini Helm, Eclipse"},"content":{"rendered":"","protected":false},"excerpt":{"rendered":"<p><span style=\"color: #3c3b6e;\"><strong>NFL Showcase aus Sicherheitsglas mit signiertem NFL Mini Helm der San Francisco 49ers aus der \u201eEclipse\u201c Edition von Riddell. Autogramm von Nick Bosa auf dem Mini Helm. Alle NFL Autogramme sind authentifiziert und verf\u00fcgen \u00fcber eine Seriennummer. Weitere Infos siehe unten.<\/strong><\/span><\/p>\n<ul style=\"list-style-type: square;\">\n<li>Marke des Mini Helms: Riddell, NFL lizensiert<\/li>\n<li>Team: San Francisco 49ers<\/li>\n<li>Modell: Eclipse Alternate Speed NFL Mini Helmet<\/li>\n<li>Autogramm: Nick Bosa, goldener Farbstift<\/li>\n<li>Inscription: \u201e97\u201c (Player Number)<\/li>\n<li>Authentifizierung: Beckett (mit Seriennummer)<\/li>\n<li>Datum\/Ort der Signatur: 22. Juli 2020 in Plantation, Florida, USA<\/li>\n<li>Dokumente: Certificate of Authenticity + Sicherheitshologramm auf dem Mini Helm<\/li>\n<li>Zertifikatsstatus: Witnessed (signiert in der Anwesenheit eines Beckett Experten)<\/li>\n<li>Gr\u00f6\u00dfe Mini Helm: circa 15x11x13cm<\/li>\n<li>Gr\u00f6\u00dfe Showcase: circa 20,5\u00d722,5\u00d727,5cm<\/li>\n<li>Der Mini Helm kommt mit einem Showcase zu Ausstellungszwecken; das Showcase ist von massiver und robuster Qualit\u00e4t. Das Glas ist aus Acryl, der Boden ist schwarz gehalten, um den Mini Helm ideal zur Geltung zu bringen. Das Showcase beinhaltet goldene Sockel, die einen edlen Look erschaffen und schlie\u00dft komplett. Die R\u00fcckwand ist mit einem Spiegel ausgestattet, um den Mini Helm rundherum pr\u00e4sentieren zu k\u00f6nnen. Das Name Plate an der Vorderseite ist aus Aluminium.<\/li>\n<li>Alle signierten NFL Mini Helme werden von einem der marktf\u00fchrenden US Authenticator verifiziert und kommen mit seriennummerierten Sicherheitsmerkmalen, die die Echtheit der Autogramme best\u00e4tigen (Certificate of Authenticity und\/oder Sicherheitshologramm). Authenticator von NFL Autogrammen sind bei <strong><a href=\"https:\/\/memorabilia-germany.de\/de\/wir-memorabilia-germany\/\">Memorabilia Germany<\/a><\/strong> ausschlie\u00dflich: <strong><a href=\"https:\/\/memorabilia-germany.de\/de\/signatur-authentifizierung\/#signatur-authentifizierung-beckett\">Beckett<\/a><\/strong>, <strong><a href=\"https:\/\/memorabilia-germany.de\/de\/signatur-authentifizierung\/#signatur-authentifizierung-james-spence\">James Spence Authentication<\/a><\/strong>, <strong><a href=\"https:\/\/memorabilia-germany.de\/de\/signatur-authentifizierung\/#signatur-authentifizierung-psa-dna\">PSA\/DNA<\/a><\/strong> oder <strong><a href=\"https:\/\/memorabilia-germany.de\/de\/signatur-authentifizierung\/#signatur-authentifizierung-fanatics\">Fanatics<\/a><\/strong>. Mehr Infos zum wichtigen Thema <strong><a href=\"https:\/\/memorabilia-germany.de\/de\/signatur-authentifizierung\/\">Authentifizierung<\/a><\/strong> findet ihr hier.<\/li>\n<\/ul>\n<p>Mehr Football Showcases findest du <strong><a href=\"https:\/\/memorabilia-germany.de\/de\/produkt-kategorie\/football-memorabilia\/football-showcase\/\">hier<\/a><\/strong>.<\/p>\n","protected":false},"featured_media":13098,"template":"","meta":{"_acf_changed":false,"ocean_post_layout":"","ocean_both_sidebars_style":"","ocean_both_sidebars_content_width":0,"ocean_both_sidebars_sidebars_width":0,"ocean_sidebar":"0","ocean_second_sidebar":"0","ocean_disable_margins":"enable","ocean_add_body_class":"","ocean_shortcode_before_top_bar":"","ocean_shortcode_after_top_bar":"","ocean_shortcode_before_header":"","ocean_shortcode_after_header":"","ocean_has_shortcode":"","ocean_shortcode_after_title":"","ocean_shortcode_before_footer_widgets":"","ocean_shortcode_after_footer_widgets":"","ocean_shortcode_before_footer_bottom":"","ocean_shortcode_after_footer_bottom":"","ocean_display_top_bar":"default","ocean_display_header":"default","ocean_header_style":"","ocean_center_header_left_menu":"0","ocean_custom_header_template":"0","ocean_custom_logo":0,"ocean_custom_retina_logo":0,"ocean_custom_logo_max_width":0,"ocean_custom_logo_tablet_max_width":0,"ocean_custom_logo_mobile_max_width":0,"ocean_custom_logo_max_height":0,"ocean_custom_logo_tablet_max_height":0,"ocean_custom_logo_mobile_max_height":0,"ocean_header_custom_menu":"0","ocean_menu_typo_font_family":"0","ocean_menu_typo_font_subset":"","ocean_menu_typo_font_size":0,"ocean_menu_typo_font_size_tablet":0,"ocean_menu_typo_font_size_mobile":0,"ocean_menu_typo_font_size_unit":"px","ocean_menu_typo_font_weight":"","ocean_menu_typo_font_weight_tablet":"","ocean_menu_typo_font_weight_mobile":"","ocean_menu_typo_transform":"","ocean_menu_typo_transform_tablet":"","ocean_menu_typo_transform_mobile":"","ocean_menu_typo_line_height":0,"ocean_menu_typo_line_height_tablet":0,"ocean_menu_typo_line_height_mobile":0,"ocean_menu_typo_line_height_unit":"","ocean_menu_typo_spacing":0,"ocean_menu_typo_spacing_tablet":0,"ocean_menu_typo_spacing_mobile":0,"ocean_menu_typo_spacing_unit":"","ocean_menu_link_color":"","ocean_menu_link_color_hover":"","ocean_menu_link_color_active":"","ocean_menu_link_background":"","ocean_menu_link_hover_background":"","ocean_menu_link_active_background":"","ocean_menu_social_links_bg":"","ocean_menu_social_hover_links_bg":"","ocean_menu_social_links_color":"","ocean_menu_social_hover_links_color":"","ocean_disable_title":"default","ocean_disable_heading":"default","ocean_post_title":"","ocean_post_subheading":"","ocean_post_title_style":"","ocean_post_title_background_color":"","ocean_post_title_background":0,"ocean_post_title_bg_image_position":"","ocean_post_title_bg_image_attachment":"","ocean_post_title_bg_image_repeat":"","ocean_post_title_bg_image_size":"","ocean_post_title_height":0,"ocean_post_title_bg_overlay":0.5,"ocean_post_title_bg_overlay_color":"","ocean_disable_breadcrumbs":"default","ocean_breadcrumbs_color":"","ocean_breadcrumbs_separator_color":"","ocean_breadcrumbs_links_color":"","ocean_breadcrumbs_links_hover_color":"","ocean_display_footer_widgets":"default","ocean_display_footer_bottom":"default","ocean_custom_footer_template":"0","ofc_enable_fullscreen":"disable","ofc_fullscreen_speed":0,"ofc_fullscreen_nav":"enable","ofc_fullscreen_nav_pos":"right","ofc_fullscreen_nav_color":"","ofc_fullscreen_nav_tooltip_color":"","ofc_fullscreen_responsive":0},"product_brand":[],"product_cat":[422],"product_tag":[],"class_list":{"0":"post-13143","1":"product","2":"type-product","3":"status-publish","4":"has-post-thumbnail","6":"product_cat-nick-bosa-showcase-san-francisco-49ers-signierter-nfl-mini-helm-eclipse","7":"product_shipping_class-versandklasse_a","9":"entry","10":"has-media","12":"first","13":"outofstock","14":"taxable","15":"shipping-taxable","16":"purchasable","17":"product-type-simple","18":"col","19":"span_1_of_4","20":"owp-content-center","21":"owp-thumbs-layout-horizontal","22":"owp-btn-normal","23":"owp-tabs-layout-horizontal"},"acf":[],"_links":{"self":[{"href":"https:\/\/memorabilia-germany.de\/de\/wp-json\/wp\/v2\/product\/13143","targetHints":{"allow":["GET"]}}],"collection":[{"href":"https:\/\/memorabilia-germany.de\/de\/wp-json\/wp\/v2\/product"}],"about":[{"href":"https:\/\/memorabilia-germany.de\/de\/wp-json\/wp\/v2\/types\/product"}],"version-history":[{"count":0,"href":"https:\/\/memorabilia-germany.de\/de\/wp-json\/wp\/v2\/product\/13143\/revisions"}],"wp:featuredmedia":[{"embeddable":true,"href":"https:\/\/memorabilia-germany.de\/de\/wp-json\/wp\/v2\/media\/13098"}],"wp:attachment":[{"href":"https:\/\/memorabilia-germany.de\/de\/wp-json\/wp\/v2\/media?parent=13143"}],"wp:term":[{"taxonomy":"product_brand","embeddable":true,"href":"https:\/\/memorabilia-germany.de\/de\/wp-json\/wp\/v2\/product_brand?post=13143"},{"taxonomy":"product_cat","embeddable":true,"href":"https:\/\/memorabilia-germany.de\/de\/wp-json\/wp\/v2\/product_cat?post=13143"},{"taxonomy":"product_tag","embeddable":true,"href":"https:\/\/memorabilia-germany.de\/de\/wp-json\/wp\/v2\/product_tag?post=13143"}],"curies":[{"name":"wp","href":"https:\/\/api.w.org\/{rel}","templated":true}]}}