{"id":11526,"date":"2022-01-30T11:37:49","date_gmt":"2022-01-30T10:37:49","guid":{"rendered":"https:\/\/memorabilia-germany.de\/?post_type=product&#038;p=11526"},"modified":"2024-07-12T16:42:02","modified_gmt":"2024-07-12T14:42:02","slug":"signierte-movie-poster-mystery-box-star-explorer-series","status":"publish","type":"product","link":"https:\/\/memorabilia-germany.de\/de\/produkt\/signierte-movie-poster-mystery-box-star-explorer-series\/","title":{"rendered":"Signierte Movie Poster Mystery Box: STAR EXPLORER SERIES"},"content":{"rendered":"<p><strong>Weitere Informationen zu dieser Movie Poster Mystery Box Serie:<\/strong><\/p>\n<ul style=\"list-style-type: square;\">\n<li>Alle Movie Poster sind auf wertigem Fotopapier gedruckt und entstammen offiziellen Signings der Film- und Serienstars. Die Gr\u00f6\u00dfen der Artikel sind unterschiedlich und bewegen sich zwischen 20x26cm und 31x46cm.<\/li>\n<li>Poster mit Autogrammen von mehreren Stars (2 oder mehr) in dieser Serie enthalten!<\/li>\n<li>Die Movie Poster wurden per Zufallsprinzip auf die Boxen verteilt.<\/li>\n<li>Alle Memorabilia in einer Movie Poster Mystery Box wurden von einem der marktf\u00fchrenden US Authenticator verifiziert und kommen mit seriennummerierten Sicherheitsmerkmalen (Certificate of Authenticity und\/oder Sicherheitshologramm). Authenticator sind ausschlie\u00dflich: Beckett, James Spence Authentication, PSA\/DNA oder Fanatics. Mehr Infos zum wichtigen Thema Authentifizierung findet ihr <strong><a href=\"https:\/\/memorabilia-germany.de\/de\/signatur-authentifizierung\/\">hier<\/a><\/strong>.<\/li>\n<li>Bei uns bekommt ihr eine VOLLST\u00c4NDIGE \u00dcbersicht \u00fcber die Liste der Stars, die in dieser Serie enthalten sind:<\/li>\n<\/ul>\n<p style=\"text-align: center;\">Chris Hemsworth<br \/>\nJennifer Lawrence<br \/>\nMatthew McConaughey<br \/>\nJohnny Depp<br \/>\nHugh Jackman<br \/>\nStar Wars Solo Crew Signed<br \/>\nPeter Jackson<br \/>\nJohn Cena<br \/>\nJamie Foxx<br \/>\nSusan Sarandon<br \/>\nGiancarlo Esposito<br \/>\nPaul Bettany<br \/>\nEddie Redmayne<br \/>\nFelicity Jones<br \/>\nEzra Miller<br \/>\nDolph Lundgren<br \/>\nBenicio del Toro<br \/>\nJamie Dornan<br \/>\nKevin James<br \/>\nChevy Chase<br \/>\nNeve Campbell<br \/>\nNaomi Watts<br \/>\nBilly Bob Thornton<br \/>\nMalcolm McDowell<br \/>\nSaoirse Ronan<br \/>\nSkeet Ulrich<br \/>\nShailene Woodley<br \/>\nGuy Ritchie<br \/>\nMilla Jovovich<br \/>\nJJ Abrams<br \/>\nDiane Keaton<br \/>\nKatey Sagal<br \/>\nCasey Affleck<br \/>\nEvangeline Lilly<br \/>\nJerry Bruckheimer<br \/>\nVera Miles<br \/>\nChristopher Lloyd<br \/>\nYahya Abdul-Mateen<br \/>\nRay Stevenson<br \/>\nBill Pullman<br \/>\nBruce Dern<br \/>\nAaron Eckhardt<br \/>\nJoel Kinnaman<br \/>\nAri Lehman<br \/>\nNatalia Reyes<br \/>\nNick Castle<br \/>\nSeth Rogen<br \/>\nDiane Guerrero<br \/>\nHenry Winkler<br \/>\nRalph Macchio<br \/>\nLinda Blair<br \/>\nAndy Serkis<br \/>\nTommy Chong + Cheech Marin<br \/>\nKevin Dillon<br \/>\nMichael Winslow<br \/>\nRichard Kiel<br \/>\nJoel Edgerton<br \/>\nMichael Madsen<br \/>\nSean Astin<br \/>\nRichard Donner<\/p>\n<p>Sollte eine Serie mehr als ein Item vom gleichen Star beinhalten, bekommt ihr eine \u201eNo Double Option\u201c. Das hei\u00dft, dass ihr mit Sicherheit keinen Star doppelt erhaltet, wenn ihr mehr als eine Box kauft.<\/p>\n<p>Wie funktioniert eine Movie Poster Mystery Box?<br \/>\nInfos dazu findet ihr in unseren <strong><a href=\"https:\/\/memorabilia-germany.de\/de\/sport-memorabilia-faq\/#memorabilia-mystery-box\"><u>FAQ<\/u><\/a><\/strong>!<\/p>\n<p>Mehr Autogramme von Stars aus Hollywood findest du <strong><a href=\"https:\/\/memorabilia-germany.de\/de\/entertainment-memorabilia\/\"><u>hier<\/u><\/a><\/strong>!<\/p>\n","protected":false},"excerpt":{"rendered":"<p><strong>Diese Serie ist auf insgesamt 75 Movie Poster <a href=\"https:\/\/memorabilia-germany.de\/de\/sport-memorabilia-faq\/#memorabilia-mystery-box\"><u>Mystery Boxen<\/u><\/a> limitiert.<br \/>\nJede Box hat eine Seriennummer. Finde Movie Poster mit Autogrammen von Stars wie Chris Hemsworth, Matthew McConaughey oder Jennifer Lawrence in dieser Serie!<\/strong><\/p>\n<p><strong>Schnell\u00fcbersicht:<\/strong><\/p>\n<ul style=\"list-style-type: square;\">\n<li>Inhalt jeder Box: Movie Poster mit Autogramm eines Stars aus einem bekannten Hollywood Film oder einer bekannten US Serie. Die Bilder gestatten euch einen kleinen Einblick in das Geheimnis der Serie!<\/li>\n<li>Alle Movie Poster sind von mindestens einem bekannten Film- oder Serien-Star signiert. Dar\u00fcber hinaus sind viele Poster zus\u00e4tzlich mit Inscriptions der Stars signiert!<\/li>\n<li>Authentifizierung der Autogramme (ausschlie\u00dflich): <strong><a href=\"https:\/\/memorabilia-germany.de\/de\/signatur-authentifizierung\/#signatur-authentifizierung-beckett\">Beckett<\/a><\/strong>, <strong><a href=\"https:\/\/memorabilia-germany.de\/de\/signatur-authentifizierung\/#signatur-authentifizierung-james-spence\">James Spence Authentication<\/a><\/strong>, <strong><a href=\"https:\/\/memorabilia-germany.de\/de\/signatur-authentifizierung\/#signatur-authentifizierung-psa-dna\">PSA\/DNA<\/a><\/strong> oder <strong><a href=\"https:\/\/memorabilia-germany.de\/de\/signatur-authentifizierung\/#signatur-authentifizierung-fanatics\">Fanatics<\/a><\/strong>.<\/li>\n<\/ul>\n","protected":false},"featured_media":22406,"template":"","meta":{"_acf_changed":false,"ocean_post_layout":"","ocean_both_sidebars_style":"","ocean_both_sidebars_content_width":0,"ocean_both_sidebars_sidebars_width":0,"ocean_sidebar":"0","ocean_second_sidebar":"0","ocean_disable_margins":"enable","ocean_add_body_class":"","ocean_shortcode_before_top_bar":"","ocean_shortcode_after_top_bar":"","ocean_shortcode_before_header":"","ocean_shortcode_after_header":"","ocean_has_shortcode":"","ocean_shortcode_after_title":"","ocean_shortcode_before_footer_widgets":"","ocean_shortcode_after_footer_widgets":"","ocean_shortcode_before_footer_bottom":"","ocean_shortcode_after_footer_bottom":"","ocean_display_top_bar":"default","ocean_display_header":"default","ocean_header_style":"","ocean_center_header_left_menu":"0","ocean_custom_header_template":"0","ocean_custom_logo":0,"ocean_custom_retina_logo":0,"ocean_custom_logo_max_width":0,"ocean_custom_logo_tablet_max_width":0,"ocean_custom_logo_mobile_max_width":0,"ocean_custom_logo_max_height":0,"ocean_custom_logo_tablet_max_height":0,"ocean_custom_logo_mobile_max_height":0,"ocean_header_custom_menu":"0","ocean_menu_typo_font_family":"0","ocean_menu_typo_font_subset":"","ocean_menu_typo_font_size":0,"ocean_menu_typo_font_size_tablet":0,"ocean_menu_typo_font_size_mobile":0,"ocean_menu_typo_font_size_unit":"px","ocean_menu_typo_font_weight":"","ocean_menu_typo_font_weight_tablet":"","ocean_menu_typo_font_weight_mobile":"","ocean_menu_typo_transform":"","ocean_menu_typo_transform_tablet":"","ocean_menu_typo_transform_mobile":"","ocean_menu_typo_line_height":0,"ocean_menu_typo_line_height_tablet":0,"ocean_menu_typo_line_height_mobile":0,"ocean_menu_typo_line_height_unit":"","ocean_menu_typo_spacing":0,"ocean_menu_typo_spacing_tablet":0,"ocean_menu_typo_spacing_mobile":0,"ocean_menu_typo_spacing_unit":"","ocean_menu_link_color":"","ocean_menu_link_color_hover":"","ocean_menu_link_color_active":"","ocean_menu_link_background":"","ocean_menu_link_hover_background":"","ocean_menu_link_active_background":"","ocean_menu_social_links_bg":"","ocean_menu_social_hover_links_bg":"","ocean_menu_social_links_color":"","ocean_menu_social_hover_links_color":"","ocean_disable_title":"default","ocean_disable_heading":"default","ocean_post_title":"","ocean_post_subheading":"","ocean_post_title_style":"","ocean_post_title_background_color":"","ocean_post_title_background":0,"ocean_post_title_bg_image_position":"","ocean_post_title_bg_image_attachment":"","ocean_post_title_bg_image_repeat":"","ocean_post_title_bg_image_size":"","ocean_post_title_height":0,"ocean_post_title_bg_overlay":0.5,"ocean_post_title_bg_overlay_color":"","ocean_disable_breadcrumbs":"default","ocean_breadcrumbs_color":"","ocean_breadcrumbs_separator_color":"","ocean_breadcrumbs_links_color":"","ocean_breadcrumbs_links_hover_color":"","ocean_display_footer_widgets":"default","ocean_display_footer_bottom":"default","ocean_custom_footer_template":"0","ofc_enable_fullscreen":"disable","ofc_fullscreen_speed":0,"ofc_fullscreen_nav":"enable","ofc_fullscreen_nav_pos":"right","ofc_fullscreen_nav_color":"","ofc_fullscreen_nav_tooltip_color":"","ofc_fullscreen_responsive":0},"product_brand":[],"product_cat":[452],"product_tag":[],"class_list":{"0":"post-11526","1":"product","2":"type-product","3":"status-publish","4":"has-post-thumbnail","6":"product_cat-signierte-movie-poster-mystery-box-star-explorer-series","7":"product_shipping_class-versandklasse_a","9":"entry","10":"has-media","12":"first","13":"instock","14":"taxable","15":"shipping-taxable","16":"purchasable","17":"product-type-simple","18":"col","19":"span_1_of_4","20":"owp-content-center","21":"owp-thumbs-layout-horizontal","22":"owp-btn-normal","23":"owp-tabs-layout-horizontal"},"acf":[],"_links":{"self":[{"href":"https:\/\/memorabilia-germany.de\/de\/wp-json\/wp\/v2\/product\/11526","targetHints":{"allow":["GET"]}}],"collection":[{"href":"https:\/\/memorabilia-germany.de\/de\/wp-json\/wp\/v2\/product"}],"about":[{"href":"https:\/\/memorabilia-germany.de\/de\/wp-json\/wp\/v2\/types\/product"}],"version-history":[{"count":0,"href":"https:\/\/memorabilia-germany.de\/de\/wp-json\/wp\/v2\/product\/11526\/revisions"}],"wp:featuredmedia":[{"embeddable":true,"href":"https:\/\/memorabilia-germany.de\/de\/wp-json\/wp\/v2\/media\/22406"}],"wp:attachment":[{"href":"https:\/\/memorabilia-germany.de\/de\/wp-json\/wp\/v2\/media?parent=11526"}],"wp:term":[{"taxonomy":"product_brand","embeddable":true,"href":"https:\/\/memorabilia-germany.de\/de\/wp-json\/wp\/v2\/product_brand?post=11526"},{"taxonomy":"product_cat","embeddable":true,"href":"https:\/\/memorabilia-germany.de\/de\/wp-json\/wp\/v2\/product_cat?post=11526"},{"taxonomy":"product_tag","embeddable":true,"href":"https:\/\/memorabilia-germany.de\/de\/wp-json\/wp\/v2\/product_tag?post=11526"}],"curies":[{"name":"wp","href":"https:\/\/api.w.org\/{rel}","templated":true}]}}