{"id":11408,"date":"2022-01-27T17:43:39","date_gmt":"2022-01-27T16:43:39","guid":{"rendered":"https:\/\/memorabilia-germany.de\/?post_type=product&#038;p=11408"},"modified":"2025-01-11T15:08:36","modified_gmt":"2025-01-11T14:08:36","slug":"nfl-mini-helmet-mystery-box-superstar-hunter-series","status":"publish","type":"product","link":"https:\/\/memorabilia-germany.de\/de\/produkt\/nfl-mini-helmet-mystery-box-superstar-hunter-series\/","title":{"rendered":"NFL Mini Helmet Mystery Box: SUPERSTAR HUNTER SERIES"},"content":{"rendered":"<p><strong>Weitere Informationen zu dieser Mini Helm Mystery Box Serie :<\/strong><\/p>\n<ul style=\"list-style-type: square;\">\n<li>Viele Boxen dieser Serie enthalten Riddell Limited Edition NFL Mini Helme aus Editionen wie: \u201eEclipse Series\u201c, \u201eLunar Eclipse Series\u201c, \u201eCamo\u201c, \u201eFlash\u201c \u201eAMP\u201c, \u201eMatte White\u201c, \u201eMatte Black\u201c. Alle Mini Helme sind Helme von NFL Teams.<\/li>\n<li>Die Mini Helme wurden per Zufallsprinzip auf die Boxen verteilt.<\/li>\n<li>Alle Memorabilia in einer Mini Helm Mystery Box wurden von einem der marktf\u00fchrenden US Authenticator verifiziert und kommen mit seriennummerierten Sicherheitsmerkmalen (Certificate of Authenticity und\/oder Sicherheitshologramm). Authenticator sind ausschlie\u00dflich: Beckett, James Spence Authentication, PSA\/DNA oder Fanatics. Mehr Infos zum wichtigen Thema Authentifizierung findet ihr <strong><a href=\"https:\/\/memorabilia-germany.de\/de\/signatur-authentifizierung\/\">hier<\/a><\/strong>.<\/li>\n<li>Bei uns bekommt ihr eine VOLLST\u00c4NDIGE \u00dcbersicht \u00fcber die Liste der Spieler, die in dieser Mystery Box Serie enthalten sind:<\/li>\n<\/ul>\n<p style=\"text-align: center;\">Joe Burrow<br \/>\nDak Prescott<br \/>\nKyler Murray<br \/>\nGeorge Kittle<br \/>\nTravis Kelce<br \/>\nChristian McCaffrey<br \/>\nD.K. Metcalf<br \/>\nTrey Lance<br \/>\nDeshaun Watson<br \/>\nRay Lewis<br \/>\nJoey Bosa<br \/>\nNick Bosa<br \/>\nAaron Donald<br \/>\nDaniel Jones<br \/>\nAlvin Kamara<br \/>\nMike Singletary<br \/>\nAntonio Brown<br \/>\nAaron Jones<br \/>\nGreg Olsen<br \/>\nKirk Cousins<br \/>\nMinkah Fitzpatrick<br \/>\nDeebo Samuel<br \/>\nRicky Williams<br \/>\nSterling Shepard<br \/>\nBob Griese<br \/>\nNoah Fant<br \/>\nJerry Jeudy<br \/>\nClyde Edwards-Helaire<br \/>\nTrevon Diggs<br \/>\nCameron Heyward<br \/>\nKeenan Allen<br \/>\nDarius Leonard<br \/>\nMichael Vick<br \/>\nMarquez Valdes-Scantling<br \/>\nDaunte Culpepper<br \/>\nDavante Adams<br \/>\nTJ Watt<br \/>\nSteve Largent<br \/>\nWarren Moon\n<\/p>\n<p>\nSollte eine Serie mehr als ein Football Memorabilia vom gleichen Spieler beinhalten, bekommt ihr eine \u201eNo Double Option\u201c. Das hei\u00dft, dass ihr mit Sicherheit keinen Spieler doppelt erhaltet, wenn ihr mehr als eine Box kauft.\n<\/p>\n<p>\nWie funktioniert eine Mini Helm Mystery Box?<br \/>\nInfos dazu findet ihr in unseren <strong><a href=\"https:\/\/memorabilia-germany.de\/de\/sport-memorabilia-faq\/#memorabilia-mystery-box\"><u>FAQ<\/u><\/a><\/strong>!\n<\/p>\n<p>\nMehr Football Memorabilia findest du <strong><a href=\"https:\/\/memorabilia-germany.de\/de\/football-memorabilia\"><u>hier<\/u><\/a><\/strong>!<\/p>\n","protected":false},"excerpt":{"rendered":"<p><strong>Diese Serie ist auf insgesamt 60 Mini Helm <a href=\"https:\/\/memorabilia-germany.de\/de\/sport-memorabilia-faq\/#memorabilia-mystery-box\"><u>Mystery Boxen<\/u><\/a> limitiert. Jede Box hat eine Seriennummer. Finde Limited Edition NFL Mini Helme von NFL Superstars wie Joe Burrow, Travis Kelce oder Dak Prescott in dieser Serie!<\/strong><\/p>\n<p><strong>Schnell\u00fcbersicht:<\/strong><\/p>\n<ul style=\"list-style-type: square;\">\n<li>Inhalt jeder Box: lizenzierter &#038; signierter NFL Mini Helm (Marke: Riddell oder Schutt). Die Bilder gestatten euch einen kleinen Einblick in das Geheimnis der Serie!<\/li>\n<li>Alle Helme sind von einem aktuellen NFL Star signiert. Dar\u00fcber hinaus sind viele Helme zus\u00e4tzlich mit Inscriptions der Spieler signiert!<\/li>\n<li>Mehr als die H\u00e4lfte der Helme dieser Serie sind Limited Edition NFL Mini Helme (weitere Infos siehe unten)<\/li>\n<li>Authentifizierung der Autogramme (ausschlie\u00dflich): <strong><a href=\"https:\/\/memorabilia-germany.de\/de\/signatur-authentifizierung\/#signatur-authentifizierung-beckett\">Beckett<\/a><\/strong>, <strong><a href=\"https:\/\/memorabilia-germany.de\/de\/signatur-authentifizierung\/#signatur-authentifizierung-james-spence\">James Spence Authentication<\/a><\/strong>, <strong><a href=\"https:\/\/memorabilia-germany.de\/de\/signatur-authentifizierung\/#signatur-authentifizierung-psa-dna\">PSA\/DNA<\/a><\/strong> oder <strong><a href=\"https:\/\/memorabilia-germany.de\/de\/signatur-authentifizierung\/#signatur-authentifizierung-fanatics\">Fanatics<\/a><\/strong>.<\/li>\n<\/ul>\n","protected":false},"featured_media":22006,"template":"","meta":{"_acf_changed":false,"ocean_post_layout":"","ocean_both_sidebars_style":"","ocean_both_sidebars_content_width":0,"ocean_both_sidebars_sidebars_width":0,"ocean_sidebar":"0","ocean_second_sidebar":"0","ocean_disable_margins":"enable","ocean_add_body_class":"","ocean_shortcode_before_top_bar":"","ocean_shortcode_after_top_bar":"","ocean_shortcode_before_header":"","ocean_shortcode_after_header":"","ocean_has_shortcode":"","ocean_shortcode_after_title":"","ocean_shortcode_before_footer_widgets":"","ocean_shortcode_after_footer_widgets":"","ocean_shortcode_before_footer_bottom":"","ocean_shortcode_after_footer_bottom":"","ocean_display_top_bar":"default","ocean_display_header":"default","ocean_header_style":"","ocean_center_header_left_menu":"0","ocean_custom_header_template":"0","ocean_custom_logo":0,"ocean_custom_retina_logo":0,"ocean_custom_logo_max_width":0,"ocean_custom_logo_tablet_max_width":0,"ocean_custom_logo_mobile_max_width":0,"ocean_custom_logo_max_height":0,"ocean_custom_logo_tablet_max_height":0,"ocean_custom_logo_mobile_max_height":0,"ocean_header_custom_menu":"0","ocean_menu_typo_font_family":"0","ocean_menu_typo_font_subset":"","ocean_menu_typo_font_size":0,"ocean_menu_typo_font_size_tablet":0,"ocean_menu_typo_font_size_mobile":0,"ocean_menu_typo_font_size_unit":"px","ocean_menu_typo_font_weight":"","ocean_menu_typo_font_weight_tablet":"","ocean_menu_typo_font_weight_mobile":"","ocean_menu_typo_transform":"","ocean_menu_typo_transform_tablet":"","ocean_menu_typo_transform_mobile":"","ocean_menu_typo_line_height":0,"ocean_menu_typo_line_height_tablet":0,"ocean_menu_typo_line_height_mobile":0,"ocean_menu_typo_line_height_unit":"","ocean_menu_typo_spacing":0,"ocean_menu_typo_spacing_tablet":0,"ocean_menu_typo_spacing_mobile":0,"ocean_menu_typo_spacing_unit":"","ocean_menu_link_color":"","ocean_menu_link_color_hover":"","ocean_menu_link_color_active":"","ocean_menu_link_background":"","ocean_menu_link_hover_background":"","ocean_menu_link_active_background":"","ocean_menu_social_links_bg":"","ocean_menu_social_hover_links_bg":"","ocean_menu_social_links_color":"","ocean_menu_social_hover_links_color":"","ocean_disable_title":"default","ocean_disable_heading":"default","ocean_post_title":"","ocean_post_subheading":"","ocean_post_title_style":"","ocean_post_title_background_color":"","ocean_post_title_background":0,"ocean_post_title_bg_image_position":"","ocean_post_title_bg_image_attachment":"","ocean_post_title_bg_image_repeat":"","ocean_post_title_bg_image_size":"","ocean_post_title_height":0,"ocean_post_title_bg_overlay":0.5,"ocean_post_title_bg_overlay_color":"","ocean_disable_breadcrumbs":"default","ocean_breadcrumbs_color":"","ocean_breadcrumbs_separator_color":"","ocean_breadcrumbs_links_color":"","ocean_breadcrumbs_links_hover_color":"","ocean_display_footer_widgets":"default","ocean_display_footer_bottom":"default","ocean_custom_footer_template":"0","ofc_enable_fullscreen":"disable","ofc_fullscreen_speed":0,"ofc_fullscreen_nav":"enable","ofc_fullscreen_nav_pos":"right","ofc_fullscreen_nav_color":"","ofc_fullscreen_nav_tooltip_color":"","ofc_fullscreen_responsive":0},"product_brand":[],"product_cat":[447],"product_tag":[],"class_list":{"0":"post-11408","1":"product","2":"type-product","3":"status-publish","4":"has-post-thumbnail","6":"product_cat-nfl-mini-helmet-mystery-box-superstar-hunter-series","7":"product_shipping_class-versandklasse_a","9":"entry","10":"has-media","12":"first","13":"outofstock","14":"taxable","15":"shipping-taxable","16":"product-type-simple","17":"col","18":"span_1_of_4","19":"owp-content-center","20":"owp-thumbs-layout-horizontal","21":"owp-btn-normal","22":"owp-tabs-layout-horizontal"},"acf":[],"_links":{"self":[{"href":"https:\/\/memorabilia-germany.de\/de\/wp-json\/wp\/v2\/product\/11408","targetHints":{"allow":["GET"]}}],"collection":[{"href":"https:\/\/memorabilia-germany.de\/de\/wp-json\/wp\/v2\/product"}],"about":[{"href":"https:\/\/memorabilia-germany.de\/de\/wp-json\/wp\/v2\/types\/product"}],"version-history":[{"count":0,"href":"https:\/\/memorabilia-germany.de\/de\/wp-json\/wp\/v2\/product\/11408\/revisions"}],"wp:featuredmedia":[{"embeddable":true,"href":"https:\/\/memorabilia-germany.de\/de\/wp-json\/wp\/v2\/media\/22006"}],"wp:attachment":[{"href":"https:\/\/memorabilia-germany.de\/de\/wp-json\/wp\/v2\/media?parent=11408"}],"wp:term":[{"taxonomy":"product_brand","embeddable":true,"href":"https:\/\/memorabilia-germany.de\/de\/wp-json\/wp\/v2\/product_brand?post=11408"},{"taxonomy":"product_cat","embeddable":true,"href":"https:\/\/memorabilia-germany.de\/de\/wp-json\/wp\/v2\/product_cat?post=11408"},{"taxonomy":"product_tag","embeddable":true,"href":"https:\/\/memorabilia-germany.de\/de\/wp-json\/wp\/v2\/product_tag?post=11408"}],"curies":[{"name":"wp","href":"https:\/\/api.w.org\/{rel}","templated":true}]}}