{"id":7399,"date":"2021-11-23T14:55:26","date_gmt":"2021-11-23T13:55:26","guid":{"rendered":"https:\/\/memorabilia-germany.de\/?page_id=7399"},"modified":"2021-11-23T19:37:34","modified_gmt":"2021-11-23T18:37:34","slug":"impressum_und_datenschutz_youtube","status":"publish","type":"page","link":"https:\/\/memorabilia-germany.de\/de\/impressum_und_datenschutz_youtube\/","title":{"rendered":"Impressum_und_Datenschutz_Youtube"},"content":{"rendered":"\t\t<div data-elementor-type=\"wp-page\" data-elementor-id=\"7399\" class=\"elementor elementor-7399\" data-elementor-post-type=\"page\">\n\t\t\t\t\t\t<section class=\"elementor-section elementor-top-section elementor-element elementor-element-f7674f6 elementor-section-boxed elementor-section-height-default elementor-section-height-default\" data-id=\"f7674f6\" data-element_type=\"section\" data-e-type=\"section\">\n\t\t\t\t\t\t<div class=\"elementor-container elementor-column-gap-default\">\n\t\t\t\t\t<div class=\"elementor-column elementor-col-100 elementor-top-column elementor-element elementor-element-1f64325\" data-id=\"1f64325\" data-element_type=\"column\" data-e-type=\"column\">\n\t\t\t<div class=\"elementor-widget-wrap elementor-element-populated\">\n\t\t\t\t\t\t<div class=\"elementor-element elementor-element-2120805 elementor-widget elementor-widget-heading\" data-id=\"2120805\" data-element_type=\"widget\" data-e-type=\"widget\" data-widget_type=\"heading.default\">\n\t\t\t\t<div class=\"elementor-widget-container\">\n\t\t\t\t\t<h2 class=\"elementor-heading-title elementor-size-default\">Informationen zum Datenschutz<\/h2>\t\t\t\t<\/div>\n\t\t\t\t<\/div>\n\t\t\t\t<div class=\"elementor-element elementor-element-47015d5 elementor-widget elementor-widget-text-editor\" data-id=\"47015d5\" data-element_type=\"widget\" data-e-type=\"widget\" data-widget_type=\"text-editor.default\">\n\t\t\t\t<div class=\"elementor-widget-container\">\n\t\t\t\t\t\t\t\t\t<p><strong><span style=\"color: #3c3b6e;\">1) Information \u00fcber die Erhebung personenbezogener Daten und Kontaktdaten<\/span><\/strong><br \/><strong><span style=\"color: #3c3b6e;\">des Verantwortlichen<\/span><\/strong><\/p><p><span style=\"color: #3c3b6e;\"><strong>1.1<\/strong> Im Folgenden informieren wir Sie \u00fcber den Umgang mit Ihren personenbezogenen<\/span><br \/><span style=\"color: #3c3b6e;\">Daten. Hierbei sind personenbezogene Daten alle Daten, mit denen Sie pers\u00f6nlich<\/span><br \/><span style=\"color: #3c3b6e;\">identifiziert werden k\u00f6nnen.<\/span><br \/><span style=\"color: #3c3b6e;\">Bitte pr\u00fcfen Sie sorgf\u00e4ltig, welche personenbezogenen Daten Sie mit uns \u00fcber YouTube<\/span><br \/><span style=\"color: #3c3b6e;\">teilen. Wir weisen ausdr\u00fccklich darauf hin, dass YouTube die Daten seiner Nutzer (z.B.<\/span><br \/><span style=\"color: #3c3b6e;\">pers\u00f6nliche Informationen, IP-Adresse etc.) speichert und diese ggf. auch f\u00fcr<\/span><br \/><span style=\"color: #3c3b6e;\">gesch\u00e4ftliche Zwecke nutzt.<\/span><br \/><span style=\"color: #3c3b6e;\">Auf die Datenerhebung und die weitere Verarbeitung durch YouTube haben wir keinen<\/span><br \/><span style=\"color: #3c3b6e;\">Einfluss. Ferner ist f\u00fcr uns nicht erkennbar, in welchem Umfang, an welchem Ort und f\u00fcr<\/span><br \/><span style=\"color: #3c3b6e;\">welche Dauer die Daten gespeichert werden, inwieweit YouTube bestehenden<\/span><br \/><span style=\"color: #3c3b6e;\">L\u00f6schpflichten nachkommt, welche Auswertungen und Verkn\u00fcpfungen mit den Daten<\/span><br \/><span style=\"color: #3c3b6e;\">vorgenommen werden und an wen die Daten weitergegeben werden. Wenn Sie<\/span><br \/><span style=\"color: #3c3b6e;\">vermeiden m\u00f6chten, dass YouTube von Ihnen an uns \u00fcbermittelte pers\u00f6nliche Daten<\/span><br \/><span style=\"color: #3c3b6e;\">verarbeitet, nehmen Sie bitte auf anderem Wege Kontakt mit uns auf. Unsere<\/span><br \/><span style=\"color: #3c3b6e;\">vollst\u00e4ndigen Kontaktdaten finden Sie in unserem Impressum bei YouTube.<\/span><br \/><span style=\"color: #3c3b6e;\"><strong>1.2<\/strong> Verantwortlicher f\u00fcr die Datenverarbeitung im Sinne der<\/span><br \/><span style=\"color: #3c3b6e;\">Datenschutz-Grundverordnung (DSGVO) ist Memorabilia Germany e.K., Lauterenstr.32,<\/span><br \/><span style=\"color: #3c3b6e;\">55116 Mainz, Deutschland, Tel.: 061312638161, E-Mail:<\/span><br \/><span style=\"color: #3c3b6e;\">contact@memorabilia-germany.de, soweit wir die uns von Ihnen \u00fcber YouTube<\/span><br \/><span style=\"color: #3c3b6e;\">\u00fcbermittelten Daten ausschlie\u00dflich selbst verarbeiten.<\/span><br \/><span style=\"color: #3c3b6e;\">Soweit die uns von Ihnen \u00fcber YouTube \u00fcbermittelten Daten auch oder ausschlie\u00dflich<\/span><br \/><span style=\"color: #3c3b6e;\">von YouTube verarbeitet werden, ist neben uns auch die Google Ireland Limited, Gordon<\/span><br \/><span style=\"color: #3c3b6e;\">House, 4 Barrow St, Dublin, D04 E5W5, Irland, Verantwortlicher f\u00fcr die<\/span><br \/><span style=\"color: #3c3b6e;\">Datenverarbeitung im Sinne der Datenschutz-Grundverordnung (DSGVO).<\/span><br \/><span style=\"color: #3c3b6e;\">N\u00e4here Informationen zur Datenverarbeitung der Google Ireland Limited finden Sie in<\/span><br \/><span style=\"color: #3c3b6e;\">der Datenschutzerkl\u00e4rung der Google Ireland Limited unter<\/span><br \/><span style=\"color: #3c3b6e;\">https:\/\/policies.google.com\/privacy?hl=de&amp;gl=de. Diese Datenschutzerkl\u00e4rung gilt f\u00fcr<\/span><br \/><span style=\"color: #3c3b6e;\">alle Dienste, die von der Google Ireland Limited und ihren verbundenen Unternehmen &#8211;<\/span><br \/><span style=\"color: #3c3b6e;\">einschlie\u00dflich YouTube &#8211; angeboten werden. Im Rahmen der Nutzung von Youtube kann<\/span><br \/><span style=\"color: #3c3b6e;\">es auch zu einer \u00dcbermittlung von personenbezogenen Daten an die Server der Google<\/span><br \/><span style=\"color: #3c3b6e;\">LLC. in den USA kommen.<\/span><br \/><span style=\"color: #3c3b6e;\">Der f\u00fcr die Verarbeitung von personenbezogenen Daten Verantwortliche ist diejenige<\/span><br \/><span style=\"color: #3c3b6e;\">nat\u00fcrliche oder juristische Person, die allein oder gemeinsam mit anderen \u00fcber die<\/span><br \/><span style=\"color: #3c3b6e;\">Zwecke und Mittel der Verarbeitung von personenbezogenen Daten entscheidet.<\/span><\/p><p><strong><span style=\"color: #3c3b6e;\">2) Datenverarbeitung bei Kontaktaufnahme<\/span><\/strong><\/p><p><span style=\"color: #3c3b6e;\">Wir selbst erheben personenbezogene Daten, wenn Sie z. B. per Kontaktformular oder<br \/><\/span><span style=\"color: #3c3b6e;\">Messenger Kontakt zu uns aufnehmen. Welche Daten wir bei Kontaktaufnahme via<br \/><\/span><span style=\"color: #3c3b6e;\">Kontaktformular erheben, k\u00f6nnen Sie aus dem betreffenden Kontaktformular ersehen.<br \/><\/span><span style=\"color: #3c3b6e;\">Diese Daten werden ausschlie\u00dflich zum Zweck der Beantwortung Ihres Anliegens bzw.<br \/><\/span><span style=\"color: #3c3b6e;\">f\u00fcr die Kontaktaufnahme und die damit verbundene technische Administration<br \/><\/span><span style=\"color: #3c3b6e;\">gespeichert und verwendet. Rechtsgrundlage f\u00fcr die Verarbeitung der Daten ist unser<br \/><\/span><span style=\"color: #3c3b6e;\">berechtigtes Interesse an der Beantwortung Ihres Anliegens gem\u00e4\u00df Art. 6 Abs. 1 lit. f<br \/><\/span><span style=\"color: #3c3b6e;\">DSGVO. Zielt Ihre Kontaktaufnahme auf den Abschluss eines Vertrages ab, so ist<br \/><\/span><span style=\"color: #3c3b6e;\">zus\u00e4tzliche Rechtsgrundlage f\u00fcr die Verarbeitung Art. 6 Abs. 1 lit. b DSGVO. Ihre Daten<br \/><\/span><span style=\"color: #3c3b6e;\">werden nach abschlie\u00dfender Bearbeitung Ihrer Anfrage gel\u00f6scht, sofern keine<br \/><\/span><span style=\"color: #3c3b6e;\">gesetzlichen Aufbewahrungspflichten entgegenstehen. Von einer abschlie\u00dfenden<br \/><\/span><span style=\"color: #3c3b6e;\">Bearbeitung gehen wir aus, wenn sich aus den Umst\u00e4nden entnehmen l\u00e4sst, dass der<br \/><\/span><span style=\"color: #3c3b6e;\">betreffende Sachverhalt abschlie\u00dfend gekl\u00e4rt ist.<\/span><\/p><p><strong><span style=\"color: #3c3b6e;\">3) Rechte des Betroffenen<\/span><\/strong><\/p><p><span style=\"color: #3c3b6e;\"><strong>3.1<\/strong> Das geltende Datenschutzrecht gew\u00e4hrt Ihnen gegen\u00fcber dem Verantwortlichen<br \/><\/span><span style=\"color: #3c3b6e;\">hinsichtlich der Verarbeitung Ihrer personenbezogenen Daten umfassende<br \/><\/span><span style=\"color: #3c3b6e;\">Betroffenenrechte (Auskunfts- und Interventionsrechte), \u00fcber die wir Sie nachstehend<br \/><\/span><span style=\"color: #3c3b6e;\">informieren:<br \/><\/span><span style=\"color: #3c3b6e;\">&#8211; Auskunftsrecht gem\u00e4\u00df Art. 15 DSGVO<br \/><\/span><span style=\"color: #3c3b6e;\">&#8211; Recht auf Berichtigung gem\u00e4\u00df Art. 16 DSGVO;<br \/><\/span><span style=\"color: #3c3b6e;\">&#8211; Recht auf L\u00f6schung gem\u00e4\u00df Art. 17 DSGVO;<br \/><\/span><span style=\"color: #3c3b6e;\">&#8211; Recht auf Einschr\u00e4nkung der Verarbeitung gem\u00e4\u00df Art. 18 DSGVO;<br \/><\/span><span style=\"color: #3c3b6e;\">&#8211; Recht auf Unterrichtung gem\u00e4\u00df Art. 19 DSGVO;<br \/><\/span><span style=\"color: #3c3b6e;\">&#8211; Recht auf Daten\u00fcbertragbarkeit gem\u00e4\u00df Art. 20 DSGVO;<br \/><\/span><span style=\"color: #3c3b6e;\">&#8211; Recht auf Widerruf erteilter Einwilligungen gem\u00e4\u00df Art. 7 Abs. 3 DSGVO;<br \/><\/span><span style=\"color: #3c3b6e;\">&#8211; Recht auf Beschwerde gem\u00e4\u00df Art. 77 DSGVO.<\/span><\/p><p><span style=\"color: #3c3b6e;\"><strong>3.2<\/strong> WIDERSPRUCHSRECHT<\/span><\/p><p><span style=\"color: #3c3b6e;\">WENN WIR IM RAHMEN EINER INTERESSENABW\u00c4GUNG IHRE PERSONENBEZOGENEN<br \/><\/span><span style=\"color: #3c3b6e;\">DATEN AUFGRUND UNSERES \u00dcBERWIEGENDEN BERECHTIGTEN INTERESSES<br \/><\/span><span style=\"color: #3c3b6e;\">VERARBEITEN, HABEN SIE DAS JEDERZEITIGE RECHT, AUS GR\u00dcNDEN, DIE SICH AUS<br \/><\/span><span style=\"color: #3c3b6e;\">IHRER BESONDEREN SITUATION ERGEBEN, GEGEN DIESE VERARBEITUNG WIDERSPRUCH<br \/><\/span><span style=\"color: #3c3b6e;\">MIT WIRKUNG F\u00dcR DIE ZUKUNFT EINZULEGEN.<br \/><\/span><span style=\"color: #3c3b6e;\">MACHEN SIE VON IHREM WIDERSPRUCHSRECHT GEBRAUCH, BEENDEN WIR DIE<br \/><\/span><span style=\"color: #3c3b6e;\">VERARBEITUNG DER BETROFFENEN DATEN. EINE WEITERVERARBEITUNG BLEIBT ABER<br \/><\/span><span style=\"color: #3c3b6e;\">VORBEHALTEN, WENN WIR ZWINGENDE SCHUTZW\u00dcRDIGE GR\u00dcNDE F\u00dcR DIE<br \/><\/span><span style=\"color: #3c3b6e;\">VERARBEITUNG NACHWEISEN K\u00d6NNEN, DIE IHRE INTERESSEN, GRUNDRECHTE UND<br \/><\/span><span style=\"color: #3c3b6e;\">GRUNDFREIHEITEN \u00dcBERWIEGEN, ODER WENN DIE VERARBEITUNG DER<br \/><\/span><span style=\"color: #3c3b6e;\">GELTENDMACHUNG, AUS\u00dcBUNG ODER VERTEIDIGUNG VON RECHTSANSPR\u00dcCHEN<br \/><\/span><span style=\"color: #3c3b6e;\">DIENT.<br \/><\/span><span style=\"color: #3c3b6e;\">WERDEN IHRE PERSONENBEZOGENEN DATEN VON UNS VERARBEITET, UM<\/span><br \/><span style=\"color: #3c3b6e;\">DIREKTWERBUNG ZU BETREIBEN, HABEN SIE DAS RECHT, JEDERZEIT WIDERSPRUCH<\/span><br \/><span style=\"color: #3c3b6e;\">GEGEN DIE VERARBEITUNG SIE BETREFFENDER PERSONENBEZOGENER DATEN ZUM<\/span><br \/><span style=\"color: #3c3b6e;\">ZWECKE DERARTIGER WERBUNG EINZULEGEN. SIE K\u00d6NNEN DEN WIDERSPRUCH WIE<\/span><br \/><span style=\"color: #3c3b6e;\">OBEN BESCHRIEBEN AUS\u00dcBEN.<\/span><br \/><span style=\"color: #3c3b6e;\">MACHEN SIE VON IHREM WIDERSPRUCHSRECHT GEBRAUCH, BEENDEN WIR DIE<\/span><br \/><span style=\"color: #3c3b6e;\">VERARBEITUNG DER BETROFFENEN DATEN ZU DIREKTWERBEZWECKEN.<\/span><br \/><strong><span style=\"color: #3c3b6e;\">4) Dauer der Speicherung personenbezogener Daten<\/span><\/strong><br \/><span style=\"color: #3c3b6e;\">Die Dauer der Speicherung von personenbezogenen Daten bemisst sich anhand der<\/span><br \/><span style=\"color: #3c3b6e;\">jeweiligen Rechtsgrundlage, am Verarbeitungszweck und \u2013 sofern einschl\u00e4gig \u2013<\/span><br \/><span style=\"color: #3c3b6e;\">zus\u00e4tzlich anhand der jeweiligen gesetzlichen Aufbewahrungsfrist (z.B. handels- und<\/span><br \/><span style=\"color: #3c3b6e;\">steuerrechtliche Aufbewahrungsfristen).<\/span><br \/><span style=\"color: #3c3b6e;\">Bei der Verarbeitung von personenbezogenen Daten auf Grundlage einer ausdr\u00fccklichen<\/span><br \/><span style=\"color: #3c3b6e;\">Einwilligung gem\u00e4\u00df Art. 6 Abs. 1 lit. a DSGVO werden diese Daten so lange gespeichert,<\/span><br \/><span style=\"color: #3c3b6e;\">bis der Betroffene seine Einwilligung widerruft.<\/span><br \/><span style=\"color: #3c3b6e;\">Existieren gesetzliche Aufbewahrungsfristen f\u00fcr Daten, die im Rahmen<\/span><br \/><span style=\"color: #3c3b6e;\">rechtsgesch\u00e4ftlicher bzw. rechtsgesch\u00e4fts\u00e4hnlicher Verpflichtungen auf der Grundlage<\/span><br \/><span style=\"color: #3c3b6e;\">von Art. 6 Abs. 1 lit. b DSGVO verarbeitet werden, werden diese Daten nach Ablauf der<\/span><br \/><span style=\"color: #3c3b6e;\">Aufbewahrungsfristen routinem\u00e4\u00dfig gel\u00f6scht, sofern sie nicht mehr zur<\/span><br \/><span style=\"color: #3c3b6e;\">Vertragserf\u00fcllung oder Vertragsanbahnung erforderlich sind und\/oder unsererseits kein<\/span><br \/><span style=\"color: #3c3b6e;\">berechtigtes Interesse an der Weiterspeicherung fortbesteht.<\/span><br \/><span style=\"color: #3c3b6e;\">Bei der Verarbeitung von personenbezogenen Daten auf Grundlage von Art. 6 Abs. 1 lit.<\/span><br \/><span style=\"color: #3c3b6e;\">f DSGVO werden diese Daten so lange gespeichert, bis der Betroffene sein<\/span><br \/><span style=\"color: #3c3b6e;\">Widerspruchsrecht nach Art. 21 Abs. 1 DSGVO aus\u00fcbt, es sei denn, wir k\u00f6nnen<\/span><br \/><span style=\"color: #3c3b6e;\">zwingende schutzw\u00fcrdige Gr\u00fcnde f\u00fcr die Verarbeitung nachweisen, die die Interessen,<\/span><br \/><span style=\"color: #3c3b6e;\">Rechte und Freiheiten der betroffenen Person \u00fcberwiegen, oder die Verarbeitung dient<\/span><br \/><span style=\"color: #3c3b6e;\">der Geltendmachung, Aus\u00fcbung oder Verteidigung von Rechtsanspr\u00fcchen.<\/span><br \/><span style=\"color: #3c3b6e;\">Bei der Verarbeitung von personenbezogenen Daten zum Zwecke der Direktwerbung auf<\/span><br \/><span style=\"color: #3c3b6e;\">Grundlage von Art. 6 Abs. 1 lit. f DSGVO werden diese Daten so lange gespeichert, bis<\/span><br \/><span style=\"color: #3c3b6e;\">der Betroffene sein Widerspruchsrecht nach Art. 21 Abs. 2 DSGVO aus\u00fcbt.<\/span><br \/><span style=\"color: #3c3b6e;\">Sofern sich aus den sonstigen Informationen dieser Erkl\u00e4rung \u00fcber spezifische<\/span><br \/><span style=\"color: #3c3b6e;\">Verarbeitungssituationen nichts anderes ergibt, werden gespeicherte personenbezogene<\/span><br \/><span style=\"color: #3c3b6e;\">Daten im \u00dcbrigen dann gel\u00f6scht, wenn sie f\u00fcr die Zwecke, f\u00fcr die sie erhoben oder auf<\/span><br \/><span style=\"color: #3c3b6e;\">sonstige Weise verarbeitet wurden, nicht mehr notwendig sind.<\/span><\/p>\t\t\t\t\t\t\t\t<\/div>\n\t\t\t\t<\/div>\n\t\t\t\t\t<\/div>\n\t\t<\/div>\n\t\t\t\t\t<\/div>\n\t\t<\/section>\n\t\t\t\t<\/div>\n\t\t","protected":false},"excerpt":{"rendered":"<p>Informationen zum Datenschutz 1) Information \u00fcber die Erhebung personenbezogener Daten und Kontaktdatendes Verantwortlichen 1.1 Im Folgenden informieren wir Sie \u00fcber den Umgang mit Ihren personenbezogenenDaten. Hierbei sind personenbezogene Daten alle Daten, mit denen Sie pers\u00f6nlichidentifiziert werden k\u00f6nnen.Bitte pr\u00fcfen Sie sorgf\u00e4ltig, welche personenbezogenen Daten Sie mit uns \u00fcber YouTubeteilen. Wir weisen ausdr\u00fccklich darauf hin, dass YouTube [&hellip;]<\/p>\n","protected":false},"author":1,"featured_media":0,"parent":0,"menu_order":0,"comment_status":"closed","ping_status":"closed","template":"elementor_canvas","meta":{"_acf_changed":false,"ocean_post_layout":"full-screen","ocean_both_sidebars_style":"","ocean_both_sidebars_content_width":0,"ocean_both_sidebars_sidebars_width":0,"ocean_sidebar":"0","ocean_second_sidebar":"0","ocean_disable_margins":"on","ocean_add_body_class":"","ocean_shortcode_before_top_bar":"","ocean_shortcode_after_top_bar":"","ocean_shortcode_before_header":"","ocean_shortcode_after_header":"","ocean_has_shortcode":"","ocean_shortcode_after_title":"","ocean_shortcode_before_footer_widgets":"","ocean_shortcode_after_footer_widgets":"","ocean_shortcode_before_footer_bottom":"","ocean_shortcode_after_footer_bottom":"","ocean_display_top_bar":"off","ocean_display_header":"off","ocean_header_style":"","ocean_center_header_left_menu":"0","ocean_custom_header_template":"0","ocean_custom_logo":0,"ocean_custom_retina_logo":0,"ocean_custom_logo_max_width":0,"ocean_custom_logo_tablet_max_width":0,"ocean_custom_logo_mobile_max_width":0,"ocean_custom_logo_max_height":0,"ocean_custom_logo_tablet_max_height":0,"ocean_custom_logo_mobile_max_height":0,"ocean_header_custom_menu":"0","ocean_menu_typo_font_family":"0","ocean_menu_typo_font_subset":"","ocean_menu_typo_font_size":0,"ocean_menu_typo_font_size_tablet":0,"ocean_menu_typo_font_size_mobile":0,"ocean_menu_typo_font_size_unit":"px","ocean_menu_typo_font_weight":"","ocean_menu_typo_font_weight_tablet":"","ocean_menu_typo_font_weight_mobile":"","ocean_menu_typo_transform":"","ocean_menu_typo_transform_tablet":"","ocean_menu_typo_transform_mobile":"","ocean_menu_typo_line_height":0,"ocean_menu_typo_line_height_tablet":0,"ocean_menu_typo_line_height_mobile":0,"ocean_menu_typo_line_height_unit":"","ocean_menu_typo_spacing":0,"ocean_menu_typo_spacing_tablet":0,"ocean_menu_typo_spacing_mobile":0,"ocean_menu_typo_spacing_unit":"","ocean_menu_link_color":"","ocean_menu_link_color_hover":"","ocean_menu_link_color_active":"","ocean_menu_link_background":"","ocean_menu_link_hover_background":"","ocean_menu_link_active_background":"","ocean_menu_social_links_bg":"","ocean_menu_social_hover_links_bg":"","ocean_menu_social_links_color":"","ocean_menu_social_hover_links_color":"","ocean_disable_title":"on","ocean_disable_heading":"default","ocean_post_title":"","ocean_post_subheading":"","ocean_post_title_style":"","ocean_post_title_background_color":"","ocean_post_title_background":0,"ocean_post_title_bg_image_position":"","ocean_post_title_bg_image_attachment":"","ocean_post_title_bg_image_repeat":"","ocean_post_title_bg_image_size":"","ocean_post_title_height":0,"ocean_post_title_bg_overlay":0.5,"ocean_post_title_bg_overlay_color":"","ocean_disable_breadcrumbs":"off","ocean_breadcrumbs_color":"","ocean_breadcrumbs_separator_color":"","ocean_breadcrumbs_links_color":"","ocean_breadcrumbs_links_hover_color":"","ocean_display_footer_widgets":"off","ocean_display_footer_bottom":"off","ocean_custom_footer_template":"0","ofc_enable_fullscreen":"disable","ofc_fullscreen_speed":0,"ofc_fullscreen_nav":"enable","ofc_fullscreen_nav_pos":"right","ofc_fullscreen_nav_color":"","ofc_fullscreen_nav_tooltip_color":"","ofc_fullscreen_responsive":0,"footnotes":""},"class_list":["post-7399","page","type-page","status-publish","hentry","entry","owp-thumbs-layout-horizontal","owp-btn-normal","owp-tabs-layout-horizontal","has-no-thumbnails"],"acf":[],"_links":{"self":[{"href":"https:\/\/memorabilia-germany.de\/de\/wp-json\/wp\/v2\/pages\/7399","targetHints":{"allow":["GET"]}}],"collection":[{"href":"https:\/\/memorabilia-germany.de\/de\/wp-json\/wp\/v2\/pages"}],"about":[{"href":"https:\/\/memorabilia-germany.de\/de\/wp-json\/wp\/v2\/types\/page"}],"author":[{"embeddable":true,"href":"https:\/\/memorabilia-germany.de\/de\/wp-json\/wp\/v2\/users\/1"}],"replies":[{"embeddable":true,"href":"https:\/\/memorabilia-germany.de\/de\/wp-json\/wp\/v2\/comments?post=7399"}],"version-history":[{"count":0,"href":"https:\/\/memorabilia-germany.de\/de\/wp-json\/wp\/v2\/pages\/7399\/revisions"}],"wp:attachment":[{"href":"https:\/\/memorabilia-germany.de\/de\/wp-json\/wp\/v2\/media?parent=7399"}],"curies":[{"name":"wp","href":"https:\/\/api.w.org\/{rel}","templated":true}]}}