{"id":31351,"date":"2023-06-28T15:53:22","date_gmt":"2023-06-28T13:53:22","guid":{"rendered":"https:\/\/memorabilia-germany.de\/?page_id=31351"},"modified":"2024-03-19T14:48:28","modified_gmt":"2024-03-19T13:48:28","slug":"trading-card-mystery-box","status":"publish","type":"page","link":"https:\/\/memorabilia-germany.de\/de\/trading-card-mystery-box\/","title":{"rendered":"Trading Card Mystery Box"},"content":{"rendered":"\t\t<div data-elementor-type=\"wp-page\" data-elementor-id=\"31351\" class=\"elementor elementor-31351\" data-elementor-post-type=\"page\">\n\t\t\t\t\t\t<section class=\"elementor-section elementor-top-section elementor-element elementor-element-165e096 elementor-section-boxed elementor-section-height-default elementor-section-height-default\" data-id=\"165e096\" data-element_type=\"section\" data-e-type=\"section\">\n\t\t\t\t\t\t<div class=\"elementor-container elementor-column-gap-no\">\n\t\t\t\t\t<div class=\"elementor-column elementor-col-100 elementor-top-column elementor-element elementor-element-6ad7579\" data-id=\"6ad7579\" data-element_type=\"column\" data-e-type=\"column\">\n\t\t\t<div class=\"elementor-widget-wrap elementor-element-populated\">\n\t\t\t\t\t\t<div class=\"elementor-element elementor-element-9b6091c elementor-widget elementor-widget-heading\" data-id=\"9b6091c\" data-element_type=\"widget\" data-e-type=\"widget\" data-widget_type=\"heading.default\">\n\t\t\t\t<div class=\"elementor-widget-container\">\n\t\t\t\t\t<h1 class=\"elementor-heading-title elementor-size-default\">Trading Cards Mystery Box &amp; Pocket Pack<\/h1>\t\t\t\t<\/div>\n\t\t\t\t<\/div>\n\t\t\t\t\t<\/div>\n\t\t<\/div>\n\t\t\t\t\t<\/div>\n\t\t<\/section>\n\t\t\t\t<section class=\"elementor-section elementor-top-section elementor-element elementor-element-8166b36 elementor-section-boxed elementor-section-height-default elementor-section-height-default\" data-id=\"8166b36\" data-element_type=\"section\" data-e-type=\"section\">\n\t\t\t\t\t\t<div class=\"elementor-container elementor-column-gap-no\">\n\t\t\t\t\t<div class=\"elementor-column elementor-col-100 elementor-top-column elementor-element elementor-element-adcf52a\" data-id=\"adcf52a\" data-element_type=\"column\" data-e-type=\"column\">\n\t\t\t<div class=\"elementor-widget-wrap elementor-element-populated\">\n\t\t\t\t\t\t<div class=\"elementor-element elementor-element-a3769d1 elementor-widget elementor-widget-text-editor\" data-id=\"a3769d1\" data-element_type=\"widget\" data-e-type=\"widget\" data-widget_type=\"text-editor.default\">\n\t\t\t\t<div class=\"elementor-widget-container\">\n\t\t\t\t\t\t\t\t\tUnsere Trading Cards Mystery Boxen sind echter High End Stuff. Autograph Cards, Memorabilia Cards, seltene Inserts und nummerierte Parallels. Jede Mystery Box und jedes Pocket Pack enth\u00e4lt Trading Card P\u00e4ckchen aus den edelsten Serien der Marktf\u00fchrer wie Panini, topps oder Upper Deck. Wir finden f\u00fcr euch weltweit ausverkaufte Trading Cards aus der Vergangenheit und kombinieren sie f\u00fcr eine limitierte Mystery Box Serie mit den exklusivsten Packs von heute. Alles factory sealed, alles original. Dar\u00fcber hinaus enthalten viele limitierte Trading Cards Mystery Box Serien Redemption Vouchers, die ihr gegen signierte Memorabilia wie Trikots oder B\u00e4lle eintauschen k\u00f6nnt.\t\t\t\t\t\t\t\t<\/div>\n\t\t\t\t<\/div>\n\t\t\t\t\t<\/div>\n\t\t<\/div>\n\t\t\t\t\t<\/div>\n\t\t<\/section>\n\t\t\t\t<section class=\"elementor-section elementor-top-section elementor-element elementor-element-9e5becf elementor-section-boxed elementor-section-height-default elementor-section-height-default\" data-id=\"9e5becf\" data-element_type=\"section\" data-e-type=\"section\">\n\t\t\t\t\t\t<div class=\"elementor-container elementor-column-gap-no\">\n\t\t\t\t\t<div class=\"elementor-column elementor-col-100 elementor-top-column elementor-element elementor-element-defbf9a\" data-id=\"defbf9a\" data-element_type=\"column\" data-e-type=\"column\">\n\t\t\t<div class=\"elementor-widget-wrap elementor-element-populated\">\n\t\t\t\t\t\t<div class=\"elementor-element elementor-element-9ca51db elementor-widget elementor-widget-heading\" data-id=\"9ca51db\" data-element_type=\"widget\" data-e-type=\"widget\" data-widget_type=\"heading.default\">\n\t\t\t\t<div class=\"elementor-widget-container\">\n\t\t\t\t\t<h2 class=\"elementor-heading-title elementor-size-default\">Trading Cards Mystery Box: SPORT TRADING CARDS<\/h2>\t\t\t\t<\/div>\n\t\t\t\t<\/div>\n\t\t\t\t\t<\/div>\n\t\t<\/div>\n\t\t\t\t\t<\/div>\n\t\t<\/section>\n\t\t\t\t<section class=\"elementor-section elementor-top-section elementor-element elementor-element-9176374 elementor-section-boxed elementor-section-height-default elementor-section-height-default\" data-id=\"9176374\" data-element_type=\"section\" data-e-type=\"section\">\n\t\t\t\t\t\t<div class=\"elementor-container elementor-column-gap-no\">\n\t\t\t\t\t<div class=\"elementor-column elementor-col-100 elementor-top-column elementor-element elementor-element-6473bb3\" data-id=\"6473bb3\" data-element_type=\"column\" data-e-type=\"column\">\n\t\t\t<div class=\"elementor-widget-wrap elementor-element-populated\">\n\t\t\t\t\t\t<div class=\"elementor-element elementor-element-a43ccea elementor-grid-2 elementor-product-loop-item--align-center elementor-grid-mobile-1 elementor-grid-tablet-2 elementor-products-grid elementor-wc-products elementor-widget elementor-widget-wc-categories\" data-id=\"a43ccea\" data-element_type=\"widget\" data-e-type=\"widget\" data-widget_type=\"wc-categories.default\">\n\t\t\t\t<div class=\"elementor-widget-container\">\n\t\t\t\t\t<div class=\"woocommerce columns-2\">\r\n<ul class=\"products elementor-grid oceanwp-row clr grid tablet-col tablet-2-col mobile-col mobile-1-col\">\r\n<li class=\"product-category product first col span_1_of_2\">\n\t<a aria-label=\"Produktkategorie NBA MYSTERY BOX TRADING CARDS besuchen\" href=\"https:\/\/memorabilia-germany.de\/de\/produkt-kategorie\/trading-card-mystery-box\/nba-mystery-box-trading-cards\/\"><div class=\"product-inner clr\"><div class=\"woo-entry-image clr\"><a href=\"https:\/\/memorabilia-germany.de\/de\/produkt-kategorie\/trading-card-mystery-box\/nba-mystery-box-trading-cards\/\"><img decoding=\"async\" src=\"https:\/\/memorabilia-germany.de\/wp-content\/uploads\/nba-basketball-mystery-box-trading-cards-300x300.jpg\" alt=\"NBA MYSTERY BOX TRADING CARDS\" width=\"300\" height=\"\" srcset=\"https:\/\/memorabilia-germany.de\/wp-content\/uploads\/\/nba-basketball-mystery-box-trading-cards-300x300.jpg 300w, https:\/\/memorabilia-germany.de\/wp-content\/uploads\/\/nba-basketball-mystery-box-trading-cards-250x250.jpg 250w, https:\/\/memorabilia-germany.de\/wp-content\/uploads\/\/nba-basketball-mystery-box-trading-cards-100x100.jpg 100w, https:\/\/memorabilia-germany.de\/wp-content\/uploads\/\/nba-basketball-mystery-box-trading-cards.jpg 400w\" sizes=\"(max-width: 300px) 100vw, 300px\" \/><\/a><\/div><div class=\"woo-entry-inner clr\"><a href=\"https:\/\/memorabilia-germany.de\/de\/produkt-kategorie\/trading-card-mystery-box\/nba-mystery-box-trading-cards\/\"><\/a><\/div><\/div><\/a><\/li>\n<li class=\"product-category product last col span_1_of_2\">\n\t<a aria-label=\"Produktkategorie NFL MYSTERY BOX TRADING CARDS besuchen\" href=\"https:\/\/memorabilia-germany.de\/de\/produkt-kategorie\/trading-card-mystery-box\/nfl-mystery-box-trading-cards\/\"><div class=\"product-inner clr\"><div class=\"woo-entry-image clr\"><a href=\"https:\/\/memorabilia-germany.de\/de\/produkt-kategorie\/trading-card-mystery-box\/nfl-mystery-box-trading-cards\/\"><img decoding=\"async\" src=\"https:\/\/memorabilia-germany.de\/wp-content\/uploads\/nfl-football-mystery-box-trading-cards-300x300.jpg\" alt=\"NFL MYSTERY BOX TRADING CARDS\" width=\"300\" height=\"\" srcset=\"https:\/\/memorabilia-germany.de\/wp-content\/uploads\/\/nfl-football-mystery-box-trading-cards-300x300.jpg 300w, https:\/\/memorabilia-germany.de\/wp-content\/uploads\/\/nfl-football-mystery-box-trading-cards-250x250.jpg 250w, https:\/\/memorabilia-germany.de\/wp-content\/uploads\/\/nfl-football-mystery-box-trading-cards-100x100.jpg 100w, https:\/\/memorabilia-germany.de\/wp-content\/uploads\/\/nfl-football-mystery-box-trading-cards.jpg 400w\" sizes=\"(max-width: 300px) 100vw, 300px\" \/><\/a><\/div><div class=\"woo-entry-inner clr\"><a href=\"https:\/\/memorabilia-germany.de\/de\/produkt-kategorie\/trading-card-mystery-box\/nfl-mystery-box-trading-cards\/\"><\/a><\/div><\/div><\/a><\/li>\n<li class=\"product-category product first col span_1_of_2\">\n\t<a aria-label=\"Produktkategorie NHL MYSTERY BOX TRADING CARDS besuchen\" href=\"https:\/\/memorabilia-germany.de\/de\/produkt-kategorie\/trading-card-mystery-box\/nhl-mystery-box-trading-cards\/\"><div class=\"product-inner clr\"><div class=\"woo-entry-image clr\"><a href=\"https:\/\/memorabilia-germany.de\/de\/produkt-kategorie\/trading-card-mystery-box\/nhl-mystery-box-trading-cards\/\"><img decoding=\"async\" src=\"https:\/\/memorabilia-germany.de\/wp-content\/uploads\/nhl-hockey-mystery-box-trading-cards-300x300.jpg\" alt=\"NHL MYSTERY BOX TRADING CARDS\" width=\"300\" height=\"\" srcset=\"https:\/\/memorabilia-germany.de\/wp-content\/uploads\/\/nhl-hockey-mystery-box-trading-cards-300x300.jpg 300w, https:\/\/memorabilia-germany.de\/wp-content\/uploads\/\/nhl-hockey-mystery-box-trading-cards-250x250.jpg 250w, https:\/\/memorabilia-germany.de\/wp-content\/uploads\/\/nhl-hockey-mystery-box-trading-cards-100x100.jpg 100w, https:\/\/memorabilia-germany.de\/wp-content\/uploads\/\/nhl-hockey-mystery-box-trading-cards.jpg 400w\" sizes=\"(max-width: 300px) 100vw, 300px\" \/><\/a><\/div><div class=\"woo-entry-inner clr\"><a href=\"https:\/\/memorabilia-germany.de\/de\/produkt-kategorie\/trading-card-mystery-box\/nhl-mystery-box-trading-cards\/\"><\/a><\/div><\/div><\/a><\/li>\n<li class=\"product-category product last col span_1_of_2\">\n\t<a aria-label=\"Produktkategorie UEFA SOCCER MYSTERY BOX TRADING CARDS besuchen\" href=\"https:\/\/memorabilia-germany.de\/de\/produkt-kategorie\/trading-card-mystery-box\/uefa-soccer-mystery-box-trading-cards\/\"><div class=\"product-inner clr\"><div class=\"woo-entry-image clr\"><a href=\"https:\/\/memorabilia-germany.de\/de\/produkt-kategorie\/trading-card-mystery-box\/uefa-soccer-mystery-box-trading-cards\/\"><img decoding=\"async\" src=\"https:\/\/memorabilia-germany.de\/wp-content\/uploads\/uefa-soccer-mystery-box-trading-cards-300x300.jpg\" alt=\"UEFA SOCCER MYSTERY BOX TRADING CARDS\" width=\"300\" height=\"\" srcset=\"https:\/\/memorabilia-germany.de\/wp-content\/uploads\/\/uefa-soccer-mystery-box-trading-cards-300x300.jpg 300w, https:\/\/memorabilia-germany.de\/wp-content\/uploads\/\/uefa-soccer-mystery-box-trading-cards-250x250.jpg 250w, https:\/\/memorabilia-germany.de\/wp-content\/uploads\/\/uefa-soccer-mystery-box-trading-cards-100x100.jpg 100w, https:\/\/memorabilia-germany.de\/wp-content\/uploads\/\/uefa-soccer-mystery-box-trading-cards.jpg 400w\" sizes=\"(max-width: 300px) 100vw, 300px\" \/><\/a><\/div><div class=\"woo-entry-inner clr\"><a href=\"https:\/\/memorabilia-germany.de\/de\/produkt-kategorie\/trading-card-mystery-box\/uefa-soccer-mystery-box-trading-cards\/\"><\/a><\/div><\/div><\/a><\/li>\n<\/ul>\n<\/div>\t\t\t\t<\/div>\n\t\t\t\t<\/div>\n\t\t\t\t\t<\/div>\n\t\t<\/div>\n\t\t\t\t\t<\/div>\n\t\t<\/section>\n\t\t\t\t<section class=\"elementor-section elementor-top-section elementor-element elementor-element-6acffbb elementor-section-boxed elementor-section-height-default elementor-section-height-default\" data-id=\"6acffbb\" data-element_type=\"section\" data-e-type=\"section\">\n\t\t\t\t\t\t<div class=\"elementor-container elementor-column-gap-no\">\n\t\t\t\t\t<div class=\"elementor-column elementor-col-100 elementor-top-column elementor-element elementor-element-720c415\" data-id=\"720c415\" data-element_type=\"column\" data-e-type=\"column\">\n\t\t\t<div class=\"elementor-widget-wrap elementor-element-populated\">\n\t\t\t\t\t\t<div class=\"elementor-element elementor-element-13984a1 elementor-widget elementor-widget-heading\" data-id=\"13984a1\" data-element_type=\"widget\" data-e-type=\"widget\" data-widget_type=\"heading.default\">\n\t\t\t\t<div class=\"elementor-widget-container\">\n\t\t\t\t\t<h2 class=\"elementor-heading-title elementor-size-default\">Trading Cards Mystery Box: GAMING TRADING CARDS\n<\/h2>\t\t\t\t<\/div>\n\t\t\t\t<\/div>\n\t\t\t\t\t<\/div>\n\t\t<\/div>\n\t\t\t\t\t<\/div>\n\t\t<\/section>\n\t\t\t\t<section class=\"elementor-section elementor-top-section elementor-element elementor-element-7def7c7 elementor-section-boxed elementor-section-height-default elementor-section-height-default\" data-id=\"7def7c7\" data-element_type=\"section\" data-e-type=\"section\">\n\t\t\t\t\t\t<div class=\"elementor-container elementor-column-gap-no\">\n\t\t\t\t\t<div class=\"elementor-column elementor-col-100 elementor-top-column elementor-element elementor-element-865a3cc\" data-id=\"865a3cc\" data-element_type=\"column\" data-e-type=\"column\">\n\t\t\t<div class=\"elementor-widget-wrap elementor-element-populated\">\n\t\t\t\t\t\t<div class=\"elementor-element elementor-element-c022d07 elementor-grid-2 elementor-product-loop-item--align-center elementor-grid-mobile-1 elementor-grid-tablet-2 elementor-products-grid elementor-wc-products elementor-widget elementor-widget-wc-categories\" data-id=\"c022d07\" data-element_type=\"widget\" data-e-type=\"widget\" data-widget_type=\"wc-categories.default\">\n\t\t\t\t<div class=\"elementor-widget-container\">\n\t\t\t\t\t<div class=\"woocommerce columns-2\">\r\n<ul class=\"products elementor-grid oceanwp-row clr grid tablet-col tablet-2-col mobile-col mobile-1-col\">\r\n<li class=\"product-category product first col span_1_of_2\">\n\t<a aria-label=\"Produktkategorie Pok\u00e9mon MYSTERY BOX TRADING CARDS besuchen\" href=\"https:\/\/memorabilia-germany.de\/de\/produkt-kategorie\/trading-card-mystery-box\/pokemon-mystery-box-trading-cards\/\"><div class=\"product-inner clr\"><div class=\"woo-entry-image clr\"><a href=\"https:\/\/memorabilia-germany.de\/de\/produkt-kategorie\/trading-card-mystery-box\/pokemon-mystery-box-trading-cards\/\"><img decoding=\"async\" src=\"https:\/\/memorabilia-germany.de\/wp-content\/uploads\/pokemon-mystery-box-trading-cards-300x300.jpg\" alt=\"Pok\u00e9mon MYSTERY BOX TRADING CARDS\" width=\"300\" height=\"\" srcset=\"https:\/\/memorabilia-germany.de\/wp-content\/uploads\/\/pokemon-mystery-box-trading-cards-300x300.jpg 300w, https:\/\/memorabilia-germany.de\/wp-content\/uploads\/\/pokemon-mystery-box-trading-cards-250x250.jpg 250w, https:\/\/memorabilia-germany.de\/wp-content\/uploads\/\/pokemon-mystery-box-trading-cards-100x100.jpg 100w, https:\/\/memorabilia-germany.de\/wp-content\/uploads\/\/pokemon-mystery-box-trading-cards.jpg 400w\" sizes=\"(max-width: 300px) 100vw, 300px\" \/><\/a><\/div><div class=\"woo-entry-inner clr\"><a href=\"https:\/\/memorabilia-germany.de\/de\/produkt-kategorie\/trading-card-mystery-box\/pokemon-mystery-box-trading-cards\/\"><\/a><\/div><\/div><\/a><\/li>\n<li class=\"product-category product last col span_1_of_2\">\n\t<a aria-label=\"Produktkategorie One Piece MYSTERY BOX TRADING CARDS besuchen\" href=\"https:\/\/memorabilia-germany.de\/de\/produkt-kategorie\/trading-card-mystery-box\/one-piece-mystery-box-trading-cards\/\"><div class=\"product-inner clr\"><div class=\"woo-entry-image clr\"><a href=\"https:\/\/memorabilia-germany.de\/de\/produkt-kategorie\/trading-card-mystery-box\/one-piece-mystery-box-trading-cards\/\"><img decoding=\"async\" src=\"https:\/\/memorabilia-germany.de\/wp-content\/uploads\/one-piece-card-game-mystery-box-trading-cards-300x300.jpg\" alt=\"One Piece MYSTERY BOX TRADING CARDS\" width=\"300\" height=\"\" srcset=\"https:\/\/memorabilia-germany.de\/wp-content\/uploads\/\/one-piece-card-game-mystery-box-trading-cards-300x300.jpg 300w, https:\/\/memorabilia-germany.de\/wp-content\/uploads\/\/one-piece-card-game-mystery-box-trading-cards-100x100.jpg 100w, https:\/\/memorabilia-germany.de\/wp-content\/uploads\/\/one-piece-card-game-mystery-box-trading-cards-250x250.jpg 250w, https:\/\/memorabilia-germany.de\/wp-content\/uploads\/\/one-piece-card-game-mystery-box-trading-cards.jpg 400w\" sizes=\"(max-width: 300px) 100vw, 300px\" \/><\/a><\/div><div class=\"woo-entry-inner clr\"><a href=\"https:\/\/memorabilia-germany.de\/de\/produkt-kategorie\/trading-card-mystery-box\/one-piece-mystery-box-trading-cards\/\"><\/a><\/div><\/div><\/a><\/li>\n<\/ul>\n<\/div>\t\t\t\t<\/div>\n\t\t\t\t<\/div>\n\t\t\t\t\t<\/div>\n\t\t<\/div>\n\t\t\t\t\t<\/div>\n\t\t<\/section>\n\t\t\t\t<section class=\"elementor-section elementor-top-section elementor-element elementor-element-4210fa6 elementor-section-boxed elementor-section-height-default elementor-section-height-default\" data-id=\"4210fa6\" data-element_type=\"section\" data-e-type=\"section\">\n\t\t\t\t\t\t<div class=\"elementor-container elementor-column-gap-no\">\n\t\t\t\t\t<div class=\"elementor-column elementor-col-100 elementor-top-column elementor-element elementor-element-d4c8a7a\" data-id=\"d4c8a7a\" data-element_type=\"column\" data-e-type=\"column\">\n\t\t\t<div class=\"elementor-widget-wrap elementor-element-populated\">\n\t\t\t\t\t\t<div class=\"elementor-element elementor-element-ce8bb2b elementor-widget elementor-widget-text-editor\" data-id=\"ce8bb2b\" data-element_type=\"widget\" data-e-type=\"widget\" data-widget_type=\"text-editor.default\">\n\t\t\t\t<div class=\"elementor-widget-container\">\n\t\t\t\t\t\t\t\t\tMehr Infos zum Thema Trading Card Mystery Box findest du in unseren <strong><a href=\"https:\/\/memorabilia-germany.de\/de\/sport-memorabilia-faq\/#memorabilia-mystery-box\"><u>FAQ<\/u><\/a><\/strong>.<\/br>\nMehr Trading Cards findest du <strong><a href=\"https:\/\/memorabilia-germany.de\/de\/trading-cards\/\"><u>hier<\/u><\/a><\/strong>.<\/br>\n\nTrading Card Mystery Box:<\/br>alle Trading Cards Mystery Boxen sind mit Liebe zum Hobby zusammengestellt.<\/br> Wir haben f\u00fcr alle Mystery Box und Pocket Pack Serien ein Konzept entwickelt,<\/br> das euch die M\u00f6glichkeit bietet,<\/br>mit wirklich jeder einzelnen Box einen hohen Wert an Karten zu ergattern.<\/br>Viele Packs in den limitierten Serien stammen dabei aus weltweit ausverkauften Editionen l\u00e4ngst vergangener Jahrzehnte.<\/br>Andere Packs stammen aus brandneuen Hobby Boxen von heute.<\/br>So entstehen Mystery Boxen,<\/br>die einen unvergleichlichen Value bieten!<\/br>Autograph Cards der Helden aus der Vergangenheit,<\/br>High End Memorabilia Cards der aktuellen Saison,<\/br>originale Rookie Cards von heutigen Hall of Famern. <\/br>Alles kombiniert in einer Box oder einem Pack!<\/br>\n\nDie meisten Trading Cards Mystery Box oder Pocket Pack Serien, die ihr bei Memorabilia Germany findet, sind limitiert.<\/br>Das hei\u00dft, dass jede Mystery Box \u00fcber eine individuelle Seriennummer verf\u00fcgt<\/br>und dass es nur eine sehr begrenzte Zahl an Boxen in einer Serie gibt.<\/br>Die Artikelbeschreibung verr\u00e4t euch immer sehr detailliert, was genau in welcher Serie zu finden ist.<\/br>Au\u00dferdem ist jede Trading Cards Mystery Box Serie mit Bildern ausgestattet,<\/br>die euch exakt zeigen, was ihr in den Boxen, auf die ihr ein Auge geworfen habt, finden k\u00f6nnt.<\/br>Dar\u00fcber hinaus listen wir euch in der Regel auch alle Highlight Chances, <\/br>also die M\u00f6glichkeit der gr\u00f6\u00dften Hits, die sich in einer Box verbergen k\u00f6nnen. \n\t\t\t\t\t\t\t\t<\/div>\n\t\t\t\t<\/div>\n\t\t\t\t\t<\/div>\n\t\t<\/div>\n\t\t\t\t\t<\/div>\n\t\t<\/section>\n\t\t\t\t<section class=\"elementor-section elementor-top-section elementor-element elementor-element-424d184 elementor-section-height-min-height elementor-section-items-bottom elementor-section-boxed elementor-section-height-default\" data-id=\"424d184\" data-element_type=\"section\" data-e-type=\"section\">\n\t\t\t\t\t\t<div class=\"elementor-container elementor-column-gap-default\">\n\t\t\t\t\t<div class=\"elementor-column elementor-col-100 elementor-top-column elementor-element elementor-element-2d8c911\" data-id=\"2d8c911\" data-element_type=\"column\" data-e-type=\"column\">\n\t\t\t<div class=\"elementor-widget-wrap elementor-element-populated\">\n\t\t\t\t\t\t<div class=\"elementor-element elementor-element-d985bf6 elementor-widget elementor-widget-spacer\" data-id=\"d985bf6\" data-element_type=\"widget\" data-e-type=\"widget\" data-widget_type=\"spacer.default\">\n\t\t\t\t<div class=\"elementor-widget-container\">\n\t\t\t\t\t\t\t<div class=\"elementor-spacer\">\n\t\t\t<div class=\"elementor-spacer-inner\"><\/div>\n\t\t<\/div>\n\t\t\t\t\t\t<\/div>\n\t\t\t\t<\/div>\n\t\t\t\t<div class=\"elementor-element elementor-element-5165114 elementor-widget elementor-widget-text-editor\" data-id=\"5165114\" data-element_type=\"widget\" data-e-type=\"widget\" data-widget_type=\"text-editor.default\">\n\t\t\t\t<div class=\"elementor-widget-container\">\n\t\t\t\t\t\t\t\t\t<p><span style=\"color: #3c3b6e;\">*Gilt f\u00fcr Lieferungen nach Deutschland. Lieferzeiten f\u00fcr andere L\u00e4nder und Informationen zur Berechnung des Liefertermins bzw. der Versandkosten siehe <strong><a href=\"https:\/\/memorabilia-germany.de\/de\/versand_und_zahlungsbedingungen\/\">hier<\/a>.<\/strong><\/span><\/p>\t\t\t\t\t\t\t\t<\/div>\n\t\t\t\t<\/div>\n\t\t\t\t\t<\/div>\n\t\t<\/div>\n\t\t\t\t\t<\/div>\n\t\t<\/section>\n\t\t\t\t<\/div>\n\t\t","protected":false},"excerpt":{"rendered":"<p>Trading Cards Mystery Box &#038; Pocket Pack Unsere Trading Cards Mystery Boxen sind echter High End Stuff. Autograph Cards, Memorabilia Cards, seltene Inserts und nummerierte Parallels. Jede Mystery Box und jedes Pocket Pack enth\u00e4lt Trading Card P\u00e4ckchen aus den edelsten Serien der Marktf\u00fchrer wie Panini, topps oder Upper Deck. Wir finden f\u00fcr euch weltweit ausverkaufte [&hellip;]<\/p>\n","protected":false},"author":1,"featured_media":0,"parent":0,"menu_order":0,"comment_status":"closed","ping_status":"closed","template":"","meta":{"_acf_changed":false,"ocean_post_layout":"","ocean_both_sidebars_style":"","ocean_both_sidebars_content_width":0,"ocean_both_sidebars_sidebars_width":0,"ocean_sidebar":"0","ocean_second_sidebar":"0","ocean_disable_margins":"enable","ocean_add_body_class":"","ocean_shortcode_before_top_bar":"","ocean_shortcode_after_top_bar":"","ocean_shortcode_before_header":"","ocean_shortcode_after_header":"","ocean_has_shortcode":"","ocean_shortcode_after_title":"","ocean_shortcode_before_footer_widgets":"","ocean_shortcode_after_footer_widgets":"","ocean_shortcode_before_footer_bottom":"","ocean_shortcode_after_footer_bottom":"","ocean_display_top_bar":"default","ocean_display_header":"default","ocean_header_style":"","ocean_center_header_left_menu":"0","ocean_custom_header_template":"0","ocean_custom_logo":0,"ocean_custom_retina_logo":0,"ocean_custom_logo_max_width":0,"ocean_custom_logo_tablet_max_width":0,"ocean_custom_logo_mobile_max_width":0,"ocean_custom_logo_max_height":0,"ocean_custom_logo_tablet_max_height":0,"ocean_custom_logo_mobile_max_height":0,"ocean_header_custom_menu":"0","ocean_menu_typo_font_family":"0","ocean_menu_typo_font_subset":"","ocean_menu_typo_font_size":0,"ocean_menu_typo_font_size_tablet":0,"ocean_menu_typo_font_size_mobile":0,"ocean_menu_typo_font_size_unit":"px","ocean_menu_typo_font_weight":"","ocean_menu_typo_font_weight_tablet":"","ocean_menu_typo_font_weight_mobile":"","ocean_menu_typo_transform":"","ocean_menu_typo_transform_tablet":"","ocean_menu_typo_transform_mobile":"","ocean_menu_typo_line_height":0,"ocean_menu_typo_line_height_tablet":0,"ocean_menu_typo_line_height_mobile":0,"ocean_menu_typo_line_height_unit":"","ocean_menu_typo_spacing":0,"ocean_menu_typo_spacing_tablet":0,"ocean_menu_typo_spacing_mobile":0,"ocean_menu_typo_spacing_unit":"","ocean_menu_link_color":"","ocean_menu_link_color_hover":"","ocean_menu_link_color_active":"","ocean_menu_link_background":"","ocean_menu_link_hover_background":"","ocean_menu_link_active_background":"","ocean_menu_social_links_bg":"","ocean_menu_social_hover_links_bg":"","ocean_menu_social_links_color":"","ocean_menu_social_hover_links_color":"","ocean_disable_title":"default","ocean_disable_heading":"default","ocean_post_title":"","ocean_post_subheading":"","ocean_post_title_style":"","ocean_post_title_background_color":"","ocean_post_title_background":0,"ocean_post_title_bg_image_position":"","ocean_post_title_bg_image_attachment":"","ocean_post_title_bg_image_repeat":"","ocean_post_title_bg_image_size":"","ocean_post_title_height":0,"ocean_post_title_bg_overlay":0.5,"ocean_post_title_bg_overlay_color":"","ocean_disable_breadcrumbs":"default","ocean_breadcrumbs_color":"","ocean_breadcrumbs_separator_color":"","ocean_breadcrumbs_links_color":"","ocean_breadcrumbs_links_hover_color":"","ocean_display_footer_widgets":"default","ocean_display_footer_bottom":"default","ocean_custom_footer_template":"0","ofc_enable_fullscreen":"disable","ofc_fullscreen_speed":0,"ofc_fullscreen_nav":"enable","ofc_fullscreen_nav_pos":"right","ofc_fullscreen_nav_color":"","ofc_fullscreen_nav_tooltip_color":"","ofc_fullscreen_responsive":0,"footnotes":""},"class_list":["post-31351","page","type-page","status-publish","hentry","entry","owp-thumbs-layout-horizontal","owp-btn-normal","owp-tabs-layout-horizontal","has-no-thumbnails"],"acf":[],"_links":{"self":[{"href":"https:\/\/memorabilia-germany.de\/de\/wp-json\/wp\/v2\/pages\/31351","targetHints":{"allow":["GET"]}}],"collection":[{"href":"https:\/\/memorabilia-germany.de\/de\/wp-json\/wp\/v2\/pages"}],"about":[{"href":"https:\/\/memorabilia-germany.de\/de\/wp-json\/wp\/v2\/types\/page"}],"author":[{"embeddable":true,"href":"https:\/\/memorabilia-germany.de\/de\/wp-json\/wp\/v2\/users\/1"}],"replies":[{"embeddable":true,"href":"https:\/\/memorabilia-germany.de\/de\/wp-json\/wp\/v2\/comments?post=31351"}],"version-history":[{"count":0,"href":"https:\/\/memorabilia-germany.de\/de\/wp-json\/wp\/v2\/pages\/31351\/revisions"}],"wp:attachment":[{"href":"https:\/\/memorabilia-germany.de\/de\/wp-json\/wp\/v2\/media?parent=31351"}],"curies":[{"name":"wp","href":"https:\/\/api.w.org\/{rel}","templated":true}]}}