{"id":23035,"date":"2022-09-07T16:14:40","date_gmt":"2022-09-07T14:14:40","guid":{"rendered":"https:\/\/memorabilia-germany.de\/?page_id=23035"},"modified":"2022-09-12T12:34:46","modified_gmt":"2022-09-12T10:34:46","slug":"gerahmte-trikots-memorabilia","status":"publish","type":"page","link":"https:\/\/memorabilia-germany.de\/de\/gerahmte-trikots-memorabilia\/","title":{"rendered":"GERAHMTE TRIKOTS MEMORABILIA"},"content":{"rendered":"\t\t<div data-elementor-type=\"wp-page\" data-elementor-id=\"23035\" class=\"elementor elementor-23035\" data-elementor-post-type=\"page\">\n\t\t\t\t\t\t<section class=\"elementor-section elementor-top-section elementor-element elementor-element-b3a9951 elementor-section-boxed elementor-section-height-default elementor-section-height-default\" data-id=\"b3a9951\" data-element_type=\"section\" data-e-type=\"section\">\n\t\t\t\t\t\t<div class=\"elementor-container elementor-column-gap-no\">\n\t\t\t\t\t<div class=\"elementor-column elementor-col-100 elementor-top-column elementor-element elementor-element-75d11bb\" data-id=\"75d11bb\" data-element_type=\"column\" data-e-type=\"column\">\n\t\t\t<div class=\"elementor-widget-wrap elementor-element-populated\">\n\t\t\t\t\t\t<div class=\"elementor-element elementor-element-e641344 elementor-widget elementor-widget-heading\" data-id=\"e641344\" data-element_type=\"widget\" data-e-type=\"widget\" data-widget_type=\"heading.default\">\n\t\t\t\t<div class=\"elementor-widget-container\">\n\t\t\t\t\t<h1 class=\"elementor-heading-title elementor-size-default\">Gerahmte Trikots | Show-Frames<\/h1>\t\t\t\t<\/div>\n\t\t\t\t<\/div>\n\t\t\t\t\t<\/div>\n\t\t<\/div>\n\t\t\t\t\t<\/div>\n\t\t<\/section>\n\t\t\t\t<section class=\"elementor-section elementor-top-section elementor-element elementor-element-2df3544 elementor-section-boxed elementor-section-height-default elementor-section-height-default\" data-id=\"2df3544\" data-element_type=\"section\" data-e-type=\"section\">\n\t\t\t\t\t\t<div class=\"elementor-container elementor-column-gap-no\">\n\t\t\t\t\t<div class=\"elementor-column elementor-col-100 elementor-top-column elementor-element elementor-element-7566430\" data-id=\"7566430\" data-element_type=\"column\" data-e-type=\"column\">\n\t\t\t<div class=\"elementor-widget-wrap elementor-element-populated\">\n\t\t\t\t\t\t<div class=\"elementor-element elementor-element-33a8c8d elementor-widget elementor-widget-text-editor\" data-id=\"33a8c8d\" data-element_type=\"widget\" data-e-type=\"widget\" data-widget_type=\"text-editor.default\">\n\t\t\t\t<div class=\"elementor-widget-container\">\n\t\t\t\t\t\t\t\t\tShow-Frames zeigen gerahmte Trikots.<br\/>Es handelt sich um Objekt-Rahmen im XXL Format, in denen ein Trikot auf die Art und Weise pr\u00e4sentiert wird, die es verdient.\t\t\t\t\t\t\t\t<\/div>\n\t\t\t\t<\/div>\n\t\t\t\t\t<\/div>\n\t\t<\/div>\n\t\t\t\t\t<\/div>\n\t\t<\/section>\n\t\t\t\t<section class=\"elementor-section elementor-top-section elementor-element elementor-element-c6a300d elementor-section-boxed elementor-section-height-default elementor-section-height-default\" data-id=\"c6a300d\" data-element_type=\"section\" data-e-type=\"section\">\n\t\t\t\t\t\t<div class=\"elementor-container elementor-column-gap-no\">\n\t\t\t\t\t<div class=\"elementor-column elementor-col-100 elementor-top-column elementor-element elementor-element-686e815\" data-id=\"686e815\" data-element_type=\"column\" data-e-type=\"column\">\n\t\t\t<div class=\"elementor-widget-wrap elementor-element-populated\">\n\t\t\t\t\t\t<div class=\"elementor-element elementor-element-23b6031 elementor-grid-3 elementor-product-loop-item--align-center elementor-grid-mobile-1 elementor-grid-tablet-2 elementor-products-grid elementor-wc-products elementor-widget elementor-widget-wc-categories\" data-id=\"23b6031\" data-element_type=\"widget\" data-e-type=\"widget\" data-widget_type=\"wc-categories.default\">\n\t\t\t\t<div class=\"elementor-widget-container\">\n\t\t\t\t\t<div class=\"woocommerce columns-3\">\r\n<ul class=\"products elementor-grid oceanwp-row clr grid tablet-col tablet-2-col mobile-col mobile-1-col\">\r\n<li class=\"product-category product first col span_1_of_3\">\n\t<a aria-label=\"Produktkategorie GERAHMTE TRIKOTS FOOTBALL besuchen\" href=\"https:\/\/memorabilia-germany.de\/de\/produkt-kategorie\/football-memorabilia\/gerahmte-trikots-football\/\"><div class=\"product-inner clr\"><div class=\"woo-entry-image clr\"><a href=\"https:\/\/memorabilia-germany.de\/de\/produkt-kategorie\/football-memorabilia\/gerahmte-trikots-football\/\"><img decoding=\"async\" src=\"https:\/\/memorabilia-germany.de\/wp-content\/uploads\/gerahmtes-trikot-football-300x300.jpg\" alt=\"GERAHMTE TRIKOTS FOOTBALL\" width=\"300\" height=\"\" srcset=\"https:\/\/memorabilia-germany.de\/wp-content\/uploads\/gerahmtes-trikot-football-300x300.jpg 300w, https:\/\/memorabilia-germany.de\/wp-content\/uploads\/gerahmtes-trikot-football-250x250.jpg 250w, https:\/\/memorabilia-germany.de\/wp-content\/uploads\/gerahmtes-trikot-football-100x100.jpg 100w, https:\/\/memorabilia-germany.de\/wp-content\/uploads\/gerahmtes-trikot-football.jpg 400w\" sizes=\"(max-width: 300px) 100vw, 300px\" \/><\/a><\/div><div class=\"woo-entry-inner clr\"><a href=\"https:\/\/memorabilia-germany.de\/de\/produkt-kategorie\/football-memorabilia\/gerahmte-trikots-football\/\"><\/a><\/div><\/div><\/a><\/li>\n<li class=\"product-category product col span_1_of_3\">\n\t<a aria-label=\"Produktkategorie GERAHMTE TRIKOTS BASKETBALL besuchen\" href=\"https:\/\/memorabilia-germany.de\/de\/produkt-kategorie\/basketball-memorabilia\/gerahmte-trikots-basketball\/\"><div class=\"product-inner clr\"><div class=\"woo-entry-image clr\"><a href=\"https:\/\/memorabilia-germany.de\/de\/produkt-kategorie\/basketball-memorabilia\/gerahmte-trikots-basketball\/\"><img decoding=\"async\" src=\"https:\/\/memorabilia-germany.de\/wp-content\/uploads\/gerahmtes-trikot-basketball-300x300.jpg\" alt=\"GERAHMTE TRIKOTS BASKETBALL\" width=\"300\" height=\"\" srcset=\"https:\/\/memorabilia-germany.de\/wp-content\/uploads\/gerahmtes-trikot-basketball-300x300.jpg 300w, https:\/\/memorabilia-germany.de\/wp-content\/uploads\/gerahmtes-trikot-basketball-250x250.jpg 250w, https:\/\/memorabilia-germany.de\/wp-content\/uploads\/gerahmtes-trikot-basketball-100x100.jpg 100w, https:\/\/memorabilia-germany.de\/wp-content\/uploads\/gerahmtes-trikot-basketball.jpg 400w\" sizes=\"(max-width: 300px) 100vw, 300px\" \/><\/a><\/div><div class=\"woo-entry-inner clr\"><a href=\"https:\/\/memorabilia-germany.de\/de\/produkt-kategorie\/basketball-memorabilia\/gerahmte-trikots-basketball\/\"><\/a><\/div><\/div><\/a><\/li>\n<li class=\"product-category product last col span_1_of_3\">\n\t<a aria-label=\"Produktkategorie GERAHMTE TRIKOTS FUSSBALL besuchen\" href=\"https:\/\/memorabilia-germany.de\/de\/produkt-kategorie\/fussball-memorabilia\/gerahmte-trikots-fussball\/\"><div class=\"product-inner clr\"><div class=\"woo-entry-image clr\"><a href=\"https:\/\/memorabilia-germany.de\/de\/produkt-kategorie\/fussball-memorabilia\/gerahmte-trikots-fussball\/\"><img decoding=\"async\" src=\"https:\/\/memorabilia-germany.de\/wp-content\/uploads\/gerahmtes-trikot-fussball-300x300.jpg\" alt=\"GERAHMTE TRIKOTS FUSSBALL\" width=\"300\" height=\"\" srcset=\"https:\/\/memorabilia-germany.de\/wp-content\/uploads\/gerahmtes-trikot-fussball-300x300.jpg 300w, https:\/\/memorabilia-germany.de\/wp-content\/uploads\/gerahmtes-trikot-fussball-250x250.jpg 250w, https:\/\/memorabilia-germany.de\/wp-content\/uploads\/gerahmtes-trikot-fussball-100x100.jpg 100w, https:\/\/memorabilia-germany.de\/wp-content\/uploads\/gerahmtes-trikot-fussball.jpg 400w\" sizes=\"(max-width: 300px) 100vw, 300px\" \/><\/a><\/div><div class=\"woo-entry-inner clr\"><a href=\"https:\/\/memorabilia-germany.de\/de\/produkt-kategorie\/fussball-memorabilia\/gerahmte-trikots-fussball\/\"><\/a><\/div><\/div><\/a><\/li>\n<\/ul>\n<\/div>\t\t\t\t<\/div>\n\t\t\t\t<\/div>\n\t\t\t\t\t<\/div>\n\t\t<\/div>\n\t\t\t\t\t<\/div>\n\t\t<\/section>\n\t\t\t\t<section class=\"elementor-section elementor-top-section elementor-element elementor-element-fb0014c elementor-section-boxed elementor-section-height-default elementor-section-height-default\" data-id=\"fb0014c\" data-element_type=\"section\" data-e-type=\"section\">\n\t\t\t\t\t\t<div class=\"elementor-container elementor-column-gap-no\">\n\t\t\t\t\t<div class=\"elementor-column elementor-col-100 elementor-top-column elementor-element elementor-element-35d444a\" data-id=\"35d444a\" data-element_type=\"column\" data-e-type=\"column\">\n\t\t\t<div class=\"elementor-widget-wrap elementor-element-populated\">\n\t\t\t\t\t\t<div class=\"elementor-element elementor-element-e9e80c4 elementor-widget elementor-widget-text-editor\" data-id=\"e9e80c4\" data-element_type=\"widget\" data-e-type=\"widget\" data-widget_type=\"text-editor.default\">\n\t\t\t\t<div class=\"elementor-widget-container\">\n\t\t\t\t\t\t\t\t\t<p>Alle Show-Frames werden in der \u201eMemorabilia Germany Show-Frame Manufaktur\u201d in Mainz in m\u00fchevoller Handarbeit verabreitet.<\/p><p>Die importierten Sport-Jerseys werden dabei in einem aufwendigen Prozess unter Einsatz verschiedener spezieller Materialien so verarbeitet, dass ein edler 3D-Look im Rahmen entsteht, der das gesamte Werk plastisch und aufwendig wirken l\u00e4sst.<\/p><p>Die Rahmen sind aus Holz und das Glas der Frontscheibe besteht aus Acryl, um dem Trikot den bestm\u00f6glichen Schutz vor Schnitten zu bieten.<\/p><p>In den Rahmen sind Name-Plates aus Aluminium verarbeitet, die Informationen zu dem jeweiligen Spieler bereithalten, dessen Jersey sich im Show-Frame befindet.<\/p><p>An der R\u00fcckseite des Rahmens ist eine Wandaufh\u00e4ngung angebracht, um das gerahmte Trikot problemlos an die Wand h\u00e4ngen zu k\u00f6nnen.<\/p><p>Wir bieten Show-Frames zu verschiedenen Sportarten an, zu denen neben der NFL und der NBA auch der europ\u00e4ische Fu\u00dfball geh\u00f6rt.<\/p><p>Jeder Show-Frame wird innerhalb Deutschlands kostenlos versendet und ist so schnell wie m\u00f6glich bei euch.<\/p><p>Auch au\u00dferhalb Deutschlands bieten wir einen sehr schnellen Versand an.<\/p><p>Wir haben f\u00fcr euch ein wundersch\u00f6nes Sortiment ausgew\u00e4hlt, das gerahmte Trikots der gr\u00f6\u00dften Stars aus unterschiedlichsten Sportarten umfasst.<\/p><p>Selbstverst\u00e4ndlich sind auch alle Autogramme auf den gerahmten Trikots in den Show-Frames von einem der weltweit f\u00fchrenden Authenticator wie <strong><a href=\"https:\/\/memorabilia-germany.de\/de\/signatur-authentifizierung\/#signatur-authentifizierung-beckett\">Beckett<\/a><\/strong>, <strong><a href=\"https:\/\/memorabilia-germany.de\/de\/signatur-authentifizierung\/#signatur-authentifizierung-james-spence\">James Spence Authentication<\/a><\/strong>, <strong><a href=\"https:\/\/memorabilia-germany.de\/de\/signatur-authentifizierung\/#signatur-authentifizierung-psa-dna\">PSA\/DNA<\/a><\/strong> oder <strong><a href=\"https:\/\/memorabilia-germany.de\/de\/signatur-authentifizierung\/#signatur-authentifizierung-fanatics\">Fanatics<\/a><\/strong> authentifiziert worden.<\/p><p>Mehr Infos zum wichtigen Thema Authentifizierung findet ihr <strong><a href=\"https:\/\/memorabilia-germany.de\/de\/signatur-authentifizierung\/\">hier<\/a><\/strong>.<\/p><p>Mehr Sport Memorabilia findest du <a href=\"https:\/\/memorabilia-germany.de\/de\/\"><strong>hier<\/strong><\/a>.<\/p>\t\t\t\t\t\t\t\t<\/div>\n\t\t\t\t<\/div>\n\t\t\t\t\t<\/div>\n\t\t<\/div>\n\t\t\t\t\t<\/div>\n\t\t<\/section>\n\t\t\t\t<\/div>\n\t\t","protected":false},"excerpt":{"rendered":"<p>Gerahmte Trikots | Show-Frames Show-Frames zeigen gerahmte Trikots.Es handelt sich um Objekt-Rahmen im XXL Format, in denen ein Trikot auf die Art und Weise pr\u00e4sentiert wird, die es verdient. Alle Show-Frames werden in der \u201eMemorabilia Germany Show-Frame Manufaktur\u201d in Mainz in m\u00fchevoller Handarbeit verabreitet. Die importierten Sport-Jerseys werden dabei in einem aufwendigen Prozess unter Einsatz [&hellip;]<\/p>\n","protected":false},"author":1,"featured_media":0,"parent":0,"menu_order":0,"comment_status":"closed","ping_status":"closed","template":"elementor_header_footer","meta":{"_acf_changed":false,"ocean_post_layout":"","ocean_both_sidebars_style":"","ocean_both_sidebars_content_width":0,"ocean_both_sidebars_sidebars_width":0,"ocean_sidebar":"0","ocean_second_sidebar":"0","ocean_disable_margins":"enable","ocean_add_body_class":"","ocean_shortcode_before_top_bar":"","ocean_shortcode_after_top_bar":"","ocean_shortcode_before_header":"","ocean_shortcode_after_header":"","ocean_has_shortcode":"","ocean_shortcode_after_title":"","ocean_shortcode_before_footer_widgets":"","ocean_shortcode_after_footer_widgets":"","ocean_shortcode_before_footer_bottom":"","ocean_shortcode_after_footer_bottom":"","ocean_display_top_bar":"default","ocean_display_header":"default","ocean_header_style":"","ocean_center_header_left_menu":"0","ocean_custom_header_template":"0","ocean_custom_logo":0,"ocean_custom_retina_logo":0,"ocean_custom_logo_max_width":0,"ocean_custom_logo_tablet_max_width":0,"ocean_custom_logo_mobile_max_width":0,"ocean_custom_logo_max_height":0,"ocean_custom_logo_tablet_max_height":0,"ocean_custom_logo_mobile_max_height":0,"ocean_header_custom_menu":"0","ocean_menu_typo_font_family":"0","ocean_menu_typo_font_subset":"","ocean_menu_typo_font_size":0,"ocean_menu_typo_font_size_tablet":0,"ocean_menu_typo_font_size_mobile":0,"ocean_menu_typo_font_size_unit":"px","ocean_menu_typo_font_weight":"","ocean_menu_typo_font_weight_tablet":"","ocean_menu_typo_font_weight_mobile":"","ocean_menu_typo_transform":"","ocean_menu_typo_transform_tablet":"","ocean_menu_typo_transform_mobile":"","ocean_menu_typo_line_height":0,"ocean_menu_typo_line_height_tablet":0,"ocean_menu_typo_line_height_mobile":0,"ocean_menu_typo_line_height_unit":"","ocean_menu_typo_spacing":0,"ocean_menu_typo_spacing_tablet":0,"ocean_menu_typo_spacing_mobile":0,"ocean_menu_typo_spacing_unit":"","ocean_menu_link_color":"","ocean_menu_link_color_hover":"","ocean_menu_link_color_active":"","ocean_menu_link_background":"","ocean_menu_link_hover_background":"","ocean_menu_link_active_background":"","ocean_menu_social_links_bg":"","ocean_menu_social_hover_links_bg":"","ocean_menu_social_links_color":"","ocean_menu_social_hover_links_color":"","ocean_disable_title":"default","ocean_disable_heading":"default","ocean_post_title":"","ocean_post_subheading":"","ocean_post_title_style":"","ocean_post_title_background_color":"","ocean_post_title_background":0,"ocean_post_title_bg_image_position":"","ocean_post_title_bg_image_attachment":"","ocean_post_title_bg_image_repeat":"","ocean_post_title_bg_image_size":"","ocean_post_title_height":0,"ocean_post_title_bg_overlay":0.5,"ocean_post_title_bg_overlay_color":"","ocean_disable_breadcrumbs":"default","ocean_breadcrumbs_color":"","ocean_breadcrumbs_separator_color":"","ocean_breadcrumbs_links_color":"","ocean_breadcrumbs_links_hover_color":"","ocean_display_footer_widgets":"default","ocean_display_footer_bottom":"default","ocean_custom_footer_template":"0","ofc_enable_fullscreen":"disable","ofc_fullscreen_speed":0,"ofc_fullscreen_nav":"enable","ofc_fullscreen_nav_pos":"right","ofc_fullscreen_nav_color":"","ofc_fullscreen_nav_tooltip_color":"","ofc_fullscreen_responsive":0,"footnotes":""},"class_list":["post-23035","page","type-page","status-publish","hentry","entry","owp-thumbs-layout-horizontal","owp-btn-normal","owp-tabs-layout-horizontal","has-no-thumbnails"],"acf":[],"_links":{"self":[{"href":"https:\/\/memorabilia-germany.de\/de\/wp-json\/wp\/v2\/pages\/23035","targetHints":{"allow":["GET"]}}],"collection":[{"href":"https:\/\/memorabilia-germany.de\/de\/wp-json\/wp\/v2\/pages"}],"about":[{"href":"https:\/\/memorabilia-germany.de\/de\/wp-json\/wp\/v2\/types\/page"}],"author":[{"embeddable":true,"href":"https:\/\/memorabilia-germany.de\/de\/wp-json\/wp\/v2\/users\/1"}],"replies":[{"embeddable":true,"href":"https:\/\/memorabilia-germany.de\/de\/wp-json\/wp\/v2\/comments?post=23035"}],"version-history":[{"count":0,"href":"https:\/\/memorabilia-germany.de\/de\/wp-json\/wp\/v2\/pages\/23035\/revisions"}],"wp:attachment":[{"href":"https:\/\/memorabilia-germany.de\/de\/wp-json\/wp\/v2\/media?parent=23035"}],"curies":[{"name":"wp","href":"https:\/\/api.w.org\/{rel}","templated":true}]}}