{"id":21838,"date":"2022-08-18T11:11:28","date_gmt":"2022-08-18T09:11:28","guid":{"rendered":"https:\/\/memorabilia-germany.de\/?page_id=21838"},"modified":"2025-07-28T19:04:20","modified_gmt":"2025-07-28T17:04:20","slug":"trading-cards","status":"publish","type":"page","link":"https:\/\/memorabilia-germany.de\/de\/trading-cards\/","title":{"rendered":"TRADING CARDS"},"content":{"rendered":"\t\t<div data-elementor-type=\"wp-page\" data-elementor-id=\"21838\" class=\"elementor elementor-21838\" data-elementor-post-type=\"page\">\n\t\t\t\t\t\t<section class=\"elementor-section elementor-top-section elementor-element elementor-element-bc761b1 elementor-section-boxed elementor-section-height-default elementor-section-height-default\" data-id=\"bc761b1\" data-element_type=\"section\" data-e-type=\"section\">\n\t\t\t\t\t\t<div class=\"elementor-container elementor-column-gap-no\">\n\t\t\t\t\t<div class=\"elementor-column elementor-col-100 elementor-top-column elementor-element elementor-element-c44bb4b\" data-id=\"c44bb4b\" data-element_type=\"column\" data-e-type=\"column\">\n\t\t\t<div class=\"elementor-widget-wrap elementor-element-populated\">\n\t\t\t\t\t\t<div class=\"elementor-element elementor-element-5326445 elementor-widget elementor-widget-heading\" data-id=\"5326445\" data-element_type=\"widget\" data-e-type=\"widget\" data-widget_type=\"heading.default\">\n\t\t\t\t<div class=\"elementor-widget-container\">\n\t\t\t\t\t<h1 class=\"elementor-heading-title elementor-size-default\">Trading Cards | Sammelkarten aus der Vergangenheit<\/h1>\t\t\t\t<\/div>\n\t\t\t\t<\/div>\n\t\t\t\t\t<\/div>\n\t\t<\/div>\n\t\t\t\t\t<\/div>\n\t\t<\/section>\n\t\t\t\t<section class=\"elementor-section elementor-top-section elementor-element elementor-element-6eb4ca1 elementor-section-boxed elementor-section-height-default elementor-section-height-default\" data-id=\"6eb4ca1\" data-element_type=\"section\" data-e-type=\"section\">\n\t\t\t\t\t\t<div class=\"elementor-container elementor-column-gap-default\">\n\t\t\t\t\t<div class=\"elementor-column elementor-col-100 elementor-top-column elementor-element elementor-element-4098ac3\" data-id=\"4098ac3\" data-element_type=\"column\" data-e-type=\"column\">\n\t\t\t<div class=\"elementor-widget-wrap elementor-element-populated\">\n\t\t\t\t\t\t<div class=\"elementor-element elementor-element-0d701a4 elementor-widget elementor-widget-text-editor\" data-id=\"0d701a4\" data-element_type=\"widget\" data-e-type=\"widget\" data-widget_type=\"text-editor.default\">\n\t\t\t\t<div class=\"elementor-widget-container\">\n\t\t\t\t\t\t\t\t\t<p>Unser Trading Card Shop wird dein Herz h\u00f6her schlagen lassen, du alter Nostalgiker!<\/br>Bei uns hast du die M\u00f6glichkeit, Sammelkarten aus der Vergangenheit zu entdecken.<\/br> Sammelkarten aus fr\u00fcheren Jahrzehnten. Alle P\u00e4ckchen sind original aus dem jeweiligen Erscheinungsjahr, in dem sie ver\u00f6ffentlicht wurden. <\/br>Alles original verpackt und alles in bester Qualit\u00e4t.<\/p>\t\t\t\t\t\t\t\t<\/div>\n\t\t\t\t<\/div>\n\t\t\t\t\t<\/div>\n\t\t<\/div>\n\t\t\t\t\t<\/div>\n\t\t<\/section>\n\t\t\t\t<section class=\"elementor-section elementor-top-section elementor-element elementor-element-8685707 elementor-section-boxed elementor-section-height-default elementor-section-height-default\" data-id=\"8685707\" data-element_type=\"section\" data-e-type=\"section\">\n\t\t\t\t\t\t<div class=\"elementor-container elementor-column-gap-default\">\n\t\t\t\t\t<div class=\"elementor-column elementor-col-100 elementor-top-column elementor-element elementor-element-31d41c0\" data-id=\"31d41c0\" data-element_type=\"column\" data-e-type=\"column\">\n\t\t\t<div class=\"elementor-widget-wrap elementor-element-populated\">\n\t\t\t\t\t\t<div class=\"elementor-element elementor-element-f41b808 elementor-grid-3 elementor-grid-mobile-1 elementor-grid-tablet-3 elementor-products-grid elementor-wc-products elementor-widget elementor-widget-wc-categories\" data-id=\"f41b808\" data-element_type=\"widget\" data-e-type=\"widget\" data-widget_type=\"wc-categories.default\">\n\t\t\t\t<div class=\"elementor-widget-container\">\n\t\t\t\t\t<div class=\"woocommerce columns-3\">\r\n<ul class=\"products elementor-grid oceanwp-row clr grid tablet-col tablet-2-col mobile-col mobile-1-col\">\r\n<li class=\"product-category product first col span_1_of_3\">\n\t<a aria-label=\"Produktkategorie BASEBALL TRADING CARDS besuchen\" href=\"https:\/\/memorabilia-germany.de\/de\/produkt-kategorie\/baseball-memorabilia\/baseball-trading-cards\/\"><div class=\"product-inner clr\"><div class=\"woo-entry-image clr\"><a href=\"https:\/\/memorabilia-germany.de\/de\/produkt-kategorie\/baseball-memorabilia\/baseball-trading-cards\/\"><img decoding=\"async\" src=\"https:\/\/memorabilia-germany.de\/wp-content\/uploads\/04_Trading_Cards_Baseball_90-300x300.jpg\" alt=\"BASEBALL TRADING CARDS\" width=\"300\" height=\"\" srcset=\"https:\/\/memorabilia-germany.de\/wp-content\/uploads\/04_Trading_Cards_Baseball_90-300x300.jpg 300w, https:\/\/memorabilia-germany.de\/wp-content\/uploads\/04_Trading_Cards_Baseball_90-250x250.jpg 250w, https:\/\/memorabilia-germany.de\/wp-content\/uploads\/04_Trading_Cards_Baseball_90-100x100.jpg 100w, https:\/\/memorabilia-germany.de\/wp-content\/uploads\/04_Trading_Cards_Baseball_90.jpg 400w\" sizes=\"(max-width: 300px) 100vw, 300px\" \/><\/a><\/div><div class=\"woo-entry-inner clr\"><a href=\"https:\/\/memorabilia-germany.de\/de\/produkt-kategorie\/baseball-memorabilia\/baseball-trading-cards\/\"><\/a><\/div><\/div><\/a><\/li>\n<li class=\"product-category product col span_1_of_3\">\n\t<a aria-label=\"Produktkategorie FOOTBALL TRADING CARDS besuchen\" href=\"https:\/\/memorabilia-germany.de\/de\/produkt-kategorie\/football-memorabilia\/football-trading-cards\/\"><div class=\"product-inner clr\"><div class=\"woo-entry-image clr\"><a href=\"https:\/\/memorabilia-germany.de\/de\/produkt-kategorie\/football-memorabilia\/football-trading-cards\/\"><img decoding=\"async\" src=\"https:\/\/memorabilia-germany.de\/wp-content\/uploads\/02_Trading_Cards_Football_90-300x300.jpg\" alt=\"FOOTBALL TRADING CARDS\" width=\"300\" height=\"\" srcset=\"https:\/\/memorabilia-germany.de\/wp-content\/uploads\/02_Trading_Cards_Football_90-300x300.jpg 300w, https:\/\/memorabilia-germany.de\/wp-content\/uploads\/02_Trading_Cards_Football_90-100x100.jpg 100w, https:\/\/memorabilia-germany.de\/wp-content\/uploads\/02_Trading_Cards_Football_90.jpg 400w\" sizes=\"(max-width: 300px) 100vw, 300px\" \/><\/a><\/div><div class=\"woo-entry-inner clr\"><a href=\"https:\/\/memorabilia-germany.de\/de\/produkt-kategorie\/football-memorabilia\/football-trading-cards\/\"><\/a><\/div><\/div><\/a><\/li>\n<li class=\"product-category product last col span_1_of_3\">\n\t<a aria-label=\"Produktkategorie ICE HOCKEY TRADING CARDS besuchen\" href=\"https:\/\/memorabilia-germany.de\/de\/produkt-kategorie\/ice-hockey-memorabilia\/ice-hockey-trading-cards\/\"><div class=\"product-inner clr\"><div class=\"woo-entry-image clr\"><a href=\"https:\/\/memorabilia-germany.de\/de\/produkt-kategorie\/ice-hockey-memorabilia\/ice-hockey-trading-cards\/\"><img decoding=\"async\" src=\"https:\/\/memorabilia-germany.de\/wp-content\/uploads\/02_Trading_Cards_Eishockey_90-300x300.jpg\" alt=\"ICE HOCKEY TRADING CARDS\" width=\"300\" height=\"\" srcset=\"https:\/\/memorabilia-germany.de\/wp-content\/uploads\/02_Trading_Cards_Eishockey_90-300x300.jpg 300w, https:\/\/memorabilia-germany.de\/wp-content\/uploads\/02_Trading_Cards_Eishockey_90-100x100.jpg 100w, https:\/\/memorabilia-germany.de\/wp-content\/uploads\/02_Trading_Cards_Eishockey_90.jpg 400w\" sizes=\"(max-width: 300px) 100vw, 300px\" \/><\/a><\/div><div class=\"woo-entry-inner clr\"><a href=\"https:\/\/memorabilia-germany.de\/de\/produkt-kategorie\/ice-hockey-memorabilia\/ice-hockey-trading-cards\/\"><\/a><\/div><\/div><\/a><\/li>\n<li class=\"product-category product first col span_1_of_3\">\n\t<a aria-label=\"Produktkategorie BASKETBALL TRADING CARDS besuchen\" href=\"https:\/\/memorabilia-germany.de\/de\/produkt-kategorie\/basketball-memorabilia\/basketball-trading-cards\/\"><div class=\"product-inner clr\"><div class=\"woo-entry-image clr\"><a href=\"https:\/\/memorabilia-germany.de\/de\/produkt-kategorie\/basketball-memorabilia\/basketball-trading-cards\/\"><img decoding=\"async\" src=\"https:\/\/memorabilia-germany.de\/wp-content\/uploads\/02_Trading_Cards_Basketball_90-300x300.jpg\" alt=\"BASKETBALL TRADING CARDS\" width=\"300\" height=\"\" srcset=\"https:\/\/memorabilia-germany.de\/wp-content\/uploads\/02_Trading_Cards_Basketball_90-300x300.jpg 300w, https:\/\/memorabilia-germany.de\/wp-content\/uploads\/02_Trading_Cards_Basketball_90-100x100.jpg 100w, https:\/\/memorabilia-germany.de\/wp-content\/uploads\/02_Trading_Cards_Basketball_90.jpg 400w\" sizes=\"(max-width: 300px) 100vw, 300px\" \/><\/a><\/div><div class=\"woo-entry-inner clr\"><a href=\"https:\/\/memorabilia-germany.de\/de\/produkt-kategorie\/basketball-memorabilia\/basketball-trading-cards\/\"><\/a><\/div><\/div><\/a><\/li>\n<li class=\"product-category product col span_1_of_3\">\n\t<a aria-label=\"Produktkategorie ENTERTAINMENT TRADING CARDS besuchen\" href=\"https:\/\/memorabilia-germany.de\/de\/produkt-kategorie\/entertainment-memorabilia\/entertainment-trading-cards\/\"><div class=\"product-inner clr\"><div class=\"woo-entry-image clr\"><a href=\"https:\/\/memorabilia-germany.de\/de\/produkt-kategorie\/entertainment-memorabilia\/entertainment-trading-cards\/\"><img decoding=\"async\" src=\"https:\/\/memorabilia-germany.de\/wp-content\/uploads\/05_Trading_Cards_Entertainment_90-300x300.jpg\" alt=\"ENTERTAINMENT TRADING CARDS\" width=\"300\" height=\"\" srcset=\"https:\/\/memorabilia-germany.de\/wp-content\/uploads\/05_Trading_Cards_Entertainment_90-300x300.jpg 300w, https:\/\/memorabilia-germany.de\/wp-content\/uploads\/05_Trading_Cards_Entertainment_90-250x250.jpg 250w, https:\/\/memorabilia-germany.de\/wp-content\/uploads\/05_Trading_Cards_Entertainment_90-100x100.jpg 100w, https:\/\/memorabilia-germany.de\/wp-content\/uploads\/05_Trading_Cards_Entertainment_90.jpg 400w\" sizes=\"(max-width: 300px) 100vw, 300px\" \/><\/a><\/div><div class=\"woo-entry-inner clr\"><a href=\"https:\/\/memorabilia-germany.de\/de\/produkt-kategorie\/entertainment-memorabilia\/entertainment-trading-cards\/\"><\/a><\/div><\/div><\/a><\/li>\n<li class=\"product-category product last col span_1_of_3\">\n\t<a aria-label=\"Produktkategorie HUMAN HISTORY TRADING CARDS besuchen\" href=\"https:\/\/memorabilia-germany.de\/de\/produkt-kategorie\/human-history-trading-cards\/\"><div class=\"product-inner clr\"><div class=\"woo-entry-image clr\"><a href=\"https:\/\/memorabilia-germany.de\/de\/produkt-kategorie\/human-history-trading-cards\/\"><img decoding=\"async\" src=\"https:\/\/memorabilia-germany.de\/wp-content\/uploads\/06_Trading_Cards_Human_History_90_b-300x300.jpg\" alt=\"HUMAN HISTORY TRADING CARDS\" width=\"300\" height=\"\" srcset=\"https:\/\/memorabilia-germany.de\/wp-content\/uploads\/06_Trading_Cards_Human_History_90_b-300x300.jpg 300w, https:\/\/memorabilia-germany.de\/wp-content\/uploads\/06_Trading_Cards_Human_History_90_b-250x250.jpg 250w, https:\/\/memorabilia-germany.de\/wp-content\/uploads\/06_Trading_Cards_Human_History_90_b-100x100.jpg 100w, https:\/\/memorabilia-germany.de\/wp-content\/uploads\/06_Trading_Cards_Human_History_90_b.jpg 400w\" sizes=\"(max-width: 300px) 100vw, 300px\" \/><\/a><\/div><div class=\"woo-entry-inner clr\"><a href=\"https:\/\/memorabilia-germany.de\/de\/produkt-kategorie\/human-history-trading-cards\/\"><\/a><\/div><\/div><\/a><\/li>\n<\/ul>\n<\/div>\t\t\t\t<\/div>\n\t\t\t\t<\/div>\n\t\t\t\t\t<\/div>\n\t\t<\/div>\n\t\t\t\t\t<\/div>\n\t\t<\/section>\n\t\t\t\t<section class=\"elementor-section elementor-top-section elementor-element elementor-element-a14c546 elementor-section-boxed elementor-section-height-default elementor-section-height-default\" data-id=\"a14c546\" data-element_type=\"section\" data-e-type=\"section\">\n\t\t\t\t\t\t<div class=\"elementor-container elementor-column-gap-no\">\n\t\t\t\t\t<div class=\"elementor-column elementor-col-100 elementor-top-column elementor-element elementor-element-995866b\" data-id=\"995866b\" data-element_type=\"column\" data-e-type=\"column\">\n\t\t\t<div class=\"elementor-widget-wrap elementor-element-populated\">\n\t\t\t\t\t\t<div class=\"elementor-element elementor-element-a675133 elementor-widget elementor-widget-text-editor\" data-id=\"a675133\" data-element_type=\"widget\" data-e-type=\"widget\" data-widget_type=\"text-editor.default\">\n\t\t\t\t<div class=\"elementor-widget-container\">\n\t\t\t\t\t\t\t\t\t<p>Mehr Sport Memorabilia findest du <strong><a href=\"https:\/\/memorabilia-germany.de\/de\">hier<\/a><\/strong>.<\/p>\n<p>Trading Cards von fr\u00fcher entdecken: <\/br>Sieh dich in unserem Trading Card Shop um und du wirst feststellen, dass es sich um keinen gew\u00f6hnlichen Shop f\u00fcr Sammelkarten handelt. <\/br>Viele eher wirst du in eine Zeitmaschine gesetzt und hast hier die M\u00f6glichkeit alte Trading Cards von fr\u00fcher zu kaufen.<\/p> <p>Originale Karten-P\u00e4ckchen aus der Vergangenheit warten hier von dir entdeckt zu werden. <\/br>Du kannst die Seele baumeln lassen und an fr\u00fchere Zeiten denken. <\/br>An Zeiten in denen Helden wie Joe Montana, Michael Jordan oder Wayne Gretzky die Sportligen dominierten und die Welt noch in anderen Bahnen lief.<\/p>\n\n<p>\u00dcber unser Netzwerk importieren wir unge\u00f6ffnete Trading Card Boxen aus fr\u00fcheren Zeiten. <\/br>Wir \u00fcberpr\u00fcfen sowohl die Boxen, als auch alle einzelnen P\u00e4ckchen auf Unversehrtheit.<\/p> <p>Trotz des hohen Alters der Karten k\u00f6nnt ihr so gefahrenlos Trading Cards aus euren j\u00fcngeren Jahren einkaufen und k\u00f6nnt einfach die Seele baumeln lassen und ein bisschen an fr\u00fcher denken.<\/p> <p>Der ein oder andere Sammler hat in solchen alten P\u00e4ckchen auch schon wahre \u201eKarten-Sch\u00e4tze\u201c gefunden!<\/p>\t\t\t\t\t\t\t\t<\/div>\n\t\t\t\t<\/div>\n\t\t\t\t\t<\/div>\n\t\t<\/div>\n\t\t\t\t\t<\/div>\n\t\t<\/section>\n\t\t\t\t<\/div>\n\t\t","protected":false},"excerpt":{"rendered":"<p>Trading Cards | Sammelkarten aus der Vergangenheit Unser Trading Card Shop wird dein Herz h\u00f6her schlagen lassen, du alter Nostalgiker!Bei uns hast du die M\u00f6glichkeit, Sammelkarten aus der Vergangenheit zu entdecken. Sammelkarten aus fr\u00fcheren Jahrzehnten. Alle P\u00e4ckchen sind original aus dem jeweiligen Erscheinungsjahr, in dem sie ver\u00f6ffentlicht wurden. Alles original verpackt und alles in bester [&hellip;]<\/p>\n","protected":false},"author":1,"featured_media":0,"parent":0,"menu_order":0,"comment_status":"closed","ping_status":"closed","template":"","meta":{"_acf_changed":false,"ocean_post_layout":"","ocean_both_sidebars_style":"","ocean_both_sidebars_content_width":0,"ocean_both_sidebars_sidebars_width":0,"ocean_sidebar":"0","ocean_second_sidebar":"0","ocean_disable_margins":"enable","ocean_add_body_class":"","ocean_shortcode_before_top_bar":"","ocean_shortcode_after_top_bar":"","ocean_shortcode_before_header":"","ocean_shortcode_after_header":"","ocean_has_shortcode":"","ocean_shortcode_after_title":"","ocean_shortcode_before_footer_widgets":"","ocean_shortcode_after_footer_widgets":"","ocean_shortcode_before_footer_bottom":"","ocean_shortcode_after_footer_bottom":"","ocean_display_top_bar":"default","ocean_display_header":"default","ocean_header_style":"","ocean_center_header_left_menu":"0","ocean_custom_header_template":"0","ocean_custom_logo":0,"ocean_custom_retina_logo":0,"ocean_custom_logo_max_width":0,"ocean_custom_logo_tablet_max_width":0,"ocean_custom_logo_mobile_max_width":0,"ocean_custom_logo_max_height":0,"ocean_custom_logo_tablet_max_height":0,"ocean_custom_logo_mobile_max_height":0,"ocean_header_custom_menu":"0","ocean_menu_typo_font_family":"0","ocean_menu_typo_font_subset":"","ocean_menu_typo_font_size":0,"ocean_menu_typo_font_size_tablet":0,"ocean_menu_typo_font_size_mobile":0,"ocean_menu_typo_font_size_unit":"px","ocean_menu_typo_font_weight":"","ocean_menu_typo_font_weight_tablet":"","ocean_menu_typo_font_weight_mobile":"","ocean_menu_typo_transform":"","ocean_menu_typo_transform_tablet":"","ocean_menu_typo_transform_mobile":"","ocean_menu_typo_line_height":0,"ocean_menu_typo_line_height_tablet":0,"ocean_menu_typo_line_height_mobile":0,"ocean_menu_typo_line_height_unit":"","ocean_menu_typo_spacing":0,"ocean_menu_typo_spacing_tablet":0,"ocean_menu_typo_spacing_mobile":0,"ocean_menu_typo_spacing_unit":"","ocean_menu_link_color":"","ocean_menu_link_color_hover":"","ocean_menu_link_color_active":"","ocean_menu_link_background":"","ocean_menu_link_hover_background":"","ocean_menu_link_active_background":"","ocean_menu_social_links_bg":"","ocean_menu_social_hover_links_bg":"","ocean_menu_social_links_color":"","ocean_menu_social_hover_links_color":"","ocean_disable_title":"default","ocean_disable_heading":"default","ocean_post_title":"","ocean_post_subheading":"","ocean_post_title_style":"","ocean_post_title_background_color":"","ocean_post_title_background":0,"ocean_post_title_bg_image_position":"","ocean_post_title_bg_image_attachment":"","ocean_post_title_bg_image_repeat":"","ocean_post_title_bg_image_size":"","ocean_post_title_height":0,"ocean_post_title_bg_overlay":0.5,"ocean_post_title_bg_overlay_color":"","ocean_disable_breadcrumbs":"default","ocean_breadcrumbs_color":"","ocean_breadcrumbs_separator_color":"","ocean_breadcrumbs_links_color":"","ocean_breadcrumbs_links_hover_color":"","ocean_display_footer_widgets":"default","ocean_display_footer_bottom":"default","ocean_custom_footer_template":"0","ofc_enable_fullscreen":"disable","ofc_fullscreen_speed":0,"ofc_fullscreen_nav":"enable","ofc_fullscreen_nav_pos":"right","ofc_fullscreen_nav_color":"","ofc_fullscreen_nav_tooltip_color":"","ofc_fullscreen_responsive":0,"footnotes":""},"class_list":["post-21838","page","type-page","status-publish","hentry","entry","owp-thumbs-layout-horizontal","owp-btn-normal","owp-tabs-layout-horizontal","has-no-thumbnails"],"acf":[],"_links":{"self":[{"href":"https:\/\/memorabilia-germany.de\/de\/wp-json\/wp\/v2\/pages\/21838","targetHints":{"allow":["GET"]}}],"collection":[{"href":"https:\/\/memorabilia-germany.de\/de\/wp-json\/wp\/v2\/pages"}],"about":[{"href":"https:\/\/memorabilia-germany.de\/de\/wp-json\/wp\/v2\/types\/page"}],"author":[{"embeddable":true,"href":"https:\/\/memorabilia-germany.de\/de\/wp-json\/wp\/v2\/users\/1"}],"replies":[{"embeddable":true,"href":"https:\/\/memorabilia-germany.de\/de\/wp-json\/wp\/v2\/comments?post=21838"}],"version-history":[{"count":0,"href":"https:\/\/memorabilia-germany.de\/de\/wp-json\/wp\/v2\/pages\/21838\/revisions"}],"wp:attachment":[{"href":"https:\/\/memorabilia-germany.de\/de\/wp-json\/wp\/v2\/media?parent=21838"}],"curies":[{"name":"wp","href":"https:\/\/api.w.org\/{rel}","templated":true}]}}