{"id":20071,"date":"2022-07-05T17:01:08","date_gmt":"2022-07-05T15:01:08","guid":{"rendered":"https:\/\/memorabilia-germany.de\/?page_id=20071"},"modified":"2024-11-28T16:23:49","modified_gmt":"2024-11-28T15:23:49","slug":"entertainment-memorabilia","status":"publish","type":"page","link":"https:\/\/memorabilia-germany.de\/de\/entertainment-memorabilia\/","title":{"rendered":"ENTERTAINMENT MEMORABILIA"},"content":{"rendered":"\t\t<div data-elementor-type=\"wp-page\" data-elementor-id=\"20071\" class=\"elementor elementor-20071\" data-elementor-post-type=\"page\">\n\t\t\t\t\t\t<section class=\"elementor-section elementor-top-section elementor-element elementor-element-9574878 elementor-section-boxed elementor-section-height-default elementor-section-height-default\" data-id=\"9574878\" data-element_type=\"section\" data-e-type=\"section\">\n\t\t\t\t\t\t<div class=\"elementor-container elementor-column-gap-no\">\n\t\t\t\t\t<div class=\"elementor-column elementor-col-100 elementor-top-column elementor-element elementor-element-666d76f\" data-id=\"666d76f\" data-element_type=\"column\" data-e-type=\"column\">\n\t\t\t<div class=\"elementor-widget-wrap elementor-element-populated\">\n\t\t\t\t\t\t<div class=\"elementor-element elementor-element-ad8dc8b elementor-widget elementor-widget-heading\" data-id=\"ad8dc8b\" data-element_type=\"widget\" data-e-type=\"widget\" data-widget_type=\"heading.default\">\n\t\t\t\t<div class=\"elementor-widget-container\">\n\t\t\t\t\t<h1 class=\"elementor-heading-title elementor-size-default\">Entertainment Memorabilia | Movie Star Autogramme<\/h1>\t\t\t\t<\/div>\n\t\t\t\t<\/div>\n\t\t\t\t\t<\/div>\n\t\t<\/div>\n\t\t\t\t\t<\/div>\n\t\t<\/section>\n\t\t\t\t<section class=\"elementor-section elementor-top-section elementor-element elementor-element-540cb33 elementor-section-boxed elementor-section-height-default elementor-section-height-default\" data-id=\"540cb33\" data-element_type=\"section\" data-e-type=\"section\">\n\t\t\t\t\t\t<div class=\"elementor-container elementor-column-gap-no\">\n\t\t\t\t\t<div class=\"elementor-column elementor-col-100 elementor-top-column elementor-element elementor-element-a2f81d2\" data-id=\"a2f81d2\" data-element_type=\"column\" data-e-type=\"column\">\n\t\t\t<div class=\"elementor-widget-wrap elementor-element-populated\">\n\t\t\t\t\t\t<div class=\"elementor-element elementor-element-addbacb elementor-widget elementor-widget-text-editor\" data-id=\"addbacb\" data-element_type=\"widget\" data-e-type=\"widget\" data-widget_type=\"text-editor.default\">\n\t\t\t\t<div class=\"elementor-widget-container\">\n\t\t\t\t\t\t\t\t\t<p>Entertainment Memorabilia zeigen die Autogramme von Stars eurer liebsten Filme und Serien. Egal ob signiertes Filmposter oder Movie Star Showcase.Hier findest du die hei\u00dfesten Star Autogramme!<\/p>\t\t\t\t\t\t\t\t<\/div>\n\t\t\t\t<\/div>\n\t\t\t\t\t<\/div>\n\t\t<\/div>\n\t\t\t\t\t<\/div>\n\t\t<\/section>\n\t\t\t\t<section class=\"elementor-section elementor-top-section elementor-element elementor-element-520eeab elementor-section-boxed elementor-section-height-default elementor-section-height-default\" data-id=\"520eeab\" data-element_type=\"section\" data-e-type=\"section\">\n\t\t\t\t\t\t<div class=\"elementor-container elementor-column-gap-no\">\n\t\t\t\t\t<div class=\"elementor-column elementor-col-100 elementor-top-column elementor-element elementor-element-8e93dcf\" data-id=\"8e93dcf\" data-element_type=\"column\" data-e-type=\"column\">\n\t\t\t<div class=\"elementor-widget-wrap elementor-element-populated\">\n\t\t\t\t\t\t<div class=\"elementor-element elementor-element-964849c elementor-grid-3 elementor-product-loop-item--align-center elementor-grid-tablet-3 elementor-grid-mobile-2 elementor-products-grid elementor-wc-products elementor-widget elementor-widget-wc-categories\" data-id=\"964849c\" data-element_type=\"widget\" data-e-type=\"widget\" data-widget_type=\"wc-categories.default\">\n\t\t\t\t<div class=\"elementor-widget-container\">\n\t\t\t\t\t<div class=\"woocommerce columns-3\">\r\n<ul class=\"products elementor-grid oceanwp-row clr grid tablet-col tablet-2-col mobile-col mobile-1-col\">\r\n<li class=\"product-category product first col span_1_of_3\">\n\t<a aria-label=\"Produktkategorie SIGNIERTE FOTOGRAFIEN besuchen\" href=\"https:\/\/memorabilia-germany.de\/de\/produkt-kategorie\/entertainment-memorabilia\/entertainment-fotografien\/\"><div class=\"product-inner clr\"><div class=\"woo-entry-image clr\"><a href=\"https:\/\/memorabilia-germany.de\/de\/produkt-kategorie\/entertainment-memorabilia\/entertainment-fotografien\/\"><img decoding=\"async\" src=\"https:\/\/memorabilia-germany.de\/wp-content\/uploads\/signierte-fotografien-star-autogramme-300x300.jpg\" alt=\"SIGNIERTE FOTOGRAFIEN\" width=\"300\" height=\"\" srcset=\"https:\/\/memorabilia-germany.de\/wp-content\/uploads\/signierte-fotografien-star-autogramme-300x300.jpg 300w, https:\/\/memorabilia-germany.de\/wp-content\/uploads\/signierte-fotografien-star-autogramme-250x250.jpg 250w, https:\/\/memorabilia-germany.de\/wp-content\/uploads\/signierte-fotografien-star-autogramme-100x100.jpg 100w, https:\/\/memorabilia-germany.de\/wp-content\/uploads\/signierte-fotografien-star-autogramme.jpg 400w\" sizes=\"(max-width: 300px) 100vw, 300px\" \/><\/a><\/div><div class=\"woo-entry-inner clr\"><a href=\"https:\/\/memorabilia-germany.de\/de\/produkt-kategorie\/entertainment-memorabilia\/entertainment-fotografien\/\"><\/a><\/div><\/div><\/a><\/li>\n<li class=\"product-category product col span_1_of_3\">\n\t<a aria-label=\"Produktkategorie SIGNIERTE FILMPOSTER besuchen\" href=\"https:\/\/memorabilia-germany.de\/de\/produkt-kategorie\/entertainment-memorabilia\/signierte-filmposter\/\"><div class=\"product-inner clr\"><div class=\"woo-entry-image clr\"><a href=\"https:\/\/memorabilia-germany.de\/de\/produkt-kategorie\/entertainment-memorabilia\/signierte-filmposter\/\"><img decoding=\"async\" src=\"https:\/\/memorabilia-germany.de\/wp-content\/uploads\/entertainment-memorabilia-300x300.jpg\" alt=\"SIGNIERTE FILMPOSTER\" width=\"300\" height=\"\" srcset=\"https:\/\/memorabilia-germany.de\/wp-content\/uploads\/entertainment-memorabilia-300x300.jpg 300w, https:\/\/memorabilia-germany.de\/wp-content\/uploads\/entertainment-memorabilia-100x100.jpg 100w, https:\/\/memorabilia-germany.de\/wp-content\/uploads\/entertainment-memorabilia.jpg 400w\" sizes=\"(max-width: 300px) 100vw, 300px\" \/><\/a><\/div><div class=\"woo-entry-inner clr\"><a href=\"https:\/\/memorabilia-germany.de\/de\/produkt-kategorie\/entertainment-memorabilia\/signierte-filmposter\/\"><\/a><\/div><\/div><\/a><\/li>\n<li class=\"product-category product last col span_1_of_3\">\n\t<a aria-label=\"Produktkategorie MOVIE STAR MYSTERY BOX besuchen\" href=\"https:\/\/memorabilia-germany.de\/de\/produkt-kategorie\/entertainment-memorabilia\/movie-mystery-box\/\"><div class=\"product-inner clr\"><div class=\"woo-entry-image clr\"><a href=\"https:\/\/memorabilia-germany.de\/de\/produkt-kategorie\/entertainment-memorabilia\/movie-mystery-box\/\"><img decoding=\"async\" src=\"https:\/\/memorabilia-germany.de\/wp-content\/uploads\/memorabilia-mystery-box-star-300x300.jpg\" alt=\"MOVIE STAR MYSTERY BOX\" width=\"300\" height=\"\" srcset=\"https:\/\/memorabilia-germany.de\/wp-content\/uploads\/memorabilia-mystery-box-star-300x300.jpg 300w, https:\/\/memorabilia-germany.de\/wp-content\/uploads\/memorabilia-mystery-box-star-100x100.jpg 100w, https:\/\/memorabilia-germany.de\/wp-content\/uploads\/memorabilia-mystery-box-star.jpg 400w\" sizes=\"(max-width: 300px) 100vw, 300px\" \/><\/a><\/div><div class=\"woo-entry-inner clr\"><a href=\"https:\/\/memorabilia-germany.de\/de\/produkt-kategorie\/entertainment-memorabilia\/movie-mystery-box\/\"><\/a><\/div><\/div><\/a><\/li>\n<li class=\"product-category product first col span_1_of_3\">\n\t<a aria-label=\"Produktkategorie MOVIE SHOWCASE besuchen\" href=\"https:\/\/memorabilia-germany.de\/de\/produkt-kategorie\/entertainment-memorabilia\/movie-showcase\/\"><div class=\"product-inner clr\"><div class=\"woo-entry-image clr\"><a href=\"https:\/\/memorabilia-germany.de\/de\/produkt-kategorie\/entertainment-memorabilia\/movie-showcase\/\"><img decoding=\"async\" src=\"https:\/\/memorabilia-germany.de\/wp-content\/uploads\/star-autogramme-300x300.jpg\" alt=\"MOVIE SHOWCASE\" width=\"300\" height=\"\" srcset=\"https:\/\/memorabilia-germany.de\/wp-content\/uploads\/star-autogramme-300x300.jpg 300w, https:\/\/memorabilia-germany.de\/wp-content\/uploads\/elementor\/thumbs\/star-autogramme-prb9zdp18uxwcu8r8xckh8aoz9nzdj9bu8cttbx4o8.jpg 100w, https:\/\/memorabilia-germany.de\/wp-content\/uploads\/elementor\/thumbs\/star-autogramme-prb9zdp1036m18m0d56c20j0rstnn6m6nvfsl1too0.jpg 80w, https:\/\/memorabilia-germany.de\/wp-content\/uploads\/elementor\/thumbs\/star-autogramme-r306r34vhh7alhg94z4rrzqwkpgqu0rnwjmnehfxx0.jpg 50w, https:\/\/memorabilia-germany.de\/wp-content\/uploads\/elementor\/thumbs\/star-autogramme-qvsgejkzyf5rwpnv23aaar1c5ssjp5jzreffmdjttc.jpg 120w, https:\/\/memorabilia-germany.de\/wp-content\/uploads\/star-autogramme.jpg 400w\" sizes=\"(max-width: 300px) 100vw, 300px\" \/><\/a><\/div><div class=\"woo-entry-inner clr\"><a href=\"https:\/\/memorabilia-germany.de\/de\/produkt-kategorie\/entertainment-memorabilia\/movie-showcase\/\"><\/a><\/div><\/div><\/a><\/li>\n<li class=\"product-category product col span_1_of_3\">\n\t<a aria-label=\"Produktkategorie ENTERTAINMENT TRADING CARDS besuchen\" href=\"https:\/\/memorabilia-germany.de\/de\/produkt-kategorie\/entertainment-memorabilia\/entertainment-trading-cards\/\"><div class=\"product-inner clr\"><div class=\"woo-entry-image clr\"><a href=\"https:\/\/memorabilia-germany.de\/de\/produkt-kategorie\/entertainment-memorabilia\/entertainment-trading-cards\/\"><img decoding=\"async\" src=\"https:\/\/memorabilia-germany.de\/wp-content\/uploads\/05_Trading_Cards_Entertainment_90-300x300.jpg\" alt=\"ENTERTAINMENT TRADING CARDS\" width=\"300\" height=\"\" srcset=\"https:\/\/memorabilia-germany.de\/wp-content\/uploads\/05_Trading_Cards_Entertainment_90-300x300.jpg 300w, https:\/\/memorabilia-germany.de\/wp-content\/uploads\/05_Trading_Cards_Entertainment_90-250x250.jpg 250w, https:\/\/memorabilia-germany.de\/wp-content\/uploads\/05_Trading_Cards_Entertainment_90-100x100.jpg 100w, https:\/\/memorabilia-germany.de\/wp-content\/uploads\/05_Trading_Cards_Entertainment_90.jpg 400w\" sizes=\"(max-width: 300px) 100vw, 300px\" \/><\/a><\/div><div class=\"woo-entry-inner clr\"><a href=\"https:\/\/memorabilia-germany.de\/de\/produkt-kategorie\/entertainment-memorabilia\/entertainment-trading-cards\/\"><\/a><\/div><\/div><\/a><\/li>\n<\/ul>\n<\/div>\t\t\t\t<\/div>\n\t\t\t\t<\/div>\n\t\t\t\t\t<\/div>\n\t\t<\/div>\n\t\t\t\t\t<\/div>\n\t\t<\/section>\n\t\t\t\t<section class=\"elementor-section elementor-top-section elementor-element elementor-element-cb3ceb5 elementor-section-boxed elementor-section-height-default elementor-section-height-default\" data-id=\"cb3ceb5\" data-element_type=\"section\" data-e-type=\"section\">\n\t\t\t\t\t\t<div class=\"elementor-container elementor-column-gap-no\">\n\t\t\t\t\t<div class=\"elementor-column elementor-col-100 elementor-top-column elementor-element elementor-element-26d0aa6\" data-id=\"26d0aa6\" data-element_type=\"column\" data-e-type=\"column\">\n\t\t\t<div class=\"elementor-widget-wrap elementor-element-populated\">\n\t\t\t\t\t\t<div class=\"elementor-element elementor-element-7500a73 elementor-widget elementor-widget-text-editor\" data-id=\"7500a73\" data-element_type=\"widget\" data-e-type=\"widget\" data-widget_type=\"text-editor.default\">\n\t\t\t\t<div class=\"elementor-widget-container\">\n\t\t\t\t\t\t\t\t\tEntertainment Memorabilia: <a href=\"https:\/\/memorabilia-germany.de\/de\/wir-memorabilia-germany\"><strong>Memorabilia Germany<\/strong><\/a> verkauft signierte Fanartikel mit Autogrammen von den ber\u00fchmtesten Stars der Filmgeschichte.\nDie hei\u00dfesten Star Autogramme findet ihr in unserem <a href=\"https:\/\/memorabilia-germany.de\/de\"><strong>Shop<\/strong><\/a>.\nAlle Entertainment Memorabilia werden innerhalb Deutschlands kostenlos versendet und sind so schnell wie m\u00f6glich bei euch.\nAuch au\u00dferhalb Deutschlands bieten wir einen sehr schnellen Versand an.\nWir haben f\u00fcr euch ein wundersch\u00f6nes Sortiment ausgew\u00e4hlt, das Entertainment Memorabilia verschiedenster Arten umfasst.\nCheckt unsere Auswahl an <a href=\"https:\/\/memorabilia-germany.de\/de\/produkt-kategorie\/entertainment-memorabilia\/signierte-filmposter\"><strong>signierte Filmposter<\/strong><\/a> und <a href=\"https:\/\/memorabilia-germany.de\/de\/produkt-kategorie\/entertainment-memorabilia\/movie-showcase\"><strong>Showcases<\/strong><\/a>.\nAlle Autogramme von Stars, die bei Memorabilia Germany verkauft werden, wurden von einem der weltweit f\u00fchrenden Authenticator wie <a href=\"https:\/\/memorabilia-germany.de\/de\/signatur-authentifizierung\/#signatur-authentifizierung-beckett\"><strong>Beckett<\/strong><\/a>,\n<a href=\"https:\/\/memorabilia-germany.de\/de\/signatur-authentifizierung\/#signatur-authentifizierung-james-spence\"><strong>James Spence Authentication<\/strong><\/a> oder <a href=\"https:\/\/memorabilia-germany.de\/de\/signatur-authentifizierung\/#signatur-authentifizierung-psa-dna\"><strong>PSA\/DNA<\/strong><\/a> authentifiziert.\nZudem haben wir immer ein Auge auf die neuesten Werke aus <a href=\"https:\/\/www.oscars.org\"><strong>Hollywood<\/strong><\/a>,\nso dass ihr immer mit den angesagtesten Entertainment Memorabilia versorgt seid.\n<strong><a href=\"https:\/\/memorabilia-germany.de\/de\/wir-memorabilia-germany\">Memorabilia Germany<\/a><\/strong> ist ein Shop f\u00fcr Memorabilia aus dem Sport-, Film- und Serienbereich mit Sitz in Deutschland.\nBei unseren Items handelt es sich um signierte Fanartikel, die von ber\u00fchmten Sportlern oder ber\u00fchmten Hollywood Stars mit einem Autogramm versehen wurden.\nUnser Sortiment bezieht sich vor allem auf Fanartikel aus den Bereichen <a href=\"https:\/\/memorabilia-germany.de\/de\/football-memorabilia\"><strong>NFL Football<\/strong><\/a>, <a href=\"https:\/\/memorabilia-germany.de\/de\/basketball-memorabilia\"><strong>NBA Basketball<\/strong><\/a>, <a href=\"https:\/\/memorabilia-germany.de\/de\/boxing-memorabilia\"><strong>Boxen<\/strong><\/a> und <a href=\"https:\/\/memorabilia-germany.de\/de\/entertainment-memorabilia\"><strong>Hollywood<\/strong><\/a>.\nDar\u00fcber hinaus versuchen wir auch immer mal ein paar andere kuriose Autogramme anzubieten, wie zum Beispiel von ber\u00fchmten Politikern oder K\u00fcnstlern.\n\u00dcber ein internationales Netzwerk importieren wir die angesagtesten Items der Sportgeschichte.\nEgal was du dir in unserem Shop g\u00f6nnst. Sei dir sicher, dass deine Items f\u00fcr gro\u00dfes Staunen sorgen werden. Deine Sammlung wird nicht nur dich, sondern auch alle deine Freunde begeistern. Nie bist du einfacher an die coolsten Movie Memorabilia der Welt gekommen. Lass deine Collection mit Items der gr\u00f6\u00dften Stars aller Zeiten wachsen und verwandle dein Zuhause in einen aufregenden Fancave.\n\nMehr Entertainment Memorabilia findest du <strong><a href=\"https:\/\/memorabilia-germany.de\"><strong>hier<\/strong><\/a><\/strong>.\t\t\t\t\t\t\t\t<\/div>\n\t\t\t\t<\/div>\n\t\t\t\t\t<\/div>\n\t\t<\/div>\n\t\t\t\t\t<\/div>\n\t\t<\/section>\n\t\t\t\t<\/div>\n\t\t","protected":false},"excerpt":{"rendered":"<p>Entertainment Memorabilia | Movie Star Autogramme Entertainment Memorabilia zeigen die Autogramme von Stars eurer liebsten Filme und Serien. Egal ob signiertes Filmposter oder Movie Star Showcase.Hier findest du die hei\u00dfesten Star Autogramme! Entertainment Memorabilia: Memorabilia Germany verkauft signierte Fanartikel mit Autogrammen von den ber\u00fchmtesten Stars der Filmgeschichte. Die hei\u00dfesten Star Autogramme findet ihr in unserem [&hellip;]<\/p>\n","protected":false},"author":1,"featured_media":0,"parent":0,"menu_order":0,"comment_status":"closed","ping_status":"closed","template":"elementor_header_footer","meta":{"_acf_changed":false,"ocean_post_layout":"","ocean_both_sidebars_style":"","ocean_both_sidebars_content_width":0,"ocean_both_sidebars_sidebars_width":0,"ocean_sidebar":"0","ocean_second_sidebar":"0","ocean_disable_margins":"enable","ocean_add_body_class":"","ocean_shortcode_before_top_bar":"","ocean_shortcode_after_top_bar":"","ocean_shortcode_before_header":"","ocean_shortcode_after_header":"","ocean_has_shortcode":"","ocean_shortcode_after_title":"","ocean_shortcode_before_footer_widgets":"","ocean_shortcode_after_footer_widgets":"","ocean_shortcode_before_footer_bottom":"","ocean_shortcode_after_footer_bottom":"","ocean_display_top_bar":"default","ocean_display_header":"default","ocean_header_style":"","ocean_center_header_left_menu":"0","ocean_custom_header_template":"0","ocean_custom_logo":0,"ocean_custom_retina_logo":0,"ocean_custom_logo_max_width":0,"ocean_custom_logo_tablet_max_width":0,"ocean_custom_logo_mobile_max_width":0,"ocean_custom_logo_max_height":0,"ocean_custom_logo_tablet_max_height":0,"ocean_custom_logo_mobile_max_height":0,"ocean_header_custom_menu":"0","ocean_menu_typo_font_family":"0","ocean_menu_typo_font_subset":"","ocean_menu_typo_font_size":0,"ocean_menu_typo_font_size_tablet":0,"ocean_menu_typo_font_size_mobile":0,"ocean_menu_typo_font_size_unit":"px","ocean_menu_typo_font_weight":"","ocean_menu_typo_font_weight_tablet":"","ocean_menu_typo_font_weight_mobile":"","ocean_menu_typo_transform":"","ocean_menu_typo_transform_tablet":"","ocean_menu_typo_transform_mobile":"","ocean_menu_typo_line_height":0,"ocean_menu_typo_line_height_tablet":0,"ocean_menu_typo_line_height_mobile":0,"ocean_menu_typo_line_height_unit":"","ocean_menu_typo_spacing":0,"ocean_menu_typo_spacing_tablet":0,"ocean_menu_typo_spacing_mobile":0,"ocean_menu_typo_spacing_unit":"","ocean_menu_link_color":"","ocean_menu_link_color_hover":"","ocean_menu_link_color_active":"","ocean_menu_link_background":"","ocean_menu_link_hover_background":"","ocean_menu_link_active_background":"","ocean_menu_social_links_bg":"","ocean_menu_social_hover_links_bg":"","ocean_menu_social_links_color":"","ocean_menu_social_hover_links_color":"","ocean_disable_title":"default","ocean_disable_heading":"default","ocean_post_title":"","ocean_post_subheading":"","ocean_post_title_style":"","ocean_post_title_background_color":"","ocean_post_title_background":0,"ocean_post_title_bg_image_position":"","ocean_post_title_bg_image_attachment":"","ocean_post_title_bg_image_repeat":"","ocean_post_title_bg_image_size":"","ocean_post_title_height":0,"ocean_post_title_bg_overlay":0.5,"ocean_post_title_bg_overlay_color":"","ocean_disable_breadcrumbs":"default","ocean_breadcrumbs_color":"","ocean_breadcrumbs_separator_color":"","ocean_breadcrumbs_links_color":"","ocean_breadcrumbs_links_hover_color":"","ocean_display_footer_widgets":"default","ocean_display_footer_bottom":"default","ocean_custom_footer_template":"0","ofc_enable_fullscreen":"disable","ofc_fullscreen_speed":0,"ofc_fullscreen_nav":"enable","ofc_fullscreen_nav_pos":"right","ofc_fullscreen_nav_color":"","ofc_fullscreen_nav_tooltip_color":"","ofc_fullscreen_responsive":0,"footnotes":""},"class_list":["post-20071","page","type-page","status-publish","hentry","entry","owp-thumbs-layout-horizontal","owp-btn-normal","owp-tabs-layout-horizontal","has-no-thumbnails"],"acf":[],"_links":{"self":[{"href":"https:\/\/memorabilia-germany.de\/de\/wp-json\/wp\/v2\/pages\/20071","targetHints":{"allow":["GET"]}}],"collection":[{"href":"https:\/\/memorabilia-germany.de\/de\/wp-json\/wp\/v2\/pages"}],"about":[{"href":"https:\/\/memorabilia-germany.de\/de\/wp-json\/wp\/v2\/types\/page"}],"author":[{"embeddable":true,"href":"https:\/\/memorabilia-germany.de\/de\/wp-json\/wp\/v2\/users\/1"}],"replies":[{"embeddable":true,"href":"https:\/\/memorabilia-germany.de\/de\/wp-json\/wp\/v2\/comments?post=20071"}],"version-history":[{"count":0,"href":"https:\/\/memorabilia-germany.de\/de\/wp-json\/wp\/v2\/pages\/20071\/revisions"}],"wp:attachment":[{"href":"https:\/\/memorabilia-germany.de\/de\/wp-json\/wp\/v2\/media?parent=20071"}],"curies":[{"name":"wp","href":"https:\/\/api.w.org\/{rel}","templated":true}]}}