{"id":13973,"date":"2022-02-24T15:05:08","date_gmt":"2022-02-24T14:05:08","guid":{"rendered":"https:\/\/memorabilia-germany.de\/?page_id=13973"},"modified":"2023-10-25T12:41:16","modified_gmt":"2023-10-25T10:41:16","slug":"wir-memorabilia-germany","status":"publish","type":"page","link":"https:\/\/memorabilia-germany.de\/de\/wir-memorabilia-germany\/","title":{"rendered":"WIR MEMORABILIA GERMANY"},"content":{"rendered":"\t\t<div data-elementor-type=\"wp-page\" data-elementor-id=\"13973\" class=\"elementor elementor-13973\" data-elementor-post-type=\"page\">\n\t\t\t\t\t\t<section class=\"elementor-section elementor-top-section elementor-element elementor-element-0089453 elementor-section-boxed elementor-section-height-default elementor-section-height-default\" data-id=\"0089453\" data-element_type=\"section\" data-e-type=\"section\">\n\t\t\t\t\t\t<div class=\"elementor-container elementor-column-gap-no\">\n\t\t\t\t\t<div class=\"elementor-column elementor-col-100 elementor-top-column elementor-element elementor-element-6d4f7bd\" data-id=\"6d4f7bd\" data-element_type=\"column\" data-e-type=\"column\">\n\t\t\t<div class=\"elementor-widget-wrap elementor-element-populated\">\n\t\t\t\t\t\t<div class=\"elementor-element elementor-element-790ec02 elementor-widget elementor-widget-heading\" data-id=\"790ec02\" data-element_type=\"widget\" data-e-type=\"widget\" data-widget_type=\"heading.default\">\n\t\t\t\t<div class=\"elementor-widget-container\">\n\t\t\t\t\t<h1 class=\"elementor-heading-title elementor-size-default\">\u00dcber Memorabilia Germany<\/h1>\t\t\t\t<\/div>\n\t\t\t\t<\/div>\n\t\t\t\t\t<\/div>\n\t\t<\/div>\n\t\t\t\t\t<\/div>\n\t\t<\/section>\n\t\t\t\t<section class=\"elementor-section elementor-top-section elementor-element elementor-element-4ab7acd elementor-section-boxed elementor-section-height-default elementor-section-height-default\" data-id=\"4ab7acd\" data-element_type=\"section\" data-e-type=\"section\">\n\t\t\t\t\t\t<div class=\"elementor-container elementor-column-gap-custom\">\n\t\t\t\t\t<div class=\"elementor-column elementor-col-50 elementor-top-column elementor-element elementor-element-50415a6\" data-id=\"50415a6\" data-element_type=\"column\" data-e-type=\"column\">\n\t\t\t<div class=\"elementor-widget-wrap elementor-element-populated\">\n\t\t\t\t\t\t<div class=\"elementor-element elementor-element-30848bb elementor-widget elementor-widget-text-editor\" data-id=\"30848bb\" data-element_type=\"widget\" data-e-type=\"widget\" data-widget_type=\"text-editor.default\">\n\t\t\t\t<div class=\"elementor-widget-container\">\n\t\t\t\t\t\t\t\t\t<p>Sch\u00f6n, dass ihr euch \u00fcber Memorabilia Germany schlau machen wollt. Denn das hei\u00dft, dass ihr uns im Netz gefunden habt und mehr \u00fcber uns und unsere Sport Memorabilia erfahren wollt! Seid also herzlich willkommen auf unserer Website! Wir geben euch hier einige Infos \u00fcber uns selbst und m\u00f6chten aber auch gerne noch einmal darauf verweisen, dass ihr in den <strong><a href=\"https:\/\/memorabilia-germany.de\/de\/sport-memorabilia-faq\">FAQs<\/a><\/strong> und im Bereich \u201e<strong><a href=\"https:\/\/memorabilia-germany.de\/de\/signatur-authentifizierung\">Signatur Authentifizierung<\/a><\/strong>\u201c viele wichtige Infos zum Thema Memorabilia erhaltet. Denn, so sch\u00f6n das Sammeln von signierten Items auch ist. Es birgt viele Gefahren, wenn man den Verk\u00e4ufer der Items nicht kennt und es gibt viele Details, die man beachten sollte. Ihr k\u00f6nnt hier also nicht nur bedenkenlos einkaufen, sondern euch auch generell \u00fcber das Hobby Sport Memorabilia informieren.<\/p>\t\t\t\t\t\t\t\t<\/div>\n\t\t\t\t<\/div>\n\t\t\t\t\t<\/div>\n\t\t<\/div>\n\t\t\t\t<div class=\"elementor-column elementor-col-50 elementor-top-column elementor-element elementor-element-cd6c83a\" data-id=\"cd6c83a\" data-element_type=\"column\" data-e-type=\"column\">\n\t\t\t<div class=\"elementor-widget-wrap elementor-element-populated\">\n\t\t\t\t\t\t<div class=\"elementor-element elementor-element-639dea8 elementor-widget elementor-widget-text-editor\" data-id=\"639dea8\" data-element_type=\"widget\" data-e-type=\"widget\" data-widget_type=\"text-editor.default\">\n\t\t\t\t<div class=\"elementor-widget-container\">\n\t\t\t\t\t\t\t\t\t<iframe title=\"YouTube video player\" src=\"https:\/\/www.youtube-nocookie.com\/embed\/H-Ydztz6pGo?rel=0\" width=\"400\" height=\"225\" frameborder=\"0\" allowfullscreen=\"allowfullscreen\"><\/iframe>\t\t\t\t\t\t\t\t<\/div>\n\t\t\t\t<\/div>\n\t\t\t\t\t<\/div>\n\t\t<\/div>\n\t\t\t\t\t<\/div>\n\t\t<\/section>\n\t\t\t\t<section class=\"elementor-section elementor-top-section elementor-element elementor-element-e6583e5 elementor-section-boxed elementor-section-height-default elementor-section-height-default\" data-id=\"e6583e5\" data-element_type=\"section\" data-e-type=\"section\">\n\t\t\t\t\t\t<div class=\"elementor-container elementor-column-gap-default\">\n\t\t\t\t\t<div class=\"elementor-column elementor-col-100 elementor-top-column elementor-element elementor-element-3381a80\" data-id=\"3381a80\" data-element_type=\"column\" data-e-type=\"column\">\n\t\t\t<div class=\"elementor-widget-wrap elementor-element-populated\">\n\t\t\t\t\t\t<div class=\"elementor-element elementor-element-0c26753 elementor-widget elementor-widget-text-editor\" data-id=\"0c26753\" data-element_type=\"widget\" data-e-type=\"widget\" data-widget_type=\"text-editor.default\">\n\t\t\t\t<div class=\"elementor-widget-container\">\n\t\t\t\t\t\t\t\t\t<h2>Memorabilia Germany aus Mainz am Rhein<\/h2>\nBei Memorabilia Germany verkaufen wir signierte Memorabilia aus den Bereichen Sport, Film und Musik. Wir freuen uns, dass wir in der relativ kurzen Zeit unseres Bestehens seit Ende 2020 bereits Kunden in mehr als 30 L\u00e4ndern auf drei Kontinenten gewinnen konnten. Von Finnland bis nach Portugal und von Irland bis nach Griechenland. \u00dcberall hat man uns bereits gefunden. Sogar aus den USA wurde schon das ein oder andere mal bestellt. Unser Sitz ist in Mainz am Rhein.\n\nWir sind selbst Fans. Fans amerikanisch gepr\u00e4gter Sportarten, wie der <strong><a href=\"https:\/\/www.nfl.com\" target=\"\u201d_blank\u201d\" rel=\"\u201dnoopener\u201d noopener\">NFL<\/a><\/strong> oder der <strong><a href=\"https:\/\/www.nba.com\" target=\"\u201d_blank\u201d\" rel=\"\u201dnoopener\u201d noopener\">NBA<\/a><\/strong>, aber nat\u00fcrlich auch Fans vom europ\u00e4isch bzw. international gepr\u00e4gten Sport. Allen voran ist hier nat\u00fcrlich K\u00f6nig Fu\u00dfball zu nennen.\n\nEntsprechend sind wir selbstredend auch selbst Sammler von signierten Sport Memorabilia und haben \u00fcber viele Jahre umfangreiche Einblicke und Kontakte in die internationale Szene gewonnen. Auf Basis von guten und schlechten Erfahrungen haben wir dann im Dezember 2020, also mitten in der Pandemie, den Entschluss gefasst, die europ\u00e4ische Memorabilia Szene nach vorne zu bringen und mit Memorabilia Germany einen Fachh\u00e4ndler f\u00fcr signierte Fanartikel ins Leben zu rufen. Eine M\u00f6glichkeit f\u00fcr euch also, ohne Risiken, die der internationale Handel mit sich bringt und ohne Zollmanagement oder ewige Wartezeiten an original signierte Sport Memorabilia zu kommen. Sicher im Einkauf und sicher, was die Authentifizierung der Autogramme angeht.<\/br><\/br>\n<h2>Memorabilia Germany als sicherer Hafen f\u00fcr alle Fans in Europa<\/h2>\nWir sind ein sicherer Hafen f\u00fcr Sport Memorabilia in Deutschland bzw. in Europa. Eine zuverl\u00e4ssige Quelle f\u00fcr signierte Fanartikel eurer Teams von bester Qualit\u00e4t. Keine F\u00e4lschungen, keine minderwertige Ware und ein verbindlicher, greifbarer Ansprechpartner.\n\nMemorabilia Germany sitzt in Mainz\/Deutschland und verkauft von Deutschland aus. Bestellte Artikel werden schnell und sicher \u00fcber unserer Lieferanten-Netzwerk nach ganz Europa und dar\u00fcber hinaus versendet.\nSolltet ihr Fragen haben, die sich nicht in den FAQ beantworten lassen, schreibt uns gerne eine Mail oder meldet euch auf anderem Wege. Wir freuen uns auf euch!\t\t\t\t\t\t\t\t<\/div>\n\t\t\t\t<\/div>\n\t\t\t\t<div class=\"elementor-element elementor-element-4b4f8da elementor-widget elementor-widget-image\" data-id=\"4b4f8da\" data-element_type=\"widget\" data-e-type=\"widget\" data-widget_type=\"image.default\">\n\t\t\t\t<div class=\"elementor-widget-container\">\n\t\t\t\t\t\t\t\t\t\t\t\t\t\t\t<img fetchpriority=\"high\" decoding=\"async\" width=\"2000\" height=\"800\" src=\"https:\/\/memorabilia-germany.de\/wp-content\/uploads\/memorabilia-germany-us.jpg\" class=\"attachment-full size-full wp-image-18063\" alt=\"\" srcset=\"https:\/\/memorabilia-germany.de\/wp-content\/uploads\/memorabilia-germany-us.jpg 2000w, https:\/\/memorabilia-germany.de\/wp-content\/uploads\/memorabilia-germany-us-300x120.jpg 300w, https:\/\/memorabilia-germany.de\/wp-content\/uploads\/memorabilia-germany-us-400x160.jpg 400w\" sizes=\"(max-width: 2000px) 100vw, 2000px\" \/>\t\t\t\t\t\t\t\t\t\t\t\t\t\t\t<\/div>\n\t\t\t\t<\/div>\n\t\t\t\t<div class=\"elementor-element elementor-element-1a429f9 elementor-widget elementor-widget-spacer\" data-id=\"1a429f9\" data-element_type=\"widget\" data-e-type=\"widget\" data-widget_type=\"spacer.default\">\n\t\t\t\t<div class=\"elementor-widget-container\">\n\t\t\t\t\t\t\t<div class=\"elementor-spacer\">\n\t\t\t<div class=\"elementor-spacer-inner\"><\/div>\n\t\t<\/div>\n\t\t\t\t\t\t<\/div>\n\t\t\t\t<\/div>\n\t\t\t\t\t<\/div>\n\t\t<\/div>\n\t\t\t\t\t<\/div>\n\t\t<\/section>\n\t\t\t\t<\/div>\n\t\t","protected":false},"excerpt":{"rendered":"<p>\u00dcber Memorabilia Germany Sch\u00f6n, dass ihr euch \u00fcber Memorabilia Germany schlau machen wollt. Denn das hei\u00dft, dass ihr uns im Netz gefunden habt und mehr \u00fcber uns und unsere Sport Memorabilia erfahren wollt! Seid also herzlich willkommen auf unserer Website! Wir geben euch hier einige Infos \u00fcber uns selbst und m\u00f6chten aber auch gerne noch [&hellip;]<\/p>\n","protected":false},"author":1,"featured_media":0,"parent":0,"menu_order":0,"comment_status":"closed","ping_status":"closed","template":"","meta":{"_acf_changed":false,"ocean_post_layout":"","ocean_both_sidebars_style":"","ocean_both_sidebars_content_width":0,"ocean_both_sidebars_sidebars_width":0,"ocean_sidebar":"0","ocean_second_sidebar":"0","ocean_disable_margins":"enable","ocean_add_body_class":"","ocean_shortcode_before_top_bar":"","ocean_shortcode_after_top_bar":"","ocean_shortcode_before_header":"","ocean_shortcode_after_header":"","ocean_has_shortcode":"","ocean_shortcode_after_title":"","ocean_shortcode_before_footer_widgets":"","ocean_shortcode_after_footer_widgets":"","ocean_shortcode_before_footer_bottom":"","ocean_shortcode_after_footer_bottom":"","ocean_display_top_bar":"default","ocean_display_header":"default","ocean_header_style":"","ocean_center_header_left_menu":"0","ocean_custom_header_template":"0","ocean_custom_logo":0,"ocean_custom_retina_logo":0,"ocean_custom_logo_max_width":0,"ocean_custom_logo_tablet_max_width":0,"ocean_custom_logo_mobile_max_width":0,"ocean_custom_logo_max_height":0,"ocean_custom_logo_tablet_max_height":0,"ocean_custom_logo_mobile_max_height":0,"ocean_header_custom_menu":"0","ocean_menu_typo_font_family":"0","ocean_menu_typo_font_subset":"","ocean_menu_typo_font_size":0,"ocean_menu_typo_font_size_tablet":0,"ocean_menu_typo_font_size_mobile":0,"ocean_menu_typo_font_size_unit":"px","ocean_menu_typo_font_weight":"","ocean_menu_typo_font_weight_tablet":"","ocean_menu_typo_font_weight_mobile":"","ocean_menu_typo_transform":"","ocean_menu_typo_transform_tablet":"","ocean_menu_typo_transform_mobile":"","ocean_menu_typo_line_height":0,"ocean_menu_typo_line_height_tablet":0,"ocean_menu_typo_line_height_mobile":0,"ocean_menu_typo_line_height_unit":"","ocean_menu_typo_spacing":0,"ocean_menu_typo_spacing_tablet":0,"ocean_menu_typo_spacing_mobile":0,"ocean_menu_typo_spacing_unit":"","ocean_menu_link_color":"","ocean_menu_link_color_hover":"","ocean_menu_link_color_active":"","ocean_menu_link_background":"","ocean_menu_link_hover_background":"","ocean_menu_link_active_background":"","ocean_menu_social_links_bg":"","ocean_menu_social_hover_links_bg":"","ocean_menu_social_links_color":"","ocean_menu_social_hover_links_color":"","ocean_disable_title":"default","ocean_disable_heading":"default","ocean_post_title":"","ocean_post_subheading":"","ocean_post_title_style":"","ocean_post_title_background_color":"","ocean_post_title_background":0,"ocean_post_title_bg_image_position":"","ocean_post_title_bg_image_attachment":"","ocean_post_title_bg_image_repeat":"","ocean_post_title_bg_image_size":"","ocean_post_title_height":0,"ocean_post_title_bg_overlay":0.5,"ocean_post_title_bg_overlay_color":"","ocean_disable_breadcrumbs":"default","ocean_breadcrumbs_color":"","ocean_breadcrumbs_separator_color":"","ocean_breadcrumbs_links_color":"","ocean_breadcrumbs_links_hover_color":"","ocean_display_footer_widgets":"default","ocean_display_footer_bottom":"default","ocean_custom_footer_template":"0","ofc_enable_fullscreen":"disable","ofc_fullscreen_speed":0,"ofc_fullscreen_nav":"enable","ofc_fullscreen_nav_pos":"right","ofc_fullscreen_nav_color":"","ofc_fullscreen_nav_tooltip_color":"","ofc_fullscreen_responsive":0,"footnotes":""},"class_list":["post-13973","page","type-page","status-publish","hentry","entry","owp-thumbs-layout-horizontal","owp-btn-normal","owp-tabs-layout-horizontal","has-no-thumbnails"],"acf":[],"_links":{"self":[{"href":"https:\/\/memorabilia-germany.de\/de\/wp-json\/wp\/v2\/pages\/13973","targetHints":{"allow":["GET"]}}],"collection":[{"href":"https:\/\/memorabilia-germany.de\/de\/wp-json\/wp\/v2\/pages"}],"about":[{"href":"https:\/\/memorabilia-germany.de\/de\/wp-json\/wp\/v2\/types\/page"}],"author":[{"embeddable":true,"href":"https:\/\/memorabilia-germany.de\/de\/wp-json\/wp\/v2\/users\/1"}],"replies":[{"embeddable":true,"href":"https:\/\/memorabilia-germany.de\/de\/wp-json\/wp\/v2\/comments?post=13973"}],"version-history":[{"count":0,"href":"https:\/\/memorabilia-germany.de\/de\/wp-json\/wp\/v2\/pages\/13973\/revisions"}],"wp:attachment":[{"href":"https:\/\/memorabilia-germany.de\/de\/wp-json\/wp\/v2\/media?parent=13973"}],"curies":[{"name":"wp","href":"https:\/\/api.w.org\/{rel}","templated":true}]}}