{"id":13723,"date":"2022-02-24T14:30:03","date_gmt":"2022-02-24T13:30:03","guid":{"rendered":"https:\/\/memorabilia-germany.de\/?page_id=13723"},"modified":"2026-03-02T15:09:50","modified_gmt":"2026-03-02T14:09:50","slug":"deal-of-the-week","status":"publish","type":"page","link":"https:\/\/memorabilia-germany.de\/de\/deal-of-the-week\/","title":{"rendered":"NON CATEGORY"},"content":{"rendered":"\t\t<div data-elementor-type=\"wp-page\" data-elementor-id=\"13723\" class=\"elementor elementor-13723\" data-elementor-post-type=\"page\">\n\t\t\t\t\t\t<section class=\"elementor-section elementor-top-section elementor-element elementor-element-2f79083 elementor-section-boxed elementor-section-height-default elementor-section-height-default\" data-id=\"2f79083\" data-element_type=\"section\" data-e-type=\"section\">\n\t\t\t\t\t\t<div class=\"elementor-container elementor-column-gap-no\">\n\t\t\t\t\t<div class=\"elementor-column elementor-col-100 elementor-top-column elementor-element elementor-element-14c49ef\" data-id=\"14c49ef\" data-element_type=\"column\" data-e-type=\"column\">\n\t\t\t<div class=\"elementor-widget-wrap elementor-element-populated\">\n\t\t\t\t\t\t<div class=\"elementor-element elementor-element-5260fad elementor-widget elementor-widget-heading\" data-id=\"5260fad\" data-element_type=\"widget\" data-e-type=\"widget\" data-widget_type=\"heading.default\">\n\t\t\t\t<div class=\"elementor-widget-container\">\n\t\t\t\t\t<h1 class=\"elementor-heading-title elementor-size-default\">NON CATEGORY<\/h1>\t\t\t\t<\/div>\n\t\t\t\t<\/div>\n\t\t\t\t\t<\/div>\n\t\t<\/div>\n\t\t\t\t\t<\/div>\n\t\t<\/section>\n\t\t\t\t<section class=\"elementor-section elementor-top-section elementor-element elementor-element-9896b45 elementor-section-boxed elementor-section-height-default elementor-section-height-default\" data-id=\"9896b45\" data-element_type=\"section\" data-e-type=\"section\">\n\t\t\t\t\t\t<div class=\"elementor-container elementor-column-gap-no\">\n\t\t\t\t\t<div class=\"elementor-column elementor-col-100 elementor-top-column elementor-element elementor-element-48c0c8b\" data-id=\"48c0c8b\" data-element_type=\"column\" data-e-type=\"column\">\n\t\t\t<div class=\"elementor-widget-wrap\">\n\t\t\t\t\t\t\t<\/div>\n\t\t<\/div>\n\t\t\t\t\t<\/div>\n\t\t<\/section>\n\t\t\t\t<section class=\"elementor-section elementor-top-section elementor-element elementor-element-d37a49d elementor-section-height-min-height elementor-section-items-bottom elementor-section-full_width elementor-section-height-default\" data-id=\"d37a49d\" data-element_type=\"section\" data-e-type=\"section\">\n\t\t\t\t\t\t<div class=\"elementor-container elementor-column-gap-default\">\n\t\t\t\t\t<div class=\"elementor-column elementor-col-100 elementor-top-column elementor-element elementor-element-7d6408c\" data-id=\"7d6408c\" data-element_type=\"column\" data-e-type=\"column\">\n\t\t\t<div class=\"elementor-widget-wrap elementor-element-populated\">\n\t\t\t\t\t\t<div class=\"elementor-element elementor-element-50bbbdf elementor-widget elementor-widget-spacer\" data-id=\"50bbbdf\" data-element_type=\"widget\" data-e-type=\"widget\" data-widget_type=\"spacer.default\">\n\t\t\t\t<div class=\"elementor-widget-container\">\n\t\t\t\t\t\t\t<div class=\"elementor-spacer\">\n\t\t\t<div class=\"elementor-spacer-inner\"><\/div>\n\t\t<\/div>\n\t\t\t\t\t\t<\/div>\n\t\t\t\t<\/div>\n\t\t\t\t<div class=\"elementor-element elementor-element-8e592ab elementor-grid-3 elementor-grid-tablet-2 elementor-grid-mobile-1 elementor-products-grid elementor-wc-products elementor-widget elementor-widget-woocommerce-products\" data-id=\"8e592ab\" data-element_type=\"widget\" data-e-type=\"widget\" data-widget_type=\"woocommerce-products.default\">\n\t\t\t\t<div class=\"elementor-widget-container\">\n\t\t\t\t\t<div class=\"woocommerce columns-3 \">\r\n<ul class=\"products elementor-grid oceanwp-row clr grid tablet-col tablet-2-col mobile-col mobile-1-col\">\r\n<li class=\"entry has-media col span_1_of_3 owp-content-center owp-thumbs-layout-horizontal owp-btn-normal owp-tabs-layout-horizontal product type-product post-19178 status-publish first instock product_cat-max-kepler-signierte-mlb-fotografie-im-show-rahmen has-post-thumbnail taxable shipping-taxable purchasable product-type-simple\">\n\t<div class=\"product-inner clr\">\n\t<div class=\"woo-entry-image clr\">\n\t\t<a href=\"https:\/\/memorabilia-germany.de\/de\/produkt\/max-kepler-signierte-mlb-fotografie-im-show-rahmen\/\" class=\"woocommerce-LoopProduct-link\"><img fetchpriority=\"high\" decoding=\"async\" width=\"300\" height=\"247\" src=\"https:\/\/memorabilia-germany.de\/wp-content\/uploads\/01_kepler_showframe-300x247.jpg\" class=\"woo-entry-image-main\" alt=\"Max Kepler signierte MLB Fotografie im Show Rahmen\" itemprop=\"image\" srcset=\"https:\/\/memorabilia-germany.de\/wp-content\/uploads\/01_kepler_showframe-300x247.jpg 300w, https:\/\/memorabilia-germany.de\/wp-content\/uploads\/01_kepler_showframe.jpg 400w\" sizes=\"(max-width: 300px) 100vw, 300px\" \/><\/a>\t<\/div><!-- .woo-entry-image -->\n\n\t\n\n\n\n\n\n\n<ul class=\"woo-entry-inner clr\"><li class=\"image-wrap\">\n\t<div class=\"woo-entry-image clr\">\n\t\t<a href=\"https:\/\/memorabilia-germany.de\/de\/produkt\/max-kepler-signierte-mlb-fotografie-im-show-rahmen\/\" class=\"woocommerce-LoopProduct-link\"><img fetchpriority=\"high\" decoding=\"async\" width=\"300\" height=\"247\" src=\"https:\/\/memorabilia-germany.de\/wp-content\/uploads\/01_kepler_showframe-300x247.jpg\" class=\"woo-entry-image-main\" alt=\"Max Kepler signierte MLB Fotografie im Show Rahmen\" itemprop=\"image\" srcset=\"https:\/\/memorabilia-germany.de\/wp-content\/uploads\/01_kepler_showframe-300x247.jpg 300w, https:\/\/memorabilia-germany.de\/wp-content\/uploads\/01_kepler_showframe.jpg 400w\" sizes=\"(max-width: 300px) 100vw, 300px\" \/><\/a>\t<\/div><!-- .woo-entry-image -->\n\n\t<\/li><li class=\"title\"><h2><a href=\"https:\/\/memorabilia-germany.de\/de\/produkt\/max-kepler-signierte-mlb-fotografie-im-show-rahmen\/\">Max Kepler signierte MLB Fotografie im Show Rahmen<\/a><\/h2><\/li><li class=\"price-wrap\">\n\t<span class=\"price\"><span class=\"woocommerce-Price-amount amount\"><bdi>84,03&nbsp;<span class=\"woocommerce-Price-currencySymbol\">&euro;<\/span><\/bdi><\/span> <small class=\"woocommerce-price-suffix\">inkl. MwSt. \/ inkl. Versand ab 60\u20ac*<\/small><\/span>\n<\/li><\/ul><\/div><!-- .product-inner .clr --><\/li>\n<li class=\"entry has-media col span_1_of_3 owp-content-center owp-thumbs-layout-horizontal owp-btn-normal owp-tabs-layout-horizontal product type-product post-13753 status-publish outofstock product_cat-nick-bosa-san-francisco-49ers-signierte-fotografie has-post-thumbnail taxable shipping-taxable purchasable product-type-simple\">\n\t<div class=\"product-inner clr\">\n\t<div class=\"woo-entry-image clr\">\n\t\t<a href=\"https:\/\/memorabilia-germany.de\/de\/produkt\/nick-bosa-san-francisco-49ers-signierte-fotografie\/\" class=\"woocommerce-LoopProduct-link\"><img decoding=\"async\" width=\"300\" height=\"225\" src=\"https:\/\/memorabilia-germany.de\/wp-content\/uploads\/signierte-fotografie-nick-bosa-300x225.jpg\" class=\"woo-entry-image-main\" alt=\"NICK BOSA (San Francisco 49ers) signierte Fotografie\" itemprop=\"image\" srcset=\"https:\/\/memorabilia-germany.de\/wp-content\/uploads\/signierte-fotografie-nick-bosa-300x225.jpg 300w, https:\/\/memorabilia-germany.de\/wp-content\/uploads\/signierte-fotografie-nick-bosa.jpg 400w\" sizes=\"(max-width: 300px) 100vw, 300px\" \/><\/a>\t<\/div><!-- .woo-entry-image -->\n\n\t\n\n\n\n\n\n\n<ul class=\"woo-entry-inner clr\"><li class=\"image-wrap\">\t\t\t\t<div class=\"outofstock-badge\">\n\t\t\t\t\tNicht vorr\u00e4tig\t\t\t\t<\/div><!-- .product-entry-out-of-stock-badge -->\n\t\t\t\t\n\t<div class=\"woo-entry-image clr\">\n\t\t<a href=\"https:\/\/memorabilia-germany.de\/de\/produkt\/nick-bosa-san-francisco-49ers-signierte-fotografie\/\" class=\"woocommerce-LoopProduct-link\"><img decoding=\"async\" width=\"300\" height=\"225\" src=\"https:\/\/memorabilia-germany.de\/wp-content\/uploads\/signierte-fotografie-nick-bosa-300x225.jpg\" class=\"woo-entry-image-main\" alt=\"NICK BOSA (San Francisco 49ers) signierte Fotografie\" itemprop=\"image\" srcset=\"https:\/\/memorabilia-germany.de\/wp-content\/uploads\/signierte-fotografie-nick-bosa-300x225.jpg 300w, https:\/\/memorabilia-germany.de\/wp-content\/uploads\/signierte-fotografie-nick-bosa.jpg 400w\" sizes=\"(max-width: 300px) 100vw, 300px\" \/><\/a>\t<\/div><!-- .woo-entry-image -->\n\n\t<\/li><li class=\"title\"><h2><a href=\"https:\/\/memorabilia-germany.de\/de\/produkt\/nick-bosa-san-francisco-49ers-signierte-fotografie\/\">NICK BOSA (San Francisco 49ers) signierte Fotografie<\/a><\/h2><\/li><li class=\"price-wrap\">\n\t<span class=\"price\"><span class=\"woocommerce-Price-amount amount\"><bdi>75,62&nbsp;<span class=\"woocommerce-Price-currencySymbol\">&euro;<\/span><\/bdi><\/span> <small class=\"woocommerce-price-suffix\">inkl. MwSt. \/ inkl. Versand ab 60\u20ac*<\/small><\/span>\n<\/li><\/ul><\/div><!-- .product-inner .clr --><\/li>\n<li class=\"entry has-media col span_1_of_3 owp-content-center owp-thumbs-layout-horizontal owp-btn-normal owp-tabs-layout-horizontal product type-product post-13747 status-publish last outofstock product_cat-abraham-lincoln-handgeschriebener-word-cut-in-acrylglas has-post-thumbnail taxable shipping-taxable purchasable product-type-simple\">\n\t<div class=\"product-inner clr\">\n\t<div class=\"woo-entry-image clr\">\n\t\t<a href=\"https:\/\/memorabilia-germany.de\/de\/produkt\/abraham-lincoln-handgeschriebener-word-cut-in-acrylglas\/\" class=\"woocommerce-LoopProduct-link\"><img decoding=\"async\" width=\"300\" height=\"400\" src=\"https:\/\/memorabilia-germany.de\/wp-content\/uploads\/abraham-lincoln-300x400.jpg\" class=\"woo-entry-image-main\" alt=\"ABRAHAM LINCOLN handgeschriebener Word-Cut in Acrylglas\" itemprop=\"image\" srcset=\"https:\/\/memorabilia-germany.de\/wp-content\/uploads\/abraham-lincoln-300x400.jpg 300w, https:\/\/memorabilia-germany.de\/wp-content\/uploads\/abraham-lincoln.jpg 400w\" sizes=\"(max-width: 300px) 100vw, 300px\" \/><\/a>\t<\/div><!-- .woo-entry-image -->\n\n\t\n\n\n\n\n\n\n<ul class=\"woo-entry-inner clr\"><li class=\"image-wrap\">\t\t\t\t<div class=\"outofstock-badge\">\n\t\t\t\t\tNicht vorr\u00e4tig\t\t\t\t<\/div><!-- .product-entry-out-of-stock-badge -->\n\t\t\t\t\n\t<div class=\"woo-entry-image clr\">\n\t\t<a href=\"https:\/\/memorabilia-germany.de\/de\/produkt\/abraham-lincoln-handgeschriebener-word-cut-in-acrylglas\/\" class=\"woocommerce-LoopProduct-link\"><img decoding=\"async\" width=\"300\" height=\"400\" src=\"https:\/\/memorabilia-germany.de\/wp-content\/uploads\/abraham-lincoln-300x400.jpg\" class=\"woo-entry-image-main\" alt=\"ABRAHAM LINCOLN handgeschriebener Word-Cut in Acrylglas\" itemprop=\"image\" srcset=\"https:\/\/memorabilia-germany.de\/wp-content\/uploads\/abraham-lincoln-300x400.jpg 300w, https:\/\/memorabilia-germany.de\/wp-content\/uploads\/abraham-lincoln.jpg 400w\" sizes=\"(max-width: 300px) 100vw, 300px\" \/><\/a>\t<\/div><!-- .woo-entry-image -->\n\n\t<\/li><li class=\"title\"><h2><a href=\"https:\/\/memorabilia-germany.de\/de\/produkt\/abraham-lincoln-handgeschriebener-word-cut-in-acrylglas\/\">ABRAHAM LINCOLN handgeschriebener Word-Cut in Acrylglas<\/a><\/h2><\/li><li class=\"price-wrap\">\n\t<span class=\"price\"><span class=\"woocommerce-Price-amount amount\"><bdi>243,69&nbsp;<span class=\"woocommerce-Price-currencySymbol\">&euro;<\/span><\/bdi><\/span> <small class=\"woocommerce-price-suffix\">inkl. MwSt. \/ inkl. Versand ab 60\u20ac*<\/small><\/span>\n<\/li><\/ul><\/div><!-- .product-inner .clr --><\/li>\n<li class=\"entry has-media col span_1_of_3 owp-content-center owp-thumbs-layout-horizontal owp-btn-normal owp-tabs-layout-horizontal product type-product post-13745 status-publish first outofstock product_cat-heidi-klum-signiertes-buch-heidi-klums-body-of-knowledge has-post-thumbnail taxable shipping-taxable purchasable product-type-simple\">\n\t<div class=\"product-inner clr\">\n\t<div class=\"woo-entry-image clr\">\n\t\t<a href=\"https:\/\/memorabilia-germany.de\/de\/produkt\/heidi-klum-signiertes-buch-heidi-klums-body-of-knowledge\/\" class=\"woocommerce-LoopProduct-link\"><img loading=\"lazy\" decoding=\"async\" width=\"300\" height=\"400\" src=\"https:\/\/memorabilia-germany.de\/wp-content\/uploads\/signiertes-buch-heidi-klum-300x400.jpg\" class=\"woo-entry-image-main\" alt=\"HEIDI KLUM signiertes Buch \u201cHeidi Klum\u2019s body of knowledge\u201d\" itemprop=\"image\" srcset=\"https:\/\/memorabilia-germany.de\/wp-content\/uploads\/signiertes-buch-heidi-klum-300x400.jpg 300w, https:\/\/memorabilia-germany.de\/wp-content\/uploads\/signiertes-buch-heidi-klum.jpg 400w\" sizes=\"(max-width: 300px) 100vw, 300px\" \/><\/a>\t<\/div><!-- .woo-entry-image -->\n\n\t\n\n\n\n\n\n\n<ul class=\"woo-entry-inner clr\"><li class=\"image-wrap\">\t\t\t\t<div class=\"outofstock-badge\">\n\t\t\t\t\tNicht vorr\u00e4tig\t\t\t\t<\/div><!-- .product-entry-out-of-stock-badge -->\n\t\t\t\t\n\t<div class=\"woo-entry-image clr\">\n\t\t<a href=\"https:\/\/memorabilia-germany.de\/de\/produkt\/heidi-klum-signiertes-buch-heidi-klums-body-of-knowledge\/\" class=\"woocommerce-LoopProduct-link\"><img loading=\"lazy\" decoding=\"async\" width=\"300\" height=\"400\" src=\"https:\/\/memorabilia-germany.de\/wp-content\/uploads\/signiertes-buch-heidi-klum-300x400.jpg\" class=\"woo-entry-image-main\" alt=\"HEIDI KLUM signiertes Buch \u201cHeidi Klum\u2019s body of knowledge\u201d\" itemprop=\"image\" srcset=\"https:\/\/memorabilia-germany.de\/wp-content\/uploads\/signiertes-buch-heidi-klum-300x400.jpg 300w, https:\/\/memorabilia-germany.de\/wp-content\/uploads\/signiertes-buch-heidi-klum.jpg 400w\" sizes=\"(max-width: 300px) 100vw, 300px\" \/><\/a>\t<\/div><!-- .woo-entry-image -->\n\n\t<\/li><li class=\"title\"><h2><a href=\"https:\/\/memorabilia-germany.de\/de\/produkt\/heidi-klum-signiertes-buch-heidi-klums-body-of-knowledge\/\">HEIDI KLUM signiertes Buch \u201cHeidi Klum\u2019s body of knowledge\u201d<\/a><\/h2><\/li><li class=\"price-wrap\">\n\t<span class=\"price\"><span class=\"woocommerce-Price-amount amount\"><bdi>67,22&nbsp;<span class=\"woocommerce-Price-currencySymbol\">&euro;<\/span><\/bdi><\/span> <small class=\"woocommerce-price-suffix\">inkl. MwSt. \/ inkl. Versand ab 60\u20ac*<\/small><\/span>\n<\/li><\/ul><\/div><!-- .product-inner .clr --><\/li>\n<li class=\"entry has-media col span_1_of_3 owp-content-center owp-thumbs-layout-horizontal owp-btn-normal owp-tabs-layout-horizontal product type-product post-13737 status-publish outofstock product_cat-ken-page-movie-maske-oogie-boogie-nightmare-before-christmas has-post-thumbnail taxable shipping-taxable purchasable product-type-simple\">\n\t<div class=\"product-inner clr\">\n\t<div class=\"woo-entry-image clr\">\n\t\t<a href=\"https:\/\/memorabilia-germany.de\/de\/produkt\/ken-page-movie-maske-oogie-boogie-nightmare-before-christmas\/\" class=\"woocommerce-LoopProduct-link\"><img loading=\"lazy\" decoding=\"async\" width=\"300\" height=\"400\" src=\"https:\/\/memorabilia-germany.de\/wp-content\/uploads\/ken-page-300x400.jpg\" class=\"woo-entry-image-main\" alt=\"KEN PAGE Movie Maske (&#8222;Oogie Boogie&#8220;) Nightmare before Christmas\" itemprop=\"image\" srcset=\"https:\/\/memorabilia-germany.de\/wp-content\/uploads\/ken-page-300x400.jpg 300w, https:\/\/memorabilia-germany.de\/wp-content\/uploads\/ken-page.jpg 400w\" sizes=\"(max-width: 300px) 100vw, 300px\" \/><\/a>\t<\/div><!-- .woo-entry-image -->\n\n\t\n\n\n\n\n\n\n<ul class=\"woo-entry-inner clr\"><li class=\"image-wrap\">\t\t\t\t<div class=\"outofstock-badge\">\n\t\t\t\t\tNicht vorr\u00e4tig\t\t\t\t<\/div><!-- .product-entry-out-of-stock-badge -->\n\t\t\t\t\n\t<div class=\"woo-entry-image clr\">\n\t\t<a href=\"https:\/\/memorabilia-germany.de\/de\/produkt\/ken-page-movie-maske-oogie-boogie-nightmare-before-christmas\/\" class=\"woocommerce-LoopProduct-link\"><img loading=\"lazy\" decoding=\"async\" width=\"300\" height=\"400\" src=\"https:\/\/memorabilia-germany.de\/wp-content\/uploads\/ken-page-300x400.jpg\" class=\"woo-entry-image-main\" alt=\"KEN PAGE Movie Maske (&#8222;Oogie Boogie&#8220;) Nightmare before Christmas\" itemprop=\"image\" srcset=\"https:\/\/memorabilia-germany.de\/wp-content\/uploads\/ken-page-300x400.jpg 300w, https:\/\/memorabilia-germany.de\/wp-content\/uploads\/ken-page.jpg 400w\" sizes=\"(max-width: 300px) 100vw, 300px\" \/><\/a>\t<\/div><!-- .woo-entry-image -->\n\n\t<\/li><li class=\"title\"><h2><a href=\"https:\/\/memorabilia-germany.de\/de\/produkt\/ken-page-movie-maske-oogie-boogie-nightmare-before-christmas\/\">KEN PAGE Movie Maske (&#8222;Oogie Boogie&#8220;) Nightmare before Christmas<\/a><\/h2><\/li><li class=\"price-wrap\">\n\t<span class=\"price\"><span class=\"woocommerce-Price-amount amount\"><bdi>84,03&nbsp;<span class=\"woocommerce-Price-currencySymbol\">&euro;<\/span><\/bdi><\/span> <small class=\"woocommerce-price-suffix\">inkl. MwSt. \/ inkl. Versand ab 60\u20ac*<\/small><\/span>\n<\/li><\/ul><\/div><!-- .product-inner .clr --><\/li>\n<\/ul>\n<\/div>\t\t\t\t<\/div>\n\t\t\t\t<\/div>\n\t\t\t\t<div class=\"elementor-element elementor-element-47ca0cd elementor-widget elementor-widget-text-editor\" data-id=\"47ca0cd\" data-element_type=\"widget\" data-e-type=\"widget\" data-widget_type=\"text-editor.default\">\n\t\t\t\t<div class=\"elementor-widget-container\">\n\t\t\t\t\t\t\t\t\t<p>*Gilt f\u00fcr Lieferungen nach Deutschland. Lieferzeiten f\u00fcr andere L\u00e4nder und Informationen zur Berechnung des Liefertermins bzw. der Versandkosten siehe <strong><a href=\"https:\/\/memorabilia-germany.de\/de\/versand_und_zahlungsbedingungen\">hier<\/a>.<\/strong><\/p>\t\t\t\t\t\t\t\t<\/div>\n\t\t\t\t<\/div>\n\t\t\t\t\t<\/div>\n\t\t<\/div>\n\t\t\t\t\t<\/div>\n\t\t<\/section>\n\t\t\t\t<\/div>\n\t\t","protected":false},"excerpt":{"rendered":"<p>NON CATEGORY *Gilt f\u00fcr Lieferungen nach Deutschland. Lieferzeiten f\u00fcr andere L\u00e4nder und Informationen zur Berechnung des Liefertermins bzw. der Versandkosten siehe hier.<\/p>\n","protected":false},"author":1,"featured_media":0,"parent":0,"menu_order":0,"comment_status":"closed","ping_status":"closed","template":"elementor_header_footer","meta":{"_acf_changed":false,"ocean_post_layout":"","ocean_both_sidebars_style":"","ocean_both_sidebars_content_width":0,"ocean_both_sidebars_sidebars_width":0,"ocean_sidebar":"0","ocean_second_sidebar":"0","ocean_disable_margins":"enable","ocean_add_body_class":"","ocean_shortcode_before_top_bar":"","ocean_shortcode_after_top_bar":"","ocean_shortcode_before_header":"","ocean_shortcode_after_header":"","ocean_has_shortcode":"","ocean_shortcode_after_title":"","ocean_shortcode_before_footer_widgets":"","ocean_shortcode_after_footer_widgets":"","ocean_shortcode_before_footer_bottom":"","ocean_shortcode_after_footer_bottom":"","ocean_display_top_bar":"default","ocean_display_header":"default","ocean_header_style":"","ocean_center_header_left_menu":"0","ocean_custom_header_template":"0","ocean_custom_logo":0,"ocean_custom_retina_logo":0,"ocean_custom_logo_max_width":0,"ocean_custom_logo_tablet_max_width":0,"ocean_custom_logo_mobile_max_width":0,"ocean_custom_logo_max_height":0,"ocean_custom_logo_tablet_max_height":0,"ocean_custom_logo_mobile_max_height":0,"ocean_header_custom_menu":"0","ocean_menu_typo_font_family":"0","ocean_menu_typo_font_subset":"","ocean_menu_typo_font_size":0,"ocean_menu_typo_font_size_tablet":0,"ocean_menu_typo_font_size_mobile":0,"ocean_menu_typo_font_size_unit":"px","ocean_menu_typo_font_weight":"","ocean_menu_typo_font_weight_tablet":"","ocean_menu_typo_font_weight_mobile":"","ocean_menu_typo_transform":"","ocean_menu_typo_transform_tablet":"","ocean_menu_typo_transform_mobile":"","ocean_menu_typo_line_height":0,"ocean_menu_typo_line_height_tablet":0,"ocean_menu_typo_line_height_mobile":0,"ocean_menu_typo_line_height_unit":"","ocean_menu_typo_spacing":0,"ocean_menu_typo_spacing_tablet":0,"ocean_menu_typo_spacing_mobile":0,"ocean_menu_typo_spacing_unit":"","ocean_menu_link_color":"","ocean_menu_link_color_hover":"","ocean_menu_link_color_active":"","ocean_menu_link_background":"","ocean_menu_link_hover_background":"","ocean_menu_link_active_background":"","ocean_menu_social_links_bg":"","ocean_menu_social_hover_links_bg":"","ocean_menu_social_links_color":"","ocean_menu_social_hover_links_color":"","ocean_disable_title":"default","ocean_disable_heading":"default","ocean_post_title":"","ocean_post_subheading":"","ocean_post_title_style":"","ocean_post_title_background_color":"","ocean_post_title_background":0,"ocean_post_title_bg_image_position":"","ocean_post_title_bg_image_attachment":"","ocean_post_title_bg_image_repeat":"","ocean_post_title_bg_image_size":"","ocean_post_title_height":0,"ocean_post_title_bg_overlay":0.5,"ocean_post_title_bg_overlay_color":"","ocean_disable_breadcrumbs":"default","ocean_breadcrumbs_color":"","ocean_breadcrumbs_separator_color":"","ocean_breadcrumbs_links_color":"","ocean_breadcrumbs_links_hover_color":"","ocean_display_footer_widgets":"default","ocean_display_footer_bottom":"default","ocean_custom_footer_template":"0","ofc_enable_fullscreen":"disable","ofc_fullscreen_speed":0,"ofc_fullscreen_nav":"enable","ofc_fullscreen_nav_pos":"right","ofc_fullscreen_nav_color":"","ofc_fullscreen_nav_tooltip_color":"","ofc_fullscreen_responsive":0,"footnotes":""},"class_list":["post-13723","page","type-page","status-publish","hentry","entry","owp-thumbs-layout-horizontal","owp-btn-normal","owp-tabs-layout-horizontal","has-no-thumbnails"],"acf":[],"_links":{"self":[{"href":"https:\/\/memorabilia-germany.de\/de\/wp-json\/wp\/v2\/pages\/13723","targetHints":{"allow":["GET"]}}],"collection":[{"href":"https:\/\/memorabilia-germany.de\/de\/wp-json\/wp\/v2\/pages"}],"about":[{"href":"https:\/\/memorabilia-germany.de\/de\/wp-json\/wp\/v2\/types\/page"}],"author":[{"embeddable":true,"href":"https:\/\/memorabilia-germany.de\/de\/wp-json\/wp\/v2\/users\/1"}],"replies":[{"embeddable":true,"href":"https:\/\/memorabilia-germany.de\/de\/wp-json\/wp\/v2\/comments?post=13723"}],"version-history":[{"count":0,"href":"https:\/\/memorabilia-germany.de\/de\/wp-json\/wp\/v2\/pages\/13723\/revisions"}],"wp:attachment":[{"href":"https:\/\/memorabilia-germany.de\/de\/wp-json\/wp\/v2\/media?parent=13723"}],"curies":[{"name":"wp","href":"https:\/\/api.w.org\/{rel}","templated":true}]}}