{"id":11153,"date":"2022-02-23T13:04:26","date_gmt":"2022-02-23T12:04:26","guid":{"rendered":"https:\/\/memorabilia-germany.de\/?page_id=11153"},"modified":"2022-07-23T13:24:23","modified_gmt":"2022-07-23T11:24:23","slug":"boxing-memorabilia","status":"publish","type":"page","link":"https:\/\/memorabilia-germany.de\/de\/boxing-memorabilia\/","title":{"rendered":"BOXING MEMORABILIA"},"content":{"rendered":"\t\t<div data-elementor-type=\"wp-page\" data-elementor-id=\"11153\" class=\"elementor elementor-11153\" data-elementor-post-type=\"page\">\n\t\t\t\t\t\t<section class=\"elementor-section elementor-top-section elementor-element elementor-element-d1f22b0 elementor-section-boxed elementor-section-height-default elementor-section-height-default\" data-id=\"d1f22b0\" data-element_type=\"section\" data-e-type=\"section\">\n\t\t\t\t\t\t<div class=\"elementor-container elementor-column-gap-no\">\n\t\t\t\t\t<div class=\"elementor-column elementor-col-100 elementor-top-column elementor-element elementor-element-8e2a57f\" data-id=\"8e2a57f\" data-element_type=\"column\" data-e-type=\"column\">\n\t\t\t<div class=\"elementor-widget-wrap elementor-element-populated\">\n\t\t\t\t\t\t<div class=\"elementor-element elementor-element-9f7c178 elementor-widget elementor-widget-heading\" data-id=\"9f7c178\" data-element_type=\"widget\" data-e-type=\"widget\" data-widget_type=\"heading.default\">\n\t\t\t\t<div class=\"elementor-widget-container\">\n\t\t\t\t\t<h1 class=\"elementor-heading-title elementor-size-default\">Boxing Memorabilia<\/h1>\t\t\t\t<\/div>\n\t\t\t\t<\/div>\n\t\t\t\t\t<\/div>\n\t\t<\/div>\n\t\t\t\t\t<\/div>\n\t\t<\/section>\n\t\t\t\t<section class=\"elementor-section elementor-top-section elementor-element elementor-element-d4be1d4 elementor-section-boxed elementor-section-height-default elementor-section-height-default\" data-id=\"d4be1d4\" data-element_type=\"section\" data-e-type=\"section\">\n\t\t\t\t\t\t<div class=\"elementor-container elementor-column-gap-no\">\n\t\t\t\t\t<div class=\"elementor-column elementor-col-100 elementor-top-column elementor-element elementor-element-1528345\" data-id=\"1528345\" data-element_type=\"column\" data-e-type=\"column\">\n\t\t\t<div class=\"elementor-widget-wrap elementor-element-populated\">\n\t\t\t\t\t\t<div class=\"elementor-element elementor-element-8cbece9 elementor-widget elementor-widget-text-editor\" data-id=\"8cbece9\" data-element_type=\"widget\" data-e-type=\"widget\" data-widget_type=\"text-editor.default\">\n\t\t\t\t<div class=\"elementor-widget-container\">\n\t\t\t\t\t\t\t\t\t<p>Boxing Memorabilia sind signierte Fanartikel von ber\u00fchmten Boxern, wie zum Beispiel Mike Tyson Boxhandschuhe mit Autogramm von &#8222;Iron&#8220; Mike pers\u00f6nlich.<\/p>\t\t\t\t\t\t\t\t<\/div>\n\t\t\t\t<\/div>\n\t\t\t\t\t<\/div>\n\t\t<\/div>\n\t\t\t\t\t<\/div>\n\t\t<\/section>\n\t\t\t\t<section class=\"elementor-section elementor-top-section elementor-element elementor-element-2ad676b elementor-section-boxed elementor-section-height-default elementor-section-height-default\" data-id=\"2ad676b\" data-element_type=\"section\" data-e-type=\"section\">\n\t\t\t\t\t\t<div class=\"elementor-container elementor-column-gap-default\">\n\t\t\t\t\t<div class=\"elementor-column elementor-col-100 elementor-top-column elementor-element elementor-element-28b5af1\" data-id=\"28b5af1\" data-element_type=\"column\" data-e-type=\"column\">\n\t\t\t<div class=\"elementor-widget-wrap elementor-element-populated\">\n\t\t\t\t\t\t<div class=\"elementor-element elementor-element-cb52039 elementor-grid-3 elementor-product-loop-item--align-center elementor-grid-mobile-2 elementor-grid-tablet-3 elementor-products-grid elementor-wc-products elementor-widget elementor-widget-wc-categories\" data-id=\"cb52039\" data-element_type=\"widget\" data-e-type=\"widget\" data-widget_type=\"wc-categories.default\">\n\t\t\t\t<div class=\"elementor-widget-container\">\n\t\t\t\t\t<div class=\"woocommerce columns-3\">\r\n<ul class=\"products elementor-grid oceanwp-row clr grid tablet-col tablet-2-col mobile-col mobile-1-col\">\r\n<li class=\"product-category product first col span_1_of_3\">\n\t<a aria-label=\"Produktkategorie BOXING MYSTERY BOX besuchen\" href=\"https:\/\/memorabilia-germany.de\/de\/produkt-kategorie\/boxing-memorabilia\/boxing-mystery-box\/\"><div class=\"product-inner clr\"><div class=\"woo-entry-image clr\"><a href=\"https:\/\/memorabilia-germany.de\/de\/produkt-kategorie\/boxing-memorabilia\/boxing-mystery-box\/\"><img decoding=\"async\" src=\"https:\/\/memorabilia-germany.de\/wp-content\/uploads\/memorabilia-mystery-box-boxing-300x300.jpg\" alt=\"BOXING MYSTERY BOX\" width=\"300\" height=\"\" srcset=\"https:\/\/memorabilia-germany.de\/wp-content\/uploads\/memorabilia-mystery-box-boxing-300x300.jpg 300w, https:\/\/memorabilia-germany.de\/wp-content\/uploads\/memorabilia-mystery-box-boxing-100x100.jpg 100w, https:\/\/memorabilia-germany.de\/wp-content\/uploads\/memorabilia-mystery-box-boxing.jpg 400w\" sizes=\"(max-width: 300px) 100vw, 300px\" \/><\/a><\/div><div class=\"woo-entry-inner clr\"><a href=\"https:\/\/memorabilia-germany.de\/de\/produkt-kategorie\/boxing-memorabilia\/boxing-mystery-box\/\"><\/a><\/div><\/div><\/a><\/li>\n<li class=\"product-category product col span_1_of_3\">\n\t<a aria-label=\"Produktkategorie BOXING SHOWCASE besuchen\" href=\"https:\/\/memorabilia-germany.de\/de\/produkt-kategorie\/boxing-memorabilia\/boxing-showcase\/\"><div class=\"product-inner clr\"><div class=\"woo-entry-image clr\"><a href=\"https:\/\/memorabilia-germany.de\/de\/produkt-kategorie\/boxing-memorabilia\/boxing-showcase\/\"><img decoding=\"async\" src=\"https:\/\/memorabilia-germany.de\/wp-content\/uploads\/boxing-memorabilia-300x300.jpg\" alt=\"BOXING SHOWCASE\" width=\"300\" height=\"\" srcset=\"https:\/\/memorabilia-germany.de\/wp-content\/uploads\/boxing-memorabilia-300x300.jpg 300w, https:\/\/memorabilia-germany.de\/wp-content\/uploads\/elementor\/thumbs\/boxing-memorabilia-prb9zwht1jnmt1hg75h3v3jwuz3bnhbyktejev597s.jpg 100w, https:\/\/memorabilia-germany.de\/wp-content\/uploads\/elementor\/thumbs\/boxing-memorabilia-r306qvm5ysx00lr6cvvr81n7tmht4fxt7ierk9r3as.jpg 50w, https:\/\/memorabilia-germany.de\/wp-content\/uploads\/elementor\/thumbs\/boxing-memorabilia-qvsgeftn730mm9tbo1ns0rzhs9b2ud52evthp9pei8.jpg 120w, https:\/\/memorabilia-germany.de\/wp-content\/uploads\/boxing-memorabilia.jpg 400w\" sizes=\"(max-width: 300px) 100vw, 300px\" \/><\/a><\/div><div class=\"woo-entry-inner clr\"><a href=\"https:\/\/memorabilia-germany.de\/de\/produkt-kategorie\/boxing-memorabilia\/boxing-showcase\/\"><\/a><\/div><\/div><\/a><\/li>\n<li class=\"product-category product last col span_1_of_3\">\n\t<a aria-label=\"Produktkategorie SIGNIERTE BOXHANDSCHUHE besuchen\" href=\"https:\/\/memorabilia-germany.de\/de\/produkt-kategorie\/boxing-memorabilia\/signierte-boxhandschuhe\/\"><div class=\"product-inner clr\"><div class=\"woo-entry-image clr\"><a href=\"https:\/\/memorabilia-germany.de\/de\/produkt-kategorie\/boxing-memorabilia\/signierte-boxhandschuhe\/\"><img decoding=\"async\" src=\"https:\/\/memorabilia-germany.de\/wp-content\/uploads\/boxing-memorabilia-01-300x300.jpg\" alt=\"SIGNIERTE BOXHANDSCHUHE\" width=\"300\" height=\"\" srcset=\"https:\/\/memorabilia-germany.de\/wp-content\/uploads\/boxing-memorabilia-01-300x300.jpg 300w, https:\/\/memorabilia-germany.de\/wp-content\/uploads\/boxing-memorabilia-01-100x100.jpg 100w, https:\/\/memorabilia-germany.de\/wp-content\/uploads\/boxing-memorabilia-01.jpg 400w\" sizes=\"(max-width: 300px) 100vw, 300px\" \/><\/a><\/div><div class=\"woo-entry-inner clr\"><a href=\"https:\/\/memorabilia-germany.de\/de\/produkt-kategorie\/boxing-memorabilia\/signierte-boxhandschuhe\/\"><\/a><\/div><\/div><\/a><\/li>\n<\/ul>\n<\/div>\t\t\t\t<\/div>\n\t\t\t\t<\/div>\n\t\t\t\t\t<\/div>\n\t\t<\/div>\n\t\t\t\t\t<\/div>\n\t\t<\/section>\n\t\t\t\t<section class=\"elementor-section elementor-top-section elementor-element elementor-element-bd2b62f elementor-section-boxed elementor-section-height-default elementor-section-height-default\" data-id=\"bd2b62f\" data-element_type=\"section\" data-e-type=\"section\">\n\t\t\t\t\t\t<div class=\"elementor-container elementor-column-gap-no\">\n\t\t\t\t\t<div class=\"elementor-column elementor-col-100 elementor-top-column elementor-element elementor-element-6841978\" data-id=\"6841978\" data-element_type=\"column\" data-e-type=\"column\">\n\t\t\t<div class=\"elementor-widget-wrap elementor-element-populated\">\n\t\t\t\t\t\t<div class=\"elementor-element elementor-element-7d6c175 elementor-widget elementor-widget-text-editor\" data-id=\"7d6c175\" data-element_type=\"widget\" data-e-type=\"widget\" data-widget_type=\"text-editor.default\">\n\t\t\t\t<div class=\"elementor-widget-container\">\n\t\t\t\t\t\t\t\t\t<p style=\"text-align: left;\">Mehr Boxing Autogramme\u00a0 findest du <strong><a href=\"https:\/\/memorabilia-germany.de\/de\/produkt-kategorie\/boxing-memorabilia\/boxing-showcase\">hier<\/a><\/strong>.<\/p>\nBoxing Memorabilia:\n<strong><a href=\"https:\/\/memorabilia-germany.de\/de\/wir-memorabilia-germany\">Memorabilia Germany<\/a><\/strong> verkauft signierte Fanartikel von den ber\u00fchmtesten Boxern der Kampfsport Geschichte, wie zum Beispiel <strong><a href=\"https:\/\/www.miketyson.com\" target=\"\u201d_blank\u201d\" rel=\"\u201dnoopener\u201d noopener\">Mike Tyson<\/a><\/strong> Boxhandschuhe oder Items von Evander Holyfield, George Foreman oder Anthony Joshua.\nDie hei\u00dfesten Autogramme von Stars der Box-Szene findet ihr in unserem Shop.\nAlle Boxing Memorabilia werden innerhalb Deutschlands kostenlos versendet und sind so schnell wie m\u00f6glich bei euch. Auch au\u00dferhalb Deutschlands bieten wir einen sehr schnellen Versand an.\nWir haben f\u00fcr euch ein wundersch\u00f6nes Sortiment ausgew\u00e4hlt, das Boxing Memorabilia verschiedenster Arten umfasst.\nCheckt unsere Auswahl an <strong><a href=\"https:\/\/memorabilia-germany.de\/de\/produkt-kategorie\/boxing-memorabilia\/signierte-boxhandschuhe\">signierten Boxhandschuhen<\/a><\/strong> und unsere <strong><a href=\"https:\/\/memorabilia-germany.de\/de\/produkt-kategorie\/boxing-memorabilia\/boxing-showcase\">Boxing Showcases<\/a><\/strong>.\nAlle Autogramme, die bei Memorabilia Germany verkauft werden, wurden von einem der weltweit f\u00fchrenden Authenticator wie <strong><a href=\"https:\/\/memorabilia-germany.de\/de\/signatur-authentifizierung\/#signatur-authentifizierung-beckett\">Beckett<\/a><\/strong>, <strong><a href=\"https:\/\/memorabilia-germany.de\/de\/signatur-authentifizierung\/#signatur-authentifizierung-james-spence\">James Spence Authentication<\/a><\/strong> oder <strong><a href=\"https:\/\/memorabilia-germany.de\/de\/signatur-authentifizierung\/#signatur-authentifizierung-psa-dna\">PSA\/DNA<\/a><\/strong> authentifiziert.\nZudem haben wir immer ein Auge auf die neuesten Sondereditionen von Everlast und anderen Markenherstellern, so dass ihr immer mit den angesagtesten Boxing Memorabilia versorgt seid.\n<strong><a href=\"https:\/\/memorabilia-germany.de\/de\/wir-memorabilia-germany\">Memorabilia Germany<\/a><\/strong> ist ein Shop f\u00fcr Memorabilia aus dem Sport-, Film- und Serienbereich mit Sitz in Deutschland.\nBei unseren Items handelt es sich um signierte Fanartikel, die von ber\u00fchmten Sportlern oder ber\u00fchmten Hollywood Stars mit einem Autogramm versehen wurden.\nUnser Sortiment bezieht sich vor allem auf Fanartikel aus den Bereichen <a href=\"https:\/\/memorabilia-germany.de\/de\/football-memorabilia\"><strong>NFL Football<\/strong><\/a>, <a href=\"https:\/\/memorabilia-germany.de\/de\/basketball-memorabilia\"><strong>NBA Basketball<\/strong><\/a>, <a href=\"https:\/\/memorabilia-germany.de\/de\/boxing-memorabilia\"><strong>Boxen<\/strong><\/a> und <a href=\"https:\/\/memorabilia-germany.de\/de\/entertainment-memorabilia\"><strong>Hollywood<\/strong><\/a>.\nDar\u00fcber hinaus versuchen wir auch immer mal ein paar andere kuriose Autogramme anzubieten, wie zum Beispiel von ber\u00fchmten Politikern oder K\u00fcnstlern.\n\u00dcber ein internationales Netzwerk importieren wir die angesagtesten Items der Sportgeschichte.\nEgal was du dir in unserem Shop g\u00f6nnst. Sei dir sicher, dass deine Items f\u00fcr gro\u00dfes Staunen sorgen werden. Deine Sammlung wird nicht nur dich, sondern auch alle deine Freunde begeistern. Nie bist du einfacher an die coolsten Boxing Memorabilia der Welt gekommen. Lass deine Collection mit Items der gr\u00f6\u00dften Boxer aller Zeiten wachsen und verwandle dein Zuhause in einen aufregenden Mancave.\t\t\t\t\t\t\t\t<\/div>\n\t\t\t\t<\/div>\n\t\t\t\t\t<\/div>\n\t\t<\/div>\n\t\t\t\t\t<\/div>\n\t\t<\/section>\n\t\t\t\t<\/div>\n\t\t","protected":false},"excerpt":{"rendered":"<p>Boxing Memorabilia Boxing Memorabilia sind signierte Fanartikel von ber\u00fchmten Boxern, wie zum Beispiel Mike Tyson Boxhandschuhe mit Autogramm von &#8222;Iron&#8220; Mike pers\u00f6nlich. Mehr Boxing Autogramme\u00a0 findest du hier. Boxing Memorabilia: Memorabilia Germany verkauft signierte Fanartikel von den ber\u00fchmtesten Boxern der Kampfsport Geschichte, wie zum Beispiel Mike Tyson Boxhandschuhe oder Items von Evander Holyfield, George Foreman [&hellip;]<\/p>\n","protected":false},"author":1,"featured_media":0,"parent":0,"menu_order":0,"comment_status":"closed","ping_status":"closed","template":"elementor_header_footer","meta":{"_acf_changed":false,"ocean_post_layout":"","ocean_both_sidebars_style":"","ocean_both_sidebars_content_width":0,"ocean_both_sidebars_sidebars_width":0,"ocean_sidebar":"0","ocean_second_sidebar":"0","ocean_disable_margins":"enable","ocean_add_body_class":"","ocean_shortcode_before_top_bar":"","ocean_shortcode_after_top_bar":"","ocean_shortcode_before_header":"","ocean_shortcode_after_header":"","ocean_has_shortcode":"","ocean_shortcode_after_title":"","ocean_shortcode_before_footer_widgets":"","ocean_shortcode_after_footer_widgets":"","ocean_shortcode_before_footer_bottom":"","ocean_shortcode_after_footer_bottom":"","ocean_display_top_bar":"default","ocean_display_header":"default","ocean_header_style":"","ocean_center_header_left_menu":"0","ocean_custom_header_template":"0","ocean_custom_logo":0,"ocean_custom_retina_logo":0,"ocean_custom_logo_max_width":0,"ocean_custom_logo_tablet_max_width":0,"ocean_custom_logo_mobile_max_width":0,"ocean_custom_logo_max_height":0,"ocean_custom_logo_tablet_max_height":0,"ocean_custom_logo_mobile_max_height":0,"ocean_header_custom_menu":"0","ocean_menu_typo_font_family":"0","ocean_menu_typo_font_subset":"","ocean_menu_typo_font_size":0,"ocean_menu_typo_font_size_tablet":0,"ocean_menu_typo_font_size_mobile":0,"ocean_menu_typo_font_size_unit":"px","ocean_menu_typo_font_weight":"","ocean_menu_typo_font_weight_tablet":"","ocean_menu_typo_font_weight_mobile":"","ocean_menu_typo_transform":"","ocean_menu_typo_transform_tablet":"","ocean_menu_typo_transform_mobile":"","ocean_menu_typo_line_height":0,"ocean_menu_typo_line_height_tablet":0,"ocean_menu_typo_line_height_mobile":0,"ocean_menu_typo_line_height_unit":"","ocean_menu_typo_spacing":0,"ocean_menu_typo_spacing_tablet":0,"ocean_menu_typo_spacing_mobile":0,"ocean_menu_typo_spacing_unit":"","ocean_menu_link_color":"","ocean_menu_link_color_hover":"","ocean_menu_link_color_active":"","ocean_menu_link_background":"","ocean_menu_link_hover_background":"","ocean_menu_link_active_background":"","ocean_menu_social_links_bg":"","ocean_menu_social_hover_links_bg":"","ocean_menu_social_links_color":"","ocean_menu_social_hover_links_color":"","ocean_disable_title":"default","ocean_disable_heading":"default","ocean_post_title":"","ocean_post_subheading":"","ocean_post_title_style":"","ocean_post_title_background_color":"","ocean_post_title_background":0,"ocean_post_title_bg_image_position":"","ocean_post_title_bg_image_attachment":"","ocean_post_title_bg_image_repeat":"","ocean_post_title_bg_image_size":"","ocean_post_title_height":0,"ocean_post_title_bg_overlay":0.5,"ocean_post_title_bg_overlay_color":"","ocean_disable_breadcrumbs":"default","ocean_breadcrumbs_color":"","ocean_breadcrumbs_separator_color":"","ocean_breadcrumbs_links_color":"","ocean_breadcrumbs_links_hover_color":"","ocean_display_footer_widgets":"default","ocean_display_footer_bottom":"default","ocean_custom_footer_template":"0","ofc_enable_fullscreen":"disable","ofc_fullscreen_speed":0,"ofc_fullscreen_nav":"enable","ofc_fullscreen_nav_pos":"right","ofc_fullscreen_nav_color":"","ofc_fullscreen_nav_tooltip_color":"","ofc_fullscreen_responsive":0,"footnotes":""},"class_list":["post-11153","page","type-page","status-publish","hentry","entry","owp-thumbs-layout-horizontal","owp-btn-normal","owp-tabs-layout-horizontal","has-no-thumbnails"],"acf":[],"_links":{"self":[{"href":"https:\/\/memorabilia-germany.de\/de\/wp-json\/wp\/v2\/pages\/11153","targetHints":{"allow":["GET"]}}],"collection":[{"href":"https:\/\/memorabilia-germany.de\/de\/wp-json\/wp\/v2\/pages"}],"about":[{"href":"https:\/\/memorabilia-germany.de\/de\/wp-json\/wp\/v2\/types\/page"}],"author":[{"embeddable":true,"href":"https:\/\/memorabilia-germany.de\/de\/wp-json\/wp\/v2\/users\/1"}],"replies":[{"embeddable":true,"href":"https:\/\/memorabilia-germany.de\/de\/wp-json\/wp\/v2\/comments?post=11153"}],"version-history":[{"count":0,"href":"https:\/\/memorabilia-germany.de\/de\/wp-json\/wp\/v2\/pages\/11153\/revisions"}],"wp:attachment":[{"href":"https:\/\/memorabilia-germany.de\/de\/wp-json\/wp\/v2\/media?parent=11153"}],"curies":[{"name":"wp","href":"https:\/\/api.w.org\/{rel}","templated":true}]}}