{"id":11104,"date":"2022-02-22T17:26:39","date_gmt":"2022-02-22T16:26:39","guid":{"rendered":"https:\/\/memorabilia-germany.de\/?page_id=11104"},"modified":"2024-11-28T18:49:40","modified_gmt":"2024-11-28T17:49:40","slug":"basketball-memorabilia","status":"publish","type":"page","link":"https:\/\/memorabilia-germany.de\/de\/basketball-memorabilia\/","title":{"rendered":"BASKETBALL MEMORABILIA"},"content":{"rendered":"\t\t<div data-elementor-type=\"wp-page\" data-elementor-id=\"11104\" class=\"elementor elementor-11104\" data-elementor-post-type=\"page\">\n\t\t\t\t\t\t<section class=\"elementor-section elementor-top-section elementor-element elementor-element-97ec0ed elementor-section-boxed elementor-section-height-default elementor-section-height-default\" data-id=\"97ec0ed\" data-element_type=\"section\" data-e-type=\"section\">\n\t\t\t\t\t\t<div class=\"elementor-container elementor-column-gap-no\">\n\t\t\t\t\t<div class=\"elementor-column elementor-col-100 elementor-top-column elementor-element elementor-element-dd93ad5\" data-id=\"dd93ad5\" data-element_type=\"column\" data-e-type=\"column\">\n\t\t\t<div class=\"elementor-widget-wrap elementor-element-populated\">\n\t\t\t\t\t\t<div class=\"elementor-element elementor-element-17c6ccb elementor-widget elementor-widget-heading\" data-id=\"17c6ccb\" data-element_type=\"widget\" data-e-type=\"widget\" data-widget_type=\"heading.default\">\n\t\t\t\t<div class=\"elementor-widget-container\">\n\t\t\t\t\t<h1 class=\"elementor-heading-title elementor-size-default\">Basketball Memorabilia | NBA Memorabilia<\/h1>\t\t\t\t<\/div>\n\t\t\t\t<\/div>\n\t\t\t\t\t<\/div>\n\t\t<\/div>\n\t\t\t\t\t<\/div>\n\t\t<\/section>\n\t\t\t\t<section class=\"elementor-section elementor-top-section elementor-element elementor-element-ac8745a elementor-section-boxed elementor-section-height-default elementor-section-height-default\" data-id=\"ac8745a\" data-element_type=\"section\" data-e-type=\"section\">\n\t\t\t\t\t\t<div class=\"elementor-container elementor-column-gap-no\">\n\t\t\t\t\t<div class=\"elementor-column elementor-col-100 elementor-top-column elementor-element elementor-element-0836a49\" data-id=\"0836a49\" data-element_type=\"column\" data-e-type=\"column\">\n\t\t\t<div class=\"elementor-widget-wrap elementor-element-populated\">\n\t\t\t\t\t\t<div class=\"elementor-element elementor-element-35065f2 elementor-widget elementor-widget-text-editor\" data-id=\"35065f2\" data-element_type=\"widget\" data-e-type=\"widget\" data-widget_type=\"text-editor.default\">\n\t\t\t\t<div class=\"elementor-widget-container\">\n\t\t\t\t\t\t\t\t\t<p>Basketball Memorabilia sind signierte Fanartikel von NBA Teams. Egal ob signierter Basketball oder signiertes Trikot. Hier findet ihr die hei\u00dfesten NBA Autogramme!<\/p>\t\t\t\t\t\t\t\t<\/div>\n\t\t\t\t<\/div>\n\t\t\t\t\t<\/div>\n\t\t<\/div>\n\t\t\t\t\t<\/div>\n\t\t<\/section>\n\t\t\t\t<section class=\"elementor-section elementor-top-section elementor-element elementor-element-91ca7cb elementor-section-boxed elementor-section-height-default elementor-section-height-default\" data-id=\"91ca7cb\" data-element_type=\"section\" data-e-type=\"section\">\n\t\t\t\t\t\t<div class=\"elementor-container elementor-column-gap-no\">\n\t\t\t\t\t<div class=\"elementor-column elementor-col-100 elementor-top-column elementor-element elementor-element-81a6aa2\" data-id=\"81a6aa2\" data-element_type=\"column\" data-e-type=\"column\">\n\t\t\t<div class=\"elementor-widget-wrap elementor-element-populated\">\n\t\t\t\t\t\t<div class=\"elementor-element elementor-element-f8ef3dd elementor-grid-3 elementor-product-loop-item--align-center elementor-grid-mobile-2 elementor-grid-tablet-3 elementor-products-grid elementor-wc-products elementor-widget elementor-widget-wc-categories\" data-id=\"f8ef3dd\" data-element_type=\"widget\" data-e-type=\"widget\" data-widget_type=\"wc-categories.default\">\n\t\t\t\t<div class=\"elementor-widget-container\">\n\t\t\t\t\t<div class=\"woocommerce columns-3\">\r\n<ul class=\"products elementor-grid oceanwp-row clr grid tablet-col tablet-2-col mobile-col mobile-1-col\">\r\n<li class=\"product-category product first col span_1_of_3\">\n\t<a aria-label=\"Produktkategorie SIGNIERTES TRIKOT: BASKETBALL besuchen\" href=\"https:\/\/memorabilia-germany.de\/de\/produkt-kategorie\/basketball-memorabilia\/signiertes-trikot-basketball\/\"><div class=\"product-inner clr\"><div class=\"woo-entry-image clr\"><a href=\"https:\/\/memorabilia-germany.de\/de\/produkt-kategorie\/basketball-memorabilia\/signiertes-trikot-basketball\/\"><img decoding=\"async\" src=\"https:\/\/memorabilia-germany.de\/wp-content\/uploads\/basketball-memorabilia-01-300x300.jpg\" alt=\"SIGNIERTES TRIKOT: BASKETBALL\" width=\"300\" height=\"\" srcset=\"https:\/\/memorabilia-germany.de\/wp-content\/uploads\/basketball-memorabilia-01-300x300.jpg 300w, https:\/\/memorabilia-germany.de\/wp-content\/uploads\/basketball-memorabilia-01-100x100.jpg 100w, https:\/\/memorabilia-germany.de\/wp-content\/uploads\/basketball-memorabilia-01.jpg 400w\" sizes=\"(max-width: 300px) 100vw, 300px\" \/><\/a><\/div><div class=\"woo-entry-inner clr\"><a href=\"https:\/\/memorabilia-germany.de\/de\/produkt-kategorie\/basketball-memorabilia\/signiertes-trikot-basketball\/\"><\/a><\/div><\/div><\/a><\/li>\n<li class=\"product-category product col span_1_of_3\">\n\t<a aria-label=\"Produktkategorie BASKETBALL MYSTERY BOX besuchen\" href=\"https:\/\/memorabilia-germany.de\/de\/produkt-kategorie\/basketball-memorabilia\/basketball-mystery-box\/\"><div class=\"product-inner clr\"><div class=\"woo-entry-image clr\"><a href=\"https:\/\/memorabilia-germany.de\/de\/produkt-kategorie\/basketball-memorabilia\/basketball-mystery-box\/\"><img decoding=\"async\" src=\"https:\/\/memorabilia-germany.de\/wp-content\/uploads\/memorabilia-mystery-box-nba-300x300.jpg\" alt=\"BASKETBALL MYSTERY BOX\" width=\"300\" height=\"\" srcset=\"https:\/\/memorabilia-germany.de\/wp-content\/uploads\/memorabilia-mystery-box-nba-300x300.jpg 300w, https:\/\/memorabilia-germany.de\/wp-content\/uploads\/memorabilia-mystery-box-nba-100x100.jpg 100w, https:\/\/memorabilia-germany.de\/wp-content\/uploads\/memorabilia-mystery-box-nba.jpg 400w\" sizes=\"(max-width: 300px) 100vw, 300px\" \/><\/a><\/div><div class=\"woo-entry-inner clr\"><a href=\"https:\/\/memorabilia-germany.de\/de\/produkt-kategorie\/basketball-memorabilia\/basketball-mystery-box\/\"><\/a><\/div><\/div><\/a><\/li>\n<li class=\"product-category product last col span_1_of_3\">\n\t<a aria-label=\"Produktkategorie GERAHMTE TRIKOTS BASKETBALL besuchen\" href=\"https:\/\/memorabilia-germany.de\/de\/produkt-kategorie\/basketball-memorabilia\/gerahmte-trikots-basketball\/\"><div class=\"product-inner clr\"><div class=\"woo-entry-image clr\"><a href=\"https:\/\/memorabilia-germany.de\/de\/produkt-kategorie\/basketball-memorabilia\/gerahmte-trikots-basketball\/\"><img decoding=\"async\" src=\"https:\/\/memorabilia-germany.de\/wp-content\/uploads\/gerahmtes-trikot-basketball-300x300.jpg\" alt=\"GERAHMTE TRIKOTS BASKETBALL\" width=\"300\" height=\"\" srcset=\"https:\/\/memorabilia-germany.de\/wp-content\/uploads\/gerahmtes-trikot-basketball-300x300.jpg 300w, https:\/\/memorabilia-germany.de\/wp-content\/uploads\/gerahmtes-trikot-basketball-250x250.jpg 250w, https:\/\/memorabilia-germany.de\/wp-content\/uploads\/gerahmtes-trikot-basketball-100x100.jpg 100w, https:\/\/memorabilia-germany.de\/wp-content\/uploads\/gerahmtes-trikot-basketball.jpg 400w\" sizes=\"(max-width: 300px) 100vw, 300px\" \/><\/a><\/div><div class=\"woo-entry-inner clr\"><a href=\"https:\/\/memorabilia-germany.de\/de\/produkt-kategorie\/basketball-memorabilia\/gerahmte-trikots-basketball\/\"><\/a><\/div><\/div><\/a><\/li>\n<li class=\"product-category product first col span_1_of_3\">\n\t<a aria-label=\"Produktkategorie BASKETBALL TRADING CARDS besuchen\" href=\"https:\/\/memorabilia-germany.de\/de\/produkt-kategorie\/basketball-memorabilia\/basketball-trading-cards\/\"><div class=\"product-inner clr\"><div class=\"woo-entry-image clr\"><a href=\"https:\/\/memorabilia-germany.de\/de\/produkt-kategorie\/basketball-memorabilia\/basketball-trading-cards\/\"><img decoding=\"async\" src=\"https:\/\/memorabilia-germany.de\/wp-content\/uploads\/02_Trading_Cards_Basketball_90-300x300.jpg\" alt=\"BASKETBALL TRADING CARDS\" width=\"300\" height=\"\" srcset=\"https:\/\/memorabilia-germany.de\/wp-content\/uploads\/02_Trading_Cards_Basketball_90-300x300.jpg 300w, https:\/\/memorabilia-germany.de\/wp-content\/uploads\/02_Trading_Cards_Basketball_90-100x100.jpg 100w, https:\/\/memorabilia-germany.de\/wp-content\/uploads\/02_Trading_Cards_Basketball_90.jpg 400w\" sizes=\"(max-width: 300px) 100vw, 300px\" \/><\/a><\/div><div class=\"woo-entry-inner clr\"><a href=\"https:\/\/memorabilia-germany.de\/de\/produkt-kategorie\/basketball-memorabilia\/basketball-trading-cards\/\"><\/a><\/div><\/div><\/a><\/li>\n<li class=\"product-category product col span_1_of_3\">\n\t<a aria-label=\"Produktkategorie BASKETBALL SHOWCASE besuchen\" href=\"https:\/\/memorabilia-germany.de\/de\/produkt-kategorie\/basketball-memorabilia\/basketball-showcase\/\"><div class=\"product-inner clr\"><div class=\"woo-entry-image clr\"><a href=\"https:\/\/memorabilia-germany.de\/de\/produkt-kategorie\/basketball-memorabilia\/basketball-showcase\/\"><img decoding=\"async\" src=\"https:\/\/memorabilia-germany.de\/wp-content\/uploads\/nba-memorabilia-300x300.jpg\" alt=\"BASKETBALL SHOWCASE\" width=\"300\" height=\"\" srcset=\"https:\/\/memorabilia-germany.de\/wp-content\/uploads\/nba-memorabilia-300x300.jpg 300w, https:\/\/memorabilia-germany.de\/wp-content\/uploads\/elementor\/thumbs\/nba-memorabilia-prb9zwht1jnmt1hg75h3v3jwuz3bnhbyktejev597s.jpg 100w, https:\/\/memorabilia-germany.de\/wp-content\/uploads\/elementor\/thumbs\/nba-memorabilia-prb9zwhssrwchfupbdavfvs8ni8zx4oteghi6l1t7k.jpg 80w, https:\/\/memorabilia-germany.de\/wp-content\/uploads\/elementor\/thumbs\/nba-memorabilia-r306qxhucgzkntog1wp0d1650e8jju59vrpqitoayc.jpg 50w, https:\/\/memorabilia-germany.de\/wp-content\/uploads\/elementor\/thumbs\/nba-memorabilia-prb9zwhtnh1um1kbelwox4z3dn74zcxtipp4hkdv8c.jpg 150w, https:\/\/memorabilia-germany.de\/wp-content\/uploads\/elementor\/thumbs\/nba-memorabilia-qvsgegrhdx1wxvryik2el9qydn6g228sr0gz6jo0c0.jpg 120w, https:\/\/memorabilia-germany.de\/wp-content\/uploads\/nba-memorabilia.jpg 400w\" sizes=\"(max-width: 300px) 100vw, 300px\" \/><\/a><\/div><div class=\"woo-entry-inner clr\"><a href=\"https:\/\/memorabilia-germany.de\/de\/produkt-kategorie\/basketball-memorabilia\/basketball-showcase\/\"><\/a><\/div><\/div><\/a><\/li>\n<li class=\"product-category product last col span_1_of_3\">\n\t<a aria-label=\"Produktkategorie SIGNIERTER BASKETBALL besuchen\" href=\"https:\/\/memorabilia-germany.de\/de\/produkt-kategorie\/basketball-memorabilia\/signierter-basketball\/\"><div class=\"product-inner clr\"><div class=\"woo-entry-image clr\"><a href=\"https:\/\/memorabilia-germany.de\/de\/produkt-kategorie\/basketball-memorabilia\/signierter-basketball\/\"><img decoding=\"async\" src=\"https:\/\/memorabilia-germany.de\/wp-content\/uploads\/basketball-memorabilia-300x300.jpg\" alt=\"SIGNIERTER BASKETBALL\" width=\"300\" height=\"\" srcset=\"https:\/\/memorabilia-germany.de\/wp-content\/uploads\/basketball-memorabilia-300x300.jpg 300w, https:\/\/memorabilia-germany.de\/wp-content\/uploads\/basketball-memorabilia-100x100.jpg 100w, https:\/\/memorabilia-germany.de\/wp-content\/uploads\/basketball-memorabilia.jpg 400w\" sizes=\"(max-width: 300px) 100vw, 300px\" \/><\/a><\/div><div class=\"woo-entry-inner clr\"><a href=\"https:\/\/memorabilia-germany.de\/de\/produkt-kategorie\/basketball-memorabilia\/signierter-basketball\/\"><\/a><\/div><\/div><\/a><\/li>\n<\/ul>\n<\/div>\t\t\t\t<\/div>\n\t\t\t\t<\/div>\n\t\t\t\t\t<\/div>\n\t\t<\/div>\n\t\t\t\t\t<\/div>\n\t\t<\/section>\n\t\t\t\t<section class=\"elementor-section elementor-top-section elementor-element elementor-element-f402f2a elementor-section-boxed elementor-section-height-default elementor-section-height-default\" data-id=\"f402f2a\" data-element_type=\"section\" data-e-type=\"section\">\n\t\t\t\t\t\t<div class=\"elementor-container elementor-column-gap-no\">\n\t\t\t\t\t<div class=\"elementor-column elementor-col-100 elementor-top-column elementor-element elementor-element-2176bb3\" data-id=\"2176bb3\" data-element_type=\"column\" data-e-type=\"column\">\n\t\t\t<div class=\"elementor-widget-wrap elementor-element-populated\">\n\t\t\t\t\t\t<div class=\"elementor-element elementor-element-aacd28f elementor-widget elementor-widget-text-editor\" data-id=\"aacd28f\" data-element_type=\"widget\" data-e-type=\"widget\" data-widget_type=\"text-editor.default\">\n\t\t\t\t<div class=\"elementor-widget-container\">\n\t\t\t\t\t\t\t\t\tBasketball Memorabilia: <p><a href=\"https:\/\/memorabilia-germany.de\/de\/wir-memorabilia-germany\"><strong>Memorabilia Germany<\/strong><\/a> verkauft signierte Fanartikel von den ber\u00fchmtesten NBA Spielern der Basketball Geschichte.<\/p>\n<p>Die hei\u00dfesten NBA Autogramme findet ihr in unserem <a href=\"https:\/\/memorabilia-germany.de\/de\"><strong>Shop<\/strong><\/a>.<\/p>\n<p>Alle <strong><a href=\"https:\/\/www.nba.com\" target=\"\u201d_blank\u201d\" rel=\"\u201dnoopener\u201d noopener\">NBA<\/a><\/strong> Memorabilia werden innerhalb Deutschlands kostenlos versendet und sind so schnell wie m\u00f6glich bei euch.<\/p>\n<p>Auch au\u00dferhalb Deutschlands bieten wir einen sehr schnellen Versand an.<\/p>\n<p>Wir haben f\u00fcr euch ein wundersch\u00f6nes Sortiment ausgew\u00e4hlt, das Basketball Memorabilia verschiedenster Arten umfasst.<\/p>\n<p>Checkt unsere Auswahl an <a href=\"https:\/\/memorabilia-germany.de\/de\/produkt-kategorie\/basketball-memorabilia\/signierter-basketball\"><strong>signierten Basketballs<\/strong><\/a> und <a href=\"https:\/\/memorabilia-germany.de\/de\/produkt-kategorie\/basketball-memorabilia\/signiertes-trikot-basketball\"><strong>signierten Trikots<\/strong><\/a>.<\/p>\n<p>Alle NBA Autogramme, die bei Memorabilia Germany verkauft werden, wurden von einem der weltweit f\u00fchrenden Authenticator wie <a href=\"https:\/\/memorabilia-germany.de\/de\/signatur-authentifizierung\/#signatur-authentifizierung-beckett\"><strong>Beckett<\/strong><\/a>,\n<a href=\"https:\/\/memorabilia-germany.de\/de\/signatur-authentifizierung\/#signatur-authentifizierung-james-spence\"><strong>James Spence Authentication<\/strong><\/a> oder <a href=\"https:\/\/memorabilia-germany.de\/de\/signatur-authentifizierung\/#signatur-authentifizierung-psa-dna\"><strong>PSA\/DNA<\/strong><\/a> authentifiziert.<\/p>\n<p>Zudem haben wir immer ein Auge auf die neuesten Sondereditionen der Spalding <a href=\"https:\/\/memorabilia-germany.de\/de\/produkt-kategorie\/basketball-memorabilia\/signierter-basketball\"><strong>NBA Basketb\u00e4lle<\/strong><\/a>,\nso dass ihr immer mit den angesagtesten NBA Memorabilia versorgt seid.<\/p>\n<p><strong><a href=\"https:\/\/memorabilia-germany.de\/de\/wir-memorabilia-germany\">Memorabilia Germany<\/a><\/strong> ist ein Shop f\u00fcr Memorabilia aus dem Sport-, Film- und Serienbereich mit Sitz in Deutschland.<\/p>\n<p>Bei unseren Items handelt es sich um signierte Fanartikel, die von ber\u00fchmten Sportlern oder ber\u00fchmten Hollywood Stars mit einem Autogramm versehen wurden.<\/p>\n<p>Unser Sortiment bezieht sich vor allem auf Fanartikel aus den Bereichen <a href=\"https:\/\/memorabilia-germany.de\/de\/football-memorabilia\"><strong>NFL Football<\/strong><\/a>, <a href=\"https:\/\/memorabilia-germany.de\/de\/basketball-memorabilia\"><strong>NBA Basketball<\/strong><\/a>, <a href=\"https:\/\/memorabilia-germany.de\/de\/boxing-memorabilia\"><strong>Boxen<\/strong><\/a> und <a href=\"https:\/\/memorabilia-germany.de\/de\/entertainment-memorabilia\"><strong>Hollywood<\/strong><\/a>.<\/p>\n<p>Dar\u00fcber hinaus versuchen wir auch immer mal ein paar andere kuriose Autogramme anzubieten, wie zum Beispiel von ber\u00fchmten Politikern oder K\u00fcnstlern.<\/p>\n<p>\u00dcber ein internationales Netzwerk importieren wir die angesagtesten Items der Sportgeschichte.<\/p>\n<p>Egal was du dir in unserem Shop g\u00f6nnst. <br\/>Sei dir sicher, dass deine Items f\u00fcr gro\u00dfes Staunen sorgen werden.<\/p> <p>Deine Sammlung wird nicht nur dich, sondern auch alle deine Freunde begeistern.<\/p> <p>Nie bist du einfacher an die coolsten NBA Memorabilia der Welt gekommen.<\/p> <p>Lass deine Basketball Collection wachsen und verwandle dein Zuhause in einen aufregenden Fancave.<\/p>\n<p>Mehr Sport Memorabilia findest du <strong><a href=\"https:\/\/memorabilia-germany.de\"><strong>hier<\/strong><\/a><\/strong>.<\/p>\t\t\t\t\t\t\t\t<\/div>\n\t\t\t\t<\/div>\n\t\t\t\t\t<\/div>\n\t\t<\/div>\n\t\t\t\t\t<\/div>\n\t\t<\/section>\n\t\t\t\t<\/div>\n\t\t","protected":false},"excerpt":{"rendered":"<p>Basketball Memorabilia | NBA Memorabilia Basketball Memorabilia sind signierte Fanartikel von NBA Teams. Egal ob signierter Basketball oder signiertes Trikot. Hier findet ihr die hei\u00dfesten NBA Autogramme! Basketball Memorabilia: Memorabilia Germany verkauft signierte Fanartikel von den ber\u00fchmtesten NBA Spielern der Basketball Geschichte. Die hei\u00dfesten NBA Autogramme findet ihr in unserem Shop. Alle NBA Memorabilia werden [&hellip;]<\/p>\n","protected":false},"author":1,"featured_media":0,"parent":0,"menu_order":0,"comment_status":"closed","ping_status":"closed","template":"elementor_header_footer","meta":{"_acf_changed":false,"ocean_post_layout":"","ocean_both_sidebars_style":"","ocean_both_sidebars_content_width":0,"ocean_both_sidebars_sidebars_width":0,"ocean_sidebar":"0","ocean_second_sidebar":"0","ocean_disable_margins":"enable","ocean_add_body_class":"","ocean_shortcode_before_top_bar":"","ocean_shortcode_after_top_bar":"","ocean_shortcode_before_header":"","ocean_shortcode_after_header":"","ocean_has_shortcode":"","ocean_shortcode_after_title":"","ocean_shortcode_before_footer_widgets":"","ocean_shortcode_after_footer_widgets":"","ocean_shortcode_before_footer_bottom":"","ocean_shortcode_after_footer_bottom":"","ocean_display_top_bar":"default","ocean_display_header":"default","ocean_header_style":"","ocean_center_header_left_menu":"0","ocean_custom_header_template":"0","ocean_custom_logo":0,"ocean_custom_retina_logo":0,"ocean_custom_logo_max_width":0,"ocean_custom_logo_tablet_max_width":0,"ocean_custom_logo_mobile_max_width":0,"ocean_custom_logo_max_height":0,"ocean_custom_logo_tablet_max_height":0,"ocean_custom_logo_mobile_max_height":0,"ocean_header_custom_menu":"0","ocean_menu_typo_font_family":"0","ocean_menu_typo_font_subset":"","ocean_menu_typo_font_size":0,"ocean_menu_typo_font_size_tablet":0,"ocean_menu_typo_font_size_mobile":0,"ocean_menu_typo_font_size_unit":"px","ocean_menu_typo_font_weight":"","ocean_menu_typo_font_weight_tablet":"","ocean_menu_typo_font_weight_mobile":"","ocean_menu_typo_transform":"","ocean_menu_typo_transform_tablet":"","ocean_menu_typo_transform_mobile":"","ocean_menu_typo_line_height":0,"ocean_menu_typo_line_height_tablet":0,"ocean_menu_typo_line_height_mobile":0,"ocean_menu_typo_line_height_unit":"","ocean_menu_typo_spacing":0,"ocean_menu_typo_spacing_tablet":0,"ocean_menu_typo_spacing_mobile":0,"ocean_menu_typo_spacing_unit":"","ocean_menu_link_color":"","ocean_menu_link_color_hover":"","ocean_menu_link_color_active":"","ocean_menu_link_background":"","ocean_menu_link_hover_background":"","ocean_menu_link_active_background":"","ocean_menu_social_links_bg":"","ocean_menu_social_hover_links_bg":"","ocean_menu_social_links_color":"","ocean_menu_social_hover_links_color":"","ocean_disable_title":"default","ocean_disable_heading":"default","ocean_post_title":"","ocean_post_subheading":"","ocean_post_title_style":"","ocean_post_title_background_color":"","ocean_post_title_background":0,"ocean_post_title_bg_image_position":"","ocean_post_title_bg_image_attachment":"","ocean_post_title_bg_image_repeat":"","ocean_post_title_bg_image_size":"","ocean_post_title_height":0,"ocean_post_title_bg_overlay":0.5,"ocean_post_title_bg_overlay_color":"","ocean_disable_breadcrumbs":"default","ocean_breadcrumbs_color":"","ocean_breadcrumbs_separator_color":"","ocean_breadcrumbs_links_color":"","ocean_breadcrumbs_links_hover_color":"","ocean_display_footer_widgets":"default","ocean_display_footer_bottom":"default","ocean_custom_footer_template":"0","ofc_enable_fullscreen":"disable","ofc_fullscreen_speed":0,"ofc_fullscreen_nav":"enable","ofc_fullscreen_nav_pos":"right","ofc_fullscreen_nav_color":"","ofc_fullscreen_nav_tooltip_color":"","ofc_fullscreen_responsive":0,"footnotes":""},"class_list":["post-11104","page","type-page","status-publish","hentry","entry","owp-thumbs-layout-horizontal","owp-btn-normal","owp-tabs-layout-horizontal","has-no-thumbnails"],"acf":[],"_links":{"self":[{"href":"https:\/\/memorabilia-germany.de\/de\/wp-json\/wp\/v2\/pages\/11104","targetHints":{"allow":["GET"]}}],"collection":[{"href":"https:\/\/memorabilia-germany.de\/de\/wp-json\/wp\/v2\/pages"}],"about":[{"href":"https:\/\/memorabilia-germany.de\/de\/wp-json\/wp\/v2\/types\/page"}],"author":[{"embeddable":true,"href":"https:\/\/memorabilia-germany.de\/de\/wp-json\/wp\/v2\/users\/1"}],"replies":[{"embeddable":true,"href":"https:\/\/memorabilia-germany.de\/de\/wp-json\/wp\/v2\/comments?post=11104"}],"version-history":[{"count":0,"href":"https:\/\/memorabilia-germany.de\/de\/wp-json\/wp\/v2\/pages\/11104\/revisions"}],"wp:attachment":[{"href":"https:\/\/memorabilia-germany.de\/de\/wp-json\/wp\/v2\/media?parent=11104"}],"curies":[{"name":"wp","href":"https:\/\/api.w.org\/{rel}","templated":true}]}}