{"id":10852,"date":"2022-01-31T16:23:20","date_gmt":"2022-01-31T15:23:20","guid":{"rendered":"https:\/\/memorabilia-germany.de\/?page_id=10852"},"modified":"2025-07-08T18:41:35","modified_gmt":"2025-07-08T16:41:35","slug":"football-memorabilia","status":"publish","type":"page","link":"https:\/\/memorabilia-germany.de\/de\/football-memorabilia\/","title":{"rendered":"FOOTBALL MEMORABILIA"},"content":{"rendered":"\t\t<div data-elementor-type=\"wp-page\" data-elementor-id=\"10852\" class=\"elementor elementor-10852\" data-elementor-post-type=\"page\">\n\t\t\t\t\t\t<section class=\"elementor-section elementor-top-section elementor-element elementor-element-b235b73 elementor-section-boxed elementor-section-height-default elementor-section-height-default\" data-id=\"b235b73\" data-element_type=\"section\" data-e-type=\"section\">\n\t\t\t\t\t\t<div class=\"elementor-container elementor-column-gap-no\">\n\t\t\t\t\t<div class=\"elementor-column elementor-col-100 elementor-top-column elementor-element elementor-element-668bb4f\" data-id=\"668bb4f\" data-element_type=\"column\" data-e-type=\"column\">\n\t\t\t<div class=\"elementor-widget-wrap elementor-element-populated\">\n\t\t\t\t\t\t<div class=\"elementor-element elementor-element-8944e0d elementor-widget elementor-widget-heading\" data-id=\"8944e0d\" data-element_type=\"widget\" data-e-type=\"widget\" data-widget_type=\"heading.default\">\n\t\t\t\t<div class=\"elementor-widget-container\">\n\t\t\t\t\t<h1 class=\"elementor-heading-title elementor-size-default\">Football Memorabilia | NFL Memorabilia<\/h1>\t\t\t\t<\/div>\n\t\t\t\t<\/div>\n\t\t\t\t\t<\/div>\n\t\t<\/div>\n\t\t\t\t\t<\/div>\n\t\t<\/section>\n\t\t\t\t<section class=\"elementor-section elementor-top-section elementor-element elementor-element-02b6c8e elementor-section-boxed elementor-section-height-default elementor-section-height-default\" data-id=\"02b6c8e\" data-element_type=\"section\" data-e-type=\"section\">\n\t\t\t\t\t\t<div class=\"elementor-container elementor-column-gap-no\">\n\t\t\t\t\t<div class=\"elementor-column elementor-col-100 elementor-top-column elementor-element elementor-element-1b41eb0\" data-id=\"1b41eb0\" data-element_type=\"column\" data-e-type=\"column\">\n\t\t\t<div class=\"elementor-widget-wrap elementor-element-populated\">\n\t\t\t\t\t\t<div class=\"elementor-element elementor-element-11b91f7 elementor-widget elementor-widget-text-editor\" data-id=\"11b91f7\" data-element_type=\"widget\" data-e-type=\"widget\" data-widget_type=\"text-editor.default\">\n\t\t\t\t<div class=\"elementor-widget-container\">\n\t\t\t\t\t\t\t\t\t<p>Football Memorabilia sind signierte Fanartikel von NFL Teams. <br \/>Egal ob NFL Helm, NFL Mini Helm,\u00a0 signierter Football oder signiertes Trikot. <br \/>Hier findet ihr die hei\u00dfesten NFL Autogramme.<\/p>\t\t\t\t\t\t\t\t<\/div>\n\t\t\t\t<\/div>\n\t\t\t\t\t<\/div>\n\t\t<\/div>\n\t\t\t\t\t<\/div>\n\t\t<\/section>\n\t\t\t\t<section class=\"elementor-section elementor-top-section elementor-element elementor-element-30deb7a elementor-section-boxed elementor-section-height-default elementor-section-height-default\" data-id=\"30deb7a\" data-element_type=\"section\" data-e-type=\"section\">\n\t\t\t\t\t\t<div class=\"elementor-container elementor-column-gap-no\">\n\t\t\t\t\t<div class=\"elementor-column elementor-col-100 elementor-top-column elementor-element elementor-element-f509f0c\" data-id=\"f509f0c\" data-element_type=\"column\" data-e-type=\"column\">\n\t\t\t<div class=\"elementor-widget-wrap elementor-element-populated\">\n\t\t\t\t\t\t<div class=\"elementor-element elementor-element-b20da0e elementor-grid-3 elementor-product-loop-item--align-center elementor-grid-mobile-2 elementor-grid-tablet-3 elementor-products-grid elementor-wc-products elementor-widget elementor-widget-wc-categories\" data-id=\"b20da0e\" data-element_type=\"widget\" data-e-type=\"widget\" data-widget_type=\"wc-categories.default\">\n\t\t\t\t<div class=\"elementor-widget-container\">\n\t\t\t\t\t<div class=\"woocommerce columns-3\">\r\n<ul class=\"products elementor-grid oceanwp-row clr grid tablet-col tablet-2-col mobile-col mobile-1-col\">\r\n<li class=\"product-category product first col span_1_of_3\">\n\t<a aria-label=\"Produktkategorie SIGNIERTE FOOTBALL HELME besuchen\" href=\"https:\/\/memorabilia-germany.de\/de\/produkt-kategorie\/football-memorabilia\/signierte-nfl-helme\/\"><div class=\"product-inner clr\"><div class=\"woo-entry-image clr\"><a href=\"https:\/\/memorabilia-germany.de\/de\/produkt-kategorie\/football-memorabilia\/signierte-nfl-helme\/\"><img decoding=\"async\" src=\"https:\/\/memorabilia-germany.de\/wp-content\/uploads\/football-memorabilia-300x300.jpg\" alt=\"SIGNIERTE FOOTBALL HELME\" width=\"300\" height=\"\" srcset=\"https:\/\/memorabilia-germany.de\/wp-content\/uploads\/football-memorabilia-300x300.jpg 300w, https:\/\/memorabilia-germany.de\/wp-content\/uploads\/football-memorabilia-100x100.jpg 100w, https:\/\/memorabilia-germany.de\/wp-content\/uploads\/football-memorabilia.jpg 400w\" sizes=\"(max-width: 300px) 100vw, 300px\" \/><\/a><\/div><div class=\"woo-entry-inner clr\"><a href=\"https:\/\/memorabilia-germany.de\/de\/produkt-kategorie\/football-memorabilia\/signierte-nfl-helme\/\"><\/a><\/div><\/div><\/a><\/li>\n<li class=\"product-category product col span_1_of_3\">\n\t<a aria-label=\"Produktkategorie SIGNIERTE FOOTBALL MINI HELME besuchen\" href=\"https:\/\/memorabilia-germany.de\/de\/produkt-kategorie\/football-memorabilia\/signierte-nfl-mini-helme\/\"><div class=\"product-inner clr\"><div class=\"woo-entry-image clr\"><a href=\"https:\/\/memorabilia-germany.de\/de\/produkt-kategorie\/football-memorabilia\/signierte-nfl-mini-helme\/\"><img decoding=\"async\" src=\"https:\/\/memorabilia-germany.de\/wp-content\/uploads\/football-memorabilia-01-300x300.jpg\" alt=\"SIGNIERTE FOOTBALL MINI HELME\" width=\"300\" height=\"\" srcset=\"https:\/\/memorabilia-germany.de\/wp-content\/uploads\/football-memorabilia-01-300x300.jpg 300w, https:\/\/memorabilia-germany.de\/wp-content\/uploads\/elementor\/thumbs\/football-memorabilia-01-prba0i43eqh882m1owtiyg3iiu4rkipsbsepg8978o.jpg 100w, https:\/\/memorabilia-germany.de\/wp-content\/uploads\/elementor\/thumbs\/football-memorabilia-01-prba0i435ypxwgzat4naj8bubdafu62n5fho7y5r8g.jpg 80w, https:\/\/memorabilia-germany.de\/wp-content\/uploads\/elementor\/thumbs\/football-memorabilia-01-prba0i42x6ynkvcjxch240k63wg43tfhz2kmzo2b88.jpg 60w, https:\/\/memorabilia-germany.de\/wp-content\/uploads\/elementor\/thumbs\/football-memorabilia-01-r306r0bcwz3fmnkclfww2igisjun6xggw5o6ynk4fo.jpg 50w, https:\/\/memorabilia-germany.de\/wp-content\/uploads\/elementor\/thumbs\/football-memorabilia-01-qvsgehpbkr379hqld2h15riez11t9rcj354gntmm5s.jpg 120w, https:\/\/memorabilia-germany.de\/wp-content\/uploads\/football-memorabilia-01.jpg 400w\" sizes=\"(max-width: 300px) 100vw, 300px\" \/><\/a><\/div><div class=\"woo-entry-inner clr\"><a href=\"https:\/\/memorabilia-germany.de\/de\/produkt-kategorie\/football-memorabilia\/signierte-nfl-mini-helme\/\"><\/a><\/div><\/div><\/a><\/li>\n<li class=\"product-category product last col span_1_of_3\">\n\t<a aria-label=\"Produktkategorie SIGNIERTER FOOTBALL besuchen\" href=\"https:\/\/memorabilia-germany.de\/de\/produkt-kategorie\/football-memorabilia\/signierter-football\/\"><div class=\"product-inner clr\"><div class=\"woo-entry-image clr\"><a href=\"https:\/\/memorabilia-germany.de\/de\/produkt-kategorie\/football-memorabilia\/signierter-football\/\"><img decoding=\"async\" src=\"https:\/\/memorabilia-germany.de\/wp-content\/uploads\/nfl-memorabilia-300x300.jpg\" alt=\"SIGNIERTER FOOTBALL\" width=\"300\" height=\"\" srcset=\"https:\/\/memorabilia-germany.de\/wp-content\/uploads\/nfl-memorabilia-300x300.jpg 300w, https:\/\/memorabilia-germany.de\/wp-content\/uploads\/nfl-memorabilia-100x100.jpg 100w, https:\/\/memorabilia-germany.de\/wp-content\/uploads\/nfl-memorabilia.jpg 400w\" sizes=\"(max-width: 300px) 100vw, 300px\" \/><\/a><\/div><div class=\"woo-entry-inner clr\"><a href=\"https:\/\/memorabilia-germany.de\/de\/produkt-kategorie\/football-memorabilia\/signierter-football\/\"><\/a><\/div><\/div><\/a><\/li>\n<li class=\"product-category product first col span_1_of_3\">\n\t<a aria-label=\"Produktkategorie FOOTBALL SHOWCASE besuchen\" href=\"https:\/\/memorabilia-germany.de\/de\/produkt-kategorie\/football-memorabilia\/football-showcase\/\"><div class=\"product-inner clr\"><div class=\"woo-entry-image clr\"><a href=\"https:\/\/memorabilia-germany.de\/de\/produkt-kategorie\/football-memorabilia\/football-showcase\/\"><img decoding=\"async\" src=\"https:\/\/memorabilia-germany.de\/wp-content\/uploads\/nfl-autogramme-300x300.jpg\" alt=\"FOOTBALL SHOWCASE\" width=\"300\" height=\"\" srcset=\"https:\/\/memorabilia-germany.de\/wp-content\/uploads\/nfl-autogramme-300x300.jpg 300w, https:\/\/memorabilia-germany.de\/wp-content\/uploads\/elementor\/thumbs\/nfl-autogramme-prba0ch29q9iaeu8ludrjhiqyiwkac3eb0hskkhka0.jpg 100w, https:\/\/memorabilia-germany.de\/wp-content\/uploads\/elementor\/thumbs\/nfl-autogramme-r306r0bcwz3fmnkclfww2igisjun6xggw5o6ynk4fo.jpg 50w, https:\/\/memorabilia-germany.de\/wp-content\/uploads\/elementor\/thumbs\/nfl-autogramme-prba0ch20yi7yt7hq27j49r2r228jzg94nkrcae49s.jpg 80w, https:\/\/memorabilia-germany.de\/wp-content\/uploads\/elementor\/thumbs\/nfl-autogramme-prba0ch1s6qxn7kqua1ap1zejl7wtmt3yanq40ao9k.jpg 60w, https:\/\/memorabilia-germany.de\/wp-content\/uploads\/elementor\/thumbs\/nfl-autogramme-qvsgehpbkr379hqld2h15riez11t9rcj354gntmm5s.jpg 120w, https:\/\/memorabilia-germany.de\/wp-content\/uploads\/nfl-autogramme.jpg 400w\" sizes=\"(max-width: 300px) 100vw, 300px\" \/><\/a><\/div><div class=\"woo-entry-inner clr\"><a href=\"https:\/\/memorabilia-germany.de\/de\/produkt-kategorie\/football-memorabilia\/football-showcase\/\"><\/a><\/div><\/div><\/a><\/li>\n<li class=\"product-category product col span_1_of_3\">\n\t<a aria-label=\"Produktkategorie FOOTBALL MYSTERY BOX besuchen\" href=\"https:\/\/memorabilia-germany.de\/de\/produkt-kategorie\/football-memorabilia\/football-mystery-box\/\"><div class=\"product-inner clr\"><div class=\"woo-entry-image clr\"><a href=\"https:\/\/memorabilia-germany.de\/de\/produkt-kategorie\/football-memorabilia\/football-mystery-box\/\"><img decoding=\"async\" src=\"https:\/\/memorabilia-germany.de\/wp-content\/uploads\/memorabilia-mystery-box-nfl-300x300.jpg\" alt=\"FOOTBALL MYSTERY BOX\" width=\"300\" height=\"\" srcset=\"https:\/\/memorabilia-germany.de\/wp-content\/uploads\/memorabilia-mystery-box-nfl-300x300.jpg 300w, https:\/\/memorabilia-germany.de\/wp-content\/uploads\/memorabilia-mystery-box-nfl-100x100.jpg 100w, https:\/\/memorabilia-germany.de\/wp-content\/uploads\/memorabilia-mystery-box-nfl.jpg 400w\" sizes=\"(max-width: 300px) 100vw, 300px\" \/><\/a><\/div><div class=\"woo-entry-inner clr\"><a href=\"https:\/\/memorabilia-germany.de\/de\/produkt-kategorie\/football-memorabilia\/football-mystery-box\/\"><\/a><\/div><\/div><\/a><\/li>\n<li class=\"product-category product last col span_1_of_3\">\n\t<a aria-label=\"Produktkategorie GERAHMTE TRIKOTS FOOTBALL besuchen\" href=\"https:\/\/memorabilia-germany.de\/de\/produkt-kategorie\/football-memorabilia\/gerahmte-trikots-football\/\"><div class=\"product-inner clr\"><div class=\"woo-entry-image clr\"><a href=\"https:\/\/memorabilia-germany.de\/de\/produkt-kategorie\/football-memorabilia\/gerahmte-trikots-football\/\"><img decoding=\"async\" src=\"https:\/\/memorabilia-germany.de\/wp-content\/uploads\/gerahmtes-trikot-football-300x300.jpg\" alt=\"GERAHMTE TRIKOTS FOOTBALL\" width=\"300\" height=\"\" srcset=\"https:\/\/memorabilia-germany.de\/wp-content\/uploads\/gerahmtes-trikot-football-300x300.jpg 300w, https:\/\/memorabilia-germany.de\/wp-content\/uploads\/gerahmtes-trikot-football-250x250.jpg 250w, https:\/\/memorabilia-germany.de\/wp-content\/uploads\/gerahmtes-trikot-football-100x100.jpg 100w, https:\/\/memorabilia-germany.de\/wp-content\/uploads\/gerahmtes-trikot-football.jpg 400w\" sizes=\"(max-width: 300px) 100vw, 300px\" \/><\/a><\/div><div class=\"woo-entry-inner clr\"><a href=\"https:\/\/memorabilia-germany.de\/de\/produkt-kategorie\/football-memorabilia\/gerahmte-trikots-football\/\"><\/a><\/div><\/div><\/a><\/li>\n<li class=\"product-category product first col span_1_of_3\">\n\t<a aria-label=\"Produktkategorie FOOTBALL TRADING CARDS besuchen\" href=\"https:\/\/memorabilia-germany.de\/de\/produkt-kategorie\/football-memorabilia\/football-trading-cards\/\"><div class=\"product-inner clr\"><div class=\"woo-entry-image clr\"><a href=\"https:\/\/memorabilia-germany.de\/de\/produkt-kategorie\/football-memorabilia\/football-trading-cards\/\"><img decoding=\"async\" src=\"https:\/\/memorabilia-germany.de\/wp-content\/uploads\/02_Trading_Cards_Football_90-300x300.jpg\" alt=\"FOOTBALL TRADING CARDS\" width=\"300\" height=\"\" srcset=\"https:\/\/memorabilia-germany.de\/wp-content\/uploads\/02_Trading_Cards_Football_90-300x300.jpg 300w, https:\/\/memorabilia-germany.de\/wp-content\/uploads\/02_Trading_Cards_Football_90-100x100.jpg 100w, https:\/\/memorabilia-germany.de\/wp-content\/uploads\/02_Trading_Cards_Football_90.jpg 400w\" sizes=\"(max-width: 300px) 100vw, 300px\" \/><\/a><\/div><div class=\"woo-entry-inner clr\"><a href=\"https:\/\/memorabilia-germany.de\/de\/produkt-kategorie\/football-memorabilia\/football-trading-cards\/\"><\/a><\/div><\/div><\/a><\/li>\n<li class=\"product-category product col span_1_of_3\">\n\t<a aria-label=\"Produktkategorie SIGNIERTES TRIKOT: FOOTBALL besuchen\" href=\"https:\/\/memorabilia-germany.de\/de\/produkt-kategorie\/football-memorabilia\/signiertes-trikot-football\/\"><div class=\"product-inner clr\"><div class=\"woo-entry-image clr\"><a href=\"https:\/\/memorabilia-germany.de\/de\/produkt-kategorie\/football-memorabilia\/signiertes-trikot-football\/\"><img decoding=\"async\" src=\"https:\/\/memorabilia-germany.de\/wp-content\/uploads\/autogramm-nfl-football-trikot-300x300.jpg\" alt=\"SIGNIERTES TRIKOT: FOOTBALL\" width=\"300\" height=\"\" srcset=\"https:\/\/memorabilia-germany.de\/wp-content\/uploads\/autogramm-nfl-football-trikot-300x300.jpg 300w, https:\/\/memorabilia-germany.de\/wp-content\/uploads\/autogramm-nfl-football-trikot-250x250.jpg 250w, https:\/\/memorabilia-germany.de\/wp-content\/uploads\/autogramm-nfl-football-trikot-100x100.jpg 100w, https:\/\/memorabilia-germany.de\/wp-content\/uploads\/autogramm-nfl-football-trikot.jpg 400w\" sizes=\"(max-width: 300px) 100vw, 300px\" \/><\/a><\/div><div class=\"woo-entry-inner clr\"><a href=\"https:\/\/memorabilia-germany.de\/de\/produkt-kategorie\/football-memorabilia\/signiertes-trikot-football\/\"><\/a><\/div><\/div><\/a><\/li>\n<\/ul>\n<\/div>\t\t\t\t<\/div>\n\t\t\t\t<\/div>\n\t\t\t\t\t<\/div>\n\t\t<\/div>\n\t\t\t\t\t<\/div>\n\t\t<\/section>\n\t\t\t\t<section class=\"elementor-section elementor-top-section elementor-element elementor-element-11d9fd8 elementor-section-boxed elementor-section-height-default elementor-section-height-default\" data-id=\"11d9fd8\" data-element_type=\"section\" data-e-type=\"section\">\n\t\t\t\t\t\t<div class=\"elementor-container elementor-column-gap-no\">\n\t\t\t\t\t<div class=\"elementor-column elementor-col-100 elementor-top-column elementor-element elementor-element-8c18470\" data-id=\"8c18470\" data-element_type=\"column\" data-e-type=\"column\">\n\t\t\t<div class=\"elementor-widget-wrap elementor-element-populated\">\n\t\t\t\t\t\t<div class=\"elementor-element elementor-element-996ee40 elementor-widget elementor-widget-text-editor\" data-id=\"996ee40\" data-element_type=\"widget\" data-e-type=\"widget\" data-widget_type=\"text-editor.default\">\n\t\t\t\t<div class=\"elementor-widget-container\">\n\t\t\t\t\t\t\t\t\t<p>Mehr <a href=\"https:\/\/memorabilia-germany.de\/de\/sport-memorabilia-faq\"><strong>Sport Memorabilia<\/strong><\/a> findest du <a href=\"https:\/\/memorabilia-germany.de\/de\"><strong>hier<\/strong><\/a>.<\/p><p>Football Memorabilia:<br \/><strong><a href=\"https:\/\/memorabilia-germany.de\/de\/wir-memorabilia-germany\">Memorabilia Germany<\/a><\/strong> verkauft signierte Fanartikel von den ber\u00fchmtesten NFL Spielern der Football Geschichte.<br \/>Die hei\u00dfesten <strong><a href=\"https:\/\/www.nfl.com\" target=\"\u201d_blank\u201d\" rel=\"\u201dnoopener\u201d noopener\">NFL<\/a><\/strong> Autogramme findet ihr in unserem Shop.<br \/>Alle NFL Memorabilia werden innerhalb Deutschlands kostenlos versendet und sind so schnell wie m\u00f6glich bei euch.<br \/>Auch au\u00dferhalb Deutschlands bieten wir einen sehr schnellen Versand an.<br \/>Wir haben f\u00fcr euch ein wundersch\u00f6nes Sortiment ausgew\u00e4hlt, das Football Memorabilia verschiedenster Arten umfasst.<br \/>Checkt unsere Auswahl an <a href=\"https:\/\/memorabilia-germany.de\/de\/produkt-kategorie\/football-memorabilia\/signierte-nfl-helme\"><strong>NFL Helmen<\/strong><\/a>, <a href=\"https:\/\/memorabilia-germany.de\/de\/produkt-kategorie\/football-memorabilia\/signierte-nfl-mini-helme\"><strong>NFL Mini Helmen<\/strong><\/a>, <a href=\"https:\/\/memorabilia-germany.de\/de\/produkt-kategorie\/football-memorabilia\/signierter-football\"><strong>signierten Footballs<\/strong><\/a> und signierten Trikots.<br \/>Alle NFL Autogramme, die bei Memorabilia Germany verkauft werden, wurden von einem der weltweit f\u00fchrenden Authenticator wie <a href=\"https:\/\/memorabilia-germany.de\/de\/signatur-authentifizierung\/#signatur-authentifizierung-beckett\"><strong>Beckett<\/strong><\/a>,<br \/><a href=\"https:\/\/memorabilia-germany.de\/de\/signatur-authentifizierung\/#signatur-authentifizierung-james-spence\"><strong>James Spence<\/strong><\/a> Authentication oder <a href=\"https:\/\/memorabilia-germany.de\/de\/signatur-authentifizierung\/#signatur-authentifizierung-psa-dna\"><strong>PSA\/DNA<\/strong><\/a> authentifiziert.<br \/>Zudem haben wir immer ein Auge auf die neuesten Sondereditionen der NFL Helme und NFL Mini Helme,<br \/>so dass ihr immer mit den angesagtesten NFL Memorabilia versorgt seid.<br \/><strong><a href=\"https:\/\/memorabilia-germany.de\/de\/wir-memorabilia-germany\">Memorabilia Germany<\/a><\/strong> ist ein Shop f\u00fcr Memorabilia aus dem Sport-, Film- und Serienbereich mit Sitz in Deutschland.<br \/>Bei unseren Items handelt es sich um signierte Fanartikel, die von ber\u00fchmten Sportlern oder ber\u00fchmten Hollywood Stars mit einem Autogramm versehen wurden.<br \/>Unser Sortiment bezieht sich vor allem auf Fanartikel aus den Bereichen <a href=\"https:\/\/memorabilia-germany.de\/de\/football-memorabilia\"><strong>NFL Football<\/strong><\/a>, <a href=\"https:\/\/memorabilia-germany.de\/de\/basketball-memorabilia\"><strong>NBA Basketball<\/strong><\/a>, <a href=\"https:\/\/memorabilia-germany.de\/de\/boxing-memorabilia\"><strong>Boxen<\/strong><\/a> und <a href=\"https:\/\/memorabilia-germany.de\/de\/entertainment-memorabilia\"><strong>Hollywood<\/strong><\/a>.<br \/>Dar\u00fcber hinaus versuchen wir auch immer mal ein paar andere kuriose Autogramme anzubieten, wie zum Beispiel von ber\u00fchmten Politikern oder K\u00fcnstlern.<br \/>\u00dcber ein internationales Netzwerk importieren wir die angesagtesten Items der Sportgeschichte.<br \/>Egal was du dir in unserem Shop g\u00f6nnst. Sei dir sicher, dass deine Items f\u00fcr gro\u00dfes Staunen sorgen werden. Deine Sammlung wird nicht nur dich, sondern auch alle deine Freunde begeistern. Nie bist du einfacher an die coolsten NFL Memorabilia der Welt gekommen. Lass deine Football Collection wachsen und verwandle dein Zuhause in einen aufregenden Mancave.<\/p>\t\t\t\t\t\t\t\t<\/div>\n\t\t\t\t<\/div>\n\t\t\t\t\t<\/div>\n\t\t<\/div>\n\t\t\t\t\t<\/div>\n\t\t<\/section>\n\t\t\t\t<\/div>\n\t\t","protected":false},"excerpt":{"rendered":"<p>Football Memorabilia | NFL Memorabilia Football Memorabilia sind signierte Fanartikel von NFL Teams. Egal ob NFL Helm, NFL Mini Helm,\u00a0 signierter Football oder signiertes Trikot. Hier findet ihr die hei\u00dfesten NFL Autogramme. Mehr Sport Memorabilia findest du hier. Football Memorabilia:Memorabilia Germany verkauft signierte Fanartikel von den ber\u00fchmtesten NFL Spielern der Football Geschichte.Die hei\u00dfesten NFL Autogramme [&hellip;]<\/p>\n","protected":false},"author":1,"featured_media":0,"parent":0,"menu_order":0,"comment_status":"closed","ping_status":"closed","template":"elementor_header_footer","meta":{"_acf_changed":false,"ocean_post_layout":"","ocean_both_sidebars_style":"","ocean_both_sidebars_content_width":0,"ocean_both_sidebars_sidebars_width":0,"ocean_sidebar":"0","ocean_second_sidebar":"0","ocean_disable_margins":"enable","ocean_add_body_class":"","ocean_shortcode_before_top_bar":"","ocean_shortcode_after_top_bar":"","ocean_shortcode_before_header":"","ocean_shortcode_after_header":"","ocean_has_shortcode":"","ocean_shortcode_after_title":"","ocean_shortcode_before_footer_widgets":"","ocean_shortcode_after_footer_widgets":"","ocean_shortcode_before_footer_bottom":"","ocean_shortcode_after_footer_bottom":"","ocean_display_top_bar":"default","ocean_display_header":"default","ocean_header_style":"","ocean_center_header_left_menu":"0","ocean_custom_header_template":"0","ocean_custom_logo":0,"ocean_custom_retina_logo":0,"ocean_custom_logo_max_width":0,"ocean_custom_logo_tablet_max_width":0,"ocean_custom_logo_mobile_max_width":0,"ocean_custom_logo_max_height":0,"ocean_custom_logo_tablet_max_height":0,"ocean_custom_logo_mobile_max_height":0,"ocean_header_custom_menu":"0","ocean_menu_typo_font_family":"0","ocean_menu_typo_font_subset":"","ocean_menu_typo_font_size":0,"ocean_menu_typo_font_size_tablet":0,"ocean_menu_typo_font_size_mobile":0,"ocean_menu_typo_font_size_unit":"px","ocean_menu_typo_font_weight":"","ocean_menu_typo_font_weight_tablet":"","ocean_menu_typo_font_weight_mobile":"","ocean_menu_typo_transform":"","ocean_menu_typo_transform_tablet":"","ocean_menu_typo_transform_mobile":"","ocean_menu_typo_line_height":0,"ocean_menu_typo_line_height_tablet":0,"ocean_menu_typo_line_height_mobile":0,"ocean_menu_typo_line_height_unit":"","ocean_menu_typo_spacing":0,"ocean_menu_typo_spacing_tablet":0,"ocean_menu_typo_spacing_mobile":0,"ocean_menu_typo_spacing_unit":"","ocean_menu_link_color":"","ocean_menu_link_color_hover":"","ocean_menu_link_color_active":"","ocean_menu_link_background":"","ocean_menu_link_hover_background":"","ocean_menu_link_active_background":"","ocean_menu_social_links_bg":"","ocean_menu_social_hover_links_bg":"","ocean_menu_social_links_color":"","ocean_menu_social_hover_links_color":"","ocean_disable_title":"default","ocean_disable_heading":"default","ocean_post_title":"","ocean_post_subheading":"","ocean_post_title_style":"","ocean_post_title_background_color":"","ocean_post_title_background":0,"ocean_post_title_bg_image_position":"","ocean_post_title_bg_image_attachment":"","ocean_post_title_bg_image_repeat":"","ocean_post_title_bg_image_size":"","ocean_post_title_height":0,"ocean_post_title_bg_overlay":0.5,"ocean_post_title_bg_overlay_color":"","ocean_disable_breadcrumbs":"default","ocean_breadcrumbs_color":"","ocean_breadcrumbs_separator_color":"","ocean_breadcrumbs_links_color":"","ocean_breadcrumbs_links_hover_color":"","ocean_display_footer_widgets":"default","ocean_display_footer_bottom":"default","ocean_custom_footer_template":"0","ofc_enable_fullscreen":"disable","ofc_fullscreen_speed":0,"ofc_fullscreen_nav":"enable","ofc_fullscreen_nav_pos":"right","ofc_fullscreen_nav_color":"","ofc_fullscreen_nav_tooltip_color":"","ofc_fullscreen_responsive":0,"footnotes":""},"class_list":["post-10852","page","type-page","status-publish","hentry","entry","owp-thumbs-layout-horizontal","owp-btn-normal","owp-tabs-layout-horizontal","has-no-thumbnails"],"acf":[],"_links":{"self":[{"href":"https:\/\/memorabilia-germany.de\/de\/wp-json\/wp\/v2\/pages\/10852","targetHints":{"allow":["GET"]}}],"collection":[{"href":"https:\/\/memorabilia-germany.de\/de\/wp-json\/wp\/v2\/pages"}],"about":[{"href":"https:\/\/memorabilia-germany.de\/de\/wp-json\/wp\/v2\/types\/page"}],"author":[{"embeddable":true,"href":"https:\/\/memorabilia-germany.de\/de\/wp-json\/wp\/v2\/users\/1"}],"replies":[{"embeddable":true,"href":"https:\/\/memorabilia-germany.de\/de\/wp-json\/wp\/v2\/comments?post=10852"}],"version-history":[{"count":0,"href":"https:\/\/memorabilia-germany.de\/de\/wp-json\/wp\/v2\/pages\/10852\/revisions"}],"wp:attachment":[{"href":"https:\/\/memorabilia-germany.de\/de\/wp-json\/wp\/v2\/media?parent=10852"}],"curies":[{"name":"wp","href":"https:\/\/api.w.org\/{rel}","templated":true}]}}